{"id":28142,"date":"2024-08-09T14:01:54","date_gmt":"2024-08-09T14:01:54","guid":{"rendered":"https:\/\/lacasadelamedicina.es\/product\/osta-mdpv-verkosta\/"},"modified":"2024-08-09T14:01:54","modified_gmt":"2024-08-09T14:01:54","slug":"osta-mdpv-verkosta","status":"publish","type":"product","link":"https:\/\/lacasadelamedicina.es\/fi\/tuote\/osta-mdpv-verkosta\/","title":{"rendered":"Osta MDPV verkosta"},"content":{"rendered":"<h1>Osta MDPV verkosta<\/h1>\n<p> Osta MDPV verkosta omaan k\u00e4ytt\u00f6\u00f6n tai myyntiin. Voimme taata, ett\u00e4 myyt\u00e4v\u00e4mme MDPV-jauhe on t\u00e4ll\u00e4 hetkell\u00e4 saatavilla olevaa korkealaatuisinta. Tarjoamme huomaamattoman toimituksen sek\u00e4 turvallisia maksuvaihtoehtoja, kuten Bitcoin, Moneygram ja Western Union. Lis\u00e4ksi myymme erilaisia \u200b\u200btutkimuskemikaaleja, mukaan lukien JWH-018. Ole hyv\u00e4 ja <a href=\"https:\/\/dieapotheke247.com\/\">huomaa<\/a>, ett\u00e4 emme voi hallita sit\u00e4, miten kukin asiakas k\u00e4ytt\u00e4\u00e4 MDPV:t\u00e4mme Yhdysvalloissa. Osta MDPV verkosta &#8211; <a href=\"https:\/\/drlawsonspharmacy\/contact-us\/\">ota yhteytt\u00e4<\/a> Onko sinulla polttava halu ymm\u00e4rt\u00e4\u00e4 psykofarmakologian monimutkaisuus? MDPV (metyleenidioksipyrovaleroni), l\u00e4pimurtoaine, joka mullistaa opinnot, on ratkaisu. MDPV on eritt\u00e4in tehokas synteettinen stimulantti, jolla on erityisi\u00e4 ominaisuuksia, jotka tekev\u00e4t siit\u00e4 korvaamattoman ty\u00f6kalun huippututkimuksessa. MDPV syntetisoidaan huolellisesti k\u00e4ytt\u00e4m\u00e4ll\u00e4 huipputekniikan menetelmi\u00e4, jotta varmistetaan puhdas ja luotettava tuote jokaisessa tilauksessa. T\u00e4m\u00e4 aine tarjoaa tutkijoille vertaansa vailla olevan k\u00e4sityksen keskushermoston monimutkaisista toiminnoista, koska se on voimakas noradrenaliinin ja dopamiinin takaisinoton est\u00e4j\u00e4. MDPV:n poikkeuksellinen teho ja pidennetty vaikutusaika ovat sen kaksi t\u00e4rkeint\u00e4 etua. T\u00e4m\u00e4 antaa tutkijoille mahdollisuuden k\u00e4sitell\u00e4 monia aloja, kuten riippuvuuden, k\u00e4ytt\u00e4ytymismuutosten ja v\u00e4litt\u00e4j\u00e4aineiden tutkimista. Sen poikkeuksellinen stabiilisuus ja liukoisuus yleisiin liuottimiin tekev\u00e4t siit\u00e4 ihanteellisen lukuisiin tieteellisiin sovelluksiin. Kohdassa <span class=\"selectable-text copyable-text\">Dr Lawsons Pharmacy<\/span>, asiakastyytyv\u00e4isyys ja turvallisuus ovat meille t\u00e4rkeint\u00e4. Varmistaakseen alan korkeimpien standardien noudattamisen MDPV:mme k\u00e4y l\u00e4pi tiukat laadunvalvontamenettelyt. Tukeaksemme tutkimusprosessiasi noudatamme tiukasti turvallisuusmenettelyj\u00e4 ja toimitamme perusteellisen dokumentaation. On t\u00e4rke\u00e4\u00e4 muistaa, ett\u00e4 MDPV:t\u00e4 saa k\u00e4ytt\u00e4\u00e4 vain tutkimustarkoituksiin, ei koskaan ihmisravinnoksi. T\u00e4t\u00e4 ainetta k\u00e4sitelless\u00e4 tutkijoiden on noudatettava kaikkia soveltuvia lakeja ja moraalis\u00e4\u00e4nt\u00f6j\u00e4.                  &nbsp;<\/p>\n","protected":false},"excerpt":{"rendered":"<p>MDPV:n voi ostaa verkosta osoitteesta <span class=\"selectable-text copyable-text\">Dr Lawsons Pharmacy<\/span>. Tutkimuskemikaalien ostaminen verkosta on valtava haaste, mutta voimme myyd\u00e4 premium-MDPV:t\u00e4 uskomattoman edulliseen hintaan. Mik\u00e4\u00e4n erinomainen ei tule helposti, ja teemme paljon vaivaa tuottaaksemme korkealaatuisimman MDPV:n, jota voimme tarjota myyntiin.   &nbsp;<\/p>\n","protected":false},"featured_media":18469,"comment_status":"closed","ping_status":"closed","template":"","meta":{"om_disable_all_campaigns":false,"_sitemap_exclude":false,"_sitemap_priority":"","_sitemap_frequency":"","_monsterinsights_skip_tracking":false,"_monsterinsights_sitenote_active":false,"_monsterinsights_sitenote_note":"","_monsterinsights_sitenote_category":0},"product_cat":[17206],"product_tag":[18240,18235,18227,18238,18237,18236,18239,18242,18233,18241,18231,18229,18234,18226,18225,18232,18224,18221,18228,18223,18230,18222],"class_list":{"0":"post-28142","1":"product","2":"type-product","3":"status-publish","4":"has-post-thumbnail","6":"product_cat-tutkimuskemikaalit-ja-psykedeelit","7":"product_tag-aito-mdpv-europe","8":"product_tag-halpa-mdpv-europe","9":"product_tag-kuinka-paljon-on-mdpv","10":"product_tag-mdpv-europe-alennus","11":"product_tag-mdpv-europe-myymala","12":"product_tag-mdpv-europe-tarjoukset","13":"product_tag-mdpv-europe-toimitus","14":"product_tag-mdpv-europen-arvostelu","15":"product_tag-mdpv-europen-myynti","16":"product_tag-mdpv-europen-toimittajat","17":"product_tag-mdpv-ilmainen-toimitus-eurooppaan","18":"product_tag-mdpv-paras-hinta-euroopassa","19":"product_tag-mdpv-verkkokauppa-eurooppa","20":"product_tag-mdpv-myynti-verkossa","21":"product_tag-mdpvn-vaikutukset","22":"product_tag-mista-ostaa-mdpv-europe","23":"product_tag-mista-ostaa-mdpv-verkossa","24":"product_tag-osta-mdpv-fi","25":"product_tag-osta-mdpv-verkossa-euroopassa","26":"product_tag-osta-mdpv-verkosta","27":"product_tag-tilaa-mdpv-eu","28":"product_tag-tilaa-mdpv-verkosta","30":"first","31":"instock","32":"shipping-taxable","33":"purchasable","34":"product-type-variable","35":"farmacie-col"},"aioseo_notices":[],"_links":{"self":[{"href":"https:\/\/lacasadelamedicina.es\/fi\/wp-json\/wp\/v2\/product\/28142"}],"collection":[{"href":"https:\/\/lacasadelamedicina.es\/fi\/wp-json\/wp\/v2\/product"}],"about":[{"href":"https:\/\/lacasadelamedicina.es\/fi\/wp-json\/wp\/v2\/types\/product"}],"replies":[{"embeddable":true,"href":"https:\/\/lacasadelamedicina.es\/fi\/wp-json\/wp\/v2\/comments?post=28142"}],"wp:featuredmedia":[{"embeddable":true,"href":"https:\/\/lacasadelamedicina.es\/fi\/wp-json\/wp\/v2\/media\/18469"}],"wp:attachment":[{"href":"https:\/\/lacasadelamedicina.es\/fi\/wp-json\/wp\/v2\/media?parent=28142"}],"wp:term":[{"taxonomy":"product_cat","embeddable":true,"href":"https:\/\/lacasadelamedicina.es\/fi\/wp-json\/wp\/v2\/product_cat?post=28142"},{"taxonomy":"product_tag","embeddable":true,"href":"https:\/\/lacasadelamedicina.es\/fi\/wp-json\/wp\/v2\/product_tag?post=28142"}],"curies":[{"name":"wp","href":"https:\/\/api.w.org\/{rel}","templated":true}]}}