{"id":28137,"date":"2024-08-09T14:01:54","date_gmt":"2024-08-09T14:01:54","guid":{"rendered":"https:\/\/lacasadelamedicina.es\/product\/osta-kiinalaista-valkoista-heroiinia-verkosta\/"},"modified":"2024-09-10T16:00:07","modified_gmt":"2024-09-10T16:00:07","slug":"osta-kiinalaista-valkoista-heroiinia-verkosta","status":"publish","type":"product","link":"https:\/\/lacasadelamedicina.es\/fi\/tuote\/osta-kiinalaista-valkoista-heroiinia-verkosta\/","title":{"rendered":"Osta kiinalaista valkoista heroiinia verkosta"},"content":{"rendered":"<h1>Osta kiinalaista valkoista heroiinia verkosta<\/h1>\n<p> Amerikassa ja muissa maissa opioidipandemia aiheuttaa tuhoa. Vastauksena monet ihmiset etsiv\u00e4t vaihtoehtoja asioille h\u00e4m\u00e4rien katukauppiaiden kanssa saadakseen vahvaa, puhdasta heroiinia. Onneksi Kiinasta per\u00e4isin oleva valkoinen heroiini on loistava korvike, jota on helposti saatavilla. Joten jos aiot ostaa valkoista heroiinia Kiinasta my\u00f6s verkosta, tee se suoraan Dr. Lawsons Pharmacysta. Osta kiinalaista valkoista heroiinia verkosta &#8211;     <a href=\"https:\/\/drlawsonspharmacy\/contact-us\/\"><a href=\"https:\/\/drlawsonspharmacy\/contact-us\/\">ota yhteytt\u00e4<\/a><\/a><\/p>\n<h3>Miten kiinalainen valkoinen heroiini valmistetaan?<\/h3>\n<p> Yleens\u00e4 Kiinasta per\u00e4isin oleva valkoinen heroiini on v\u00e4hemm\u00e4n tehokasta kuin muut heroiinityypit, ja sit\u00e4 voi ostaa halvemmalla. China White Heroin valmistetaan monivaiheisella ja monimutkaisella prosessilla. Raaka-aine hankitaan ensin Afganistanista tai Pakistanista, joka on enimm\u00e4kseen oopiumia. Oopium muunnetaan sitten morfiiniksi kylm\u00e4- tai tyhji\u00f6paistoprosesseilla. Koska morfiinia on vaikea havaita ja k\u00e4ytt\u00e4\u00e4 t\u00e4ll\u00e4 menetelm\u00e4ll\u00e4, huumekauppiaat haluavat todenn\u00e4k\u00f6isemmin myyd\u00e4 sit\u00e4. Jos haluat ostaa kiinalaista valkoista heroiinia Dr. Lawsons Pharmacysta, voit selata verkkosivustolla tarjolla olevia erilaisia \u200b\u200bkiinalaisen valkoheroiinin lajikkeita ja valita annoksen, jonka haluat ostaa. Jotta tied\u00e4t, mit\u00e4 turvallisuustoimenpiteit\u00e4 on ryhdytt\u00e4v\u00e4 k\u00e4ytt\u00e4m\u00e4\u00e4n t\u00e4t\u00e4 l\u00e4\u00e4kett\u00e4, muista lukea turvallisuustiedot ennen ostamista.       <\/p>\n<h3>Kiinan valkoisen heroiinin edut<\/h3>\n<p> Saatavilla yksinomaan verkossa Dr Lawsons Pharmacysta, Kiinasta. Valkoinen heroiini on korkealaatuinen, voimakas huumetyyppi. Kiinalainen valkoinen heroiini on puhdasta ja johdonmukaista ostosta ostoon, toisin kuin muut heroiinityypit, joita voidaan sekoittaa muiden aineiden kanssa tehon parantamiseksi ja uudentyyppisten huumeiden luomiseksi. T\u00e4m\u00e4 tarkoittaa, ett\u00e4 tunnet aina samat tehokkaat edut, kun otat sen, riippumatta siit\u00e4, mit\u00e4 muuta j\u00e4rjestelm\u00e4ss\u00e4si on. Kiinalainen valkoinen heroiini on fantastinen vaihtoehto ihmisille, jotka etsiv\u00e4t voimakasta huippua ilman haitallisia sivuvaikutuksia tai riskej\u00e4, jotka liittyv\u00e4t muihin opioideihin, kuten fentanyyliin tai morfiinipohjaisiin aineisiin. \u00c4l\u00e4 odota en\u00e4\u00e4; Kiinalaista valkoista heroiinia on saatavilla Dr. Lawsons Pharmacysta ja sit\u00e4 on helppo l\u00f6yt\u00e4\u00e4.      <\/p>\n<h3>Kiinan valkoisen heroiinin sivuvaikutukset<\/h3>\n<p> Ennen kiinalaisen valkoisen heroiinin nauttimista tulee olla tietoinen siihen liittyvist\u00e4 riskeist\u00e4, sill\u00e4 huume voi aiheuttaa vakavia kielteisi\u00e4 vaikutuksia. Pahoinvointi, huimaus, p\u00e4\u00e4ns\u00e4rky, sekavuus, \u00e4rtyneisyys ja ahdistuneisuus ovat yleisi\u00e4 sivuvaikutuksia. China White heroiini voi aiheuttaa eritt\u00e4in riippuvuutta ja aiheuttaa muita kielteisi\u00e4 vaikutuksia, jos sit\u00e4 kulutetaan liikaa ja pitk\u00e4n ajan.   <\/p>\n<h3>Mist\u00e4 ostaa Kiinan valkoista heroiinia verkossa?<\/h3>\n<p> Huume China White Heroin on voimakas ja vaarallinen. Siit\u00e4 voi seurata sek\u00e4 euforisia tuntemuksia ett\u00e4 lukuisia mahdollisia terveysriskej\u00e4. Toimittajasta ja sen resursseista riippuen t\u00e4m\u00e4 l\u00e4\u00e4ke voidaan valmistaa yksinkertaisilla tai edistyneill\u00e4 tekniikoilla. On t\u00e4rke\u00e4\u00e4 ymm\u00e4rt\u00e4\u00e4 t\u00e4m\u00e4n aineen k\u00e4yt\u00f6n vaarat ja ostaa se vain luotettavilta toimittajilta, kuten Dr. Lawsons Pharmacylta. Noudatamme turvatoimia ja toimitamme sen kotiisi nopeasti.     &nbsp;<\/p>\n","protected":false},"excerpt":{"rendered":"<p>Osta kiinalaista valkoista heroiinia verkosta Amerikassa ja muissa maissa opioidipandemia aiheuttaa tuhoa. Vastauksena monet ihmiset etsiv\u00e4t vaihtoehtoja asioille h\u00e4m\u00e4rien katukauppiaiden kanssa saadakseen vahvaa, puhdasta heroiinia. Onneksi Kiinasta per\u00e4isin oleva valkoinen heroiini on loistava korvike, jota on helposti saatavilla. Joten jos aiot ostaa valkoista heroiinia Kiinasta my\u00f6s verkosta, tee se suoraan Dr. Lawsons Pharmacysta. Osta kiinalaista [&hellip;]<\/p>\n","protected":false},"featured_media":17959,"comment_status":"closed","ping_status":"closed","template":"","meta":{"om_disable_all_campaigns":false,"_sitemap_exclude":false,"_sitemap_priority":"","_sitemap_frequency":"","_monsterinsights_skip_tracking":false,"_monsterinsights_sitenote_active":false,"_monsterinsights_sitenote_note":"","_monsterinsights_sitenote_category":0},"product_cat":[18198],"product_tag":[18218,18216,18213,18207,18212,18215,18211,18217,18209,18204,18214,18219,18203,18220,18205,18210,18201,18199,18200,18206,18208,18202],"class_list":{"0":"post-28137","1":"product","2":"type-product","3":"status-publish","4":"has-post-thumbnail","6":"product_cat-heroiini","7":"product_tag-aito-kiinalainen-valkoinen-heroiini-euroopassa","8":"product_tag-chinese-white-heroin-europe-alennus","9":"product_tag-halpa-kiinalainen-valkoinen-heroiini-eurooppa","10":"product_tag-kiinalainen-valkoinen-heroiini-paras-hinta-euroopassa","11":"product_tag-kiinalainen-valkoinen-heroiini-verkkokauppa-eurooppa","12":"product_tag-kiinalainen-white-heroin-europe-kauppa","13":"product_tag-kiinan-valkoheroiinin-myynti-euroopassa","14":"product_tag-kiinan-valkoheroiinin-toimitus-euroopassa","15":"product_tag-kiinan-valkoinen-heroiini-ilmainen-toimitus-eurooppaan","16":"product_tag-kiinan-valkoisen-heroiinin-myynti-verkossa","17":"product_tag-kiinan-valkoisen-heroiinin-tarjoukset-euroopassa","18":"product_tag-kiinan-valkoisen-heroiinin-toimittajat-euroopassa","19":"product_tag-kiinan-valkoisen-heroiinin-vaikutukset","20":"product_tag-kiinan-white-heroin-europe-arvostelu","21":"product_tag-kuinka-paljon-on-kiinalainen-valkoinen-heroiini","22":"product_tag-mista-ostaa-kiinalaista-valkoista-heroiinia-euroopassa","23":"product_tag-mista-ostaa-kiinalaista-valkoista-heroiinia-verkossa","24":"product_tag-osta-kiinalaista-valkoista-heroiinia","25":"product_tag-osta-kiinalaista-valkoista-heroiinia-verkosta","26":"product_tag-osta-kiinalaista-valkoista-heroiinia-verkosta-euroopassa","27":"product_tag-tilaa-kiinalainen-valkoinen-heroiini-eu","28":"product_tag-tilaa-kiinalaista-valkoista-heroiinia-verkosta","30":"first","31":"instock","32":"shipping-taxable","33":"purchasable","34":"product-type-variable","35":"farmacie-col"},"aioseo_notices":[],"_links":{"self":[{"href":"https:\/\/lacasadelamedicina.es\/fi\/wp-json\/wp\/v2\/product\/28137"}],"collection":[{"href":"https:\/\/lacasadelamedicina.es\/fi\/wp-json\/wp\/v2\/product"}],"about":[{"href":"https:\/\/lacasadelamedicina.es\/fi\/wp-json\/wp\/v2\/types\/product"}],"replies":[{"embeddable":true,"href":"https:\/\/lacasadelamedicina.es\/fi\/wp-json\/wp\/v2\/comments?post=28137"}],"wp:featuredmedia":[{"embeddable":true,"href":"https:\/\/lacasadelamedicina.es\/fi\/wp-json\/wp\/v2\/media\/17959"}],"wp:attachment":[{"href":"https:\/\/lacasadelamedicina.es\/fi\/wp-json\/wp\/v2\/media?parent=28137"}],"wp:term":[{"taxonomy":"product_cat","embeddable":true,"href":"https:\/\/lacasadelamedicina.es\/fi\/wp-json\/wp\/v2\/product_cat?post=28137"},{"taxonomy":"product_tag","embeddable":true,"href":"https:\/\/lacasadelamedicina.es\/fi\/wp-json\/wp\/v2\/product_tag?post=28137"}],"curies":[{"name":"wp","href":"https:\/\/api.w.org\/{rel}","templated":true}]}}