{"id":28133,"date":"2024-08-09T14:01:55","date_gmt":"2024-08-09T14:01:55","guid":{"rendered":"https:\/\/lacasadelamedicina.es\/product\/osta-jwh-200-jauhetta-verkosta\/"},"modified":"2024-09-10T16:00:09","modified_gmt":"2024-09-10T16:00:09","slug":"osta-jwh-200-jauhetta-verkosta","status":"publish","type":"product","link":"https:\/\/lacasadelamedicina.es\/fi\/tuote\/osta-jwh-200-jauhetta-verkosta\/","title":{"rendered":"Osta JWH-200 jauhetta verkosta"},"content":{"rendered":"<h1 class=\"product_title entry-title\">Osta JWH-200 Powder verkosta<\/h1>\n<p> WH-200-jauhe: JWH-200 on kannabinoidireseptoriagonisti, joka kuuluu aminoalkynyylikemialliseen perheeseen ja jota k\u00e4ytet\u00e4\u00e4n kipul\u00e4\u00e4kkeen\u00e4. JWH 200 on kannabinoidireseptorin (CB) ligandi, joka on aminoalk<a href=\"https:\/\/dieapotheke247.com\/\">ylind<\/a>ol. Se on vuorovaikutuksessa CB1-reseptorin kanssa huomattavalla affiniteetilla (IC50 = 7,8-42 nM). Osta JWH-200 talkki. Osta JWH-200-jauhe verkosta &#8211; <a href=\"https:\/\/drlawsonspharmacy\/contact-us\/\">YHTEYSTIEDOT Osta JWH-200 Powder verkosta<\/a> JWH 200 on kannabinoidireseptorin (CB) ligandi, joka on aminoalkyyli-indoli. Sill\u00e4 on korkea affiniteetti CB1-reseptoriin (IC50 = 7,8-42 nM). Verrattuna 99-THC:hen tai WIN 55 212:een, JWH 200:lla oli v\u00e4hint\u00e4\u00e4n yht\u00e4 hyv\u00e4 vaikutus liikkumiseen, h\u00e4nn\u00e4n latenssiin, hypotermiaan ja renkaan liikkumattomuustestiin.       <\/p>\n<h3 class=\"product_title entry-title\">Osta JWH-200 Powder verkosta<\/h3>\n<p> Haluan esitell\u00e4 sinulle JWH-200 Powderin, merkitt\u00e4v\u00e4n tutkimusyhdisteen, joka on suunniteltu auttamaan sinua edist\u00e4m\u00e4\u00e4n opintojasi synteettisten kannabinoidien mielenkiintoisessa maailmassa. JWH-200 Powder on ihanteellinen katalysaattori uraauurtaviin farmakologisiin tutkimuksiin sen huomattavan puhtauden ja voimakkaiden ominaisuuksien ansiosta. JWH-200 Powder tarjoaa tutkijoille vertaansa vailla olevan johdonmukaisuuden ja laadun, koska se on valmistettu eritt\u00e4in tarkasti k\u00e4ytt\u00e4m\u00e4ll\u00e4 huippuluokan synteesitekniikoita. T\u00e4m\u00e4 aine tarjoaa harvinaisen mahdollisuuden ymm\u00e4rt\u00e4\u00e4 endokannabinoidij\u00e4rjestelm\u00e4n monimutkaisia \u200b\u200btoimintoja, koska se on eritt\u00e4in selektiivinen kannabinoidireseptorien aktivaattori. JWH-200 Powderille on ominaista sen poikkeuksellinen stabiilisuus, joka takaa tarkan annostelun ja pitk\u00e4n koeajan. Koska se liukenee lukuisiin yleisiin liuottimiin, t\u00e4m\u00e4 kemikaali on mukautuva ja helppok\u00e4ytt\u00f6inen monissa laboratoriotilanteissa. Osta JWH-200 jauhetta       <\/p>\n<h3><strong>Tilaa JWH-200 Powder verkosta<\/strong><\/h3>\n<p> JWH-200 Powderilla voidaan tutkia erilaisia \u200b\u200b\u200b\u200btutkimusalueita, kuten neurofarmakologiaa, kivunhallintaa ja riippuvuustutkimuksia. Sen monipuolisuus luo uusia mahdollisuuksia uraauurtaville l\u00f6yd\u00f6ksille, jotka voivat vaikuttaa tulevaan l\u00e4\u00e4ke- ja hoitokehitykseen. Kohdassa <span class=\"selectable-text copyable-text\">Dr Lawsons Pharmacy<\/span>, asiakastyytyv\u00e4isyys ja turvallisuus ovat meille etusijalla. Varmistaakseen, ett\u00e4 se t\u00e4ytt\u00e4\u00e4 ja ylitt\u00e4\u00e4 alan standardit, JWH-200-jauheemme k\u00e4y l\u00e4pi tiukat laadunvalvontamenettelyt. Noudatamme tiukkoja turvallisuusohjeita ja toimitamme perusteellisen dokumentaation varmistaaksemme sujuvan ja turvallisen tutkimuskokemuksen.     &nbsp;<\/p>\n","protected":false},"excerpt":{"rendered":"<p>Osta JWH-200 jauhetta verkosta. Toinen nimi t\u00e4lle yhdisteelle on (1-(2-morfolin-4-yylietyyli)indol-3-yyli)naftalen-1-yylimetanoni. Osta t\u00e4\u00e4lt\u00e4. K\u00e4yt\u00e4mme parhaita toimitus- ja huomaamattomia pakkaustekniikoita.    &nbsp;<\/p>\n","protected":false},"featured_media":18499,"comment_status":"closed","ping_status":"closed","template":"","meta":{"om_disable_all_campaigns":false,"_sitemap_exclude":false,"_sitemap_priority":"","_sitemap_frequency":"","_monsterinsights_skip_tracking":false,"_monsterinsights_sitenote_active":false,"_monsterinsights_sitenote_note":"","_monsterinsights_sitenote_category":0},"product_cat":[17206],"product_tag":[18195,18190,18197,18194,18192,18188,18196,18191,18193,18186,18184,18189,18181,18180,18182,18179,18187,18176,18178,18183,18185,18177],"class_list":{"0":"post-28133","1":"product","2":"type-product","3":"status-publish","4":"has-post-thumbnail","6":"product_cat-tutkimuskemikaalit-ja-psykedeelit","7":"product_tag-aito-jwh-200-jauhe-euroopassa","8":"product_tag-halpa-jwh-200-jauhe-euroopassa","9":"product_tag-jwh-200-jauhe-euroopan-katsaus","10":"product_tag-jwh-200-jauhe-euroopan-toimitus","11":"product_tag-jwh-200-jauhe-euroopassa-fi-2","12":"product_tag-jwh-200-jauhe-euroopassa","13":"product_tag-jwh-200-jauhe-euroopassa-fi-3","14":"product_tag-jwh-200-jauhe-euroopassa-fi","15":"product_tag-jwh-200-jauhe-euroopassa-alennus","16":"product_tag-jwh-200-jauhe-ilmainen-toimitus-eurooppaan","17":"product_tag-jwh-200-jauhe-paras-hinta-euroopassa","18":"product_tag-jwh-200-jauhe-verkkokauppa-eurooppa","19":"product_tag-jwh-200-jauheen-myynti-verkossa","20":"product_tag-jwh-200-jauheen-vaikutukset","21":"product_tag-kuinka-paljon-on-jwh-200-jauhe","22":"product_tag-mista-ostaa-jwh-200-jauhetta-verkossa","23":"product_tag-mista-ostaa-jwh-200-jauhetta-euroopassa","24":"product_tag-osta-jwh-200-jauhetta","25":"product_tag-osta-jwh-200-jauhetta-verkosta","26":"product_tag-osta-jwh-200-jauhetta-verkosta-euroopassa","27":"product_tag-tilaa-jwh-200-jauhe-eu","28":"product_tag-tilaa-jwh-200-jauhetta-verkosta","30":"first","31":"instock","32":"shipping-taxable","33":"purchasable","34":"product-type-variable","35":"farmacie-col"},"aioseo_notices":[],"_links":{"self":[{"href":"https:\/\/lacasadelamedicina.es\/fi\/wp-json\/wp\/v2\/product\/28133"}],"collection":[{"href":"https:\/\/lacasadelamedicina.es\/fi\/wp-json\/wp\/v2\/product"}],"about":[{"href":"https:\/\/lacasadelamedicina.es\/fi\/wp-json\/wp\/v2\/types\/product"}],"replies":[{"embeddable":true,"href":"https:\/\/lacasadelamedicina.es\/fi\/wp-json\/wp\/v2\/comments?post=28133"}],"wp:featuredmedia":[{"embeddable":true,"href":"https:\/\/lacasadelamedicina.es\/fi\/wp-json\/wp\/v2\/media\/18499"}],"wp:attachment":[{"href":"https:\/\/lacasadelamedicina.es\/fi\/wp-json\/wp\/v2\/media?parent=28133"}],"wp:term":[{"taxonomy":"product_cat","embeddable":true,"href":"https:\/\/lacasadelamedicina.es\/fi\/wp-json\/wp\/v2\/product_cat?post=28133"},{"taxonomy":"product_tag","embeddable":true,"href":"https:\/\/lacasadelamedicina.es\/fi\/wp-json\/wp\/v2\/product_tag?post=28133"}],"curies":[{"name":"wp","href":"https:\/\/api.w.org\/{rel}","templated":true}]}}