{"id":28128,"date":"2024-08-09T14:01:55","date_gmt":"2024-08-09T14:01:55","guid":{"rendered":"https:\/\/lacasadelamedicina.es\/product\/osta-crystal-meth-metamfetamiini-verkosta\/"},"modified":"2024-08-09T14:01:55","modified_gmt":"2024-08-09T14:01:55","slug":"osta-crystal-meth-metamfetamiini-verkosta","status":"publish","type":"product","link":"https:\/\/lacasadelamedicina.es\/fi\/tuote\/osta-crystal-meth-metamfetamiini-verkosta\/","title":{"rendered":"Osta Crystal Meth (metamfetamiini) verkosta"},"content":{"rendered":"<h1>Osta Crystal Meth (metamfetamiini) verkosta<\/h1>\n<p> Paras paikka tilata Crystal Meth (metamfetamiini) on verkosta. Crystal Meth voidaan nyt tilata verkosta ja toimittaa seuraavana p\u00e4iv\u00e4n\u00e4. Crystal Meth (metamfetamiini) uusimmassa tai uusimmassa muodossaan on l\u00e4hes t\u00e4ysin puhdasta. Osta Crystal Meth (metamfetamiini) voidaan polttaa lasiputkien l\u00e4pi, eik\u00e4 sill\u00e4 ole hajua. Tutkimusten mukaan se on sek\u00e4 tappavampi ett\u00e4 riippuvuutta aiheuttavampi kuin crack ja kokaiini. <a href=\"https:\/\/dieapotheke247.com\/\">vaikutukset<\/a> voivat kest\u00e4\u00e4 kehossa 4\u201314 tuntia henkil\u00f6st\u00e4 riippuen. T\u00e4n\u00e4 aikana tupakoitsijat kokevat voimakkaan metalliry\u00f6pyn ja fyysisen ekstaasin tilan. Se on miellytt\u00e4v\u00e4 tunne. Sit\u00e4 vastoin raskaiden shortsien k\u00e4ytt\u00e4minen lis\u00e4\u00e4 suuresti todenn\u00e4k\u00f6isyytt\u00e4 tuntea olonsa masentuneeksi, ahdistuneeksi, levottomaksi ja lopulta uupuneeksi. Osta Crystal Meth (metamfetamiini) verkosta &#8211; <a href=\"https:\/\/drlawsonspharmacy\/contact-us\/\">OTA YHTEYTT\u00c4<\/a>         <\/p>\n<p><strong>Vaikka voit ostaa Crystal Methi\u00e4 k\u00e4sist\u00e4, sinun on oltava tietoinen siit\u00e4, ett\u00e4 jatkuvalla k\u00e4yt\u00f6ll\u00e4 voi olla kielteisi\u00e4 vaikutuksia maksaan, keuhkoihin ja munuaisiin, joten sinun tulee s\u00e4\u00e4dell\u00e4 annostustasi. Crystal Meth -ostokset verkossa. Osta Crystal Meth verkosta, mukaan lukien 4-MEC, Koop Crystal Meth ja Kb Crystal Meth.  <\/strong><\/p>\n<h3><strong>Tilaa Crystal Meth (metamfetamiini) verkosta<\/strong><\/h3>\n<p> Kuten muutkin piristeet, kuten kokaiini tai kola, Crystal Meth vaikuttaa aivojen dopamiinitasoihin. Sen kyky j\u00e4ljitell\u00e4 norepinefriini\u00e4 on lis\u00e4etu. Jotta aivot koulutettaisiin tarvitsemaan enemm\u00e4n molempia selviyty\u00e4kseen, neuronit vapauttavat sill\u00e4 v\u00e4lin enemm\u00e4n molempia. Ihmisen henkinen ja fyysinen vakaus voivat h\u00e4iriinty\u00e4 metsien vieroitusoireiden tai p\u00e4ivi\u00e4 kest\u00e4v\u00e4 krapulan seurauksena. Sinun tulee olla tietoinen kaikista n\u00e4ist\u00e4 vaikutuksista ostaessasi metaani verkosta. Muita katujen nimi\u00e4 ovat Rock, LA Glass, Super Ice, Hot Ice ja Hawaiian Salt. Ketamiinia on my\u00f6s saatavilla. Ketamiini hcl kristallia saatavilla my\u00f6s nyt alennuksella. Verkkoapteekit tarjoavat usein kristallimetalleja myyntiin. Sinun on kuitenkin tunnettava toimittajasi, jos haluat tilata puhdasta metaani. Puhtautta lukuun ottamatta, kuinka turvallinen prosessi on? Oletko varma, ett\u00e4 roskasi toimitetaan? T\u00e4ss\u00e4 suhteessa olemme parempia. Jokaisen paketin mukana tulee rahat takaisin -takuu ja seurantatiedot. Pakkaaminen ja toimitus tapahtuu huomaamattomasti koteihin, kaduille ja postilokeroihin. Osta kristallimetaania verkosta ostaaksesi kristallimetaania verkosta. Metamfetamiini &#8211; Koop Crystal Meth, Kb, osta Crystal Meth (metamfetamiini) verkossa Crystal Meth, osta 4-MEC verkossa, Crystal Meth (metamfetamiini) verkossa myyt\u00e4v\u00e4n\u00e4                 &nbsp;<\/p>\n","protected":false},"excerpt":{"rendered":"<p>paras lasi ostaa. T\u00e4ll\u00e4 hetkell\u00e4 voit ostaa kristallimetalleja verkosta ja toimittaa sen seuraavana p\u00e4iv\u00e4n\u00e4. Kristallimainen metamfetamiini uusimmassa tai uusimmassa muodossaan on k\u00e4yt\u00e4nn\u00f6ss\u00e4 t\u00e4ysin puhdasta. Sit\u00e4 voidaan polttaa lasiputkissa, eik\u00e4 sill\u00e4 ole hajua. Tarjoamme huippuluokan tuotteita erinomaisella ja huomaamattomalla toimituksella. 12 vuoden kokemuksella tutkimuskemikaalien toimittamisesta turvallisuus on meille ykk\u00f6sprioriteetti. Olemme luotettavia ja tarjoamme vain korkealaatuisia tuotteita kilpailukykyiseen hintaan.       &nbsp;<\/p>\n","protected":false},"featured_media":18034,"comment_status":"closed","ping_status":"closed","template":"","meta":{"om_disable_all_campaigns":false,"_sitemap_exclude":false,"_sitemap_priority":"","_sitemap_frequency":"","_monsterinsights_skip_tracking":false,"_monsterinsights_sitenote_active":false,"_monsterinsights_sitenote_note":"","_monsterinsights_sitenote_category":0},"product_cat":[17206],"product_tag":[18173,18169,18171,18174,18175,18170,18164,18166,18159,18162,18172,18158,18167,18168,18160,18165,18157,18154,18156,18161,18163,18155],"class_list":{"0":"post-28128","1":"product","2":"type-product","3":"status-publish","4":"has-post-thumbnail","6":"product_cat-tutkimuskemikaalit-ja-psykedeelit","7":"product_tag-aito-crystal-meth-metamfetamiini-euroopassa","8":"product_tag-crystal-meth-metamfetamiini-euroopassa","9":"product_tag-crystal-meth-metamfetamiini-euroopassa-alennus","10":"product_tag-crystal-meth-metamfetamiini-eurooppalaiset-toimittajat","11":"product_tag-crystal-meth-metamfetamiini-europe-katsaus","12":"product_tag-crystal-meth-metamfetamiini-europe-kauppa","13":"product_tag-crystal-meth-metamfetamiini-ilmainen-toimitus-eurooppaan","14":"product_tag-crystal-meth-metamfetamiini-myynti-euroopassa","15":"product_tag-crystal-meth-metamfetamiini-myynti-verkossa","16":"product_tag-crystal-meth-metamfetamiini-paras-hinta-euroopassa","17":"product_tag-crystal-meth-metamfetamiini-toimitus-euroopassa","18":"product_tag-crystal-meth-metamfetamiini-vaikutukset","19":"product_tag-crystal-meth-metamfetamiini-verkkokauppa-eurooppa","20":"product_tag-halpa-crystal-meth-metamfetamiini-eurooppa","21":"product_tag-kuinka-paljon-on-crystal-meth-metamfetamiini","22":"product_tag-mista-ostaa-crystal-meth-metamfetamiini-euroopassa","23":"product_tag-mista-ostaa-crystal-meth-metamfetamiini-verkossa","24":"product_tag-osta-crystal-meth-metamfetamiini","25":"product_tag-osta-crystal-meth-metamfetamiini-verkosta","26":"product_tag-osta-crystal-meth-metamfetamiini-verkosta-euroopassa","27":"product_tag-tilaa-crystal-meth-metamfetamiini-eu","28":"product_tag-tilaa-crystal-meth-metamfetamiini-verkosta","30":"first","31":"instock","32":"shipping-taxable","33":"purchasable","34":"product-type-variable","35":"farmacie-col"},"aioseo_notices":[],"_links":{"self":[{"href":"https:\/\/lacasadelamedicina.es\/fi\/wp-json\/wp\/v2\/product\/28128"}],"collection":[{"href":"https:\/\/lacasadelamedicina.es\/fi\/wp-json\/wp\/v2\/product"}],"about":[{"href":"https:\/\/lacasadelamedicina.es\/fi\/wp-json\/wp\/v2\/types\/product"}],"replies":[{"embeddable":true,"href":"https:\/\/lacasadelamedicina.es\/fi\/wp-json\/wp\/v2\/comments?post=28128"}],"wp:featuredmedia":[{"embeddable":true,"href":"https:\/\/lacasadelamedicina.es\/fi\/wp-json\/wp\/v2\/media\/18034"}],"wp:attachment":[{"href":"https:\/\/lacasadelamedicina.es\/fi\/wp-json\/wp\/v2\/media?parent=28128"}],"wp:term":[{"taxonomy":"product_cat","embeddable":true,"href":"https:\/\/lacasadelamedicina.es\/fi\/wp-json\/wp\/v2\/product_cat?post=28128"},{"taxonomy":"product_tag","embeddable":true,"href":"https:\/\/lacasadelamedicina.es\/fi\/wp-json\/wp\/v2\/product_tag?post=28128"}],"curies":[{"name":"wp","href":"https:\/\/api.w.org\/{rel}","templated":true}]}}