{"id":28118,"date":"2024-08-09T14:01:58","date_gmt":"2024-08-09T14:01:58","guid":{"rendered":"https:\/\/lacasadelamedicina.es\/product\/osta-etizolamijauhetta-verkosta\/"},"modified":"2024-08-09T14:01:58","modified_gmt":"2024-08-09T14:01:58","slug":"osta-etizolamijauhetta-verkosta","status":"publish","type":"product","link":"https:\/\/lacasadelamedicina.es\/fi\/tuote\/osta-etizolamijauhetta-verkosta\/","title":{"rendered":"Osta etizolamijauhetta verkosta"},"content":{"rendered":"<h1>Osta etizolamijauhetta verkosta<\/h1>\n<p> Etisolaamijauhe, API, aktiiviset farmaseuttiset ainesosat, v\u00e4lituotteet dokumentaatiolla ja sertifioinnilla, DMF, FDA ja US Drug Master File ovat kaikki valmistamia ja toimittamia <span class=\"selectable-text copyable-text\">Dr Lawsons Pharmacy&lt;\/span&gt; maailmanlaajuisesti. Tarjoamme korkealaatuisia l\u00e4hteit\u00e4 mukana tulevilla teknisill\u00e4 paketeilla ostettavaksi tarpeen\/RND-m\u00e4\u00e4r\u00e4n mukaan kehityst\u00e4 tai edist\u00e4mist\u00e4 varten. Etisolaamin tukkukauppiaat Kiinassa. Etitsolaamin j\u00e4lleenmyyj\u00e4t. Osta etisolaamijauhetta, etsi toimittaja tai osta etizolamijauhetta irtotavarana. Osta etizolamijauhetta verkosta &#8211; <a href=\"https:\/\/drlawsonspharmacy\/contact-us\/\">OTA YHTEYTT\u00c4<\/a>     <\/span><\/p>\n<p>&nbsp; Tuotteemme valmistetaan cGMP-yhteensopivissa tiloissa l\u00e4\u00e4keteollisuuden vaikuttaviksi aineosiksi. Jos haluat lis\u00e4tietoja, mukaan lukien tuotteen nykyinen DMF-tila, ota meihin yhteytt\u00e4. Autamme mielell\u00e4mme tutkimus- ja kehitysty\u00f6ss\u00e4si.   <\/p>\n<h3>Osta etizolamijauhetta verkosta<\/h3>\n<p> Voit p\u00e4\u00e4st\u00e4 rauhan ja tyyneyden maailmaan etizolam-jauheella, fantastisella farmaseuttisella tuotteella, joka tunnetaan rauhoittavasta ja ahdistusta lievitt\u00e4v\u00e4st\u00e4 vaikutuksesta. Tienodiatsepiinijohdannainen nimelt\u00e4 Etizolam on saavuttanut suosion tutkijoiden, ammattilaisten ja ihmisten keskuudessa, jotka hakevat hoitoa ongelmiin, kuten ahdistukseen, unettomuuteen ja stressiin. Etizolam-jauhe on uusi vastaus henkil\u00f6ille, jotka etsiv\u00e4t rauhallista mielentilaa ja hyv\u00e4t y\u00f6unet. Voimakkaana bentsodiatsepiinianalogina se on vuorovaikutuksessa aivojen gamma-aminovoihappo (GABA) -reseptorien kanssa, mik\u00e4 auttaa hallitsemaan liiallista hermosolujen toimintaa. T\u00e4ll\u00e4 on rentouttava vaikutus, joka v\u00e4hent\u00e4\u00e4 ahdistuksen oireita ja edist\u00e4\u00e4 rentoutumista.     <\/p>\n<h3><strong>Tilaa etizolamijauhe<\/strong><\/h3>\n<p> Etizolam-jauheemme tuottaa parhaat tutkimustulokset ja on vertaansa vailla olevan laatunsa ja puhtautensa ansiosta luotettava ratkaisu t\u00e4m\u00e4n kiehtovan molekyylin ominaisuuksien ja sovellusten tuntemiseen. Korkeimman laadun ja johdonmukaisuuden varmistamiseksi jokainen er\u00e4 k\u00e4y l\u00e4pi tiukat testaukset ja analyysit tiukkojen laadunvalvontavaatimusten mukaisesti. Etizolam-jauheen monipuolisuus h\u00e4mm\u00e4stytt\u00e4\u00e4 tutkijoita. Sen hypnoottinen, rauhoittava ja lihaksia rentouttava vaikutus tekee siit\u00e4 erinomaisen ty\u00f6kalun paniikkikohtausten, ahdistuneisuussairauksien ja jopa unih\u00e4iri\u00f6iden tutkimuksessa. Etizolam-jauheen potentiaalia alkoholin vieroitusoireiden hoitoon ja tietyntyyppisten kohtausten hallintaan tutkitaan my\u00f6s.     &nbsp;<\/p>\n","protected":false},"excerpt":{"rendered":"<p>Osta etizolamijauhetta verkosta. Real Etizolam Powder Online &#8211; Etizolam Powder Myyt\u00e4v\u00e4n\u00e4 | Osta Etizolam Powder verkosta | Etizolam Powder Powder Myyt\u00e4v\u00e4n\u00e4 | Osta edullinen etizolamijauhe | Mist\u00e4 ostaa etizolam-jauhetta verkossa  &nbsp;<\/p>\n","protected":false},"featured_media":18514,"comment_status":"closed","ping_status":"closed","template":"","meta":{"om_disable_all_campaigns":false,"_sitemap_exclude":false,"_sitemap_priority":"","_sitemap_frequency":"","_monsterinsights_skip_tracking":false,"_monsterinsights_sitenote_active":false,"_monsterinsights_sitenote_note":"","_monsterinsights_sitenote_category":0},"product_cat":[17206],"product_tag":[18129,18122,18120,18127,18126,18125,18131,18118,18123,18115,18114,18130,18128,18124,18116,18121,18113,18112,18117,18110,18119,18111],"class_list":{"0":"post-28118","1":"product","2":"type-product","3":"status-publish","4":"has-post-thumbnail","6":"product_cat-tutkimuskemikaalit-ja-psykedeelit","7":"product_tag-aito-etizolam-jauhe-euroopassa","8":"product_tag-etisolaamijauhe-euroopassa","9":"product_tag-etisolaamijauhe-ilman-toimitusta-eurooppaan","10":"product_tag-etizolaamijauhe-euroopan-alennus","11":"product_tag-etizolaamijauhe-euroopan-kauppa","12":"product_tag-etizolaamijauhe-euroopassa","13":"product_tag-etizolaamijauhe-eurooppa-katsaus","14":"product_tag-etizolaamijauhe-paras-hinta-euroopassa","15":"product_tag-etizolaamijauhe-verkkokauppa-eurooppa","16":"product_tag-etizolaamijauheen-myynti-verkossa","17":"product_tag-etizolaamijauheen-vaikutukset","18":"product_tag-etizolam-jauhe-euroopan-toimittajat","19":"product_tag-etizolam-jauhe-euroopan-toimitus","20":"product_tag-halpa-etizolamijauhe-euroopassa","21":"product_tag-kuinka-paljon-etizolam-jauhe-on","22":"product_tag-mista-ostaa-etizolamijauhetta-euroopassa","23":"product_tag-mista-ostaa-etizolamijauhetta-verkossa","24":"product_tag-osta-etizolamijauhetta-verkosta","25":"product_tag-osta-etizolamijauhetta-verkosta-euroopassa","26":"product_tag-ostaa-etizolamijauhetta","27":"product_tag-tilaa-etizolamijauhe-eu","28":"product_tag-tilaa-etizolamijauhe-verkosta","30":"first","31":"instock","32":"shipping-taxable","33":"purchasable","34":"product-type-variable","35":"farmacie-col"},"aioseo_notices":[],"_links":{"self":[{"href":"https:\/\/lacasadelamedicina.es\/fi\/wp-json\/wp\/v2\/product\/28118"}],"collection":[{"href":"https:\/\/lacasadelamedicina.es\/fi\/wp-json\/wp\/v2\/product"}],"about":[{"href":"https:\/\/lacasadelamedicina.es\/fi\/wp-json\/wp\/v2\/types\/product"}],"replies":[{"embeddable":true,"href":"https:\/\/lacasadelamedicina.es\/fi\/wp-json\/wp\/v2\/comments?post=28118"}],"wp:featuredmedia":[{"embeddable":true,"href":"https:\/\/lacasadelamedicina.es\/fi\/wp-json\/wp\/v2\/media\/18514"}],"wp:attachment":[{"href":"https:\/\/lacasadelamedicina.es\/fi\/wp-json\/wp\/v2\/media?parent=28118"}],"wp:term":[{"taxonomy":"product_cat","embeddable":true,"href":"https:\/\/lacasadelamedicina.es\/fi\/wp-json\/wp\/v2\/product_cat?post=28118"},{"taxonomy":"product_tag","embeddable":true,"href":"https:\/\/lacasadelamedicina.es\/fi\/wp-json\/wp\/v2\/product_tag?post=28118"}],"curies":[{"name":"wp","href":"https:\/\/api.w.org\/{rel}","templated":true}]}}