{"id":28113,"date":"2024-08-09T14:01:59","date_gmt":"2024-08-09T14:01:59","guid":{"rendered":"https:\/\/lacasadelamedicina.es\/product\/osta-edullisia-4-cl-pvp-kiteita-verkosta\/"},"modified":"2024-08-09T14:01:59","modified_gmt":"2024-08-09T14:01:59","slug":"osta-edullisia-4-cl-pvp-kiteita-verkosta","status":"publish","type":"product","link":"https:\/\/lacasadelamedicina.es\/fi\/tuote\/osta-edullisia-4-cl-pvp-kiteita-verkosta\/","title":{"rendered":"Osta edullisia 4 CL PVP -kiteit\u00e4 verkosta"},"content":{"rendered":"<h1>Osta edullisia 4-CL-PVP-kiteit\u00e4 verkosta<\/h1>\n<p> 4-kloori-alfa-pyrrolidinovalerofenoni, joka tunnetaan my\u00f6s nimell\u00e4 4-kloori-alfa-pyrrolidinopentiofenoni, 4-kloori-PVP, 4Cl-PVP tai 4C-PVP, on 4-kloori-alfa-pyrrolidinopentiofenoni. Osta 4-CL-PVP kristalli ostaaksesi 4-CL-PVP verkosta alennuksella. 4-CL-PVP-kiteet edullisesti &#8211; Osta halpoja 4-CL-PVP-kiteit\u00e4 verkosta &#8211; <a href=\"https:\/\/drlawsonspharmacy\/contact-us\/\">OTA YHTEYTT\u00c4<\/a> Halvan tuotteen erinomainen laatu Dr. At Lawsons Pharmacylla asiakastyytyv\u00e4isyys ja turvallisuus ovat meille etusijalla. Varmistaaksemme, ett\u00e4 ne t\u00e4ytt\u00e4v\u00e4t alan korkeimmat standardit, halvat 4-CL-PVP-kiteemme k\u00e4yv\u00e4t l\u00e4pi tiukan laadunvalvontaprosessin. Noudatamme kaikkia asiaankuuluvia lakeja ja m\u00e4\u00e4r\u00e4yksi\u00e4 varmistaaksemme, ett\u00e4 saat tutkimuksellesi turvallisen ja luotettavan tuotteen. Pyrrolidinofenonien luokassa 4-CLPVP on hiljattain kehitetty design-l\u00e4\u00e4ke, jolla on rakenteellisia yht\u00e4l\u00e4isyyksi\u00e4 alfa-pyrrolidinopentiofenonin (-PVP) kanssa. T\u00e4m\u00e4n aineen farmakologiaa ja toksisuutta ei tunneta. Oletko omistautunut tutkija, joka etsii korkealaatuisia kemiallisia yhdisteit\u00e4 kohtuuhintaan tutkimuksellesi? \u00c4l\u00e4 etsi sitten kauempaa kuin halvat 4-CL-PVP Crystals, merkitt\u00e4v\u00e4 tuote, joka tarjoaa vertaansa vailla olevaa luotettavuutta ja lis\u00e4arvoa tutkimusty\u00f6llesi.         <\/p>\n<h3><strong>Tilaa 4-CL-PVP kristalleja<\/strong><\/h3>\n<p> Laadusta tinkim\u00e4tt\u00e4 halvat 4-CL-PVP-kiteet ovat loistava tapa sukeltaa syvemm\u00e4lle pyrrolidinofenonijohdannaisten mielenkiintoiseen alaan. Viimeisimpi\u00e4 tieteellisi\u00e4 menetelmi\u00e4 k\u00e4ytt\u00e4en n\u00e4m\u00e4 kiteet on valmistettu huolellisesti takaamaan johdonmukaisen ja puhtaan tuotteen jokaisessa tilauksessa. Voit luottaa siihen, ett\u00e4 halpoja 4-CL-PVP-kiteit\u00e4 tuottavat tarkkoja ja luotettavia tuloksia, koska olemme sitoutuneet laatuun. Halpojen 4-CL-PVP-kiteiden erinomainen laatu on niiden alhainen hinta. Pyrimme tarjoamaan kilpailukykyiset hinnat tinkim\u00e4tt\u00e4 laadusta tai puhtaudesta, koska tied\u00e4mme, kuinka t\u00e4rke\u00e4\u00e4 kustannustehokkuus on tutkimuksessa. Halvoilla 4-CL-PVP-kiteill\u00e4 voit venytt\u00e4\u00e4 tutkimusbudjettiasi ja saada silti luotettavan ja tehokkaan molekyylin.      <\/p>\n<h3><strong>tilaa halpoja 4-CL-PVP kiteit\u00e4<\/strong><\/h3>\n<p> N\u00e4ill\u00e4 kiteill\u00e4 on kiehtovia ominaisuuksia, jotka tekev\u00e4t niist\u00e4 t\u00e4ydelliset erilaisiin tutkimussovelluksiin. Halvat 4-CL-PVP-kiteet, voimakas stimulantti, tarjoavat tutkijoille mahdollisuuden tutkia aiheita, kuten neurotieteit\u00e4, psykofarmakologiaa ja riippuvuustutkimuksia. T\u00e4m\u00e4n mukautuvan aineen avulla voit maksimoida tutkimuksesi potentiaalin. Dr. Lawsons Pharmacyssa asiakastyytyv\u00e4isyys ja turvallisuus ovat meille etusijalla. Varmistaaksemme, ett\u00e4 ne t\u00e4ytt\u00e4v\u00e4t alan korkeimmat standardit, halvat 4-CL-PVP-kiteemme k\u00e4yv\u00e4t l\u00e4pi tiukan laadunvalvontaprosessin. Noudatamme kaikkia asiaankuuluvia lakeja ja m\u00e4\u00e4r\u00e4yksi\u00e4 varmistaaksemme, ett\u00e4 saat tutkimuksellesi turvallisen ja luotettavan tuotteen.      &nbsp;<\/p>\n","protected":false},"excerpt":{"rendered":"<p>Tunnetaan my\u00f6s nimell\u00e4 4-kloori-alfa-pyrrolidinopentiofenoni, 4-kloori-PVP, 4Cl-PVP tai 4C-PVP, 4-kloori-alfa-pyrrolidinovalerofenoni on 4-kloori-alfa-pyrrolidinopentiofenoni. Osta 4-CL-PVP kristalli ostaaksesi 4-CL-PVP alennuksella verkosta. 4-CL-PVP-kiteet edullisesti &#8211; Osta edullisia 4-CL-PVP-kiteit\u00e4 verkosta   &nbsp;<\/p>\n","protected":false},"featured_media":18559,"comment_status":"closed","ping_status":"closed","template":"","meta":{"om_disable_all_campaigns":false,"_sitemap_exclude":false,"_sitemap_priority":"","_sitemap_frequency":"","_monsterinsights_skip_tracking":false,"_monsterinsights_sitenote_active":false,"_monsterinsights_sitenote_note":"","_monsterinsights_sitenote_category":0},"product_cat":[17206],"product_tag":[18107,18093,18108,18105,18098,18096,18104,18100,18106,18101,18109,18092,18103,18102,18094,18099,18090,18089,18095,18088,18091,18097],"class_list":{"0":"post-28113","1":"product","2":"type-product","3":"status-publish","4":"has-post-thumbnail","6":"product_cat-tutkimuskemikaalit-ja-psykedeelit","7":"product_tag-aitoja-halpoja-4-cl-pvp-kristalleja-euroopassa","8":"product_tag-halpa-4-cl-pvp-kiteiden-myynti-verkossa","9":"product_tag-halpa-4-cl-pvp-kiteet-euroopan-toimittajat","10":"product_tag-halpa-4-cl-pvp-kristalleja-euroopan-alennus","11":"product_tag-halpa-4-cl-pvp-kristalleja-ilmainen-toimitus-eurooppaan","12":"product_tag-halpa-4-cl-pvp-kristalleja-paras-hinta-euroopassa","13":"product_tag-halpa-4-cl-pvp-kristalli-eurooppa-kauppa","14":"product_tag-halpa-4-cl-pvp-kristallit-euroopassa","15":"product_tag-halpa-4-cl-pvp-kristallit-eurooppaan-toimitus","16":"product_tag-halpa-4-cl-pvp-kristallit-verkkokauppa-eurooppa","17":"product_tag-halpa-4-cl-pvp-kiteet-eurooppa-arvostelu","18":"product_tag-halpojen-4-cl-pvp-kiteiden-vaikutukset","19":"product_tag-halvat-4-cl-pvp-kristallit-euroopassa","20":"product_tag-halvat-halvat-4-cl-pvp-kristallit-eurooppa","21":"product_tag-kuinka-paljon-on-halpoja-4-cl-pvp-kitetta","22":"product_tag-mista-ostaa-edullisia-4-cl-pvp-kiteita-euroopassa","23":"product_tag-mista-ostaa-edullisia-4-cl-pvp-kiteita-verkosta","24":"product_tag-osta-edullisia-4-cl-pvp-kiteita-verkosta","25":"product_tag-osta-edullisia-4-cl-pvp-kiteita-verkosta-euroopassa","26":"product_tag-osta-halpoja-4-cl-pvp-kiteita","27":"product_tag-tilaa-edullisia-4-cl-pvp-kristalleja-verkosta","28":"product_tag-tilaa-halvalla-4-cl-pvp-kristallia-eu","30":"first","31":"instock","32":"shipping-taxable","33":"purchasable","34":"product-type-variable","35":"farmacie-col"},"aioseo_notices":[],"_links":{"self":[{"href":"https:\/\/lacasadelamedicina.es\/fi\/wp-json\/wp\/v2\/product\/28113"}],"collection":[{"href":"https:\/\/lacasadelamedicina.es\/fi\/wp-json\/wp\/v2\/product"}],"about":[{"href":"https:\/\/lacasadelamedicina.es\/fi\/wp-json\/wp\/v2\/types\/product"}],"replies":[{"embeddable":true,"href":"https:\/\/lacasadelamedicina.es\/fi\/wp-json\/wp\/v2\/comments?post=28113"}],"wp:featuredmedia":[{"embeddable":true,"href":"https:\/\/lacasadelamedicina.es\/fi\/wp-json\/wp\/v2\/media\/18559"}],"wp:attachment":[{"href":"https:\/\/lacasadelamedicina.es\/fi\/wp-json\/wp\/v2\/media?parent=28113"}],"wp:term":[{"taxonomy":"product_cat","embeddable":true,"href":"https:\/\/lacasadelamedicina.es\/fi\/wp-json\/wp\/v2\/product_cat?post=28113"},{"taxonomy":"product_tag","embeddable":true,"href":"https:\/\/lacasadelamedicina.es\/fi\/wp-json\/wp\/v2\/product_tag?post=28113"}],"curies":[{"name":"wp","href":"https:\/\/api.w.org\/{rel}","templated":true}]}}