{"id":28100,"date":"2024-08-09T14:01:59","date_gmt":"2024-08-09T14:01:59","guid":{"rendered":"https:\/\/lacasadelamedicina.es\/product\/osta-amfetamiinijauhetta-verkosta\/"},"modified":"2024-08-09T14:01:59","modified_gmt":"2024-08-09T14:01:59","slug":"osta-amfetamiinijauhetta-verkosta","status":"publish","type":"product","link":"https:\/\/lacasadelamedicina.es\/fi\/tuote\/osta-amfetamiinijauhetta-verkosta\/","title":{"rendered":"Osta amfetamiinijauhetta verkosta"},"content":{"rendered":"<h1>Osta amfetamiinijauhetta verkosta<\/h1>\n<p> Osta amfetamiinijauhetta verkosta. Tilaa amfetamiinijauhetta verkosta Iso-Britanniasta, Euroopasta tai EU:sta. Amfetamiinijauhe: Koska amfetamiinit ovat pirist\u00e4vi\u00e4 <a href=\"https:\/\/dieapotheke247.com\/\">huumeet<\/a>, ne nopeuttavat aivojen ja kehon v\u00e4list\u00e4 viestint\u00e4\u00e4. Osta amfetamiinijauhe verkosta &#8211; <a href=\"https:\/\/drlawsonspharmacy\/contact-us\/\">OTA YHTEYTT\u00c4<\/a> Koska amfetamiinit ovat pirist\u00e4vi\u00e4 huumeita, ne nopeuttavat viestien v\u00e4lityst\u00e4 aivojen ja kehon v\u00e4lill\u00e4. Tiedot amfetamiinijauheen vaikutuksista ja terveysvaikutuksista voivat my\u00f6s kiinnostaa sinua. Se voi olla samanlainen kuin monet muut l\u00e4\u00e4kkeet. L\u00e4\u00e4k\u00e4rit voivat m\u00e4\u00e4r\u00e4t\u00e4 laillisesti tiettyj\u00e4 amfetamiinimuotoja sairauksien, kuten tarkkaavaisuush\u00e4iri\u00f6n (ADHD) ja narkolepsian (kontrolloimaton unen tarve) hoitoon. Speed- ja muita amfetamiinia tuotetaan ja myyd\u00e4\u00e4n laittomasti. Toinen tietolehti on omistettu kiteiselle metamfetamiinille (j\u00e4\u00e4), joka on vahvempi muoto. Amfetamiinit voivat olla monissa eri muodoissa. N\u00e4m\u00e4 l\u00e4\u00e4kkeet voivat olla jauheena, tablettina, kiden\u00e4 ja pillerin\u00e4. Kun ne myyd\u00e4\u00e4n laittomasti, ne voivat olla &#8221;foliossa&#8221; (alumiinifoliossa), muovipusseissa tai pieniss\u00e4 ilmapalloissa. Amfetamiinijauhe voi olla mit\u00e4 tahansa v\u00e4ri\u00e4, valkoisesta ruskeaan, toisinaan harmaita tai vaaleanpunaisia \u200b\u200braitoja. Se maistuu katkeralta ja siin\u00e4 on pist\u00e4v\u00e4 tuoksu. Amfetamiinikapseleiden ja -tablettien koko ja v\u00e4ri vaihtelevat suuresti. Amfetamiini \u2013 Laittomasti valmistetut amfetamiinit voivat sis\u00e4lt\u00e4\u00e4 yhdistelm\u00e4n muita aineita, sideaineita, kofeiinia ja sokeria. On my\u00f6s mahdollista ottaa k\u00e4ytt\u00f6\u00f6n uusia psykoaktiivisia l\u00e4\u00e4kkeit\u00e4.                 <\/p>\n<h3>K\u00e4\u00e4rmeiden nimet<\/h3>\n<p> Nopeus, nopea, korkea, ylempi, louee, goey, hurina. <\/p>\n<h3><\/h3>\n<p> Miten niit\u00e4 k\u00e4ytet\u00e4\u00e4n? Amfetamiinia yleens\u00e4 niell\u00e4\u00e4n, ruiskutetaan tai poltetaan. Niit\u00e4 my\u00f6s kuorsataan.   <\/p>\n<h2>Amfetamiinien vaikutukset<\/h2>\n<p> Amfetamiinit vaikuttavat jokaiseen eri tavalla, perustuen: <\/p>\n<ul>\n<li>\n \t<\/li>\n<li>Pituus, paino ja terveys<\/li>\n<li>Onko henkil\u00f6 tottunut ottamaan sit\u00e4<\/li>\n<li>Otetaanko muita l\u00e4\u00e4kkeit\u00e4 samaan aikaan<\/li>\n<li>Otettu m\u00e4\u00e4r\u00e4<\/li>\n<li>L\u00e4\u00e4kkeen vahvuus (vaihtelee erist\u00e4 laittomasti valmistettujen l\u00e4\u00e4kkeiden osalta)<\/li>\n<\/ul>\n<h2>Osta amfetamiinijauhetta verkosta<\/h2>\n<p> Amfetamiinilla voi olla v\u00e4lit\u00f6n vaikutus ruiskeena tai poltettuna, kun taas ne voivat vaikuttaa 30 minuutissa, kun ne kuorsataan tai nielt\u00e4\u00e4n. Seuraavia vaikutuksia voi esiinty\u00e4:  <\/p>\n<ul>\n<li>Onnea ja itseluottamusta<\/li>\n<li>Puhu enemm\u00e4n ja tunne olosi t\u00e4ynn\u00e4 energiaa<\/li>\n<li>Toista yksinkertaisia \u200b\u200basioita, kuten kutinaa ja naarmuuntumista<\/li>\n<li>Suuret pupillit ja suun kuivuminen<\/li>\n<li>Nopea syke ja nopea hengitys<\/li>\n<li>Hampaiden narskuttelu<\/li>\n<li>V\u00e4hentynyt ruokahalu<\/li>\n<li>Liiallinen hikoilu<\/li>\n<li>Lis\u00e4\u00e4ntynyt seksihalu<\/li>\n<\/ul>\n<p>&nbsp;<\/p>\n<h3>Yliannostus<\/h3>\n<p> Yliannostus voi tapahtua my\u00f6s, jos nautitaan suuri m\u00e4\u00e4r\u00e4 tai suuri er\u00e4. Kun valitset kolminkertaisen nollan (000), ambulanssi tulee l\u00e4hett\u00e4\u00e4 v\u00e4litt\u00f6m\u00e4sti, jos jokin seuraavista oireista ilmenee. Pelastuslaitoksen ei tarvitse soittaa poliisille.   <\/p>\n<ul>\n<li>Kilpaileva syd\u00e4menly\u00f6nti<\/li>\n<li>Sopii<\/li>\n<li>Py\u00f6rtyminen<\/li>\n<li>Aivohalvaus, syd\u00e4nkohtaus ja kuolema<\/li>\n<\/ul>\n<p> Amfetamiinien nuuskaaminen voi vaurioittaa nen\u00e4k\u00e4yt\u00e4v\u00e4\u00e4 ja aiheuttaa nen\u00e4verenvuotoa. Amfetamiinin pist\u00e4minen ja neulojen jakaminen voivat lis\u00e4t\u00e4 riski\u00e4:  <\/p>\n<ul>\n<li>Hepatiitti B<\/li>\n<li>C-hepatiitti<\/li>\n<li>HIV\/AIDS<\/li>\n<li>J\u00e4ykk\u00e4kouristus<\/li>\n<\/ul>\n<p>&nbsp;<\/p>\n<h3>Tulee alas<\/h3>\n<p> Seuraavat vaikutukset voivat ilmet\u00e4 2-4 p\u00e4iv\u00e4n kuluessa amfetamiinin nauttimisesta: <\/p>\n<ul>\n<li>Levoton uni ja uupumus<\/li>\n<li>P\u00e4\u00e4ns\u00e4rky\u00e4<\/li>\n<li>Huimaus ja n\u00e4\u00f6n h\u00e4m\u00e4rtyminen<\/li>\n<li>Vainoharhaisuus, hallusinaatiot ja sekavuus<\/li>\n<li>\u00c4rtyneisyys, mielialan vaihtelut ja masennus<\/li>\n<\/ul>\n<p> Masennusl\u00e4\u00e4kkeiden, kuten alkoholin, bentsodiatsepiinien tai kannabiksen, k\u00e4ytt\u00f6 &#8221;come-down&#8221;-vaikutusten lievitt\u00e4miseen voi aiheuttaa riippuvuuden kierteen molemmista aineista. &nbsp;<\/p>\n<h3>Pitk\u00e4aikaiset vaikutukset<\/h3>\n<p> Amfetamiinien s\u00e4\u00e4nn\u00f6llinen k\u00e4ytt\u00f6 voi viime k\u00e4dess\u00e4 aiheuttaa seuraavia: <\/p>\n<ul>\n<li>V\u00e4hentynyt ruokahalu ja voimakas painonpudotus<\/li>\n<li>Levoton uni<\/li>\n<li>Suun kuivuminen ja hammasongelmat<\/li>\n<li>S\u00e4\u00e4nn\u00f6llinen vilustuminen ja flunssa<\/li>\n<li>Keskittymisvaikeudet<\/li>\n<li>Hengitysvaikeudet<\/li>\n<li>Lihasten j\u00e4ykkyys<\/li>\n<li>Ahdistus ja vainoharhaisuus<\/li>\n<li>Masennus<\/li>\n<li>Syd\u00e4n- ja munuaisongelmat<\/li>\n<li>Lis\u00e4\u00e4ntynyt aivohalvauksen riski<\/li>\n<li>Saman vaikutuksen saavuttamiseksi on k\u00e4ytett\u00e4v\u00e4 enemm\u00e4n<\/li>\n<li>Riippuvuus amfetamiinista<\/li>\n<li>Taloudelliset, ammatilliset ja sosiaaliset ongelmat<\/li>\n<\/ul>\n<p>&nbsp;<\/p>\n<h3>Osta amfetamiinijauhe verkosta &#8211; amfetamiinipsykoosi<\/h3>\n<p> &#8221;Amfetamiinipsykoosi&#8221;, jolle on ominaista vainoharhaisuus, hallusinaatiot ja ep\u00e4tavallisen aggressiivinen tai v\u00e4kivaltainen k\u00e4ytt\u00e4ytyminen, voi johtua my\u00f6s suurista annoksista ja s\u00e4\u00e4nn\u00f6llisest\u00e4 raskaasta k\u00e4yt\u00f6st\u00e4. Kun k\u00e4ytt\u00e4j\u00e4 on lopettanut amfetamiinin k\u00e4yt\u00f6n, n\u00e4m\u00e4 oireet h\u00e4vi\u00e4v\u00e4t yleens\u00e4 muutamassa p\u00e4iv\u00e4ss\u00e4.  &nbsp;<\/p>\n<h3>Amfetamiinien sekoittaminen muihin huumeisiin<\/h3>\n<p> Amfetamiinilla voi olla arvaamattomia ja vakavia sivuvaikutuksia yhdistettyn\u00e4 muihin l\u00e4\u00e4kkeisiin, mukaan lukien k\u00e4sikauppa- tai reseptil\u00e4\u00e4kkeet, ja ne voivat johtaa seuraaviin: Erilaisten masennusl\u00e4\u00e4kkeiden ja amfetamiinien yhdistelm\u00e4 voi nostaa verenpainetta, mik\u00e4 lis\u00e4\u00e4 syd\u00e4men vajaatoiminnan riski\u00e4. , aivohalvaus ja syd\u00e4men rytmih\u00e4iri\u00f6t.4 Amfetamiinit yhdess\u00e4 alkoholin, marihuanan tai bentsodiatsepiinien kanssa voivat johtaa yliannostukseen, koska elimist\u00f6 joutuu selviytym\u00e4\u00e4n n\u00e4iden kahden tyyppisten aineiden vastakkaisista vaikutuksista.  <\/p>\n<h4><em><strong>Tilaa amfetamiinijauhe<\/strong><\/em><\/h4>\n<h2>Maksu<\/h2>\n<p> Pitk\u00e4\u00e4n jatkuneen amfetamiinin k\u00e4yt\u00f6n j\u00e4lkeen sen lopettaminen voi olla vaikeaa, sill\u00e4 elimist\u00f6 tarvitsee aikaa tottuakseen el\u00e4m\u00e4\u00e4n ilman amfetamiinia. Viikon kuluttua vieroitusoireiden pit\u00e4isi h\u00e4vit\u00e4 ja kuukauden kuluttua niiden pit\u00e4isi olla suurimmaksi osaksi poissa. N\u00e4it\u00e4 merkkej\u00e4 ovat:   <\/p>\n<ul>\n<li>Amfetamiinin himo<\/li>\n<li>Lis\u00e4\u00e4ntynyt ruokahalu<\/li>\n<li>H\u00e4mmennys ja \u00e4rtyneisyys<\/li>\n<li>Kipua ja kipua<\/li>\n<li>Uupumus<\/li>\n<li>Levoton uni ja painajaiset<\/li>\n<li>Ahdistus, masennus ja vainoharhaisuus<\/li>\n<li><strong>Tied\u00e4tk\u00f6 mist\u00e4 ostaa amfetamiinijauhetta<\/strong>mfetamiinijauhe myynniss\u00e4, amfetamiinijauhe myynniss\u00e4, amfetamiinijauheen annostus, amfetamiinijauheen valmistus, mist\u00e4 voin ostaa amfetamiinijauhe verkossa, mist\u00e4 saa amfetamiinia? jauhe, mik\u00e4 on amfetamiinijauhe? Myyd\u00e4\u00e4n laadukas amfetamiinijauhe. Kaikkiin n\u00e4ihin avoimiin kysymyksiin voimme vastata. Vilkaise vain verkkosivustoamme ja saat vastauksia amfetamiinijauheen ostamiseen verkosta. Ent\u00e4 amfetamiinijauhe? Tied\u00e4tk\u00f6 my\u00f6s, mist\u00e4 ostaa amfetamiinijauhetta verkosta? Osta myyt\u00e4v\u00e4n\u00e4 amfetamiinijauhetta, miten valmistaa amfetamiinijauhetta, milt\u00e4 amfetamiinijauhe n\u00e4ytt\u00e4\u00e4, amfetamiinijauheen hinta katuhintaan, amfetamiinijauheen hinta, mist\u00e4 ostaa amfetamiinijauhetta, puhdasta kristallimetaania, mist\u00e4 voin ostaa kamfetamiinijauhetta verkosta, osta puhdasta amfetamiinijauhe verkossa.       <\/li>\n<\/ul>\n<p> On t\u00e4ysin ymm\u00e4rrett\u00e4v\u00e4\u00e4, ett\u00e4 ihmiset eiv\u00e4t heti hyv\u00e4ksy verkossa tarjottavan amfetamiinijauheen laatua, koska he eiv\u00e4t n\u00e4e sit\u00e4 fyysisesti. T\u00e4m\u00e4 ei kuitenkaan p\u00e4de amfetamiinijauheen online-toimittajiin. T\u00e4\u00e4ll\u00e4 tarjotut tuotteet kuvaavat tarkasti, mit\u00e4 ne ovat, ja ensiluokkainen huolto suoritetaan ammattimaisessa valvonnassa. Nopea &amp;amp; Huomaamaton toimitus: Kun tilaus on vastaanotettu, amfetamiinijauhe verkossa toimitetaan heti, kun se on vahvistettu. Toimitustiimi tekee kaikkensa varmistaakseen, ett\u00e4 l\u00e4hetys- ja toimitusprosessi on nopea ja helppo. Kun ostat amfetamiinijauhetta verkosta p\u00e4tev\u00e4lt\u00e4 myyj\u00e4lt\u00e4 verkkokaupassa, voit odottaa my\u00f6s poikkeuksellisia palveluita. Osta amfetamiinijauhetta verkosta       <\/p>\n<h3>Osta amfetamiinijauhetta verkosta<\/h3>\n<p>&nbsp;<\/p>\n","protected":false},"excerpt":{"rendered":"<p>Keskushermostoa (aivo- ja selk\u00e4ydinhermoja) stimuloi voimakkaasti amfetamiinijauhe, jota k\u00e4ytet\u00e4\u00e4n l\u00e4\u00e4ketieteellisesti eri sairauksien hoitoon. Lis\u00e4ksi sill\u00e4 on pitk\u00e4 v\u00e4\u00e4rink\u00e4ytt\u00f6historia ja se on melko riippuvuutta aiheuttava. Huomio- ja ylivilkkaush\u00e4iri\u00f6t\u00e4 hoidetaan l\u00e4\u00e4ketieteellisesti amfetamiinijauheella.   &nbsp;<\/p>\n","protected":false},"featured_media":18064,"comment_status":"closed","ping_status":"closed","template":"","meta":{"om_disable_all_campaigns":false,"_sitemap_exclude":false,"_sitemap_priority":"","_sitemap_frequency":"","_monsterinsights_skip_tracking":false,"_monsterinsights_sitenote_active":false,"_monsterinsights_sitenote_note":"","_monsterinsights_sitenote_category":0},"product_cat":[17206],"product_tag":[18063,18061,18062,18065,18056,18059,18054,18052,18060,18049,18048,18057,18064,18058,18050,18055,18047,18051,18044,18046,18053,18045],"class_list":{"0":"post-28100","1":"product","2":"type-product","3":"status-publish","4":"has-post-thumbnail","6":"product_cat-tutkimuskemikaalit-ja-psykedeelit","7":"product_tag-aito-amfetamiinijauhe-euroopassa","8":"product_tag-amfetamiinijauhe-euroopan-alennus","9":"product_tag-amfetamiinijauhe-euroopan-toimitus","10":"product_tag-amfetamiinijauhe-euroopassa-fi-2","11":"product_tag-amfetamiinijauhe-euroopassa","12":"product_tag-amfetamiinijauhe-euroopassa-fi","13":"product_tag-amfetamiinijauhe-ilman-toimitusta-eurooppaan","14":"product_tag-amfetamiinijauhe-paras-hinta-euroopassa","15":"product_tag-amfetamiinijauheen-eurooppa-kauppa","16":"product_tag-amfetamiinijauheen-myynti-verkossa","17":"product_tag-amfetamiinijauheen-vaikutukset","18":"product_tag-amfetamiinijauheen-verkkokauppa-eurooppa","19":"product_tag-amfetamiinijauhetta-euroopassa","20":"product_tag-halpa-amfetamiinijauhe-euroopassa","21":"product_tag-kuinka-paljon-amfetamiinijauhe-on","22":"product_tag-mista-ostaa-amfetamiinijauhetta-euroopassa","23":"product_tag-mista-ostaa-amfetamiinijauhetta-verkossa","24":"product_tag-osta-amfetamiinijauhetta-verkosta-euroopassa","25":"product_tag-ostaa-amfetamiinijauhetta","26":"product_tag-ostaa-amfetamiinijauhetta-verkosta","27":"product_tag-tilaa-amfetamiinijauhe-eu","28":"product_tag-tilaa-amfetamiinijauhe-verkosta","30":"first","31":"instock","32":"shipping-taxable","33":"purchasable","34":"product-type-variable","35":"farmacie-col"},"aioseo_notices":[],"_links":{"self":[{"href":"https:\/\/lacasadelamedicina.es\/fi\/wp-json\/wp\/v2\/product\/28100"}],"collection":[{"href":"https:\/\/lacasadelamedicina.es\/fi\/wp-json\/wp\/v2\/product"}],"about":[{"href":"https:\/\/lacasadelamedicina.es\/fi\/wp-json\/wp\/v2\/types\/product"}],"replies":[{"embeddable":true,"href":"https:\/\/lacasadelamedicina.es\/fi\/wp-json\/wp\/v2\/comments?post=28100"}],"wp:featuredmedia":[{"embeddable":true,"href":"https:\/\/lacasadelamedicina.es\/fi\/wp-json\/wp\/v2\/media\/18064"}],"wp:attachment":[{"href":"https:\/\/lacasadelamedicina.es\/fi\/wp-json\/wp\/v2\/media?parent=28100"}],"wp:term":[{"taxonomy":"product_cat","embeddable":true,"href":"https:\/\/lacasadelamedicina.es\/fi\/wp-json\/wp\/v2\/product_cat?post=28100"},{"taxonomy":"product_tag","embeddable":true,"href":"https:\/\/lacasadelamedicina.es\/fi\/wp-json\/wp\/v2\/product_tag?post=28100"}],"curies":[{"name":"wp","href":"https:\/\/api.w.org\/{rel}","templated":true}]}}