{"id":28093,"date":"2024-08-09T14:01:59","date_gmt":"2024-08-09T14:01:59","guid":{"rendered":"https:\/\/lacasadelamedicina.es\/product\/osta-asetyylifentanyylijauhe-99-puhdasta-verkosta\/"},"modified":"2024-08-09T14:01:59","modified_gmt":"2024-08-09T14:01:59","slug":"osta-asetyylifentanyylijauhe-99-puhdasta-verkosta","status":"publish","type":"product","link":"https:\/\/lacasadelamedicina.es\/fi\/tuote\/osta-asetyylifentanyylijauhe-99-puhdasta-verkosta\/","title":{"rendered":"Osta asetyylifentanyylijauhe (99 %+ puhdasta) verkosta"},"content":{"rendered":"<h3>Osta asetyylifentanyylijauhetta (99 %+ puhdasta) verkosta<\/h3>\n<p> Osta asetyylifentanyyli jauheena. Se on viisi kertaa vahvempaa kuin heroiini ja luokitellaan opioidiksi. Sit\u00e4 k\u00e4ytet\u00e4\u00e4n vaikean, jatkuvan kivun hoitoon, joka ei reagoi muihin l\u00e4\u00e4kkeisiin. T\u00e4m\u00e4 l\u00e4\u00e4ke on voimakas huume kipul\u00e4\u00e4ke. <strong>Osta asetyylifentanyylijauhetta (99 %+ Pure) verkosta<\/strong> &#8211; <a href=\"https:\/\/drlawsonspharmacy\/contact-us\/\">OTTA YHTEYTT\u00c4<\/a> Akryylifentanyylijauhe (99 % + Pure) myyt\u00e4v\u00e4n\u00e4 Asetyylifentanyyli on opioidikipul\u00e4\u00e4ke, joka toimii samalla tavalla kuin fentanyyli kivunlievityksen suhteen. Asetyyli Fentanyyli on jopa 80 kertaa vahvempaa kuin morfiini ja 5-40 kertaa vahvempi kuin heroiini. Se on 15 kertaa vahvempaa kuin fentanyyli. Asetyylifentanyylijauhe, huolellisesti syntetisoitu aine, jonka puhtausaste on poikkeuksellisen korkea, voi auttaa sinua toteuttamaan tutkimuksesi t\u00e4yden potentiaalin. Yli 99 % puhtaudeltaan t\u00e4m\u00e4 poikkeuksellinen tuote mahdollistaa uraauurtavan tutkimuksen l\u00e4\u00e4ketutkimuksen ja -analyysin alalla. Tunnetusta opioidifentanyylist\u00e4 johdetulla Acetyl Fentanyl Powderilla on voimakkaita kipua lievitt\u00e4vi\u00e4 ominaisuuksia, jotka tekev\u00e4t siit\u00e4 t\u00e4rke\u00e4n ty\u00f6kalun kivunhallintaa, opioidireseptoreita ja niihin liittyvi\u00e4 aloja tutkiville tutkijoille. Sen korkean puhtauden ansiosta voit tutkia opioidiyhdisteiden monimutkaista toimintaa perusteellisesti luottavaisin mielin sen tarkkoihin ja luotettaviin tuloksiin.          <\/p>\n<h3>Osta asetyylifentanyylijauhe (99 %+ puhdasta) verkosta<\/h3>\n<p> Puhtaus ja johdonmukaisuus ovat elint\u00e4rkeit\u00e4 tutkimuksessa ja <span class=\"selectable-text copyable-text\">Dr Lawsons Pharmacy<\/span> ymm\u00e4rt\u00e4\u00e4 t\u00e4m\u00e4n. Siksi asetyylifentanyylijauheemme valmistetaan uusimmalla synteesitekniikalla ja sille tehd\u00e4\u00e4n tiukat laadunvalvontatestit. Varmistaaksemme tutkimuksesi uusittavuuden ja luotettavuuden pyrimme toimittamaan tuotteen, joka t\u00e4ytt\u00e4\u00e4 ja ylitt\u00e4\u00e4 alan korkeimmat standardit. Asetyylifentanyylijauheemme korkea puhtaus mahdollistaa tarkan annostelun ja kontrolloidun testauksen, mik\u00e4 antaa sinulle luottamuksen, jota tarvitset perusteelliseen tutkimukseen. Tuotteemme liukenee helposti yleisiin liuottimiin, joten sit\u00e4 on helppo k\u00e4sitell\u00e4 ja se sopii monenlaisiin tieteellisiin sovelluksiin.     <\/p>\n<h3><strong>Tilaa asetyylifentanyylijauhe (99 %+ puhdasta)<\/strong><\/h3>\n<p> Turvallisuus on meille ykk\u00f6sprioriteetti. On t\u00e4rke\u00e4\u00e4 muistaa, ett\u00e4 Acetyl Fentanyl Powder on tarkoitettu vain tutkimusk\u00e4ytt\u00f6\u00f6n, ei koskaan ihmisravinnoksi. Kehotamme sinua k\u00e4ytt\u00e4m\u00e4\u00e4n t\u00e4t\u00e4 voimakasta ainetta vastuullisesti kaikkien sovellettavien lakien ja moraalis\u00e4\u00e4nt\u00f6jen mukaisesti. Asetyylifentanyylijauhe osoittautuu hy\u00f6dylliseksi ty\u00f6kaluksi tutkimuksellesi, olitpa sitten opioidien farmakokinetiikkaa, uusimpia kivunhallintatekniikoita tai opioidien vaikutuksia keskushermostoon.    &nbsp;<\/p>\n","protected":false},"excerpt":{"rendered":"<p>Osta asetyylifentanyylijauhetta (99%+ puhdasta) verkosta. jatkuvaan, vaikeaan kipuun, joka kest\u00e4\u00e4 muita l\u00e4\u00e4kkeit\u00e4. T\u00e4m\u00e4 l\u00e4\u00e4ke on voimakas huume kipul\u00e4\u00e4ke.   &nbsp;<\/p>\n","protected":false},"featured_media":18049,"comment_status":"closed","ping_status":"closed","template":"","meta":{"om_disable_all_campaigns":false,"_sitemap_exclude":false,"_sitemap_priority":"","_sitemap_frequency":"","_monsterinsights_skip_tracking":false,"_monsterinsights_sitenote_active":false,"_monsterinsights_sitenote_note":"","_monsterinsights_sitenote_category":0},"product_cat":[17206],"product_tag":[18040,18043,18041,18027,18037,18032,18030,18039,18042,18038,18035,18034,18026,18036,18028,18033,18025,18022,18023,18029,18024,18031],"class_list":{"0":"post-28093","1":"product","2":"type-product","3":"status-publish","4":"has-post-thumbnail","6":"product_cat-tutkimuskemikaalit-ja-psykedeelit","7":"product_tag-acetyl-fentanyl-powder-99-puhdas-euroopan-toimitus","8":"product_tag-acetyl-fentanyl-powder-99-puhdas-eurooppa-arvostelu","9":"product_tag-aito-asetyylifentanyylijauhe-99-puhdasta-euroopassa","10":"product_tag-asetyylifentanyylijauhe-99-puhdas-myynti-verkossa","11":"product_tag-asetyylifentanyylijauhe-99-puhdasta-euroopassa-fi","12":"product_tag-asetyylifentanyylijauhe-99-puhdasta-ilmainen-toimitus-eurooppaan","13":"product_tag-asetyylifentanyylijauhe-99-puhdasta-paras-hinta-euroopassa","14":"product_tag-asetyylifentanyylijauhe-99-puhdas-euroopan-alennus","15":"product_tag-asetyylifentanyylijauhe-99-puhdas-euroopan-toimittajat","16":"product_tag-asetyylifentanyylijauhe-99-puhdas-eurooppa-kauppa","17":"product_tag-asetyylifentanyylijauhe-99-puhdas-verkkokauppa-euroopassa","18":"product_tag-asetyylifentanyylijauhe-99-puhdasta-euroopassa","19":"product_tag-asetyylifentanyylijauheen-vaikutukset-99-puhdasta","20":"product_tag-halpa-asetyylifentanyylijauhe-99-puhdas-eurooppa","21":"product_tag-kuinka-paljon-on-asetyylifentanyylijauhe-99-puhdasta","22":"product_tag-mista-ostaa-asetyylifentanyylijauhetta-99-puhdasta-euroopassa","23":"product_tag-mista-ostaa-asetyylifentanyylijauhetta-99-puhdasta-verkosta","24":"product_tag-osta-asetyylifentanyylijauhe-99-puhdasta","25":"product_tag-osta-asetyylifentanyylijauhe-99-pure-verkosta","26":"product_tag-osta-asetyylifentanyylijauhetta-99-puhdasta-verkosta-euroopassa","27":"product_tag-tilaa-acetyl-fentanyl-powder-99-pure-verkosta","28":"product_tag-tilaa-asetyylifentanyylijauhe-99-puhdas-eu","30":"first","31":"instock","32":"shipping-taxable","33":"purchasable","34":"product-type-variable","35":"farmacie-col"},"aioseo_notices":[],"_links":{"self":[{"href":"https:\/\/lacasadelamedicina.es\/fi\/wp-json\/wp\/v2\/product\/28093"}],"collection":[{"href":"https:\/\/lacasadelamedicina.es\/fi\/wp-json\/wp\/v2\/product"}],"about":[{"href":"https:\/\/lacasadelamedicina.es\/fi\/wp-json\/wp\/v2\/types\/product"}],"replies":[{"embeddable":true,"href":"https:\/\/lacasadelamedicina.es\/fi\/wp-json\/wp\/v2\/comments?post=28093"}],"wp:featuredmedia":[{"embeddable":true,"href":"https:\/\/lacasadelamedicina.es\/fi\/wp-json\/wp\/v2\/media\/18049"}],"wp:attachment":[{"href":"https:\/\/lacasadelamedicina.es\/fi\/wp-json\/wp\/v2\/media?parent=28093"}],"wp:term":[{"taxonomy":"product_cat","embeddable":true,"href":"https:\/\/lacasadelamedicina.es\/fi\/wp-json\/wp\/v2\/product_cat?post=28093"},{"taxonomy":"product_tag","embeddable":true,"href":"https:\/\/lacasadelamedicina.es\/fi\/wp-json\/wp\/v2\/product_tag?post=28093"}],"curies":[{"name":"wp","href":"https:\/\/api.w.org\/{rel}","templated":true}]}}