{"id":28077,"date":"2024-08-09T14:02:03","date_gmt":"2024-08-09T14:02:03","guid":{"rendered":"https:\/\/lacasadelamedicina.es\/product\/osta-butylone-verkosta\/"},"modified":"2024-08-09T14:02:03","modified_gmt":"2024-08-09T14:02:03","slug":"osta-butylone-verkosta","status":"publish","type":"product","link":"https:\/\/lacasadelamedicina.es\/fi\/tuote\/osta-butylone-verkosta\/","title":{"rendered":"Osta Butylone verkosta"},"content":{"rendered":"<h1>Osta Butylone verkosta<\/h1>\n<p> Verkkokauppa, joka myy butylonia. Butyloni, joka tunnetaan yleisesti nimell\u00e4 k-MBDB tai B1, on synteettinen entaktogeeni ja stimulantti, joka kuuluu fenetyyliamiini- ja katinoniluokkiin. Se tunnetaan my\u00f6s nimell\u00e4 -keto-N-metyylibentsodioksolyylibutaaniamiini. Bufedronin substituoitua metyleenidioksivastinetta ja MBDB:n -keto-analogia kutsutaan molempia butyloniksi. Osta Butylone verkosta &#8211; <a href=\"https:\/\/drlawsonspharmacy\/contact-us\/\">OTA YHTEYTT\u00c4<\/a> Metylonin tarjonnan v\u00e4heneess\u00e4 tutkimuskemikaalien markkinoilla sit\u00e4 myyd\u00e4\u00e4n usein kadulla etylonin rinnalla design-l\u00e4\u00e4kkeen\u00e4, korvikkeena tai j\u00e4ljitelm\u00e4n\u00e4. MDMA:lle ja metylonille (joita kaikkia kutsutaan yhteisesti &#8221;mollyksi&#8221;). Butylonilla ja MDMA:lla on samanlaiset farmakologiset ja k\u00e4ytt\u00e4ytymisominaisuudet, mutta niiden n\u00e4enn\u00e4iset subjektiiviset vaikutukset eiv\u00e4t ole aivan samat. Butylonin sanotaan olevan v\u00e4hemm\u00e4n tehokas kuin sen serkkujen metyloni ja etyloni, ja sill\u00e4 on pikemminkin perinteisi\u00e4 pirist\u00e4vi\u00e4 kuin entaktogeenisia vaikutuksia. Ihmiset ovat alkaneet k\u00e4ytt\u00e4\u00e4 sit\u00e4 vasta \u00e4skett\u00e4in.        <\/p>\n<h3><strong>Tilaa Butylone verkosta<\/strong><\/h3>\n<p> Katinoniperheen synteettinen j\u00e4sen, joka tunnetaan my\u00f6s nimell\u00e4 -keto-N-metyylibentsodioksolyylibutanamiini. Katinoneilla on fenetyyliamiiniydin, jossa fenyylirengas on kiinnittynyt aminoryhm\u00e4\u00e4n (NH2) etyyliketjun kautta ja toinen etyylisubstituutio R:ss\u00e4. T\u00e4m\u00e4 antaa niille rakenteellisia yht\u00e4l\u00e4isyyksi\u00e4 amfetamiinien kanssa. Alfametyloidut fenetyyliamiinit (eli amfetamiinit) ovat katinonit kuten butyloni. Ne eroavat kuitenkin niist\u00e4 ketonifunktionaalisella ryhm\u00e4ll\u00e4 (karbonyyliryhm\u00e4 R:ss\u00e4). Butylonilla on yhteinen metyylisubstituutio RN-asemassa MDEA:n, etylonin, 4-MEC:n ja joidenkin muiden stimulanttien ja entaktogeenien kanssa. Butylonissa on my\u00f6s happiryhmi\u00e4 fenyylirenkaan R3- ja R4-asemissa. N\u00e4m\u00e4 happiryhm\u00e4t integroituvat metyleenidioksirenkaaseen metyleeniketjun kautta. Butylonilla on my\u00f6s t\u00e4m\u00e4 metyleenidioksirengas. Se toimii yhdistettyn\u00e4 takaisinoton est\u00e4j\u00e4n\u00e4\/dopamiinin, noradrenaliinin ja serotoniinin vapauttajana. N\u00e4m\u00e4 v\u00e4litt\u00e4j\u00e4aineet hallitsevat motivaatiota, nautintoa, palkitsemista ja keskittymist\u00e4. T\u00e4m\u00e4 saavutetaan est\u00e4m\u00e4ll\u00e4 v\u00e4litt\u00e4j\u00e4aineiden imeytyminen uudelleen sen j\u00e4lkeen, kun ne ovat suorittaneet teht\u00e4v\u00e4ns\u00e4 l\u00e4hett\u00e4\u00e4 aivoimpulssi. T\u00e4m\u00e4 mahdollistaa v\u00e4litt\u00e4j\u00e4aineiden ker\u00e4\u00e4ntymisen ja kierr\u00e4tyksen, mik\u00e4 tuottaa fysiologisesti stimuloivia ja euforisia vaikutuksia.            <\/p>\n<h3>Mist\u00e4 voin ostaa Butylonea verkossa, tied\u00e4tk\u00f6?<\/h3>\n<p> Mist\u00e4 voin ostaa Butylonea verkosta, mist\u00e4 voin ostaa Butylonea verkosta, mik\u00e4 on Butylone ja mist\u00e4 voin ostaa korkealaatuista Butylone-jauhetta, ovat kaikki kysymykset, joihin vastataan alla. Voimme tarjota ratkaisut kaikkiin n\u00e4ihin ratkaisemattomiin kysymyksiin. Voit oppia lis\u00e4\u00e4 Fentanyl-tablettien ostamisesta verkossa yksinkertaisesti selaamalla verkkosivustoamme. Ent\u00e4 jauhettu butyloni? Tied\u00e4tk\u00f6 mist\u00e4 voin ostaa Butylonea verkosta? Mist\u00e4 ostaa Butylon-jauhetta, Mist\u00e4 ostaa puhdasta Butylon-jauhetta, Kuinka tehd\u00e4 Butylon-jauhetta, Milt\u00e4 Butylon-jauhe n\u00e4ytt\u00e4\u00e4, Butylon-jauheen katuhinta, Butylon-jauheen hinta, Butylon-jauheen toimittajat, Butylon-jauheen muoto, Osta puhdasta Butylon-jauhetta, Butylonjauheen hinta On t\u00e4ysin ymm\u00e4rrett\u00e4v\u00e4\u00e4, ett\u00e4 ihmiset eiv\u00e4t heti luota verkossa myyt\u00e4v\u00e4n Butylonin laatuun, koska he eiv\u00e4t n\u00e4e sit\u00e4 henkil\u00f6kohtaisesti. Asiat ovat kuitenkin toisin online-Butylon-toimittajien kanssa. T\u00e4\u00e4ll\u00e4 tarjottavat tuotteet ovat juuri sit\u00e4, mit\u00e4 ne ovat, ja niit\u00e4 huolletaan huippuluokan ammattilaisten valvonnassa. Nopea &amp;amp; Huomaamaton toimitus: Butylone toimitetaan luvatulla tavalla heti tilauksen vastaanottamisen j\u00e4lkeen. Toimitustiimi pyrkii tekem\u00e4\u00e4n l\u00e4hetys- ja toimitusprosessista nopeaa ja helppoa. Kun ostat Butylonea hyv\u00e4maineiselta myyj\u00e4lt\u00e4 verkkokauppapaikalta, voit my\u00f6s odottaa erinomaista palvelua.           &nbsp;<\/p>\n","protected":false},"excerpt":{"rendered":"<p>Butyloni, joka tunnetaan yleisesti nimell\u00e4 k-MBDB tai B1, on synteettinen entaktogeeni ja stimulantti, joka kuuluu fenetyyliamiini- ja katinoniluokkiin. Se tunnetaan my\u00f6s nimell\u00e4 -keto-N-metyylibentsodioksolyylibutaaniamiini. Bufedronin substituoitua metyleenidioksivastinetta ja MBDB:n -keto-analogia kutsutaan molempia butyloniksi.   &nbsp;<\/p>\n","protected":false},"featured_media":18589,"comment_status":"closed","ping_status":"closed","template":"","meta":{"om_disable_all_campaigns":false,"_sitemap_exclude":false,"_sitemap_priority":"","_sitemap_frequency":"","_monsterinsights_skip_tracking":false,"_monsterinsights_sitenote_active":false,"_monsterinsights_sitenote_note":"","_monsterinsights_sitenote_category":0},"product_cat":[17206],"product_tag":[17975,17973,17977,17972,17968,17971,17976,17974,17966,17964,17969,17961,17960,17970,17962,17967,17959,17956,17963,17958,17965,17957],"class_list":{"0":"post-28077","1":"product","2":"type-product","3":"status-publish","4":"has-post-thumbnail","6":"product_cat-tutkimuskemikaalit-ja-psykedeelit","7":"product_tag-aito-butylone-europe","8":"product_tag-butylone-europe-alennus","9":"product_tag-butylone-europe-arvostelu","10":"product_tag-butylone-europe-kauppa","11":"product_tag-butylone-europe-myynti","12":"product_tag-butylone-europe-tarjoukset","13":"product_tag-butylone-europe-toimittajat","14":"product_tag-butylone-europe-toimitus","15":"product_tag-butylone-ilmainen-toimitus-eurooppaan","16":"product_tag-butylone-paras-hinta-euroopassa","17":"product_tag-butylone-verkkokauppa-eurooppa","18":"product_tag-butylonin-myynti-verkossa","19":"product_tag-butylonin-vaikutukset","20":"product_tag-halpa-butylone-europe","21":"product_tag-kuinka-paljon-butylone-on","22":"product_tag-mista-ostaa-butylone-europe","23":"product_tag-mista-ostaa-butylone-verkossa","24":"product_tag-osta-butylone","25":"product_tag-osta-butylone-verkossa-euroopassa","26":"product_tag-osta-butylone-verkosta","27":"product_tag-tilaa-butylone-eu","28":"product_tag-tilaa-butylone-verkosta","30":"first","31":"instock","32":"shipping-taxable","33":"purchasable","34":"product-type-variable","35":"farmacie-col"},"aioseo_notices":[],"_links":{"self":[{"href":"https:\/\/lacasadelamedicina.es\/fi\/wp-json\/wp\/v2\/product\/28077"}],"collection":[{"href":"https:\/\/lacasadelamedicina.es\/fi\/wp-json\/wp\/v2\/product"}],"about":[{"href":"https:\/\/lacasadelamedicina.es\/fi\/wp-json\/wp\/v2\/types\/product"}],"replies":[{"embeddable":true,"href":"https:\/\/lacasadelamedicina.es\/fi\/wp-json\/wp\/v2\/comments?post=28077"}],"wp:featuredmedia":[{"embeddable":true,"href":"https:\/\/lacasadelamedicina.es\/fi\/wp-json\/wp\/v2\/media\/18589"}],"wp:attachment":[{"href":"https:\/\/lacasadelamedicina.es\/fi\/wp-json\/wp\/v2\/media?parent=28077"}],"wp:term":[{"taxonomy":"product_cat","embeddable":true,"href":"https:\/\/lacasadelamedicina.es\/fi\/wp-json\/wp\/v2\/product_cat?post=28077"},{"taxonomy":"product_tag","embeddable":true,"href":"https:\/\/lacasadelamedicina.es\/fi\/wp-json\/wp\/v2\/product_tag?post=28077"}],"curies":[{"name":"wp","href":"https:\/\/api.w.org\/{rel}","templated":true}]}}