{"id":28072,"date":"2024-08-09T14:02:03","date_gmt":"2024-08-09T14:02:03","guid":{"rendered":"https:\/\/lacasadelamedicina.es\/product\/osta-ketamiinia-verkosta\/"},"modified":"2024-08-09T14:02:03","modified_gmt":"2024-08-09T14:02:03","slug":"osta-ketamiinia-verkosta","status":"publish","type":"product","link":"https:\/\/lacasadelamedicina.es\/fi\/tuote\/osta-ketamiinia-verkosta\/","title":{"rendered":"Osta ketamiinia verkosta"},"content":{"rendered":"<h3>Osta ketamiinia verkosta.<\/h3>\n<p>&nbsp; Ketamiinin verkkomyynti. NMIAD686 Ketamiini HCl, hallusinogeeni. Lis\u00e4maksullisia, lisensoituja hakuteoksia voi ostaa verkossa osoitteesta <span class=\"selectable-text copyable-text\">Dr Lawsons Pharmacy<\/span> mahdollista. <a href=\"https:\/\/dieapotheke247.com\/\">Osta K<\/a>etamin verkosta &#8211; <a href=\"https:\/\/drlawsonspharmacy\/contact-us\/\">OTA YHTEYTT\u00c4<\/a> Osta ketamiinia verkosta, mukaan lukien ketamiinin HCL-kiteit\u00e4, nestem\u00e4ist\u00e4 ketamiinia, ketamiinijauheen annostusta ja ketamiinil\u00e4\u00e4kityst\u00e4. Osta Ketamiini HCL kristallijauheena. Osta ketamiinikiteit\u00e4, nestem\u00e4ist\u00e4 ketamiinia, nestem\u00e4ist\u00e4 ketamiinia ja jauhetta verkossa varastossa. Osta ketamiinia verkosta kauppanimell\u00e4 Ketalar. Useimmissa tapauksissa Ketalar-l\u00e4\u00e4kkeit\u00e4 k\u00e4ytet\u00e4\u00e4n anestesian hoitoon ja anteeksiantoon. Lis\u00e4ksi sit\u00e4 k\u00e4ytet\u00e4\u00e4n kivun lievitykseen ja muistin parantamiseen. Lis\u00e4ksi se sis\u00e4lt\u00e4\u00e4 jatkuvan kivun ja uneliaisuuden elementtej\u00e4, jotka tarjoavat keskittyneen huomion. Syd\u00e4men syke, hengitys ja lentorefleksit pysyiv\u00e4t suurelta osin toimivina h\u00e4nen hallussaan.          &nbsp;<\/p>\n<h2>Ketamiini myynniss\u00e4<\/h2>\n<p> Kun infuusio annetaan, vaikutus alkaa minimaalisesti 5 minuutissa, ja ensisijainen vaikutus kest\u00e4\u00e4 jopa 25 minuuttia. S\u00e4\u00e4nn\u00f6lliset oireet ovat psykologisia reaktioita, koska l\u00e4\u00e4kitys ei en\u00e4\u00e4 toimi. Reaktioita voivat olla levottomuus, sekavuus, huimaus, v\u00e4symys ja lihasten vapina.   &nbsp;<\/p>\n<h2>Osta laillista ketamiinia verkosta<\/h2>\n<p> Suuremmat annokset voivat aiheuttaa vakavampia vaikutuksia, kun k\u00e4ytt\u00e4j\u00e4t kuvailevat t\u00e4ydellist\u00e4 irtoamista kehostaan. Vaikutukset esitet\u00e4\u00e4n &#8221;K-avauksessa&#8221; kuvatulla tavalla ja ne ovat samanlaisia \u200b\u200bkuin ne, jotka ovat kokeneet l\u00e4heisen kuoleman kohtaamisen.  &nbsp;<\/p>\n<h2>Myyd\u00e4\u00e4n nestem\u00e4inen ketamiini<\/h2>\n<p> Ketamiinia k\u00e4ytet\u00e4\u00e4n leikkauksen j\u00e4lkeisen kivun lievitykseen toimitusjohtajilla. Matala ketamiinitaso voi v\u00e4hent\u00e4\u00e4 morfiinin tarvetta, pahoinvointia ja huimausta leikkauksen j\u00e4lkeen. Pieni\u00e4 ketamiiniannoksia k\u00e4ytet\u00e4\u00e4n siksi monimutkaisten maakunnallisten kiputilojen hoitoon.   &nbsp;<\/p>\n<h2>Myyd\u00e4\u00e4n ketamiini HCL -jauhe<\/h2>\n<p> Ennen l\u00e4\u00e4kinn\u00e4llist\u00e4 hoitoa tai tietty\u00e4 menetelm\u00e4\u00e4 k\u00e4ytet\u00e4\u00e4n ketamiinia anestesian (aistin tai tunteen menett\u00e4misen) aikaansaamiseen. Siksi ketamiiniklinikat luurankolihasten rentoutumista varten eiv\u00e4t ole v\u00e4ltt\u00e4m\u00e4tt\u00f6mi\u00e4. Sit\u00e4 voidaan k\u00e4ytt\u00e4\u00e4 my\u00f6s muihin sairauksiin perhel\u00e4\u00e4k\u00e4rin m\u00e4\u00e4r\u00e4\u00e4m\u00e4ll\u00e4 tavalla. Rauhoittava, ketamiini. Aivoissa se hallitsee ep\u00e4miellytt\u00e4vi\u00e4 tuntemuksia. Osta ketamiinia laillisesti.      &nbsp;<\/p>\n<h2>Osta ketamiinia laillisesti verkosta<\/h2>\n<p> Asiakas kokee ylivoimaisen rentoutumisen tunteen ja kokee toisinaan pistely\u00e4 koko kehossa intranasaalisesta ketamiinista. Jotkut asiakkaat sanovat, ett\u00e4 he tuntevat olevansa liukumassa, toiset jopa sanovat tuntevansa olevansa kehonsa ulkopuolella. Monilla ihmisill\u00e4 on ep\u00e4realistisia fantasioita, jotka joskus kest\u00e4v\u00e4t unettomuuden. Siksi on t\u00e4rke\u00e4\u00e4 ymm\u00e4rt\u00e4\u00e4, kuinka kauan ketamiini-infuusio kest\u00e4\u00e4.    &nbsp;<\/p>\n<h2>Mist\u00e4 ostaa ketamiinia verkossa<\/h2>\n<p> Ketamiinijauheesta (Ketalar) saatu lyhytik\u00e4inen huippu kest\u00e4\u00e4 noin 60 minuuttia. Se alkaa noin 2\u20135 minuuttia sen j\u00e4lkeen, kun tupakoitsija tai nielej\u00e4 on lopettanut tarjoilun. Infuusion aikana t\u00e4m\u00e4 tapahtuu noin 30 sekuntia injektion j\u00e4lkeen.&#8221; &nbsp;<\/p>\n<h2>Osta ketamiinia verkosta ilman ratkaisua<\/h2>\n<p> Highin p\u00e4\u00e4vaikutus on, ett\u00e4 asiakas kokee ylivoimaisen rentoutumisen tunteen ja tietyiss\u00e4 tapauksissa koko kehon tunteen. Jotkut asiakkaat sanovat, ett\u00e4 he tuntevat olevansa liukumassa, toiset jopa sanovat tuntevansa olevansa kehonsa ulkopuolella. Monet ihmiset raportoivat n\u00e4kyist\u00e4, jotka kest\u00e4v\u00e4t pidemp\u00e4\u00e4n kuin ketamiinin masennuksen nukahtavat vaikutukset. Hienoin verkkokauppa, voit ostaa Jwh 122 verkosta, ostaa Jwh 018 verkosta, ostaa Nembutalia verkosta, ostaa ketamiinia verkosta, ostaa Nembutal-natriumpentobarbitaalia, ostaa TUSSIONEX ysk\u00e4siirappia verkosta, ostaa Actimmune verkosta, ostaa Cinryze verkosta, ostaa crack-kokaiinia verkosta, Osta kokaiinia verkosta, osta heroiinia verkosta, osta LSD verkosta, osta LSD-tabletteja verkosta, osta Roxicodone verkosta, osta fenatsepaamia, osta MDPV verkosta, osta A-PVP-kiteit\u00e4, osta JWH-200, osta Dilaudid verkosta, osta Adderall verkosta, osta Oxycontin, Osta Xanax verkosta, osta Vicodin verkosta, osta mefedroni verkosta, osta puhdasta kristallimetaani verkosta, osta fentanyyli verkosta    <\/p>\n<h2>Ketamiinipillereit\u00e4 myynniss\u00e4<\/h2>\n<p> Suuremmilla annoksilla voi olla dramaattisempia vaikutuksia, kun k\u00e4ytt\u00e4j\u00e4t ilmoittavat t\u00e4ydellisen ja merkitt\u00e4v\u00e4n irtautumisesta kehostaan. Vaikutukset ovat samankaltaisia \u200b\u200bkuin ihmiset, jotka ovat olleet l\u00e4hell\u00e4 kuolemaa, ja ne, jotka ovat n\u00e4hneet &#8221;K-gap&#8221;-ketamiinin ahdistuksen vuoksi.  &nbsp;<\/p>\n<h2>Osta ketamiinijauhetta verkosta<\/h2>\n<p> Tietenkin ketamiinijauheeseen (Ketalar) on reaktioita, ja n\u00e4ill\u00e4 reaktioilla voi olla suuri vaikutus. V\u00e4litt\u00f6m\u00e4t reaktiot voivat johtaa kauheisiin henkisiin poikkeamiin. Sama koskee jokaista psykotrooppista l\u00e4\u00e4kett\u00e4. Siksi henkisest\u00e4 matkasta nauttiminen riippuu asiakkaan n\u00e4k\u00f6kulmasta. Joten kun asiakas yritt\u00e4\u00e4 voittaa toivottomuuden. T\u00e4m\u00e4n seurauksena fantasiat ovat todenn\u00e4k\u00f6isesti ep\u00e4miellytt\u00e4vi\u00e4. Jauhemainen ketamiini (Ketalar)       &nbsp;<\/p>\n<h2>Mist\u00e4 ostaa ketamiinia<\/h2>\n<p> L\u00e4\u00e4kkeen rauhoittavien ominaisuuksien vuoksi sekavuus ja yleinen avuttomuus ovat yleisesti raportoituja sivuvaikutuksia. Ketamiini-injektio aiheuttaa uneliaisuutta, nostaa sykett\u00e4 ja lis\u00e4\u00e4 verenkiertoa.  &nbsp;<\/p>\n<h2>Osta ketamiinijauhetta verkosta<\/h2>\n<p> Ketamiinijauheesta (Ketalar) saatu lyhytik\u00e4inen huippu kest\u00e4\u00e4 noin 60 minuuttia. Se alkaa noin 2\u20135 minuuttia sen j\u00e4lkeen, kun tupakoitsija tai nielej\u00e4 on lopettanut tarjoilun. Ketamiinivoiteen ostaminen verkosta tapahtuu noin 30 sekuntia infuusion j\u00e4lkeen, mik\u00e4 on laillinen ketamiinin osto.   &nbsp;<\/p>\n<h2>Osta nestem\u00e4ist\u00e4 ketamiinia<\/h2>\n<p> Ketamiini (Ketalar) -jauhe suurina annoksina voi aiheuttaa niin sanotun &#8221;K-aukon&#8221;, joka voi sis\u00e4lt\u00e4\u00e4 h\u00e4iritsevi\u00e4 visuaalisia ja kuuloisia visualisointeja sek\u00e4 vakavaa derealisaatiota ja h\u00e4mm\u00e4stytt\u00e4v\u00e4\u00e4 irtautumista todellisuudesta. &nbsp;<\/p>\n<h2>Kuinka ostaa ketamiinia verkosta<\/h2>\n<p> Ketamiinijauheen (Ketalar) k\u00e4ytt\u00e4j\u00e4t voivat my\u00f6s kokea melko levoton tunne, joka voi olla viel\u00e4 vakavampi. Jos t\u00e4m\u00e4 aiheuttaa oksentelua, se voi olla eritt\u00e4in vaarallista, koska t\u00e4m\u00e4 on yleist\u00e4 niill\u00e4, jotka kokevat erillisen sotkun. T\u00e4m\u00e4 luo mahdollisuuden p\u00e4\u00e4ty\u00e4 makuupy\u00f6r\u00e4\u00e4n, mik\u00e4 aiheuttaa todellisen tukehtumisvaaran. Jos mahdollista, aseta h\u00e4net kyljelleen tai toipumisasentoon (Ketalar-jauhe) est\u00e4\u00e4ksesi t\u00e4m\u00e4n. Saadaksesi ensiapua, soita 911 mahdollisimman pian.     <strong>Tied\u00e4tk\u00f6 mist\u00e4 ostaa ketamiinia?<\/strong> Metyloni myyt\u00e4v\u00e4n\u00e4, ketamiinin katuarvo, ketamiinin annostus, ketamiinin valmistus, mist\u00e4 saa ketamiinia netist\u00e4, mist\u00e4 ketamiinia, mik\u00e4 on ketamiini ja laadukas ketamiini myynniss\u00e4. Voimme tarjota ratkaisuja kaikkiin n\u00e4ihin ratkaisemattomiin kysymyksiin. Voit oppia lis\u00e4\u00e4 siit\u00e4, mist\u00e4 ja kuinka ostaa ketamiinia verkossa, selaamalla verkkosivustoamme. Ketamiini, ent\u00e4 se? Tied\u00e4tk\u00f6 mist\u00e4 voin ostaa ketamiinia netist\u00e4? Osta puhdasta ketamiinia verkosta, mist\u00e4 voin ostaa puhdasta ketamiinia verkosta, kuinka tehd\u00e4 ketamiinia, milt\u00e4 ketamiini n\u00e4ytt\u00e4\u00e4, kuinka paljon ketamiini maksaa kadulla, mist\u00e4 voin ostaa puhdasta ketamiinia? On t\u00e4ysin ymm\u00e4rrett\u00e4v\u00e4\u00e4, ett\u00e4 ihmiset eiv\u00e4t heti hyv\u00e4ksy verkossa myyt\u00e4v\u00e4n ketamiinin laatua, koska he eiv\u00e4t voi n\u00e4hd\u00e4 sit\u00e4 henkil\u00f6kohtaisesti. Asiat ovat kuitenkin erilaisia \u200b\u200bketamiinin Internet-palveluntarjoajien suhteen. T\u00e4\u00e4ll\u00e4 tarjotut tuotteet kuvaavat tarkasti, mit\u00e4 ne ovat, ja ensiluokkainen huolto suoritetaan ammattimaisessa valvonnassa. Nopea &amp;amp; Huomaamaton toimitus: Kun tilaus on vastaanotettu, ketamiini toimitetaan verkkoon niin pian kuin on ilmoitettu. Toimitustiimi tekee kaikkensa varmistaakseen, ett\u00e4 l\u00e4hetys- ja toimitusprosessi on nopea ja helppo. Kun ostat ketamiinia hyv\u00e4maineiselta myyj\u00e4lt\u00e4 verkkosivuston kautta, voit my\u00f6s luottaa ensiluokkaiseen palveluun.            &nbsp;<\/p>\n","protected":false},"excerpt":{"rendered":"<p>Ketamiinin on osoitettu olevan tehokas masennuksen hoidossa kaksisuuntaisella mielialalla potilailla, jotka eiv\u00e4t ole reagoineet masennusl\u00e4\u00e4kkeisiin. &nbsp;<\/p>\n","protected":false},"featured_media":18109,"comment_status":"closed","ping_status":"closed","template":"","meta":{"om_disable_all_campaigns":false,"_sitemap_exclude":false,"_sitemap_priority":"","_sitemap_frequency":"","_monsterinsights_skip_tracking":false,"_monsterinsights_sitenote_active":false,"_monsterinsights_sitenote_note":"","_monsterinsights_sitenote_category":0},"product_cat":[17206],"product_tag":[17953,17948,17946,17954,17944,17942,17947,17939,17938,17951,17955,17950,17949,17952,17940,17937,17945,17934,17936,17941,17943,17935],"class_list":{"0":"post-28072","1":"product","2":"type-product","3":"status-publish","4":"has-post-thumbnail","6":"product_cat-tutkimuskemikaalit-ja-psykedeelit","7":"product_tag-aito-ketamiini-eurooppa","8":"product_tag-halpa-ketamiini-eurooppa","9":"product_tag-ketamiini-euroopan-myynti","10":"product_tag-ketamiini-euroopan-toimittajat","11":"product_tag-ketamiini-ilmainen-toimitus-eurooppaan","12":"product_tag-ketamiini-paras-hinta-euroopassa","13":"product_tag-ketamiini-verkkokauppa-eurooppa","14":"product_tag-ketamiinin-myynti-verkossa","15":"product_tag-ketamiinin-vaikutukset","16":"product_tag-ketamine-europe-alennus","17":"product_tag-ketamine-europe-arvostelu","18":"product_tag-ketamine-europe-kauppa","19":"product_tag-ketamine-europe-tarjoukset","20":"product_tag-ketamine-europe-toimitus","21":"product_tag-kuinka-paljon-ketamiini-on","22":"product_tag-mista-ostaa-ketamiinia-verkossa","23":"product_tag-mista-ostaa-ketamine-europe","24":"product_tag-osta-ketamiinia","25":"product_tag-osta-ketamiinia-netista","26":"product_tag-osta-ketamiinia-verkossa-euroopassa","27":"product_tag-tilaa-ketamiini-eu","28":"product_tag-tilaa-ketamiini-verkosta","30":"first","31":"instock","32":"shipping-taxable","33":"purchasable","34":"product-type-variable","35":"farmacie-col"},"aioseo_notices":[],"_links":{"self":[{"href":"https:\/\/lacasadelamedicina.es\/fi\/wp-json\/wp\/v2\/product\/28072"}],"collection":[{"href":"https:\/\/lacasadelamedicina.es\/fi\/wp-json\/wp\/v2\/product"}],"about":[{"href":"https:\/\/lacasadelamedicina.es\/fi\/wp-json\/wp\/v2\/types\/product"}],"replies":[{"embeddable":true,"href":"https:\/\/lacasadelamedicina.es\/fi\/wp-json\/wp\/v2\/comments?post=28072"}],"wp:featuredmedia":[{"embeddable":true,"href":"https:\/\/lacasadelamedicina.es\/fi\/wp-json\/wp\/v2\/media\/18109"}],"wp:attachment":[{"href":"https:\/\/lacasadelamedicina.es\/fi\/wp-json\/wp\/v2\/media?parent=28072"}],"wp:term":[{"taxonomy":"product_cat","embeddable":true,"href":"https:\/\/lacasadelamedicina.es\/fi\/wp-json\/wp\/v2\/product_cat?post=28072"},{"taxonomy":"product_tag","embeddable":true,"href":"https:\/\/lacasadelamedicina.es\/fi\/wp-json\/wp\/v2\/product_tag?post=28072"}],"curies":[{"name":"wp","href":"https:\/\/api.w.org\/{rel}","templated":true}]}}