{"id":28066,"date":"2024-08-09T14:02:03","date_gmt":"2024-08-09T14:02:03","guid":{"rendered":"https:\/\/lacasadelamedicina.es\/product\/osta-efedriinijauhetta-verkosta\/"},"modified":"2024-08-09T14:02:03","modified_gmt":"2024-08-09T14:02:03","slug":"osta-efedriinijauhetta-verkosta","status":"publish","type":"product","link":"https:\/\/lacasadelamedicina.es\/fi\/tuote\/osta-efedriinijauhetta-verkosta\/","title":{"rendered":"Osta efedriinijauhetta verkosta"},"content":{"rendered":"<h3>Osta efedriinijauhetta verkosta.<\/h3>\n<p> Verkkokaupat, jotka myyv\u00e4t efedriinijauhetta. Efedriinijauhe on luonnossa esiintyv\u00e4 keskushermostoa stimuloiva aine, ja se on per\u00e4isin Ephedra Equisetina -kasvista. Yhdysvalloissa on mahdollista saada efedriinijauhetta ilman resepti\u00e4 hengitysvaikeuksien hoitoon. Koska on olemassa turvallisempia vaihtoehtoja, harkitse efedriinijauheen ostamista verkosta. Efedriinijauhe on keuhkoputkia laajentava ja dekongestantti. Se helpottaa hengityst\u00e4 v\u00e4hent\u00e4m\u00e4ll\u00e4 turvotusta, supistamalla verisuonia nen\u00e4k\u00e4yt\u00e4viss\u00e4 ja laajentamalla hengitysteit\u00e4 keuhkoissa. OTA YHTEYTT\u00c4 &#8211; Osta efedriinijauhe verkosta <a href=\"https:\/\/drlawsonspharmacy\/contact-us\/\">Ota yhteytt\u00e4<\/a> Efedriinijauhe on luonnossa esiintyv\u00e4 keskushermostoa stimuloiva aine, joka on johdettu Ephedra equisetina -kasvista. Sen suolaa, efedriinisulfaattia, tuotetaan my\u00f6s t\u00e4ll\u00e4 hetkell\u00e4 kemiallisesti; sit\u00e4 esiintyy luonnossa valkoisena, kiteisen\u00e4 jauheena, jolla on karvas maku ja joka liukenee veteen ja liukenee hyvin alkoholiin. Synteettist\u00e4 tuotetta markkinoidaan t\u00e4ss\u00e4 muodossa. Vaikka efedriini on rakenteeltaan hyvin samanlainen kuin metamfetamiini, sill\u00e4 on huomattavasti v\u00e4hemm\u00e4n voimakkaita ja pidemp\u00e4\u00e4n kest\u00e4vi\u00e4 keskushermostovaikutuksia kuin amfetamiinilla. Sen perifeeriset stimuloivat vaikutukset ovat verrattavissa kehon lis\u00e4munuaisten tuottamaan epinefriinihormoniin (tunnetaan yleisesti adrenaliinina), mutta ne ovat v\u00e4hemm\u00e4n tehokkaita. <strong>tilaa efedriinijauhetta verkosta<\/strong> Efedriinijauhetta k\u00e4ytet\u00e4\u00e4n lievitt\u00e4m\u00e4\u00e4n lievempien astmakohtausten oireita ja v\u00e4hent\u00e4m\u00e4\u00e4n akuuttien kohtausten riski\u00e4 kroonisen astman hoidossa, koska se on suhteellisen tehokas rentouttava keuhkoputkien lihaksia. Aikuiset ottavat usein tabletteja 30-60 mg:n annoksena suun kautta kolmesta nelj\u00e4\u00e4n kertaa p\u00e4iv\u00e4ss\u00e4. Efedriini-nen\u00e4tippoja k\u00e4ytet\u00e4\u00e4n yleisesti my\u00f6s ylempien hengitysteiden sairauksien hoitoon, jotka aiheuttavat nen\u00e4n tukkoisuutta. Sit\u00e4 voidaan k\u00e4ytt\u00e4\u00e4 my\u00f6s matalan verenpaineen hoitoon.              <strong>tilaa efedriinijauhetta verkosta<\/strong><\/p>\n<h3>Tied\u00e4tk\u00f6 mist\u00e4 saan efedriini\u00e4 jauheena?<\/h3>\n<p> Myyt\u00e4v\u00e4n\u00e4 efedriinijauhe, efedriinijauheen katuarvo, efedriinijauheen annostus, mist\u00e4 voin ostaa efedriinijauhetta verkosta, mist\u00e4 ostaa efedriinijauhetta, mik\u00e4 on efedriinijauhetta ja korkealaatuista efedriinijauhetta myynniss\u00e4. Voimme tarjota ratkaisut kaikkiin n\u00e4ihin ratkaisemattomiin kysymyksiin. Voit oppia lis\u00e4\u00e4 siit\u00e4, mist\u00e4 ja miten ostaa efedriinijauhetta verkossa, selaamalla verkkosivustoamme. Miten efedriinijauhe toimii? Tied\u00e4tk\u00f6 mist\u00e4 voin ostaa efedriinijauhetta verkosta? Osta puhdasta efedriinijauhetta verkosta, mist\u00e4 voin ostaa efedriinijauhetta verkosta, kuinka tehd\u00e4 efedriinijauhetta, milt\u00e4 efedriinijauhe n\u00e4ytt\u00e4\u00e4, kuinka paljon efedriinijauhe maksaa kadulla, mist\u00e4 voin ostaa efedriinijauhetta. <strong>tilaa efedriinijauhetta verkosta<\/strong> On t\u00e4ysin ymm\u00e4rrett\u00e4v\u00e4\u00e4, ett\u00e4 ihmiset eiv\u00e4t heti luota verkossa myyt\u00e4v\u00e4n efedriinijauheen laatuun, koska he eiv\u00e4t voi tarkistaa sit\u00e4 henkil\u00f6kohtaisesti. T\u00e4m\u00e4 ei kuitenkaan p\u00e4de efedriinijauheen Internet-toimittajiin. T\u00e4\u00e4ll\u00e4 tarjotut tuotteet ovat tarkkoja esityksi\u00e4 siit\u00e4, mit\u00e4 ne ovat, ja huippuluokan huolto ammattilaisen valvonnassa. Nopea &amp; Huomaamaton toimitus: Kun tilaus on vastaanotettu, efedriinijauhe toimitetaan verkossa m\u00e4\u00e4ritetyn ajan kuluessa. Toimitustiimi pyrkii tekem\u00e4\u00e4n l\u00e4hetys- ja toimitusprosessista nopeaa ja helppoa. Kun ostat efedriinijauhetta hyv\u00e4maineelta myyj\u00e4lt\u00e4 Internet-alustalla, voit my\u00f6s odottaa saavasi huippuluokan palveluita.           &nbsp;<\/p>\n","protected":false},"excerpt":{"rendered":"<p>Efedriinijauhe on luonnossa esiintyv\u00e4 keskushermostoa stimuloiva aine, joka on johdettu Ephedra equisetina -kasvista. Nyky\u00e4\u00e4n sit\u00e4 valmistetaan my\u00f6s kemiallisesti, synteettinen aine myyd\u00e4\u00e4n suolana.  &nbsp;<\/p>\n","protected":false},"featured_media":18094,"comment_status":"closed","ping_status":"closed","template":"","meta":{"om_disable_all_campaigns":false,"_sitemap_exclude":false,"_sitemap_priority":"","_sitemap_frequency":"","_monsterinsights_skip_tracking":false,"_monsterinsights_sitenote_active":false,"_monsterinsights_sitenote_note":"","_monsterinsights_sitenote_category":0},"product_cat":[17206],"product_tag":[17931,17926,17920,17925,17922,17917,17916,17929,17933,17928,17924,17927,17932,17930,17918,17915,17923,17914,17919,17912,17913,17921],"class_list":{"0":"post-28066","1":"product","2":"type-product","3":"status-publish","4":"has-post-thumbnail","6":"product_cat-tutkimuskemikaalit-ja-psykedeelit","7":"product_tag-aito-efedriinijauhe-euroopassa","8":"product_tag-edullinen-efedriinijauhe-euroopassa","9":"product_tag-efedriinijauhe-paras-hinta-euroopassa","10":"product_tag-efedriinijauhe-verkkokauppa-eurooppa","11":"product_tag-efedriinijauheen-ilmainen-toimitus-eurooppaan","12":"product_tag-efedriinijauheen-myynti-verkossa","13":"product_tag-efedriinijauheen-vaikutukset","14":"product_tag-ephedrine-powder-europe-alennus","15":"product_tag-ephedrine-powder-europe-arvostelu","16":"product_tag-ephedrine-powder-europe-kauppa","17":"product_tag-ephedrine-powder-europe-myynti","18":"product_tag-ephedrine-powder-europe-tarjoukset","19":"product_tag-ephedrine-powder-europe-toimittajat","20":"product_tag-ephedrine-powder-europe-toimitus","21":"product_tag-kuinka-paljon-efedriinijauhe-on","22":"product_tag-mista-ostaa-efedriinijauhetta-verkossa","23":"product_tag-mista-ostaa-ephedrine-powder-europe","24":"product_tag-osta-efedriinijauhetta-verkosta","25":"product_tag-osta-efedriinijauhetta-verkosta-euroopassa","26":"product_tag-ostaa-efedriinijauhetta","27":"product_tag-tilaa-efedriinijauhetta-verkosta","28":"product_tag-tilaa-ephedrine-powder-eu","30":"first","31":"instock","32":"shipping-taxable","33":"purchasable","34":"product-type-variable","35":"farmacie-col"},"aioseo_notices":[],"_links":{"self":[{"href":"https:\/\/lacasadelamedicina.es\/fi\/wp-json\/wp\/v2\/product\/28066"}],"collection":[{"href":"https:\/\/lacasadelamedicina.es\/fi\/wp-json\/wp\/v2\/product"}],"about":[{"href":"https:\/\/lacasadelamedicina.es\/fi\/wp-json\/wp\/v2\/types\/product"}],"replies":[{"embeddable":true,"href":"https:\/\/lacasadelamedicina.es\/fi\/wp-json\/wp\/v2\/comments?post=28066"}],"wp:featuredmedia":[{"embeddable":true,"href":"https:\/\/lacasadelamedicina.es\/fi\/wp-json\/wp\/v2\/media\/18094"}],"wp:attachment":[{"href":"https:\/\/lacasadelamedicina.es\/fi\/wp-json\/wp\/v2\/media?parent=28066"}],"wp:term":[{"taxonomy":"product_cat","embeddable":true,"href":"https:\/\/lacasadelamedicina.es\/fi\/wp-json\/wp\/v2\/product_cat?post=28066"},{"taxonomy":"product_tag","embeddable":true,"href":"https:\/\/lacasadelamedicina.es\/fi\/wp-json\/wp\/v2\/product_tag?post=28066"}],"curies":[{"name":"wp","href":"https:\/\/api.w.org\/{rel}","templated":true}]}}