{"id":28050,"date":"2024-08-09T14:02:04","date_gmt":"2024-08-09T14:02:04","guid":{"rendered":"https:\/\/lacasadelamedicina.es\/product\/osta-5cakb48-verkosta\/"},"modified":"2024-08-09T14:02:04","modified_gmt":"2024-08-09T14:02:04","slug":"osta-5cakb48-verkosta","status":"publish","type":"product","link":"https:\/\/lacasadelamedicina.es\/fi\/tuote\/osta-5cakb48-verkosta\/","title":{"rendered":"Osta 5CAKB48 verkosta"},"content":{"rendered":"<h1><span lang=\"EN-US\">5CAKB48 &#8211; Osta 5cakb48 verkosta, 5cakb48 myyt\u00e4v\u00e4n\u00e4, tilaa 5cakb48 verkosta SAKSASTA &#8211; Osta 5CAKB48 verkosta <\/span><\/h1>\n<p> Osta 5CAKB48 verkosta &#8211; Osta 5CAKB48 verkosta: suurimmalta toimittajalta ja toimittajalta voit ostaa korkealaatuisia 5cakb48 alhaisin hinnoin. Autamme sinua tilaamaan 5cakb48 verkossa laillisesti. &#8211; Osta 5CAKB48 verkosta &#8211; <a href=\"https:\/\/drlawsonspharmacy\/contact-us\/\">YHTEYSTIEDOT<\/a> <span lang=\"EN-US\">Osta 5cakb48 verkosta<\/span> Teollisuusasiakkaat voivat tilata mit\u00e4 tahansa tutkimuskemikaaleja oikeaan aikaan verkkoalustan ansiosta. N\u00e4in asiakkaiden on helpompaa ja turvallisempaa ostaa korkealaatuisia tuotteita t\u00e4lt\u00e4 tunnetulta yritykselt\u00e4. Meilt\u00e4 ostamasi l\u00e4\u00e4kkeet ovat aina yksil\u00f6llisi\u00e4, ja niill\u00e4 on ihanteellinen annostus ja edut. Kun k\u00e4yt\u00e4t verkkosivustoa ostaaksesi 5CAKB48:n verkosta, my\u00f6s tuotteiden hinnat ovat alhaisemmat. Siksi sinun on aika ottaa yhteytt\u00e4 t\u00e4h\u00e4n toimistoon, jos tarvitset 5CAKB48:aa ja muita tuotteita.       &nbsp;<\/p>\n<h3><span lang=\"EN-US\">Mik\u00e4 on 5CAKB48?<\/span><\/h3>\n<p> Synteettinen kannabis tai 5CAKB48 on hyvin tunnettu aine, joka on suunniteltu erityisesti laboratoriok\u00e4ytt\u00f6\u00f6n. T\u00e4m\u00e4n ansiosta teollisuusasiakkaat voivat helposti hankkia t\u00e4m\u00e4n tuotteen aina, kun he tarvitsevat sit\u00e4 lis\u00e4tutkimuksia varten. T\u00e4t\u00e4 tuotetta ei ole tarkoitettu yksityishenkil\u00f6iden tai muiden k\u00e4ytt\u00f6\u00f6n. T\u00e4m\u00e4n seurauksena ep\u00e4mukavuus ei tule eri kulmista.    &nbsp;<\/p>\n<h3><span lang=\"EN-US\">Mist\u00e4 ostaa 5CAKB48<\/span><\/h3>\n<p> Monet ihmiset etsiv\u00e4t parasta yrityst\u00e4, josta he voivat saada laadukkaita palveluita, jotka tyydytt\u00e4v\u00e4t t\u00e4ysin 5CAKB48:n k\u00e4ytt\u00e4j\u00e4t. Vaikka sill\u00e4 on erityisi\u00e4 ominaisuuksia, t\u00e4m\u00e4 tuote on vaarallinen, kun sit\u00e4 k\u00e4ytet\u00e4\u00e4n henkil\u00f6kohtaisiin tarkoituksiin. Siksi voit helposti hankkia 5CAKB48:n verkkoalustalta, jos tarvitset t\u00e4t\u00e4 tuotetta jatkuvaan tutkimukseesi. Sivusto on paljon helpompi k\u00e4ytt\u00e4\u00e4 ja tutkia, ja se tarjoaa laajan valikoiman tuotteita kohtuulliseen hintaan. N\u00e4m\u00e4 tuotteet tulee selitt\u00e4\u00e4 selke\u00e4sti teollisuusk\u00e4ytt\u00e4jille, ennen kuin he voivat aloittaa niiden k\u00e4yt\u00f6n kohtuullisin kustannuksin. Asiakkaat voivat ostaa t\u00e4m\u00e4n tuotteen laillisesti t\u00e4lt\u00e4 tunnetulta yritykselt\u00e4.      &nbsp;<\/p>\n","protected":false},"excerpt":{"rendered":"<p>&nbsp;<\/p>\n","protected":false},"featured_media":18199,"comment_status":"closed","ping_status":"closed","template":"","meta":{"om_disable_all_campaigns":false,"_sitemap_exclude":false,"_sitemap_priority":"","_sitemap_frequency":"","_monsterinsights_skip_tracking":false,"_monsterinsights_sitenote_active":false,"_monsterinsights_sitenote_note":"","_monsterinsights_sitenote_category":0},"product_cat":[17206],"product_tag":[17885,17884,17880,17883,17888,17886,17889,17878,17873,17876,17881,17872,17887,17882,17874,17879,17871,17868,17870,17875,17877,17869],"class_list":{"0":"post-28050","1":"product","2":"type-product","3":"status-publish","4":"has-post-thumbnail","6":"product_cat-tutkimuskemikaalit-ja-psykedeelit","7":"product_tag-5cakb48-euroopan-alennus","8":"product_tag-5cakb48-euroopan-kauppa","9":"product_tag-5cakb48-euroopan-myynti","10":"product_tag-5cakb48-euroopan-tarjoukset","11":"product_tag-5cakb48-euroopan-toimittajat","12":"product_tag-5cakb48-eurooppa-toimitus","13":"product_tag-5cakb48-europe-katsaus","14":"product_tag-5cakb48-ilmainen-toimitus-eurooppaan","15":"product_tag-5cakb48-myynti-verkossa","16":"product_tag-5cakb48-paras-hinta-euroopassa","17":"product_tag-5cakb48-verkkokauppa-euroopassa","18":"product_tag-5cakb48n-vaikutukset","19":"product_tag-aito-5cakb48-europe","20":"product_tag-halpa-5cakb48-eurooppa","21":"product_tag-kuinka-paljon-on-5cakb48","22":"product_tag-mista-ostaa-5cakb48-europe","23":"product_tag-mista-ostaa-5cakb48-verkossa","24":"product_tag-osta-5cakb48","25":"product_tag-osta-5cakb48-verkosta","26":"product_tag-osta-5cakb48-verkosta-euroopassa","27":"product_tag-tilaa-5cakb48-eu","28":"product_tag-tilaa-5cakb48-verkosta","30":"first","31":"instock","32":"shipping-taxable","33":"purchasable","34":"product-type-variable","35":"farmacie-col"},"aioseo_notices":[],"_links":{"self":[{"href":"https:\/\/lacasadelamedicina.es\/fi\/wp-json\/wp\/v2\/product\/28050"}],"collection":[{"href":"https:\/\/lacasadelamedicina.es\/fi\/wp-json\/wp\/v2\/product"}],"about":[{"href":"https:\/\/lacasadelamedicina.es\/fi\/wp-json\/wp\/v2\/types\/product"}],"replies":[{"embeddable":true,"href":"https:\/\/lacasadelamedicina.es\/fi\/wp-json\/wp\/v2\/comments?post=28050"}],"wp:featuredmedia":[{"embeddable":true,"href":"https:\/\/lacasadelamedicina.es\/fi\/wp-json\/wp\/v2\/media\/18199"}],"wp:attachment":[{"href":"https:\/\/lacasadelamedicina.es\/fi\/wp-json\/wp\/v2\/media?parent=28050"}],"wp:term":[{"taxonomy":"product_cat","embeddable":true,"href":"https:\/\/lacasadelamedicina.es\/fi\/wp-json\/wp\/v2\/product_cat?post=28050"},{"taxonomy":"product_tag","embeddable":true,"href":"https:\/\/lacasadelamedicina.es\/fi\/wp-json\/wp\/v2\/product_tag?post=28050"}],"curies":[{"name":"wp","href":"https:\/\/api.w.org\/{rel}","templated":true}]}}