{"id":28044,"date":"2024-08-09T14:02:04","date_gmt":"2024-08-09T14:02:04","guid":{"rendered":"https:\/\/lacasadelamedicina.es\/product\/osta-2-fdck-jauhetta-ja-kristallia-verkosta\/"},"modified":"2024-08-09T14:02:04","modified_gmt":"2024-08-09T14:02:04","slug":"osta-2-fdck-jauhetta-ja-kristallia-verkosta","status":"publish","type":"product","link":"https:\/\/lacasadelamedicina.es\/fi\/tuote\/osta-2-fdck-jauhetta-ja-kristallia-verkosta\/","title":{"rendered":"Osta 2-FDCK-jauhetta ja kristallia verkosta"},"content":{"rendered":"<h3><strong>2FDCK myyt\u00e4v\u00e4n\u00e4 &#8211; Osta 2-fdck verkosta, tilaa 2-fdck kristallijauhe verkosta<\/strong><\/h3>\n<p><strong>Osta 2-FDCK jauhetta ja kristallia verkosta<\/strong> \u2013 Osta 2FDCK verkosta \u2013 Tarjoamme premium 2-fdck:n myyntiin kannabisverkkokaupassamme. Ostamalla 2-FDCK-kiteen ja jauheen verkosta saat tuotteesi nopeasti toimitettua. Osta 2-FDCK-jauhetta ja -kiteit\u00e4 verkosta Farmaseuttiset kemikaalit, kuten 2FDCK, ovat t\u00e4rkeimpi\u00e4 ainetyyppej\u00e4, ja niill\u00e4 on nyt suuri kysynt\u00e4. Se kuuluu aryylisyloheksyyliamiinien luokkaan dissosiatiivisten l\u00e4\u00e4kkeiden joukossa. Sen sanotaan muistuttavan PCP-perhett\u00e4 monella tapaa. Jos haluat ostaa 2-fdck verkosta, sinun on valittava sopiva verkkosivusto tehd\u00e4ksesi tilauksen v\u00e4litt\u00f6m\u00e4ll\u00e4 alennuksella. Se on perustettu vuonna 2015, ja voit aina tehd\u00e4 tilauksen luotettavimmalta verkkosivustolta verkossa jatkuvilla myynneill\u00e4 ja alennuksilla. Ketamiinia sis\u00e4lt\u00e4v\u00e4n aryylisykloheksyyliamiiniryhm\u00e4n kemialliset ominaisuudet ovat samat.        &nbsp;<\/p>\n<h3><strong>Osta 2-FDCK-jauhetta ja kristallia verkosta &#8211; mik\u00e4 on 2FDCK?<\/strong><\/h3>\n<p> L\u00e4\u00e4ketieteess\u00e4 tunnetaan nimell\u00e4 2&#8242;-Fl-2-Oxo-PCM, fluoroketamiini, 2FDCK on kemiallinen yhdiste, joka liittyy ketamiiniin. Sit\u00e4 on usein raportoitu k\u00e4ytett\u00e4v\u00e4n design-huumeena useissa maissa. Se on ketamiinivastine, jossa fluori ottaa kest\u00e4vien aineiden roolin. Viimeisimpien tietojen mukaan aineen farmakologiset yksityiskohdat ovat tuntemattomia, mik\u00e4 tarjoaa kilpailuetua. T\u00e4m\u00e4 aine lievitt\u00e4\u00e4 dissosiatiivisia oireita, kipua ja muita negatiivisia tunteita. Voit k\u00e4ytt\u00e4\u00e4 sit\u00e4 helposti ja mukavasti, ja sill\u00e4 on parempi vaikutus vartaloon. Olemme sitoutuneet tuomaan korkealaatuisia tuotteita markkinoille, ja kuluttaja voi saada 2-fdck-kidejauhetta verkosta USA:ssa v\u00e4litt\u00f6m\u00e4ll\u00e4 alennuksella. Se kasvattaa liikennett\u00e4, koska sit\u00e4 k\u00e4ytet\u00e4\u00e4n erilaisiin ihmisten l\u00e4\u00e4ketieteellisiin tarpeisiin.        &nbsp;<\/p>\n<h3><strong>Miksi sinun pit\u00e4isi ostaa 2FDCK meilt\u00e4?<\/strong><\/h3>\n<p> Olemme ihanteellinen verkkosivusto luonnonl\u00e4\u00e4kkeiden ostamiseen, koska meill\u00e4 on vuosien kokemus laajan tuotevalikoiman tarjoamisesta ainutlaatuisilla alennuksilla. Tekem\u00e4ll\u00e4 tilauksen matkapuhelimellasi, voit ostaa 2-FDCK. Toimitamme 1 g, 5 g, 25 g ja 50 g eriss\u00e4, joten sinun on helpompi hankkia juuri tarvitsemasi ja s\u00e4\u00e4st\u00e4\u00e4 rahaa.   <\/p>\n<ul>\n<li>Tarjoamme 24 \u00d7 7 tunnin tukea<\/li>\n<li>Toimitamme aidon tuotteen<\/li>\n<li>100 % turvallisempi pakkaus<\/li>\n<\/ul>\n<p>&nbsp;<\/p>\n<h3>Osta 2-FDCK-jauhetta &amp;amp; Crystal Online &#8211; Kuinka k\u00e4ytt\u00e4\u00e4 2-FDCK:t\u00e4?<\/h3>\n<p> Se antaa energiaa, pehment\u00e4\u00e4 huumeiden vaikutuksia ja puhdistaa mielt\u00e4. SFDCK haluaa saada upean kokemuksen ja l\u00f6yt\u00e4\u00e4 l\u00e4\u00e4kkeest\u00e4 euforisemman. N\u00e4m\u00e4 l\u00e4\u00e4kkeet mahdollistavat nielemisen samalla kun otat dissosiatiivisemman 2-FDCK:n. Lis\u00e4ksi se on taatusti v\u00e4hemm\u00e4n stimuloitunut muihin menetelmiin verrattuna. Sinun on odotettava 2FDCK for Sale -hintaa ostaaksesi t\u00e4llaisia \u200b\u200btuotteita verkosta, jolloin s\u00e4\u00e4st\u00e4t suurimman osan tapahtumamaksusta.     &nbsp;<\/p>\n","protected":false},"excerpt":{"rendered":"<p>&nbsp;<\/p>\n","protected":false},"featured_media":18184,"comment_status":"closed","ping_status":"closed","template":"","meta":{"om_disable_all_campaigns":false,"_sitemap_exclude":false,"_sitemap_priority":"","_sitemap_frequency":"","_monsterinsights_skip_tracking":false,"_monsterinsights_sitenote_active":false,"_monsterinsights_sitenote_note":"","_monsterinsights_sitenote_category":0},"product_cat":[17206],"product_tag":[17861,17858,17867,17863,17856,17854,17864,17859,17862,17851,17866,17850,17865,17860,17852,17857,17848,17846,17847,17853,17855,17849],"class_list":{"0":"post-28044","1":"product","2":"type-product","3":"status-publish","4":"has-post-thumbnail","6":"product_cat-tutkimuskemikaalit-ja-psykedeelit","7":"product_tag-2-fdck-jauhe-ja-kristalli-euroopassa","8":"product_tag-2-fdck-jauhe-ja-kristalli-euroopassa-myynti","9":"product_tag-2-fdck-jauhe-ja-kristalli-eurooppa-katsaus","10":"product_tag-2-fdck-jauhe-ja-kristalli-europe-alennus","11":"product_tag-2-fdck-jauhe-ja-kristalli-ilmainen-toimitus-eurooppaan","12":"product_tag-2-fdck-jauhe-ja-kristalli-paras-hinta-euroopassa","13":"product_tag-2-fdck-jauhe-ja-kristalli-toimitus-euroopassa","14":"product_tag-2-fdck-jauhe-ja-kristalli-verkkokauppa-euroopassa","15":"product_tag-2-fdck-jauhe-ja-kristallikauppa-euroopassa","16":"product_tag-2-fdck-jauhe-ja-kristallimyynti-verkossa","17":"product_tag-2-fdck-jauhe-ja-kristallitoimittajat-euroopassa","18":"product_tag-2-fdck-jauheen-ja-kristallin-vaikutukset","19":"product_tag-aito-2-fdck-jauhe-ja-kristalli-europe","20":"product_tag-edullinen-2-fdck-jauhe-ja-kristalli-eurooppa","21":"product_tag-kuinka-paljon-on-2-fdck-jauhe-ja-kristalli","22":"product_tag-mista-ostaa-2-fdck-jauhetta-ja-kristallia-euroopassa","23":"product_tag-mista-ostaa-2-fdck-jauhetta-ja-kristallia-verkossa","24":"product_tag-osta-2-fdck-jauhetta-ja-kristallia","25":"product_tag-osta-2-fdck-jauhetta-ja-kristallia-verkosta","26":"product_tag-osta-2-fdck-jauhetta-ja-kristallia-verkosta-euroopassa","27":"product_tag-tilaa-2-fdck-jauhe-ja-kristalli-eu","28":"product_tag-tilaa-2-fdck-jauhetta-ja-kristallia-verkosta","30":"first","31":"instock","32":"shipping-taxable","33":"purchasable","34":"product-type-variable","35":"farmacie-col"},"aioseo_notices":[],"_links":{"self":[{"href":"https:\/\/lacasadelamedicina.es\/fi\/wp-json\/wp\/v2\/product\/28044"}],"collection":[{"href":"https:\/\/lacasadelamedicina.es\/fi\/wp-json\/wp\/v2\/product"}],"about":[{"href":"https:\/\/lacasadelamedicina.es\/fi\/wp-json\/wp\/v2\/types\/product"}],"replies":[{"embeddable":true,"href":"https:\/\/lacasadelamedicina.es\/fi\/wp-json\/wp\/v2\/comments?post=28044"}],"wp:featuredmedia":[{"embeddable":true,"href":"https:\/\/lacasadelamedicina.es\/fi\/wp-json\/wp\/v2\/media\/18184"}],"wp:attachment":[{"href":"https:\/\/lacasadelamedicina.es\/fi\/wp-json\/wp\/v2\/media?parent=28044"}],"wp:term":[{"taxonomy":"product_cat","embeddable":true,"href":"https:\/\/lacasadelamedicina.es\/fi\/wp-json\/wp\/v2\/product_cat?post=28044"},{"taxonomy":"product_tag","embeddable":true,"href":"https:\/\/lacasadelamedicina.es\/fi\/wp-json\/wp\/v2\/product_tag?post=28044"}],"curies":[{"name":"wp","href":"https:\/\/api.w.org\/{rel}","templated":true}]}}