{"id":28039,"date":"2024-08-09T14:02:04","date_gmt":"2024-08-09T14:02:04","guid":{"rendered":"https:\/\/lacasadelamedicina.es\/product\/osta-methylone-verkosta\/"},"modified":"2024-08-09T14:02:04","modified_gmt":"2024-08-09T14:02:04","slug":"osta-methylone-verkosta","status":"publish","type":"product","link":"https:\/\/lacasadelamedicina.es\/fi\/tuote\/osta-methylone-verkosta\/","title":{"rendered":"Osta Methylone verkosta"},"content":{"rendered":"<h3>Methylone myyt\u00e4v\u00e4n\u00e4 verkossa.<\/h3>\n<p> Osta Methylone verkosta. Methylone (Bk-MDMA) verkossa halvalla &#8211; maailman l\u00e4\u00e4ke Isossa-Britanniassa, Euroopassa, Saksassa, Ven\u00e4j\u00e4ll\u00e4 ja Yhdysvalloissa myymme edullisia Bk-MDMA-jauheita ja -kiteit\u00e4, jotka ovat korkealaatuisia. Osta Methylone verkosta &#8211; <a href=\"https:\/\/drlawsonspharmacy\/contact-us\/\">OTTA YHTEYTT\u00c4<\/a> Kiteytetty etyloni BK-ebdp 4-CMC Clear 3-CMC Clear 4CMC Crystal Mephedrone 4mmc MDPV Methylone (bk-MDMA), joka tunnetaan my\u00f6s nimell\u00e4 Crystal 4- BMC. Metyloni on kemiallinen aine, jolla on rakenteeltaan ja vaikutukseltaan monia yht\u00e4l\u00e4isyyksi\u00e4 MDMA:n kanssa. Metyloni on stimulantti, jolla on liev\u00e4 psykedeelinen vaikutus. Sit\u00e4 kutsutaan tutkimuskemikaaliksi, koska se on suhteellisen uusi yhdiste. Varovaisuutta on noudatettava k\u00e4sitelt\u00e4ess\u00e4 metylonia, koska sit\u00e4 on v\u00e4h\u00e4n tutkittu ja sen pitk\u00e4aikaisista vaikutuksista tai riippuvuuden todenn\u00e4k\u00f6isyydest\u00e4 tiedet\u00e4\u00e4n vain v\u00e4h\u00e4n. Sit\u00e4 myyd\u00e4\u00e4n yleens\u00e4 jauheena, mutta joskus on saatavilla tabletteja. N\u00e4m\u00e4 tabletit voivat vaihdella kooltaan, v\u00e4rilt\u00e4\u00e4n ja vahvuudeltaan, aivan kuten XTC. First Trust Chemical myy Metylonia kolmessa eri muodossa: j\u00e4ttil\u00e4iskitein\u00e4 (suosituin tuotteemme), hienoina l\u00e4\u00e4kejauheina tai pienin\u00e4 kitein\u00e4. Katso luettelo muista t\u00e4ll\u00e4 hetkell\u00e4 varastossa olevista parhaista tuotteista. Voit ostaa laadukkaita tuotteita First Trust Chemicalilta juuri nyt.            <\/p>\n<h3>TILIS\u00c4SI K\u00c4SITTEL\u00c4\u00c4N HUOLELLISESTI METYLONIN OSTAMISESTA<\/h3>\n<p> K\u00e4sittelemme kaikki myyntitiedustelut luottamuksellisesti. Tilitietojasi ei koskaan jaeta tai jaeta sen j\u00e4lkeen, kun sinusta on tullut asiakkaaksi. Ennen kuin teemme haluamasi myynnin, saatamme kysy\u00e4 sinulta tiettyj\u00e4 kysymyksi\u00e4, mutta t\u00e4m\u00e4 on vain sinun suojelemiseksi. First Trust Chemical haluaa vain saada tunnustusta korkeista standardeistaan \u200b\u200bja sitoutumisestaan \u200b\u200basiakastyytyv\u00e4isyyteen. Kun First Trust Chemical on hyv\u00e4ksynyt tilauksesi, voit vapaasti ostaa. Toimituksesi on taattu. Jos emme pysty t\u00e4ytt\u00e4m\u00e4\u00e4n tilausta, emme voi taata myynti\u00e4. Metyloni on kemiallinen aine, jolla on rakenteeltaan ja vaikutukseltaan monia yht\u00e4l\u00e4isyyksi\u00e4 MDMA:n kanssa. Sill\u00e4 on liev\u00e4sti psykedeelinen vaikutus ja se on pirist\u00e4v\u00e4. Sit\u00e4 kutsutaan tutkimuskemikaaliksi, koska se on suhteellisen uusi yhdiste. On suositeltavaa, ett\u00e4 noudatat varovaisuutta k\u00e4sitelt\u00e4ess\u00e4 Methylonia, koska siit\u00e4 on tehty vain v\u00e4h\u00e4n tutkimuksia ja sen pitk\u00e4aikaisvaikutuksista tai riippuvuuden todenn\u00e4k\u00f6isyydest\u00e4 tiedet\u00e4\u00e4n vain v\u00e4h\u00e4n. Sit\u00e4 myyd\u00e4\u00e4n usein jauheena, mutta saatavilla on my\u00f6s tabletteja. N\u00e4m\u00e4 tabletit, kuten XTC, voivat vaihdella kooltaan, v\u00e4rilt\u00e4\u00e4n ja vahvuudeltaan.             <\/p>\n<h3><strong>Osta Methylone verkosta &#8211; Tied\u00e4tk\u00f6 mist\u00e4 ostaa Methylonea?<\/strong><\/h3>\n<p> Methylone myyt\u00e4v\u00e4n\u00e4, Methylone street value, Methylone annostus, Methylone myyt\u00e4v\u00e4n\u00e4 verkossa, Methylone myyt\u00e4v\u00e4n\u00e4 irtotavarana ja Methylone myyt\u00e4v\u00e4n\u00e4 korkealaatuisena. Voimme tarjota ratkaisut kaikkiin n\u00e4ihin ratkaisemattomiin kysymyksiin. Voit oppia lis\u00e4\u00e4 siit\u00e4, mist\u00e4 ja miten ostaa Methylone verkossa, k\u00e4ym\u00e4ll\u00e4 verkkosivustollamme. Metyloni on ongelma. Tied\u00e4tk\u00f6 mist\u00e4 voin ostaa Methylone verkossa? Osta Methylone, kuinka tehd\u00e4 Methylone, milt\u00e4 Methylone n\u00e4ytt\u00e4\u00e4, kuinka paljon Methylone maksaa kadulla, mist\u00e4 ostaa Methylone verkosta ja mist\u00e4 ostaa puhdasta metylonia. On t\u00e4ysin ymm\u00e4rrett\u00e4v\u00e4\u00e4, ett\u00e4 verkossa tarjottavan Methylonin laatuun ei v\u00e4ltt\u00e4m\u00e4tt\u00e4 luota heti, koska sit\u00e4 ei voi tarkistaa henkil\u00f6kohtaisesti. Asiat ovat kuitenkin toisin Methylonin Internet-toimittajien kanssa. T\u00e4\u00e4ll\u00e4 tarjotut tuotteet ovat juuri sit\u00e4, mit\u00e4 ne ovat, ja niit\u00e4 yll\u00e4pidet\u00e4\u00e4n korkeimpien standardien mukaisesti ammattimaisen valvonnan alaisena. Nopea &amp;amp; Huomaamaton toimitus: Kun tilaus on vastaanotettu, Methylone verkossa toimitetaan luvatussa aikataulussa. L\u00e4hetystiimi tekee kaikkensa varmistaakseen, ett\u00e4 toimitus ja toimitusprosessi on nopea ja helppo. Kun ostat Methylonen asiantuntijalta verkkoalustalla, voit my\u00f6s luottaa ensiluokkaiseen palveluun.            &nbsp;<\/p>\n","protected":false},"excerpt":{"rendered":"<p>Stimulantti, jolla on lievi\u00e4 psykedeelisi\u00e4 vaikutuksia, Methylone. Sit\u00e4 kutsutaan tutkimuskemikaaliksi, koska se on suhteellisen uusi yhdiste. Varovaisuutta tulee noudattaa metylonia k\u00e4sitelt\u00e4ess\u00e4, koska tutkimuksia on tehty vain v\u00e4h\u00e4n ja riippuvuuden pitk\u00e4aikaisvaikutuksista tai todenn\u00e4k\u00f6isyydest\u00e4 tiedet\u00e4\u00e4n vain v\u00e4h\u00e4n.   &nbsp;<\/p>\n","protected":false},"featured_media":18169,"comment_status":"closed","ping_status":"closed","template":"","meta":{"om_disable_all_campaigns":false,"_sitemap_exclude":false,"_sitemap_priority":"","_sitemap_frequency":"","_monsterinsights_skip_tracking":false,"_monsterinsights_sitenote_active":false,"_monsterinsights_sitenote_note":"","_monsterinsights_sitenote_category":0},"product_cat":[17206],"product_tag":[17843,17838,17830,17841,17845,17840,17839,17844,17842,17836,17837,17832,17834,17829,17828,17835,17826,17824,17831,17825,17833,17827],"class_list":{"0":"post-28039","1":"product","2":"type-product","3":"status-publish","4":"has-post-thumbnail","6":"product_cat-tutkimuskemikaalit-ja-psykedeelit","7":"product_tag-aito-methylone-europe","8":"product_tag-halpa-methylone-europe","9":"product_tag-kuinka-paljon-methylone-on","10":"product_tag-methylone-europe-alennus","11":"product_tag-methylone-europe-arvostelu","12":"product_tag-methylone-europe-kauppa","13":"product_tag-methylone-europe-tarjoukset","14":"product_tag-methylone-europe-toimittajat","15":"product_tag-methylone-europe-toimitus","16":"product_tag-methylone-europen-myynti","17":"product_tag-methylone-verkkokauppa-eurooppa","18":"product_tag-metylone-paras-hinta-euroopassa","19":"product_tag-metyloni-ilmainen-toimitus-eurooppaan","20":"product_tag-metylonin-myynti-verkossa","21":"product_tag-metylonin-vaikutukset","22":"product_tag-mista-ostaa-methylone-europe","23":"product_tag-mista-ostaa-methylone-verkossa","24":"product_tag-osta-methylone","25":"product_tag-osta-methylone-verkossa-euroopassa","26":"product_tag-osta-methylone-verkosta","27":"product_tag-tilaa-methylone-eu","28":"product_tag-tilaa-methylone-verkosta","30":"first","31":"instock","32":"shipping-taxable","33":"purchasable","34":"product-type-variable","35":"farmacie-col"},"aioseo_notices":[],"_links":{"self":[{"href":"https:\/\/lacasadelamedicina.es\/fi\/wp-json\/wp\/v2\/product\/28039"}],"collection":[{"href":"https:\/\/lacasadelamedicina.es\/fi\/wp-json\/wp\/v2\/product"}],"about":[{"href":"https:\/\/lacasadelamedicina.es\/fi\/wp-json\/wp\/v2\/types\/product"}],"replies":[{"embeddable":true,"href":"https:\/\/lacasadelamedicina.es\/fi\/wp-json\/wp\/v2\/comments?post=28039"}],"wp:featuredmedia":[{"embeddable":true,"href":"https:\/\/lacasadelamedicina.es\/fi\/wp-json\/wp\/v2\/media\/18169"}],"wp:attachment":[{"href":"https:\/\/lacasadelamedicina.es\/fi\/wp-json\/wp\/v2\/media?parent=28039"}],"wp:term":[{"taxonomy":"product_cat","embeddable":true,"href":"https:\/\/lacasadelamedicina.es\/fi\/wp-json\/wp\/v2\/product_cat?post=28039"},{"taxonomy":"product_tag","embeddable":true,"href":"https:\/\/lacasadelamedicina.es\/fi\/wp-json\/wp\/v2\/product_tag?post=28039"}],"curies":[{"name":"wp","href":"https:\/\/api.w.org\/{rel}","templated":true}]}}