{"id":28033,"date":"2024-08-09T14:02:04","date_gmt":"2024-08-09T14:02:04","guid":{"rendered":"https:\/\/lacasadelamedicina.es\/product\/osta-mdai-verkosta\/"},"modified":"2024-08-09T14:02:04","modified_gmt":"2024-08-09T14:02:04","slug":"osta-mdai-verkosta","status":"publish","type":"product","link":"https:\/\/lacasadelamedicina.es\/fi\/tuote\/osta-mdai-verkosta\/","title":{"rendered":"Osta MDAI verkosta"},"content":{"rendered":"<h3>Osta MDAI verkosta.<\/h3>\n<p> Verkkokauppa, joka myy MDAI:ta. On ehdotettu, ett\u00e4 MDAI:ta ja kaikkia t\u00e4ll\u00e4 sivustolla myyt\u00e4v\u00e4ksi tarjottuja fenetyyliamiinij\u00e4\u00e4mi\u00e4 k\u00e4ytet\u00e4\u00e4n tutkimukseen ja tieteellisiin tarkoituksiin. MDA oli testisynteettisen aineen nimi. I on arkkitehtuuril\u00e4\u00e4ke, jolla on subatominen yht\u00e4l\u00f6 C10H11NO2 &#8211; HCl ja mahdollisia fysiologisia ja psykedeelisi\u00e4 vaikutuksia. Yht\u00e4l\u00f6n painoarvo on 213,7 g \/ mol. Osta MDAI verkosta. &#8211; <a href=\"https:\/\/drlawsonspharmacy\/contact-us\/\">OTA YHTEYTT\u00c4<\/a> Koska MDAI on uusi kemikaali, sen toksikologisia ja fysiologisia ominaisuuksia ei viel\u00e4 tunneta. 5,6-metyleenidioksi-2-aminoindaanilla, fenetyyliamiinin sivutuotteella, voi olla energisoivia ja entaktogeenisia vaikutuksia. Osta MDAI verkosta. 6,7-dihydro-5H-indeno[5,6-d]monohydrokloridia, 1,3-dioksoli-6-amiinia ja kaikkia muita t\u00e4ll\u00e4 sivustolla myyt\u00e4vi\u00e4 luontaisia \u200b\u200bl\u00e4\u00e4kkeit\u00e4 suositellaan tutkimukseen ja kvantifiointiin tarkoituksiin. S\u00e4ilyt\u00e4 t\u00e4m\u00e4 fenetyyliamiini kylm\u00e4ss\u00e4, kuivassa paikassa. MDA:n, fenetyyliamiinimolekyylin, turvallisuus voi kest\u00e4\u00e4 jopa kaksi vuotta sen lain sallimissa olosuhteissa. Sijoita MDA.I:hen verkossa. Miksi sinun pit\u00e4isi ostaa MDA.I meilt\u00e4? \u2605 Meill\u00e4 on pitk\u00e4 vaihtohistoria markkinoilla, joten hy\u00f6dyt kokemuksestamme. \u2605 MDAI on testattu ja varmennettu. \u2605 Voit ostaa MDAI:ta Bitcoinilla, MoneyGramilla ja Western Unionilla tai pankkisiirrolla. Mit\u00e4 saat, kun ostat MDA.I:n meilt\u00e4? &#8211; Kiinte\u00e4 alumiinifoliopussi, joka sis\u00e4lt\u00e4\u00e4 6,7-Dihydro-5H-indeno[5,6-d]-1,3-dioksoli-6-amiini, korkealaatuinen monohydrokloriditutkimussynteesi &#8211; Puhtaasti lasimainen vahva koostumus &#8211; \u226598 % aitous Online-tiedustelut MDAI:sta, saatavilla oleva MDAI ostettavaksi, MDAI-korjaukset, 10 mg:n MDAI-tablettien verkkomyynti ja tiedot MDAI-l\u00e4\u00e4kkeiden hankkimisesta, MDAI ja MDAI-annostus MDAI 60 mg on ostettavissa, MDAI 15 mg on saatavilla osoitteessa Street, MDAI-pillerit ovat ostettavissa, ja MDAI on saatavana my\u00f6s ilman resepti\u00e4. Osta MDAI-sulfaattitabletteja, osta MDAI, osta MDAI 30mg, osta MDAI-pillereit\u00e4 verkosta, osta MDAI-jauhetta, osta MDAI, osta MDAI ilman resepti\u00e4, osta MDAI, osta MDAI, osta MDAI, osta MDAI, osta MDAI, osta MDAI, osta MDAI, osta MDAI, osta MDAI, osta MDAI, osta MDAI, osta MDAI, osta MDAI, osta MDAI, osta MDAI, osta MDAI, osta MDAI, osta MDAI, osta MDAI. Tarjoamme pikapalvelua kaikkialla maailmassa 1-2 p\u00e4iv\u00e4ss\u00e4. Toimituksemme ovat t\u00e4ysin turvallisia ja pikatoimituksella turvataan kaikki asiakkaat ja paketit toimitettaviksi, mik\u00e4 tekee liiketoiminnan jatkuvasta menestyksest\u00e4.                     <\/p>\n<h3><strong>Tied\u00e4tk\u00f6 mist\u00e4 ostaa MDAI:ta?<\/strong><\/h3>\n<p> MDAI myyt\u00e4v\u00e4n\u00e4, MDAI-katuhinta, MDAI-annos, MDAI:n tuottaminen, mist\u00e4 voin ostaa MDAI:ta verkosta, mist\u00e4 l\u00f6yd\u00e4n MDAI:n, mik\u00e4 on MDAI, ja korkealaatuiset MDAI:t ovat kaikki ostettavissa. Voimme tarjota ratkaisut kaikkiin n\u00e4ihin ratkaisemattomiin kysymyksiin. Voit oppia lis\u00e4\u00e4 MDAI:n ostamisesta verkossa yksinkertaisesti selaamalla verkkosivustoamme. Miten MDAI vertautuu? Tied\u00e4tk\u00f6 mist\u00e4 ostaa MDAI:ta verkosta? Mist\u00e4 ostaa MDAI:ta, mist\u00e4 saada puhdasta MDAI:ta verkosta, miten tehd\u00e4 MDAI, milt\u00e4 MDAI n\u00e4ytt\u00e4\u00e4, MDAI-katuhinta ja MDAI-hinta ovat kaikki termej\u00e4, joita k\u00e4ytet\u00e4\u00e4n kuvaamaan MDAI:n ostamista.      &nbsp;<\/p>\n<h3><strong>Tilaa CLAIMANT<\/strong><\/h3>\n<p> On t\u00e4ysin ymm\u00e4rrett\u00e4v\u00e4\u00e4, ett\u00e4 kuluttajat eiv\u00e4t heti luota verkossa myyt\u00e4v\u00e4n MDAI:n laatuun, koska he eiv\u00e4t voi fyysisesti tarkastaa sit\u00e4. Mutta verkossa olevien MDAI-j\u00e4lleenmyyjien kanssa asia on erilainen. T\u00e4\u00e4ll\u00e4 tarjotut tuotteet ovat tarkkoja esimerkkej\u00e4 siit\u00e4, mit\u00e4 ne ovat, ja huippuluokan huolto suoritetaan ammattimaisen valvonnan alaisena. Nopea &amp;amp; Huomaamaton toimitus: Kun tilaus on vastaanotettu, MDAIonline toimitetaan luvatussa ajassa. L\u00e4hetystiimi tekee kaikkensa varmistaakseen, ett\u00e4 toimitus ja toimitusprosessi on nopea ja helppo. Kun ostat MDAI:n ammattilaiselta verkkosivustolta, voit my\u00f6s olla varma huippuluokan palvelusta.      &nbsp;<\/p>\n","protected":false},"excerpt":{"rendered":"<p>Verkossa markkinoitavan MDAI:n koko IUPAC-nimi on 6,7-dihydro-5H-indeno[5,6-d].-1,3-dioksoli-6-amiini, monohydrokloridi, aine, jota k\u00e4ytet\u00e4\u00e4n fenetyyliamiinien tutkimuksessa. MDAI voi olla entaktogeeni ja stimulantti.  &nbsp;<\/p>\n","protected":false},"featured_media":18154,"comment_status":"closed","ping_status":"closed","template":"","meta":{"om_disable_all_campaigns":false,"_sitemap_exclude":false,"_sitemap_priority":"","_sitemap_frequency":"","_monsterinsights_skip_tracking":false,"_monsterinsights_sitenote_active":false,"_monsterinsights_sitenote_note":"","_monsterinsights_sitenote_category":0},"product_cat":[17206],"product_tag":[17821,17818,17823,17816,17808,17819,17817,17822,17812,17810,17815,17807,17806,17813,17805,17809,17804,17802,17811,17803,17820,17814],"class_list":{"0":"post-28033","1":"product","2":"type-product","3":"status-publish","4":"has-post-thumbnail","6":"product_cat-tutkimuskemikaalit-ja-psykedeelit","7":"product_tag-aito-mdai-europe","8":"product_tag-credit-europe-kauppa","9":"product_tag-creditor-europe-arvostelu","10":"product_tag-halpa-mdai-europe","11":"product_tag-kuinka-paljon-mdai-maksaa","12":"product_tag-mdai-europe-alennus","13":"product_tag-mdai-europe-tarjoukset","14":"product_tag-mdai-europen-toimittajat","15":"product_tag-mdai-ilmainen-toimitus-eurooppaan","16":"product_tag-mdai-paras-hinta-euroopassa","17":"product_tag-mdai-verkkokauppa-eurooppa","18":"product_tag-mdai-myynti-verkossa","19":"product_tag-mdain-vaikutukset","20":"product_tag-mista-ostaa-mdai-europe","21":"product_tag-mista-ostaa-mdai-verkossa","22":"product_tag-osta-mdai-verkossa-euroopassa","23":"product_tag-osta-mdai-verkosta","24":"product_tag-ostaa-vaatimukset","25":"product_tag-tilaa-mdai-eu","26":"product_tag-tilaa-mdai-verkosta","27":"product_tag-toimitus-velkojille-euroopassa","28":"product_tag-vaatimukset-euroopan-myynti","30":"first","31":"instock","32":"shipping-taxable","33":"purchasable","34":"product-type-variable","35":"farmacie-col"},"aioseo_notices":[],"_links":{"self":[{"href":"https:\/\/lacasadelamedicina.es\/fi\/wp-json\/wp\/v2\/product\/28033"}],"collection":[{"href":"https:\/\/lacasadelamedicina.es\/fi\/wp-json\/wp\/v2\/product"}],"about":[{"href":"https:\/\/lacasadelamedicina.es\/fi\/wp-json\/wp\/v2\/types\/product"}],"replies":[{"embeddable":true,"href":"https:\/\/lacasadelamedicina.es\/fi\/wp-json\/wp\/v2\/comments?post=28033"}],"wp:featuredmedia":[{"embeddable":true,"href":"https:\/\/lacasadelamedicina.es\/fi\/wp-json\/wp\/v2\/media\/18154"}],"wp:attachment":[{"href":"https:\/\/lacasadelamedicina.es\/fi\/wp-json\/wp\/v2\/media?parent=28033"}],"wp:term":[{"taxonomy":"product_cat","embeddable":true,"href":"https:\/\/lacasadelamedicina.es\/fi\/wp-json\/wp\/v2\/product_cat?post=28033"},{"taxonomy":"product_tag","embeddable":true,"href":"https:\/\/lacasadelamedicina.es\/fi\/wp-json\/wp\/v2\/product_tag?post=28033"}],"curies":[{"name":"wp","href":"https:\/\/api.w.org\/{rel}","templated":true}]}}