{"id":28028,"date":"2024-08-09T14:02:04","date_gmt":"2024-08-09T14:02:04","guid":{"rendered":"https:\/\/lacasadelamedicina.es\/product\/osta-ketamiinijauhetta-verkosta\/"},"modified":"2024-09-09T19:20:49","modified_gmt":"2024-09-09T19:20:49","slug":"osta-ketamiinijauhetta-verkosta","status":"publish","type":"product","link":"https:\/\/lacasadelamedicina.es\/fi\/tuote\/osta-ketamiinijauhetta-verkosta\/","title":{"rendered":"Osta ketamiinijauhetta verkosta"},"content":{"rendered":"<h1>Osta ketamiinijauhetta verkosta.<\/h1>\n<p> Ketamiinin myynti verkossa. Voit parantaa vakavaa stressi\u00e4 ja ep\u00e4toivoa ostamalla Ketamiinijauhetta. Osta ketamiinijauhetta verkosta &#8211; <a href=\"https:\/\/drlawsonspharmacy\/contact-us\/\">OTTA YHTEYTT\u00c4<\/a> Masennus on yleisin mielisairaus maailmassa ja lis\u00e4\u00e4 merkitt\u00e4v\u00e4sti itsemurhien m\u00e4\u00e4r\u00e4\u00e4. Vaikutuksensa nopean alkamisen vuoksi <a href=\"https:\/\/dieapotheke247.com\/\">ketamiini<\/a> on tulossa yh\u00e4 suositummaksi masennuksen hoitokeinona. Se toimii kiinnittym\u00e4ll\u00e4 aivojen NMDA-reseptoreihin, mik\u00e4 lis\u00e4\u00e4 v\u00e4litt\u00e4j\u00e4aineen glutamaatin pitoisuutta. T\u00e4m\u00e4n seurauksena AMPA-reseptorit aktivoituvat, mik\u00e4 aiheuttaa enemm\u00e4n kemikaalien vapautumista. Koko prosessi vaikuttaa kognitioon, mielialaan ja ajatusmalleihin. Lis\u00e4ksi l\u00e4\u00e4ke parantaa kommunikaatiota tiettyjen aivoalueiden v\u00e4lill\u00e4 ja v\u00e4hent\u00e4\u00e4 tulehdukseen liittyvi\u00e4 signaaleja. On t\u00e4rke\u00e4\u00e4 olla tietoinen eduista ja haitoista ennen ketamiinijauheen ostamista.         &nbsp;<\/p>\n<h2>Osta ketamiinijauhe verkossa luotettavalta toimittajalta<\/h2>\n<p> Kun k\u00e4yt\u00e4t reseptil\u00e4\u00e4kkeit\u00e4 l\u00e4\u00e4ketieteellisist\u00e4 syist\u00e4, mik\u00e4\u00e4n ei ole t\u00e4rke\u00e4mp\u00e4\u00e4 kuin laatu. Dr. Lawsons Pharmacyssa meill\u00e4 on ammattilaisten tiimi, joka suorittaa laadunvalvontatarkastuksia eri vaiheissa varmistaakseen, ett\u00e4 noudatamme korkeimpia kansainv\u00e4lisi\u00e4 standardeja. Monet ihmiset ovat menestyneet hyvin myym\u00e4mme ketamiinijauheen kanssa ja toivomme, ett\u00e4 sin\u00e4kin. Jos sinulla on kysytt\u00e4v\u00e4\u00e4, ota yhteytt\u00e4 tiimiimme milloin tahansa sinulle sopivana ajankohtana.    <\/p>\n<h3><\/h3>\n<p>&nbsp;<\/p>\n","protected":false},"excerpt":{"rendered":"<p>Ketamiinin on osoitettu olevan tehokas masennuksen hoidossa kaksisuuntaisella mielialalla potilailla, jotka eiv\u00e4t ole reagoineet masennusl\u00e4\u00e4kkeisiin. &nbsp;<\/p>\n","protected":false},"featured_media":18139,"comment_status":"closed","ping_status":"closed","template":"","meta":{"om_disable_all_campaigns":false,"_sitemap_exclude":false,"_sitemap_priority":"","_sitemap_frequency":"","_monsterinsights_skip_tracking":false,"_monsterinsights_sitenote_active":false,"_monsterinsights_sitenote_note":"","_monsterinsights_sitenote_category":0},"product_cat":[17206],"product_tag":[17799,17794,17790,17793,17792,17788,17785,17784,17797,17801,17796,17795,17800,17798,17786,17783,17791,17780,17782,17787,17789,17781],"class_list":{"0":"post-28028","1":"product","2":"type-product","3":"status-publish","4":"has-post-thumbnail","6":"product_cat-tutkimuskemikaalit-ja-psykedeelit","7":"product_tag-aito-ketamine-powder-europe","8":"product_tag-halpa-ketamiinijauhe-euroopassa","9":"product_tag-ketamiini-jauhe-ilmainen-toimitus-euroopassa","10":"product_tag-ketamiini-jauhe-verkkokauppa-euroopassa","11":"product_tag-ketamiinijauhe-euroopassa","12":"product_tag-ketamiinijauhe-paras-hinta-euroopassa","13":"product_tag-ketamiinijauheen-myynti-verkossa","14":"product_tag-ketamiinijauheen-vaikutukset","15":"product_tag-ketamine-powder-europe-alennus","16":"product_tag-ketamine-powder-europe-katsaus","17":"product_tag-ketamine-powder-europe-kauppa","18":"product_tag-ketamine-powder-europe-tarjoukset","19":"product_tag-ketamine-powder-europe-toimittajat","20":"product_tag-ketamine-powder-europe-toimitus","21":"product_tag-kuinka-paljon-ketamiinijauhe-on","22":"product_tag-mista-ostaa-ketamiinijauhetta-verkossa","23":"product_tag-mista-ostaa-ketamine-powder-europe","24":"product_tag-osta-ketamiinijauhetta","25":"product_tag-osta-ketamiinijauhetta-verkosta","26":"product_tag-osta-ketamiinijauhetta-verkosta-euroopassa","27":"product_tag-tilaa-ketamiinijauhe-eu","28":"product_tag-tilaa-ketamiinijauhe-verkosta","30":"first","31":"instock","32":"shipping-taxable","33":"purchasable","34":"product-type-variable","35":"farmacie-col"},"aioseo_notices":[],"_links":{"self":[{"href":"https:\/\/lacasadelamedicina.es\/fi\/wp-json\/wp\/v2\/product\/28028"}],"collection":[{"href":"https:\/\/lacasadelamedicina.es\/fi\/wp-json\/wp\/v2\/product"}],"about":[{"href":"https:\/\/lacasadelamedicina.es\/fi\/wp-json\/wp\/v2\/types\/product"}],"replies":[{"embeddable":true,"href":"https:\/\/lacasadelamedicina.es\/fi\/wp-json\/wp\/v2\/comments?post=28028"}],"wp:featuredmedia":[{"embeddable":true,"href":"https:\/\/lacasadelamedicina.es\/fi\/wp-json\/wp\/v2\/media\/18139"}],"wp:attachment":[{"href":"https:\/\/lacasadelamedicina.es\/fi\/wp-json\/wp\/v2\/media?parent=28028"}],"wp:term":[{"taxonomy":"product_cat","embeddable":true,"href":"https:\/\/lacasadelamedicina.es\/fi\/wp-json\/wp\/v2\/product_cat?post=28028"},{"taxonomy":"product_tag","embeddable":true,"href":"https:\/\/lacasadelamedicina.es\/fi\/wp-json\/wp\/v2\/product_tag?post=28028"}],"curies":[{"name":"wp","href":"https:\/\/api.w.org\/{rel}","templated":true}]}}