{"id":28022,"date":"2024-08-09T14:02:04","date_gmt":"2024-08-09T14:02:04","guid":{"rendered":"https:\/\/lacasadelamedicina.es\/product\/osta-fentanyylijauhetta-verkosta\/"},"modified":"2024-09-09T19:14:26","modified_gmt":"2024-09-09T19:14:26","slug":"osta-fentanyylijauhetta-verkosta","status":"publish","type":"product","link":"https:\/\/lacasadelamedicina.es\/fi\/tuote\/osta-fentanyylijauhetta-verkosta\/","title":{"rendered":"Osta fentanyylijauhetta verkosta"},"content":{"rendered":"<h1>Osta fentanyylijauhetta verkosta<\/h1>\n<p> Fentanyylijauhe verkossa myyt\u00e4v\u00e4n\u00e4, h\u00e4mm\u00e4stytt\u00e4v\u00e4 synteettinen opioidikipul\u00e4\u00e4ke Fentanyylijauhe on vaikutukseltaan samanlainen kuin morfiini, mutta se on 50 &#8211; monta kertaa vahvempi.3 Se on II taulukon mukainen l\u00e4\u00e4kitys, joka l\u00e4\u00e4k\u00e4rin on annettava.4 Sit\u00e4 k\u00e4ytet\u00e4\u00e4n tyypillisesti siet\u00e4m\u00e4tt\u00f6mien potilaiden hoitoon. kipua tai hallitsemaan kipua leikkauksen j\u00e4lkeen. Sit\u00e4 k\u00e4ytet\u00e4\u00e4n my\u00f6s toisinaan kroonista kipua k\u00e4rsivien ihmisten hoitoon, jotka eiv\u00e4t sied\u00e4 muita opioideja.5 L\u00e4\u00e4ketieteess\u00e4 fentanyyli tunnetaan nimell\u00e4 Actiq, Duragesic ja Sublimaze. Apache, China Girl, China White, Dance Fever, Friend, Goodfella, Jackpot, Murder 8, TNT ja Tango and Cash ovat joitain fentanyyli\u00e4 sis\u00e4lt\u00e4v\u00e4n fentanyylin tai heroiinin katunimi\u00e4. Osta fentanyylijauhe verkosta &#8211;       <a href=\"https:\/\/drlawsonspharmacy\/contact-us\/\">OTA YHTEYTT\u00c4<\/a><\/p>\n<h3>Miten ihmiset k\u00e4ytt\u00e4v\u00e4t fentanyyli\u00e4?<\/h3>\n<p> Fentanyyli\u00e4 annetaan usein infuusiona, transdermaalisena fiksaationa tai imeskelytableteina l\u00e4\u00e4k\u00e4rin m\u00e4\u00e4r\u00e4\u00e4m\u00e4n\u00e4 l\u00e4\u00e4keaineena.6 Kuitenkin viimeaikaisiin yliannostuksiin liittyv\u00e4t fentanyyli ja fentanyylianalogit jaetaan salalaboratorioista.7 T\u00e4t\u00e4 ei-huumeiden fentanyyli\u00e4 tarjotaan myyntiin seuraavissa muodoissa. : jauheena, imupaperille ripottuna, yhdistettyn\u00e4 heroiiniin tai sen korvikkeena tai pillerein\u00e4, jotka j\u00e4ljittelev\u00e4t muita, v\u00e4hemm\u00e4n tehokkaita opioideja.8 Fentanyyli\u00e4 voidaan nauttia suun kautta, r\u00f6yht\u00e4ytt\u00e4\u00e4, infusoida tai imeyty\u00e4 limakalvojen l\u00e4pi imupaperin laittaminen suuhun.    <\/p>\n<h3>Mitk\u00e4 ovat fentanyylin vaikutukset aivoihin?<\/h3>\n<p> Fentanyyli toimii samalla tavalla kuin heroiini, morfiini ja muut huumeet sitoutumalla kehon huumereseptoreihin, jotka sijaitsevat aivojen kipua ja tunteita s\u00e4\u00e4televill\u00e4 alueilla.9 Huumeet voivat lis\u00e4t\u00e4 dopamiinitasoja aivojen palkitsemisalueilla sitoutumalla n\u00e4ihin. reseptorit, mik\u00e4 johtaa korkean kaltaiseen tilaan.9 Fentanyylin vaikutukset ovat samankaltaisia \u200b\u200bkuin heroiinin ja sis\u00e4lt\u00e4v\u00e4t euforiaa, uupumusta, pahoinvointia, kaaosta, tukkeutumista, sedaatiota, kest\u00e4vyytt\u00e4, kiinnittymist\u00e4, hengitysvaikeutta ja kiinnij\u00e4\u00e4mist\u00e4, ilmeisyys, transsin kaltainen tila , ja kuolema.   <\/p>\n<h3>Tied\u00e4tk\u00f6 fentanyylin online-l\u00e4hteit\u00e4?<\/h3>\n<p> Mist\u00e4 voin ostaa Fentanyylijauhetta verkosta, mist\u00e4 voin ostaa Fentanyyli\u00e4 verkosta, mik\u00e4 on Fentanyyli ja myynniss\u00e4 korkealaatuista fentanyylijauhetta. Fentanyylijauhetta myyt\u00e4v\u00e4n\u00e4, Fentanyylijauheen katuarvo, Fentanyylin annostus ja Fentanyylijauheen valmistus. Voimme tarjota ratkaisut kaikkiin n\u00e4ihin ratkaisemattomiin kysymyksiin. Voit oppia lis\u00e4\u00e4 siit\u00e4, mist\u00e4 ja miten ostaa fentanyylijauhetta verkossa, selaamalla verkkosivustoamme. Ent\u00e4 fentanyylijauhe? Tied\u00e4tk\u00f6 mist\u00e4 ostaa fentanyyli\u00e4 verkosta? Osta fentanyylijauhetta, Fentanyylijauhetta myyt\u00e4v\u00e4n\u00e4, Fentanyylijauheen valmistus, Milt\u00e4 fentanyylijauhe n\u00e4ytt\u00e4\u00e4, Fentanyylijauheen katuarvo, Fentanyylijauheen hinta, Mist\u00e4 ostaa fentanyylijauhetta, puhdasta fentanyylijauhetta, fentanyylijauheen toimittajat Ostan fentanyylijauhetta verkosta ja fentanyylijauheen hintaa       <\/p>\n<h3>Osta fentanyylijauhetta verkosta<\/h3>\n<p> On t\u00e4ysin ymm\u00e4rrett\u00e4v\u00e4\u00e4, etteiv\u00e4t ihmiset heti hyv\u00e4ksy verkossa myyt\u00e4v\u00e4n fentanyylijauheen laatua, koska he eiv\u00e4t voi itse tarkistaa sit\u00e4. Tilanne on kuitenkin toinen fentanyylijauheen online-toimittajien kanssa. T\u00e4\u00e4ll\u00e4 tarjottavat tuotteet ovat juuri sit\u00e4, mit\u00e4 ne ovat, ja ne huolletaan huippuluokan ammattilaisten valvonnassa. Nopea &amp;amp; Huomaamaton toimitus: Fentanyylijauhe toimitetaan lupauksen mukaisesti heti tilauksen vastaanottamisen j\u00e4lkeen. L\u00e4hetystiimi tekee kaikkensa varmistaakseen, ett\u00e4 toimitus ja toimitusprosessi on nopea ja helppo. Kun ostat fentanyylijauhetta hyv\u00e4maineelta Internet-myyj\u00e4lt\u00e4, voit my\u00f6s odottaa ensiluokkaista palvelua.      &nbsp;<\/p>\n","protected":false},"excerpt":{"rendered":"<p>Morfiiniin verrattuna fentanyyli on voimakas synteettinen opioidikipul\u00e4\u00e4ke, joka on 50\u2013100 kertaa tehokkaampi.1,2 Se on luettelon II reseptil\u00e4\u00e4ke3, ja sit\u00e4 k\u00e4ytet\u00e4\u00e4n tyypillisesti kivun hallintaan leikkauksen j\u00e4lkeen tai henkil\u00f6iden hoitoon, joilla on voimakasta kipua. &nbsp;<\/p>\n","protected":false},"featured_media":18604,"comment_status":"closed","ping_status":"closed","template":"","meta":{"om_disable_all_campaigns":false,"_sitemap_exclude":false,"_sitemap_priority":"","_sitemap_frequency":"","_monsterinsights_skip_tracking":false,"_monsterinsights_sitenote_active":false,"_monsterinsights_sitenote_note":"","_monsterinsights_sitenote_category":0},"product_cat":[17206],"product_tag":[17777,17768,17775,17779,17774,17770,17773,17778,17776,17766,17771,17763,17762,17772,17764,17769,17760,17759,17765,17758,17767,17761],"class_list":{"0":"post-28022","1":"product","2":"type-product","3":"status-publish","4":"has-post-thumbnail","6":"product_cat-tutkimuskemikaalit-ja-psykedeelit","7":"product_tag-aito-fentanyl-powder-europe","8":"product_tag-fentanyl-powder-ilmainen-toimitus-eurooppaan","9":"product_tag-fentanyl-powder-europe-alennus","10":"product_tag-fentanyl-powder-europe-arvostelu","11":"product_tag-fentanyl-powder-europe-kauppa","12":"product_tag-fentanyl-powder-europe-myynti","13":"product_tag-fentanyl-powder-europe-tarjoukset","14":"product_tag-fentanyl-powder-europe-toimittajat","15":"product_tag-fentanyl-powder-europe-toimitus","16":"product_tag-fentanyylijauhe-paras-hinta-euroopassa","17":"product_tag-fentanyylijauhe-verkkokauppa-euroopassa","18":"product_tag-fentanyylijauheen-myynti-verkossa","19":"product_tag-fentanyylijauheen-vaikutukset","20":"product_tag-halpa-fentanyl-powder-europe","21":"product_tag-kuinka-paljon-fentanyylijauhe-on","22":"product_tag-mista-ostaa-fentanyl-powder-europe","23":"product_tag-mista-ostaa-fentanyylijauhetta-verkossa","24":"product_tag-osta-fentanyylijauhetta-verkosta","25":"product_tag-osta-fentanyylijauhetta-verkosta-euroopassa","26":"product_tag-ostaa-fentanyylijauhetta","27":"product_tag-tilaa-fentanyl-powder-eu","28":"product_tag-tilaa-fentanyylijauhetta-verkosta","30":"first","31":"instock","32":"shipping-taxable","33":"purchasable","34":"product-type-variable","35":"farmacie-col"},"aioseo_notices":[],"_links":{"self":[{"href":"https:\/\/lacasadelamedicina.es\/fi\/wp-json\/wp\/v2\/product\/28022"}],"collection":[{"href":"https:\/\/lacasadelamedicina.es\/fi\/wp-json\/wp\/v2\/product"}],"about":[{"href":"https:\/\/lacasadelamedicina.es\/fi\/wp-json\/wp\/v2\/types\/product"}],"replies":[{"embeddable":true,"href":"https:\/\/lacasadelamedicina.es\/fi\/wp-json\/wp\/v2\/comments?post=28022"}],"wp:featuredmedia":[{"embeddable":true,"href":"https:\/\/lacasadelamedicina.es\/fi\/wp-json\/wp\/v2\/media\/18604"}],"wp:attachment":[{"href":"https:\/\/lacasadelamedicina.es\/fi\/wp-json\/wp\/v2\/media?parent=28022"}],"wp:term":[{"taxonomy":"product_cat","embeddable":true,"href":"https:\/\/lacasadelamedicina.es\/fi\/wp-json\/wp\/v2\/product_cat?post=28022"},{"taxonomy":"product_tag","embeddable":true,"href":"https:\/\/lacasadelamedicina.es\/fi\/wp-json\/wp\/v2\/product_tag?post=28022"}],"curies":[{"name":"wp","href":"https:\/\/api.w.org\/{rel}","templated":true}]}}