{"id":28017,"date":"2024-08-09T14:02:08","date_gmt":"2024-08-09T14:02:08","guid":{"rendered":"https:\/\/lacasadelamedicina.es\/product\/osta-caluanie-muelear-oxidize-verkosta\/"},"modified":"2024-08-09T14:02:08","modified_gmt":"2024-08-09T14:02:08","slug":"osta-caluanie-muelear-oxidize-verkosta","status":"publish","type":"product","link":"https:\/\/lacasadelamedicina.es\/fi\/tuote\/osta-caluanie-muelear-oxidize-verkosta\/","title":{"rendered":"Osta Caluanie Muelear Oxidize verkosta"},"content":{"rendered":"<h3>Caluanie Muelear Oxidize myyt\u00e4v\u00e4n\u00e4 &#8211; Osta Caluanie Muelear Oxidize verkosta<\/h3>\n<p> Yhdysvaltain johtava toimittaja tarjoaa t\u00e4ll\u00e4 hetkell\u00e4 caluanie-ydinoksidia myyntiin verkossa. Tiimimme auttaa sinua l\u00f6yt\u00e4m\u00e4\u00e4n parhaat tarjoukset korkealaatuisista cauanie muelear oxidise -tuotteista verkossa. Osta jo t\u00e4n\u00e4\u00e4n! Osta Caluanie Muelear Oxidize verkosta -Osta Caluanie Muelear Oxidize verkosta    <a href=\"https:\/\/drlawsonspharmacy\/contact-us\/\">OTA YHTEYTT\u00c4<\/a><\/p>\n<h3>Oliko sen Caluanie Muelear Oxidize?<\/h3>\n<p> Vaaleanruskea, viskoosi neste, jota kutsutaan Caluanie-kemikaaliksi, valmistetaan vaihtoester\u00f6im\u00e4ll\u00e4 raakapalmu\u00f6ljyliuosta. 99 %:ssa tapauksista myelearoksidia k\u00e4ytet\u00e4\u00e4n raakakaluanan valmistukseen. Past\u00f6rointitehdas on erinomainen kemikaali, jolla on potentiaalisia maailmanlaajuisia sovelluksia keskitetyill\u00e4 kemikaalien tuotantosektoreilla. Tarjoamme myyntiin Caluanie Muelear Oxidise -tarvikkeita. Caluanie muelear oxidisea k\u00e4ytet\u00e4\u00e4n jalokivien ja erikoismetallien k\u00e4sittelyyn ja hiontaan. Kemianteollisuudessa sit\u00e4 k\u00e4ytet\u00e4\u00e4n jalo- ja puolijalokivien k\u00e4sittelyyn sek\u00e4 metallien hiontaan. Yhdell\u00e4 napaisella ja yhdell\u00e4 ei-polaarisella p\u00e4\u00e4ll\u00e4 voidaan k\u00e4ytt\u00e4\u00e4 tavallisia Calianien kemiallisia liuoksia tahrojen poistamiseen.       <\/p>\n<h3><strong>Osta Caluanie Muelear Oxidize<\/strong><\/h3>\n<p> Caluaniea k\u00e4ytet\u00e4\u00e4n usein hygroskooppisena korvikkeena maaleissa ja kemikaaleissa. Pinnoitteet, maalit, polymeerit ja painomusteet k\u00e4ytt\u00e4v\u00e4t sit\u00e4 usein. Caluanie Chemical Solution on tahroja poistava molekyyli, jossa on yksi polaarinen ja yksi ei-polaarinen p\u00e4\u00e4. Ne pystyv\u00e4t tukemaan liukenemattomia emulgointiseoksia. Rasva, kumi sementti, kyn\u00e4tahrat, liima ja kynsilakka voidaan poistaa t\u00e4ll\u00e4 kemikaalilla. T\u00e4m\u00e4 kemikaali voi sis\u00e4lty\u00e4 kynsilakanpoistoaineeseen. Rajoittamatonta k\u00e4ytt\u00f6\u00e4 varten on kuitenkin suositeltavaa ostaa Normal Caluanie pulloissa verkkokaupastamme. Sit\u00e4 k\u00e4ytet\u00e4\u00e4n kemianteollisuudessa metallien murskaamiseen sek\u00e4 harvinaisten ja puolijalokivien valmistukseen. Molekyyli\u00e4, joka tunnetaan nimell\u00e4 Cauanie Muelear Oxide, k\u00e4ytet\u00e4\u00e4n yhdell\u00e4 polaarisella ja toisella ei-polaarisella p\u00e4\u00e4ll\u00e4 tahrojen poistamiseen. Se voi auttaa emulgoimaan aineita, jotka ovat normaalisti liukenemattomia. Rasva, kumi sementti, kyn\u00e4tahrat, liima ja kynsilakka voidaan poistaa t\u00e4ll\u00e4 kemikaalilla. T\u00e4m\u00e4 aine saattaa sis\u00e4lty\u00e4 kynsilakanpoistoaineeseen. Yleiseen k\u00e4ytt\u00f6\u00f6n on kuitenkin suositeltavaa ostaa Normal Caluanie pulloissa verkkokaupastamme. Osta Caluanie Muelear Oxidise Online.             <\/p>\n<h3>Kuinka ostan Caluanie muelear oxidizea?<\/h3>\n<p> Ne pystyv\u00e4t tukemaan liukenemattomia emulgointiseoksia. Verkkokaupasta ostaa Cauanie Muelear Oxidise. Jos haluat ostaa parhaan tuotteen, ota yhteytt\u00e4 Dr. Lawsons Pharmacyyn. Emme pet\u00e4 sinua. Asiakkaat ymp\u00e4ri maailman arvostavat tuotteitamme ja palveluitamme, joille on ominaista korkea puhtaus ja tasainen laatu. Olemme viett\u00e4neet viimeisen vuosikymmenen tutkiessamme tutkimusyhdisteit\u00e4 ja meill\u00e4 on niist\u00e4 erinomainen tuntemus. Tarjoamme luotettavia tutkimuskemikaalien toimittajia. Toimitus kest\u00e4\u00e4 yleens\u00e4 viidest\u00e4 kymmeneen p\u00e4iv\u00e4\u00e4. Tarjoamme asiakkaillemme ensiluokkaiset j\u00e4lleenl\u00e4hetysohjeet. Huippumodernit pakkaustekniikat varmistavat, ett\u00e4 tuotteidemme laatu on t\u00e4ysin taattu. Meill\u00e4 on t\u00e4t\u00e4 herjaavaa myelear-hapetusta varastossa tahnamuodossa. Partuerize Caluanie Muelear Oxidise on saatavana n\u00e4ytteiden kanssa.            <\/p>\n<h3>Osta Caluanie Muelear Oxidize verkosta<\/h3>\n<p> Caluanie on vaaleanruskea neste, joka perustuu raakapalmu\u00f6ljyst\u00e4 per\u00e4isin olevan 99-prosenttisen Caluanie-liuoksen transmogenisaatioon. Sen on kehitt\u00e4nyt yritys, joka tuottaa Muelear Oxidise Pasteurisea, korkealuokkaista kemikaalia, jolla on useita k\u00e4ytt\u00f6kohteita. Eniten sit\u00e4 k\u00e4ytt\u00e4\u00e4 kemian keskitetty jalostussektori. Voit helposti ostaa Caluanie Muelear oxidizea markkinoilta.    <\/p>\n<h3><strong>Caluanie Muelear Oxidize bestellen<\/strong><\/h3>\n<p> Se tunnetaan hygroskooppisena aineena kemian- ja maaliteollisuudessa. Maali-, pinnoite-, muste- ja muoviteollisuus k\u00e4ytt\u00e4\u00e4 sit\u00e4 laajasti. Cauanie tunnetaan my\u00f6s raskaana vedena, koska sen vetyatomit ovat raskaampia kuin tyypilliset vetyatomit. T\u00e4m\u00e4 kemikaali on suunniteltu hajottamaan ja polttamaan metallioksideja reagoimatta muiden aineiden kanssa. T\u00e4m\u00e4 v\u00e4rit\u00f6n neste on testattu laboratorioissa varmistaakseen, ettei manuaalisella k\u00e4sittelyll\u00e4 ole kielteisi\u00e4 seurauksia. Caluanie Muelear oxidise on turvallista ja puhdasta, joten voit ostaa sen verkkokaupasta ep\u00e4r\u00f6im\u00e4tt\u00e4.      <\/p>\n<h3>Kuinka k\u00e4yt\u00e4t Caluanie Muelear Oxidizea?<\/h3>\n<p> Kemikaaleja k\u00e4ytet\u00e4\u00e4n usein erilaisissa sovelluksissa kaikilla teollisuudenaloilla. Metalli- ja kemianteollisuus edustaa suurta kysynt\u00e4\u00e4 Caluanie Muelear Oxidise -tuotteelle. Caluanie Muelear oxidise on saatavilla hyv\u00e4maineelta toimittajalta. T\u00e4rkeimm\u00e4t sovellukset on lueteltu alla:    <\/p>\n<ul>\n<li>Emulgointi<\/li>\n<li>Metallin kemiallinen hionta<\/li>\n<li>Metalliliitosten k\u00e4sittely<\/li>\n<li>Poistaa aineet, joita muut kemikaalit eiv\u00e4t voi poistaa.<\/li>\n<li>Tahranpoisto<\/li>\n<li>Jalo- ja puolijalokivien jalostus<\/li>\n<\/ul>\n<p> Jos etsit paikkaa ostaa halpaa Caluanie Muelear Oxidatea, l\u00f6yd\u00e4t markkinoiden parhaan verkkokaupan. Ne tarjoavat nopean ja turvallisen toimituksen kaikkialle maailmaan sek\u00e4 eritt\u00e4in huomaamattoman tuotteen. Ne ovat Caluanien luotettavin online-j\u00e4lleenmyyj\u00e4, jotka tarjoavat korkealaatuisimpia verkossa saatavilla olevia tuotteita ja tarjoavat sek\u00e4 pienet ett\u00e4 suuret tilaukset oikea-aikaisella toimituksella, kuten luvattiin. Paras vaihtoehto niille, jotka eiv\u00e4t ole varmoja mist\u00e4 ostaa Caluanie Muelear oxidise, on online-j\u00e4lleenmyyj\u00e4.    <\/p>\n<h3>Miksi ostaa Caluanie Muelear Oxidize Dr. Lawsonsilta?<\/h3>\n<p> Dr. Lawsons Pharmacy on sitoutunut edist\u00e4m\u00e4\u00e4n laadunvarmistusta ja arvon luomista entisest\u00e4\u00e4n. Caluanie Muelear oxidise on saatavilla myym\u00e4l\u00e4st\u00e4mme edulliseen hintaan. Tarjoamme asianmukaista ohjausta ja olemme my\u00f6s huolissamme asiakkaiden turvallisuudesta. Vastaanottaja <a href=\"https:\/\/dieapotheke247.com\/\">t\u00e4yt\u00e4 <\/a>erityiset tarpeet, voimme r\u00e4\u00e4t\u00e4l\u00f6id\u00e4 palveluitamme. Ja jos sinulla on huolenaiheita tai kysymyksi\u00e4, ota rohkeasti yhteytt\u00e4 asiantuntijoihimme. Jotta nieleminen tai ihokosketus voidaan est\u00e4\u00e4 k\u00e4sitelless\u00e4si n\u00e4it\u00e4 kemikaaleja, sinulla tulee olla perustiedot kemikaalien k\u00e4sittelyst\u00e4 ja turvallisesta varastoinnista. Sinun tulee my\u00f6s k\u00e4ytt\u00e4\u00e4 suojavaatetusta. Caluanie Muelear Oxidize verkossa kaufen        &nbsp;<\/p>\n","protected":false},"excerpt":{"rendered":"<p>Caluanie Muelear Oxidize myyt\u00e4v\u00e4n\u00e4 &#8211; Osta Caluanie Muelear Oxidize verkosta Yhdysvaltain johtava toimittaja tarjoaa t\u00e4ll\u00e4 hetkell\u00e4 caluanie-ydinoksidia myyntiin verkossa. Tiimimme auttaa sinua l\u00f6yt\u00e4m\u00e4\u00e4n parhaat tarjoukset korkealaatuisista cauanie muelear oxidise -tuotteista verkossa. Osta jo t\u00e4n\u00e4\u00e4n! Osta Caluanie Muelear Oxidize verkosta -Osta Caluanie Muelear Oxidize verkosta OTA YHTEYTT\u00c4 Oliko sen Caluanie Muelear Oxidize? Vaaleanruskea, viskoosi neste, jota [&hellip;]<\/p>\n","protected":false},"featured_media":18679,"comment_status":"closed","ping_status":"closed","template":"","meta":{"om_disable_all_campaigns":false,"_sitemap_exclude":false,"_sitemap_priority":"","_sitemap_frequency":"","_monsterinsights_skip_tracking":false,"_monsterinsights_sitenote_active":false,"_monsterinsights_sitenote_note":"","_monsterinsights_sitenote_category":0},"product_cat":[17206],"product_tag":[17755,17740,17741,17748,17753,17757,17752,17751,17756,17754,17746,17744,17749,17750,17742,17747,17739,17736,17743,17738,17745,17737],"class_list":{"0":"post-28017","1":"product","2":"type-product","3":"status-publish","4":"has-post-thumbnail","6":"product_cat-tutkimuskemikaalit-ja-psykedeelit","7":"product_tag-aito-caluanie-muelear-oxidize-europe","8":"product_tag-caluanie-muelear-oksidizen-vaikutukset","9":"product_tag-caluanie-muelear-oxidize-myynti-verkossa","10":"product_tag-caluanie-muelear-oxidize-europe-ale","11":"product_tag-caluanie-muelear-oxidize-europe-alennus","12":"product_tag-caluanie-muelear-oxidize-europe-arvostelu","13":"product_tag-caluanie-muelear-oxidize-europe-myymala","14":"product_tag-caluanie-muelear-oxidize-europe-tarjoukset","15":"product_tag-caluanie-muelear-oxidize-europe-toimittajat","16":"product_tag-caluanie-muelear-oxidize-europe-toimitus","17":"product_tag-caluanie-muelear-oxidize-ilmainen-toimitus-eurooppaan","18":"product_tag-caluanie-muelear-oxidize-paras-hinta-euroopassa","19":"product_tag-caluanie-muelear-oxidize-verkkokauppa-eurooppa","20":"product_tag-halpa-caluanie-muelear-oxidize-europe","21":"product_tag-kuinka-paljon-on-caluanie-muelear-oxidize","22":"product_tag-mista-ostaa-caluanie-muelear-oxidize-europe","23":"product_tag-mista-ostaa-caluanie-muelear-oxidize-verkossa","24":"product_tag-osta-caluanie-muelear-oxidize-fi","25":"product_tag-osta-caluanie-muelear-oxidize-verkossa-euroopassa","26":"product_tag-osta-caluanie-muelear-oxidize-verkosta","27":"product_tag-tilaa-caluanie-muelear-oxidize-eu","28":"product_tag-tilaa-caluanie-muelear-oxidize-verkosta","30":"first","31":"instock","32":"shipping-taxable","33":"purchasable","34":"product-type-variable","35":"farmacie-col"},"aioseo_notices":[],"_links":{"self":[{"href":"https:\/\/lacasadelamedicina.es\/fi\/wp-json\/wp\/v2\/product\/28017"}],"collection":[{"href":"https:\/\/lacasadelamedicina.es\/fi\/wp-json\/wp\/v2\/product"}],"about":[{"href":"https:\/\/lacasadelamedicina.es\/fi\/wp-json\/wp\/v2\/types\/product"}],"replies":[{"embeddable":true,"href":"https:\/\/lacasadelamedicina.es\/fi\/wp-json\/wp\/v2\/comments?post=28017"}],"wp:featuredmedia":[{"embeddable":true,"href":"https:\/\/lacasadelamedicina.es\/fi\/wp-json\/wp\/v2\/media\/18679"}],"wp:attachment":[{"href":"https:\/\/lacasadelamedicina.es\/fi\/wp-json\/wp\/v2\/media?parent=28017"}],"wp:term":[{"taxonomy":"product_cat","embeddable":true,"href":"https:\/\/lacasadelamedicina.es\/fi\/wp-json\/wp\/v2\/product_cat?post=28017"},{"taxonomy":"product_tag","embeddable":true,"href":"https:\/\/lacasadelamedicina.es\/fi\/wp-json\/wp\/v2\/product_tag?post=28017"}],"curies":[{"name":"wp","href":"https:\/\/api.w.org\/{rel}","templated":true}]}}