{"id":28011,"date":"2024-08-09T14:02:08","date_gmt":"2024-08-09T14:02:08","guid":{"rendered":"https:\/\/lacasadelamedicina.es\/product\/osta-mephedrone-4-mmc-verkosta\/"},"modified":"2024-08-09T14:02:08","modified_gmt":"2024-08-09T14:02:08","slug":"osta-mephedrone-4-mmc-verkosta","status":"publish","type":"product","link":"https:\/\/lacasadelamedicina.es\/fi\/tuote\/osta-mephedrone-4-mmc-verkosta\/","title":{"rendered":"Osta Mephedrone (4-MMC) verkosta"},"content":{"rendered":"<h3>Osta Mephedrone (4-MMC) verkosta.<\/h3>\n<p> Osta Mephedrone (4-MMC) verkosta. Mefedronille on ominaista monoamiinien saanti. Sen kahdella enantiomeerill\u00e4 on vertailukelpoinen intensiteetti substraatteina dopamiinin kuljettajilla, koska se on kiraalinen molekyyli. Serotoniinin kuljettajien substraattina R-mefedroni on paljon v\u00e4hemm\u00e4n tehokas kuin S-mefedroni. <strong><em>Osta mefedroni (4-MMC) verkosta<\/em><\/strong> &#8211; <a href=\"https:\/\/drlawsonspharmacy\/contact-us\/\">YHTEYSTIEDOT<\/a> Mefedroni (4-MMC) on ketohapen ansiosta hydrofiilisempi kuin vastaavat metyyliamfetamiinit, mik\u00e4 saattaa selitt\u00e4\u00e4, miksi vastaavan tason saavuttamiseksi tarvitaan suurempia annoksia. vaikutuksen saavuttamiseksi, koska mefedroni (4-MMC) ei pysty l\u00e4p\u00e4isem\u00e4\u00e4n veri-aivoestett\u00e4. <strong>osta mefedronia verkosta<\/strong> Mefedroni (4-MMC) poltetaan usein alkoholin kanssa. Hiirill\u00e4 tehdyss\u00e4 tutkimuksessa tarkasteltiin n\u00e4iden kahden l\u00e4\u00e4kkeen vuorovaikutusta ja keskityttiin 4-MMC:n psykostimulantteihin ja palkitseviin ominaisuuksiin. Alkoholin on havaittu lis\u00e4\u00e4v\u00e4n merkitt\u00e4v\u00e4sti 4-MMC:n psykostimuloivia vaikutuksia, kun sit\u00e4 kulutetaan pienin\u00e4 (ei-stimuloivia) m\u00e4\u00e4ri\u00e4. Synaptisen dopamiinin lis\u00e4\u00e4ntyminen torjui t\u00e4m\u00e4n vaikutuksen, koska haloperidoli, mutta ei ketanseriini, pystyi est\u00e4m\u00e4\u00e4n alkoholin tehostavat vaikutukset. Pieni, ei-kompensoiva m\u00e4\u00e4r\u00e4 alkoholia paransi my\u00f6s 4-MMC:n kompensoivia ominaisuuksia. Mist\u00e4 ostaa mefedronia ja maltillista 4-MMC:t\u00e4 verkosta M-CAT-kyselyn mukaan? Mephedrone (4-MMC) Online on vain yksi uusista kemikaaleista tai &#8221;laillisista huumeista&#8221;, jotka on \u00e4skett\u00e4in tunnistettu, synteettisten, ihmisen valmistamien huumeiden, kuten muunnetun kannabiksen, ja puolivalmiiden yhdisteiden, kuten metyyliheksanamiinin, ohella. N\u00e4m\u00e4 l\u00e4\u00e4kkeet kehitettiin ensisijaisesti kiert\u00e4m\u00e4\u00e4n laittomia huumeita kielt\u00e4vi\u00e4 s\u00e4\u00e4d\u00f6ksi\u00e4, ja ne ansaitsivat lempinimen &#8221;arkkitehdin huumeet&#8221;. Saem de Burnaga Sanchez kuvasi mefedroniyhdistelm\u00e4n ensimm\u00e4isen kerran vuonna 1929 Bulletin de la Soci\u00e9t\u00e9 Chimique de Francessa nimell\u00e4 &#8221;toluyyli-alfa-monometyyliaminoetyylisetoni&#8221;, mutta aine pysyi akateemisen yhteis\u00f6n salaisuutena vuoteen 2003 asti. Euroopan huumeiden ja huumeriippuvuuden seurantakeskus jaettu. &#8221;Olen ollut uupunut viime p\u00e4ivin\u00e4 ja minulla on ollut hauskoja reagensseja, joten ajattelin kokeilla 1-(4-metyylifenyyli)-2-metyyliaminopropanonihydrokloridin tai 4-metyylimetkatinonin valmistamista&#8221;, Motor kirjoitti. verkkosivustolla, ennen kuin v\u00e4itti, ett\u00e4 sen ottamisen j\u00e4lkeen h\u00e4n tunsi &#8221;upea vaurauden tunteen, jota en ole koskaan saanut mist\u00e4\u00e4n l\u00e4\u00e4kkeest\u00e4ni, paitsi rakkaasta ekstaasiani&#8221;. Kinetic v\u00e4itti haastatteluissa olevansa &#8221;matemaatikko, jolla oli tapana mainostaa unil\u00e4\u00e4kkeit\u00e4 suurelle huumej\u00e4rjest\u00f6lle&#8221; ja kertoi asuneensa Israelissa, kun h\u00e4n l\u00f6ysi uudelleen mefedronin.              <strong>Kuinka voin tilata mefedronia (4-MMC) verkosta?<\/strong> Mephedrone (4-MMC) -tuotteen tilaaminen verkosta on aina viisas p\u00e4\u00e4t\u00f6s, koska sen avulla voit s\u00e4\u00e4st\u00e4\u00e4 aikaa ja rahaa. Ja yhteydenpito verkkoapteekkien kanssa on ainoa luotettava tapa tilata Mephedrone (4-MMC) verkosta. Luit sen oikein. Hyv\u00e4maineinen Mephedrone (4-MMC) -verkkotoimittaja tulisi k\u00e4ytt\u00e4\u00e4 apteekin sijaan, jotta voit odottaa huippuluokan tuotteita ja nopeaa toimitusta ilman ongelmia. <strong>Mephedrone (4-MMC) verkkotoimittaja \u2013 Ymm\u00e4rr\u00e4t, ett\u00e4 se on ainoa paras tapa ostaa Mephedrone (4-MMC) verkosta<\/strong> Mit\u00e4 tulee , <strong>Osta mefedronia (4-MMC) verkosta<\/strong>, meid\u00e4n kaltainen verkkoapteekki on paras vaihtoehto. Ty\u00f6skentelem\u00e4ll\u00e4 luotettavan, kokeneen apteekin kanssa saat parhaat tuotteet ja varmistat niiden tehokkuuden ja turvallisuuden. Ammattimaiset palveluntarjoajat ottavat velvollisuutensa ja vastuunsa asiakkaita kohtaan eritt\u00e4in vakavasti. Mefedronia (4-MMC) ja muita siihen liittyvi\u00e4 l\u00e4\u00e4kkeit\u00e4 voi ostaa verkkoapteekeista kohtuulliseen ja edulliseen hintaan. N\u00e4it\u00e4 tavaroita voi ostaa hyvin pienell\u00e4 rahalla.        <\/p>\n<h3><strong>Tied\u00e4tk\u00f6 mist\u00e4 ostaa mefedronia (4-MMC)?<\/strong><\/h3>\n<p> Mefedroni (4-MMC) myyt\u00e4v\u00e4n\u00e4, katuarvo <a href=\"https:\/\/dieapotheke247.com\/\">Mefedroni<\/a> (4-MMC), annos mefedronia (4-MMC), kuinka valmistaa mefedronia (4-MMC), mist\u00e4 voin ostaa mefedronia ( 4 -MMC) osta verkosta, mist\u00e4 ostaa mefedroni (4-MMC), mik\u00e4 on mefedroni (4-MMC) ja premium-mefedroni (4-MMC) myynniss\u00e4. Voimme tarjota ratkaisuja kaikkiin n\u00e4ihin ratkaisemattomiin kysymyksiin. Sivustollamme opit ostamaan amfetamiinijauhetta verkosta ja mist\u00e4 ostaa sit\u00e4.   <strong>Ent\u00e4 4-MMC (4-MEP)? Tied\u00e4tk\u00f6, mist\u00e4 voin ostaa Mephedrone (4-MMC) verkossa? Mist\u00e4 saan mefedronia (4-MMC), puhdasta mefedronia (4-MMC), mist\u00e4 voin ostaa mefedronia (4-MMC) verkosta ja muita asiaan liittyvi\u00e4 termej\u00e4 ja ilmaisuja ovat &#8221;osta mefedronia (4-MMC) myyt\u00e4v\u00e4n\u00e4&#8221;, &#8221; miten mefedroni (4-MMC) tehd\u00e4\u00e4n, &#8221;milt\u00e4 mefedroni (4-MMC) n\u00e4ytt\u00e4\u00e4&#8221; ja &#8221;mefedroni (4-MMC) katuhintaan&#8221;.  <\/strong><\/p>\n<h3><strong>Tilaa Mephedron (4-MMC).<\/strong><\/h3>\n<p> Korkealaatuinen online-mephedrone (4-MMC) -jauhe: Koska he eiv\u00e4t voi henkil\u00f6kohtaisesti tarkistaa verkossa tarjottavaa Mephedrone (4-MMC) -jauhetta, on t\u00e4ysin ymm\u00e4rrett\u00e4v\u00e4\u00e4, ett\u00e4 ihmiset eiv\u00e4t luota sen laatuun. T\u00e4m\u00e4 ei kuitenkaan p\u00e4de mefedroni (4-MMC) -jauheen online-toimittajiin. T\u00e4\u00e4ll\u00e4 tarjotut tuotteet kuvaavat tarkasti, mit\u00e4 ne ovat, ja ensiluokkainen huolto suoritetaan ammattimaisessa valvonnassa. Nopea &amp;amp; Huomaamaton toimitus: Tilauksen vastaanottamisen j\u00e4lkeen mefedroni (4-MMC) l\u00e4hetet\u00e4\u00e4n verkkoon mahdollisimman nopeasti. Toimitustiimi tekee kaikkensa varmistaakseen, ett\u00e4 l\u00e4hetys- ja toimitusprosessi on nopea ja helppo. Kun ostat Mephedrone (4-MMC) verkosta asiantuntijalta, voit my\u00f6s luottaa ensiluokkaisiin palveluihin.      &nbsp;<\/p>\n","protected":false},"excerpt":{"rendered":"<p>Valkoista jauhetta, kapseleita, pillereit\u00e4 tai muita mefedronimuotoja voidaan nuskaista, ruiskuttaa, polttaa tai ottaa per\u00e4suolen kautta. Vaikutukset ilmenev\u00e4t 15-45 minuuttia l\u00e4\u00e4kkeen suun kautta ottamisen j\u00e4lkeen, ja ne ovat v\u00e4litt\u00f6mi\u00e4 niille, jotka nuuskaavat sit\u00e4. Mefedroni on vain yksi lukemattomista viime vuosina raportoiduista suunnittelijoiden huumeista tai laillisista huumeista, synteettisen kannabiksen ja muiden keinotekoisten kemikaalien, kuten metyyliheksanamiinin, ohella.   &nbsp;<\/p>\n","protected":false},"featured_media":18634,"comment_status":"closed","ping_status":"closed","template":"","meta":{"om_disable_all_campaigns":false,"_sitemap_exclude":false,"_sitemap_priority":"","_sitemap_frequency":"","_monsterinsights_skip_tracking":false,"_monsterinsights_sitenote_active":false,"_monsterinsights_sitenote_note":"","_monsterinsights_sitenote_category":0},"product_cat":[17206],"product_tag":[17733,17728,17720,17731,17734,17729,17735,17724,17726,17719,17722,17718,17727,17730,17732,17725,17717,17721,17714,17716,17723,17715],"class_list":{"0":"post-28011","1":"product","2":"type-product","3":"status-publish","4":"has-post-thumbnail","6":"product_cat-tutkimuskemikaalit-ja-psykedeelit","7":"product_tag-aito-mephedrone-4-mmc-eurooppa","8":"product_tag-halpa-mephedrone-4-mmc-eurooppa","9":"product_tag-kuinka-paljon-mefedroni-4-mmc-maksaa","10":"product_tag-mefedroni-4-mmc-euroopan-alennus","11":"product_tag-mefedroni-4-mmc-euroopan-toimittajat","12":"product_tag-mefedroni-4-mmc-euroopassa-tarjoukset","13":"product_tag-mefedroni-4-mmc-eurooppa-katsaus","14":"product_tag-mefedroni-4-mmc-ilmainen-toimitus-eurooppaan","15":"product_tag-mefedroni-4-mmc-myynti-euroopassa","16":"product_tag-mefedroni-4-mmc-myynti-verkossa","17":"product_tag-mefedroni-4-mmc-paras-hinta-euroopassa","18":"product_tag-mefedroni-4-mmc-vaikutukset","19":"product_tag-mefedroni-4-mmc-verkkokauppa-eurooppa","20":"product_tag-mephedrone-4-mmc-eurooppa-myymala","21":"product_tag-mephedrone-4-mmc-toimitus-euroopassa","22":"product_tag-mista-ostaa-mephedrone-4-mmc-europe","23":"product_tag-mista-ostaa-mephedrone-4-mmc-verkossa","24":"product_tag-osta-mefedroni-4-mmc-verkosta-euroopassa","25":"product_tag-osta-mephedrone-4-mmc","26":"product_tag-osta-mephedrone-4-mmc-verkosta","27":"product_tag-tilaa-mefedroni-4-mmc-eu","28":"product_tag-tilaa-mefedroni-4-mmc-verkosta","30":"first","31":"instock","32":"shipping-taxable","33":"purchasable","34":"product-type-variable","35":"farmacie-col"},"aioseo_notices":[],"_links":{"self":[{"href":"https:\/\/lacasadelamedicina.es\/fi\/wp-json\/wp\/v2\/product\/28011"}],"collection":[{"href":"https:\/\/lacasadelamedicina.es\/fi\/wp-json\/wp\/v2\/product"}],"about":[{"href":"https:\/\/lacasadelamedicina.es\/fi\/wp-json\/wp\/v2\/types\/product"}],"replies":[{"embeddable":true,"href":"https:\/\/lacasadelamedicina.es\/fi\/wp-json\/wp\/v2\/comments?post=28011"}],"wp:featuredmedia":[{"embeddable":true,"href":"https:\/\/lacasadelamedicina.es\/fi\/wp-json\/wp\/v2\/media\/18634"}],"wp:attachment":[{"href":"https:\/\/lacasadelamedicina.es\/fi\/wp-json\/wp\/v2\/media?parent=28011"}],"wp:term":[{"taxonomy":"product_cat","embeddable":true,"href":"https:\/\/lacasadelamedicina.es\/fi\/wp-json\/wp\/v2\/product_cat?post=28011"},{"taxonomy":"product_tag","embeddable":true,"href":"https:\/\/lacasadelamedicina.es\/fi\/wp-json\/wp\/v2\/product_tag?post=28011"}],"curies":[{"name":"wp","href":"https:\/\/api.w.org\/{rel}","templated":true}]}}