{"id":28002,"date":"2024-08-09T14:02:09","date_gmt":"2024-08-09T14:02:09","guid":{"rendered":"https:\/\/lacasadelamedicina.es\/product\/osta-kokaiinia-kalan-suomuista-verkosta\/"},"modified":"2024-08-09T14:02:09","modified_gmt":"2024-08-09T14:02:09","slug":"osta-kokaiinia-kalan-suomuista-verkosta","status":"publish","type":"product","link":"https:\/\/lacasadelamedicina.es\/fi\/tuote\/osta-kokaiinia-kalan-suomuista-verkosta\/","title":{"rendered":"Osta kokaiinia kalan suomuista verkosta"},"content":{"rendered":"<h3>Osta Fish Scale kokaiinia verkosta.<\/h3>\n<p> Yksi puhtaimmista nyky\u00e4\u00e4n saatavilla olevista kokaiinin muodoista on kalasompan kokaiini, josta on tulossa yh\u00e4 suositumpi korkealaatuista ainetta etsivien k\u00e4ytt\u00e4jien keskuudessa. Perinteiset kokaiinin muodot ovat v\u00e4hemm\u00e4n tehokkaita kuin kalan suomuinen kokaiini, jota joskus sekoitetaan muiden huumeiden kanssa sen vahvistamiseksi. \u00c4l\u00e4 etsi kauempaa kuin Dr. Lawsons Pharmacy, jos haluat ostaa kalasompan kokaiinia verkosta halvimmalla hinnalla. Osta kalakivikokaiinia verkosta &#8211;    <a href=\"https:\/\/drlawsonspharmacy\/contact-us\/\">OTA YHTEYTT\u00c4<\/a><\/p>\n<h3>Kuinka kalakivikokaiini valmistetaan?<\/h3>\n<p> Kokeile Fish Scale Cocaine for Sale -tuotteita, jos etsit uutta tapaa p\u00e4\u00e4st\u00e4 korkealle. Se on v\u00e4rilt\u00e4\u00e4n helmenvalkoinen ja korkean intensiteetin kokaiini. Termi &#8221;kala-kokaiini&#8221; viittaa sen erottuvaan ulkon\u00e4k\u00f6\u00f6n. Kalakokaiini valmistetaan sekoittamalla ruokasoodaa tai aktiivista paikallispuudutetta puhtaan kokaiinijauheen kanssa pohjan muodostamiseksi, jota kuumennetaan, kunnes se nesteytyy, sitten siivil\u00f6id\u00e4\u00e4n, kaadetaan ja j\u00e4\u00e4hdytet\u00e4\u00e4n. N\u00e4m\u00e4 muodot tuottavat kittim\u00e4isen massan, joka j\u00e4\u00e4hdytetty\u00e4\u00e4n hajoaa samankokoisiksi kokaiinia sis\u00e4lt\u00e4v\u00e4n tuotteen &#8221;kalasuomuiksi&#8221;. T\u00e4m\u00e4 luo suuret markkinat henkil\u00f6ille, jotka haluavat k\u00e4ytt\u00e4\u00e4 sit\u00e4 virkistyshuumeena. N\u00e4m\u00e4 kappaleet voidaan sitten jatkojalostaa jauheeksi tai myyd\u00e4 sellaisinaan. Voit ostaa kalan suomikokaiinia verkosta joko irtotavarana tai grammoittain Dr Lawsons Pharmacysta.        <\/p>\n<h3>Edut &amp;amp; Fishscale kokaiinin sivuvaikutukset<\/h3>\n<p> Paras vaihtoehto kokaiinille, joka on sek\u00e4 voimakas ett\u00e4 riippuvuutta aiheuttava, on kalasompan kokaiini. Kalasimppukokaiini eroaa muista kokaiinityypeist\u00e4 monin tavoin, mukaan lukien yl\u00e4- ja alam\u00e4et. Voit olla varma, ett\u00e4 saat parhaan mahdollisen kokemuksen, koska kalasommikokaiinia on saatavilla my\u00f6s korkealaatuisena. Se on ihanteellinen k\u00e4ytett\u00e4v\u00e4ksi lyhyiss\u00e4 jaksoissa tai kun sinulla ei ole aikaa koko annokseen, sill\u00e4 se kest\u00e4\u00e4 noin kaksi tuntia otettuna. Kalan suomuinen kokaiini on vain yksi aineen muoto, jota ihmiset nauttivat; sill\u00e4 ei ole kielteisi\u00e4 oikeudellisia tai terveydellisi\u00e4 vaikutuksia. Tehokas kokaiinilaji, jota kutsutaan &#8221;kala-kokaiiniksi&#8221;, on kasvattanut suosiotaan viime aikoina. Vaikka se voi tuottaa voimakkaan korkean, sill\u00e4 voi olla my\u00f6s kielteisi\u00e4 seurauksia, jotka voivat olla kohtalokkaita. Ennen kuin otat Fishscale Cocaine -valmistetta, on t\u00e4rke\u00e4\u00e4 perehty\u00e4 l\u00e4\u00e4kkeen valmistusprosessiin, mahdollisiin hy\u00f6tyihin ja riskeihin sek\u00e4 siit\u00e4, mist\u00e4 sit\u00e4 saa laillisesti. Yksil\u00f6t, jotka p\u00e4\u00e4tt\u00e4v\u00e4t ostaa Fishscale Cocainea verkosta irtotavarana tai pienin\u00e4 annoksina, ovat viime k\u00e4dess\u00e4 vastuussa tietoon perustuvista p\u00e4\u00e4t\u00f6ksist\u00e4 omasta terveydest\u00e4\u00e4n ja hyvinvoinnistaan.         <\/p>\n<h3>Mist\u00e4 ostaa Fishscale Cocaine verkossa?<\/h3>\n<p> Dr. Lawsons Pharmacyssa huumeiden turvallinen varastointi on t\u00e4rkein prioriteettimme, mink\u00e4 vuoksi ostamme Fishscale Cocainea vain arvostetuilta toimittajilta. Varmistaaksemme, ett\u00e4 saat korkealaatuisen tuotteen, kaikki Fishscale Cocaine -tuotteemme k\u00e4yv\u00e4t l\u00e4pi tiukat laadunvalvonta- ja testausmenetelm\u00e4t. Turvallisen toimituksen takaamiseksi pakkaamme ja kuljetamme verkkokaupassa myyt\u00e4v\u00e4n Fishscale Cocaine -tuotteemme huomaamattomasti ja huolellisesti. Tilaa Fishscale Cocaine tukkumyynti nyt!    &nbsp;<\/p>\n","protected":false},"excerpt":{"rendered":"<p>&nbsp;<\/p>\n","protected":false},"featured_media":18694,"comment_status":"closed","ping_status":"closed","template":"","meta":{"om_disable_all_campaigns":false,"_sitemap_exclude":false,"_sitemap_priority":"","_sitemap_frequency":"","_monsterinsights_skip_tracking":false,"_monsterinsights_sitenote_active":false,"_monsterinsights_sitenote_note":"","_monsterinsights_sitenote_category":0},"product_cat":[17361],"product_tag":[17711,17706,17697,17704,17712,17707,17713,17710,17702,17696,17700,17709,17708,17705,17698,17703,17694,17692,17699,17693,17701,17695],"class_list":{"0":"post-28002","1":"product","2":"type-product","3":"status-publish","4":"has-post-thumbnail","6":"product_cat-kokaiini","7":"product_tag-aitoa-kokaiinia-kalan-suomuista-euroopassa","8":"product_tag-halpaa-kokaiinia-kalan-suomuista-euroopassa","9":"product_tag-internetissa-myytavista-kalansuomoista-peraisin-oleva-kokaiini","10":"product_tag-kalan-suomuista-peraisin-oleva-kokaiini-euroopassa","11":"product_tag-kalan-suomuista-peraisin-oleva-kokaiini-euroopassa-fi-2","12":"product_tag-kalan-suomuista-peraisin-oleva-kokaiini-euroopassa-fi","13":"product_tag-kalan-suomuista-peraisin-oleva-kokaiini-eurooppa-katsaus","14":"product_tag-kalan-suomuista-peraisin-oleva-kokaiini-eurooppaan-toimitus","15":"product_tag-kalan-suomuista-peraisin-oleva-kokaiini-ilmainen-toimitus-eurooppaan","16":"product_tag-kalan-suomuista-peraisin-olevan-kokaiinin-vaikutukset","17":"product_tag-kalan-suomuista-saatu-kokaiini-paras-hinta-euroopassa","18":"product_tag-kokaiini-kalan-suomuista-euroopan-alennus","19":"product_tag-kokaiini-kalan-suomuista-europe-shop","20":"product_tag-kokaiini-kalan-suomuista-verkkokaupasta-europe","21":"product_tag-kuinka-paljon-on-kokaiinia-kalan-suomuista","22":"product_tag-mista-ostaa-kokaiinia-kalan-suomuista-euroopassa","23":"product_tag-mista-ostaa-kokaiinia-kalan-suomuista-verkossa","24":"product_tag-osta-kokaiinia-kalan-suomuista","25":"product_tag-osta-kokaiinia-kalan-suomuista-verkossa-euroopassa","26":"product_tag-osta-kokaiinia-kalan-suomuista-verkosta","27":"product_tag-tilaa-kokaiinia-kalan-suomuista-eu","28":"product_tag-tilaa-kokaiinia-kalan-suomuista-verkosta","30":"first","31":"instock","32":"shipping-taxable","33":"purchasable","34":"product-type-variable","35":"farmacie-col"},"aioseo_notices":[],"_links":{"self":[{"href":"https:\/\/lacasadelamedicina.es\/fi\/wp-json\/wp\/v2\/product\/28002"}],"collection":[{"href":"https:\/\/lacasadelamedicina.es\/fi\/wp-json\/wp\/v2\/product"}],"about":[{"href":"https:\/\/lacasadelamedicina.es\/fi\/wp-json\/wp\/v2\/types\/product"}],"replies":[{"embeddable":true,"href":"https:\/\/lacasadelamedicina.es\/fi\/wp-json\/wp\/v2\/comments?post=28002"}],"wp:featuredmedia":[{"embeddable":true,"href":"https:\/\/lacasadelamedicina.es\/fi\/wp-json\/wp\/v2\/media\/18694"}],"wp:attachment":[{"href":"https:\/\/lacasadelamedicina.es\/fi\/wp-json\/wp\/v2\/media?parent=28002"}],"wp:term":[{"taxonomy":"product_cat","embeddable":true,"href":"https:\/\/lacasadelamedicina.es\/fi\/wp-json\/wp\/v2\/product_cat?post=28002"},{"taxonomy":"product_tag","embeddable":true,"href":"https:\/\/lacasadelamedicina.es\/fi\/wp-json\/wp\/v2\/product_tag?post=28002"}],"curies":[{"name":"wp","href":"https:\/\/api.w.org\/{rel}","templated":true}]}}