{"id":27996,"date":"2024-08-09T14:02:09","date_gmt":"2024-08-09T14:02:09","guid":{"rendered":"https:\/\/lacasadelamedicina.es\/product\/osta-punaista-nestemaista-elohopeaa-verkosta\/"},"modified":"2024-08-09T14:02:09","modified_gmt":"2024-08-09T14:02:09","slug":"osta-punaista-nestemaista-elohopeaa-verkosta","status":"publish","type":"product","link":"https:\/\/lacasadelamedicina.es\/fi\/tuote\/osta-punaista-nestemaista-elohopeaa-verkosta\/","title":{"rendered":"Osta punaista nestem\u00e4ist\u00e4 elohopeaa verkosta"},"content":{"rendered":"<h2>Punainen nestem\u00e4inen elohopea &#8211; Osta punainen nestem\u00e4inen elohopea verkosta, punainen nestem\u00e4inen elohopea myynniss\u00e4 Euroopassa<\/h2>\n<p> Osta punaista nestem\u00e4ist\u00e4 elohopeaa &#8211; Dr Lawsons Pharmacy on paras verkkokauppa, josta voit ostaa punaista nestem\u00e4ist\u00e4 elohopeaa ja tilata punaista nestem\u00e4ist\u00e4 elohopeaa Euroopassa parhaaseen ja edulliseen hintaan. <a href=\"https:\/\/drlawsonspharmacy\/contact-us\/\"><a href=\"https:\/\/drlawsonspharmacy\/contact-us\/\">OTA YHTEYTT\u00c4 &#8211; Osta punaista nestem\u00e4ist\u00e4 elohopeaa verkosta<\/a><\/a><\/p>\n<h3>Mik\u00e4 on punainen nestem\u00e4inen elohopea?<\/h3>\n<p> Kirsikanpunainen nestem\u00e4inen elohopea, jota joskus kutsutaan verkossa punaiseksi nestem\u00e4iseksi elohopeaksi, on puolineste. Ydinaseiden kehityst\u00e4 ja valmistusta ymp\u00e4r\u00f6i uskomaton salailu. Sen suuri tiheys on 20,2 g\/cm3. Sit\u00e4 k\u00e4ytet\u00e4\u00e4n usein ydinaseiden moniselitteiseen koostumukseen, ja sit\u00e4 pidet\u00e4\u00e4n huijareiden temppuna.    <\/p>\n<h3>Punaisen nestem\u00e4isen elohopean edut:<\/h3>\n<p> T\u00e4m\u00e4 komponentti on t\u00e4rke\u00e4 my\u00f6s ihmisten terveydelle. k\u00e4ytet\u00e4\u00e4n huovutuksessa kaivostoiminnassa k\u00e4ytett\u00e4vien hattujen valmistukseen kullan ja hopean sekoituksen valmistamiseksi, jota heikoimmassa asemassa olevat ty\u00f6ntekij\u00e4t k\u00e4ytt\u00e4v\u00e4t. Kuinka k\u00e4ytt\u00e4\u00e4 punaista nestem\u00e4ist\u00e4 elohopeaa? Jotta voit olla varovaisempi k\u00e4ytt\u00e4ess\u00e4si t\u00e4llaista laitetta, sinun tulee kiinnitt\u00e4\u00e4 huomiota pieniin vinkkeihin. Punaisessa nestem\u00e4isess\u00e4 muodossa olevaa elohopeaa on k\u00e4sitelt\u00e4v\u00e4 suojak\u00e4sineill\u00e4 ja suojak\u00e4sineill\u00e4. Se takaa, ett\u00e4 selvi\u00e4mme miss\u00e4 tahansa tilanteessa.      <\/p>\n<h3>Mist\u00e4 ostaa Red Liquid Mercurya?<\/h3>\n<p> Dr. Lawsons Pharmacy on yksi laillisista, ISO-sertifioiduista yrityksist\u00e4, jotka valmistavat korkealaatuista punaista nestem\u00e4ist\u00e4 elohopeaa. Olemme sitoutuneet tarjoamaan elohopeaa kohtuulliseen markkinahintaan tinkim\u00e4tt\u00e4 laadusta. Siksi voit tilata Red Liquid Mercuryn milloin tahansa.   <\/p>\n<h3>Miksi ostaa punaista nestem\u00e4ist\u00e4 elohopeaa LegitChemicalsilta?<\/h3>\n<p> Tarjoamme vain luonnontuotteita. Toimitamme ajoissa useille alueille. k\u00e4tev\u00e4 k\u00e4ytt\u00e4\u00e4 miss\u00e4 tahansa tilanteessa   <strong>Tilaa Red Liquid Mercury &#8211; Osta Red Liquid Mercury verkosta &#8211; Osta Red Liquid Mercury <\/strong><\/p>\n<h3>Kuinka ostaa punaista nestem\u00e4ist\u00e4 elohopeaa?<\/h3>\n<p> Euroopassa myyt\u00e4v\u00e4n Red Liquid Mercuryn k\u00e4ytt\u00e4minen antaa ostajalle mahdollisuuden tilata sen paljon halvemmalla. Se on hyv\u00e4 s\u00e4hk\u00f6johdin, jota on k\u00e4ytetty kytkimien ja akkujen rakentamisessa.<\/p>\n","protected":false},"excerpt":{"rendered":"<p>&nbsp;<\/p>\n","protected":false},"featured_media":18319,"comment_status":"closed","ping_status":"closed","template":"","meta":{"om_disable_all_campaigns":false,"_sitemap_exclude":false,"_sitemap_priority":"","_sitemap_frequency":"","_monsterinsights_skip_tracking":false,"_monsterinsights_sitenote_active":false,"_monsterinsights_sitenote_note":"","_monsterinsights_sitenote_category":0},"product_cat":[17206],"product_tag":[17689,17684,17676,17681,17673,17677,17671,17672,17687,17685,17688,17691,17680,17678,17686,17682,17683,17675,17690,17674,17679,17670],"class_list":{"0":"post-27996","1":"product","2":"type-product","3":"status-publish","4":"has-post-thumbnail","6":"product_cat-tutkimuskemikaalit-ja-psykedeelit","7":"product_tag-aito-punainen-nestemainen-elohopea-eurooppa","8":"product_tag-halpa-punainen-nestemainen-elohopea-eurooppa","9":"product_tag-kuinka-paljon-on-punainen-nestemainen-elohopea","10":"product_tag-mista-ostaa-punaista-nestemaista-elohopeaa-euroopassa","11":"product_tag-mista-ostaa-punaista-nestemaista-elohopeaa-verkossa","12":"product_tag-osta-punaista-nestemaista-elohopeaa-verkosta-euroopassa","13":"product_tag-osta-red-liquid-mercury-fi","14":"product_tag-osta-red-liquid-mercury-verkosta","15":"product_tag-punainen-nestemainen-elohopea-euroopan-alennus","16":"product_tag-punainen-nestemainen-elohopea-euroopassa","17":"product_tag-punainen-nestemainen-elohopea-eurooppa-toimitus","18":"product_tag-punainen-nestemainen-elohopea-eurooppa-katsaus","19":"product_tag-punainen-nestemainen-elohopea-ilmainen-toimitus-eurooppaan","20":"product_tag-punainen-nestemainen-elohopea-paras-hinta-euroopassa","21":"product_tag-punainen-nestemainen-elohopean-eurooppalainen-kauppa","22":"product_tag-punainen-nestemainen-elohopean-myynti-euroopassa","23":"product_tag-punainen-nestemainen-elohopean-verkkokauppa-eurooppa","24":"product_tag-punaisen-nestemaisen-elohopean-myynti-verkossa","25":"product_tag-punaisen-nestemaisen-elohopean-toimittajat-euroopassa","26":"product_tag-punaisen-nestemaisen-elohopean-vaikutukset","27":"product_tag-tilaa-punainen-nestemainen-elohopea-eu","28":"product_tag-tilaa-red-liquid-mercury-verkosta","30":"first","31":"instock","32":"shipping-taxable","33":"purchasable","34":"product-type-variable","35":"farmacie-col"},"aioseo_notices":[],"_links":{"self":[{"href":"https:\/\/lacasadelamedicina.es\/fi\/wp-json\/wp\/v2\/product\/27996"}],"collection":[{"href":"https:\/\/lacasadelamedicina.es\/fi\/wp-json\/wp\/v2\/product"}],"about":[{"href":"https:\/\/lacasadelamedicina.es\/fi\/wp-json\/wp\/v2\/types\/product"}],"replies":[{"embeddable":true,"href":"https:\/\/lacasadelamedicina.es\/fi\/wp-json\/wp\/v2\/comments?post=27996"}],"wp:featuredmedia":[{"embeddable":true,"href":"https:\/\/lacasadelamedicina.es\/fi\/wp-json\/wp\/v2\/media\/18319"}],"wp:attachment":[{"href":"https:\/\/lacasadelamedicina.es\/fi\/wp-json\/wp\/v2\/media?parent=27996"}],"wp:term":[{"taxonomy":"product_cat","embeddable":true,"href":"https:\/\/lacasadelamedicina.es\/fi\/wp-json\/wp\/v2\/product_cat?post=27996"},{"taxonomy":"product_tag","embeddable":true,"href":"https:\/\/lacasadelamedicina.es\/fi\/wp-json\/wp\/v2\/product_tag?post=27996"}],"curies":[{"name":"wp","href":"https:\/\/api.w.org\/{rel}","templated":true}]}}