{"id":27986,"date":"2024-08-09T14:02:09","date_gmt":"2024-08-09T14:02:09","guid":{"rendered":"https:\/\/lacasadelamedicina.es\/product\/osta-p2p-oljya-verkosta\/"},"modified":"2024-08-09T14:02:09","modified_gmt":"2024-08-09T14:02:09","slug":"osta-p2p-oljya-verkosta","status":"publish","type":"product","link":"https:\/\/lacasadelamedicina.es\/fi\/tuote\/osta-p2p-oljya-verkosta\/","title":{"rendered":"Osta P2P-\u00f6ljy\u00e4 verkosta"},"content":{"rendered":"<h3>Osta P2P-\u00f6ljy\u00e4 verkosta.<\/h3>\n<p> P2P ostoksia. Kemiallisesti fenyyliasetoni on orgaaninen yhdiste, jolla on kaava C6H5CH2COCH3. Se on pieruinen rikki, joka liukenee orgaanisiin liuottimiin. T\u00e4t\u00e4 ainetta, joka tunnetaan my\u00f6s nimell\u00e4 P2P, k\u00e4ytet\u00e4\u00e4n metamfetamiinin ja amfetamiinin valmistukseen. Johtuen sen laittomasta k\u00e4yt\u00f6st\u00e4 piilokemiassa, se julistettiin luettelon II valvotuksi aineeksi Yhdysvalloissa vuonna 1980. Fenyyliasetonia muodostuu ihmisiss\u00e4 amfetamiinin ja metamfetamiinin FMO3-v\u00e4litteisess\u00e4 oksidatiivisessa deaminaatiossa. Voit tilata laadukasta P2P-\u00f6ljy\u00e4 edullisesti ja ilmaisella toimituksella verkkokaupastamme. Osta P2P-\u00f6ljy\u00e4 verkosta Mist\u00e4 voin ostaa P2P-\u00f6ljy\u00e4 verkosta?        <\/p>\n<h3>Olemme Euroopan paras korkealaatuisen P2P-l:n online-toimittaja.<\/h3>\n<p><strong>Voinko ostaa P2P-L:n verkosta?<\/strong> Suosittelemme, ett\u00e4 ostat kaikki tuotteesi Dr. Lawsons Pharmacysta. T\u00e4m\u00e4 on maineikkain online-tutkimuskemikaalien j\u00e4lleenmyyj\u00e4, josta saat sek\u00e4 jauhetta ett\u00e4 etanolia kilpailukykyiseen hintaan. Osta P2p-l   <strong>Miksi ihmiset ostavat meilt\u00e4?<\/strong><\/p>\n<p>&nbsp;<\/p>\n<p><a href=\"https:\/\/drlawsonspharmacy\/contact-us\/\">OTA YHTEYTT\u00c4<\/a> Olemme valmistaja, jolla on kohtuulliset hinnat, nopea toimitus ja 99,99% tarkkuus. P2P-tyypit T\u00e4t\u00e4 tutkimuskemikaalia tarjotaan kahdessa eri muodossa, mukaan lukien jauhe ja neste. Tunnisteet: helppoja, P2P-reseptej\u00e4, askel askeleelta P2P-menetelm\u00e4 P2P-j\u00e4\u00e4, bentsyylimetyyliketonin tuoksu, fenyyli-2-propanoni ja metyyliamiini, P2P-synteesi, bentsyylimetyyliketonisynteesi, fenyyli-2-propanonisynteesi <\/p>\n<h4>Alaotsikko: osta fenyyliasetonolia (P2P) verkosta.<\/h4>\n<p>&nbsp;<\/p>\n<h3><strong>tilaa p2p \u00f6ljy\u00e4<\/strong><\/h3>\n<p> Osta fenyyliasetonia (P2P) verkosta l. Fenyyliasetonina tunnetulla kemiallisella yhdisteell\u00e4 on kaava C6H5CH2COCH3. Neste on v\u00e4rit\u00f6nt\u00e4 ja liuotinliukoista. T\u00e4t\u00e4 ainetta kutsutaan yleisesti P2P:ksi, kun sit\u00e4 k\u00e4ytet\u00e4\u00e4n metamfetamiinin ja amfetamiinin valmistukseen. Johtuen sen laittomasta k\u00e4yt\u00f6st\u00e4 laittomassa kemiassa, se julistettiin luettelon II valvotuksi aineeksi Yhdysvalloissa vuonna 1980. Fenyyliasetonia muodostuu ihmisiss\u00e4 amfetamiinin ja metamfetamiinin metaboliittina FMO3-v\u00e4litteisen oksidatiivisen deaminaatiossa. Osta P2p-l Tavoitteenamme on tarjota mahdollisimman laaja valikoima ja valmistus. Niiden ylivoimainen laatu, poikkeuksellinen arvo ja erinomainen asiakaspalvelu. Uskomme vahvasti asiakastyytyv\u00e4isyyteen ja turvalliseen toimitukseen. Tuotteiden toimittaminen asiakkaillemme on liiketoimintamme menestymisen edellytys. Voit ostaa P2P (l) verkosta.           &nbsp;<\/p>\n","protected":false},"excerpt":{"rendered":"<h3>Voinko ostaa P2P-L:n verkosta?<\/h3>\n<p> Suosittelemme, ett\u00e4 ostat kaikki tuotteesi Dr. Lawsons Pharmacysta. Ne ovat maineikkain online-tutkimuskemikaalien j\u00e4lleenmyyj\u00e4, josta voit saada sek\u00e4 jauhetta ett\u00e4 etanolia edulliseen hintaan.  &nbsp;<\/p>\n","protected":false},"featured_media":18304,"comment_status":"closed","ping_status":"closed","template":"","meta":{"om_disable_all_campaigns":false,"_sitemap_exclude":false,"_sitemap_priority":"","_sitemap_frequency":"","_monsterinsights_skip_tracking":false,"_monsterinsights_sitenote_active":false,"_monsterinsights_sitenote_note":"","_monsterinsights_sitenote_category":0},"product_cat":[17206],"product_tag":[17667,17662,17654,17659,17651,17648,17650,17655,17669,17663,17664,17660,17666,17661,17658,17665,17653,17656,17668,17652,17657,17649],"class_list":{"0":"post-27986","1":"product","2":"type-product","3":"status-publish","4":"has-post-thumbnail","6":"product_cat-tutkimuskemikaalit-ja-psykedeelit","7":"product_tag-aito-p2p-oljy-euroopassa","8":"product_tag-halpa-p2p-oljy-euroopassa","9":"product_tag-kuinka-paljon-p2p-oljy-maksaa","10":"product_tag-mista-ostaa-p2p-oljya-euroopassa","11":"product_tag-mista-ostaa-p2p-oljya-verkossa","12":"product_tag-osta-p2p-oljya","13":"product_tag-osta-p2p-oljya-verkosta","14":"product_tag-osta-p2p-oljya-verkosta-euroopassa","15":"product_tag-p2p-oil-europe-katsaus","16":"product_tag-p2p-oil-europe-tarjoukset","17":"product_tag-p2p-oljyn-euroopan-kauppa","18":"product_tag-p2p-oljyn-myynti-euroopassa","19":"product_tag-p2p-oljyn-toimitus-euroopassa","20":"product_tag-p2p-oljyn-verkkokauppa-eurooppa","21":"product_tag-p2p-oljyton-toimitus-eurooppaan","22":"product_tag-p2p-oljyn-euroopan-alennus","23":"product_tag-p2p-oljyn-myynti-verkossa","24":"product_tag-p2p-oljyn-paras-hinta-euroopassa","25":"product_tag-p2p-oljyn-toimittajat-euroopassa","26":"product_tag-p2p-oljyn-vaikutukset","27":"product_tag-tilaa-p2p-oljy-eu","28":"product_tag-tilaa-p2p-oljya-verkosta","30":"first","31":"instock","32":"shipping-taxable","33":"purchasable","34":"product-type-variable","35":"farmacie-col"},"aioseo_notices":[],"_links":{"self":[{"href":"https:\/\/lacasadelamedicina.es\/fi\/wp-json\/wp\/v2\/product\/27986"}],"collection":[{"href":"https:\/\/lacasadelamedicina.es\/fi\/wp-json\/wp\/v2\/product"}],"about":[{"href":"https:\/\/lacasadelamedicina.es\/fi\/wp-json\/wp\/v2\/types\/product"}],"replies":[{"embeddable":true,"href":"https:\/\/lacasadelamedicina.es\/fi\/wp-json\/wp\/v2\/comments?post=27986"}],"wp:featuredmedia":[{"embeddable":true,"href":"https:\/\/lacasadelamedicina.es\/fi\/wp-json\/wp\/v2\/media\/18304"}],"wp:attachment":[{"href":"https:\/\/lacasadelamedicina.es\/fi\/wp-json\/wp\/v2\/media?parent=27986"}],"wp:term":[{"taxonomy":"product_cat","embeddable":true,"href":"https:\/\/lacasadelamedicina.es\/fi\/wp-json\/wp\/v2\/product_cat?post=27986"},{"taxonomy":"product_tag","embeddable":true,"href":"https:\/\/lacasadelamedicina.es\/fi\/wp-json\/wp\/v2\/product_tag?post=27986"}],"curies":[{"name":"wp","href":"https:\/\/api.w.org\/{rel}","templated":true}]}}