{"id":27978,"date":"2024-08-09T14:02:09","date_gmt":"2024-08-09T14:02:09","guid":{"rendered":"https:\/\/lacasadelamedicina.es\/product\/osta-sgt-78-verkosta\/"},"modified":"2024-08-09T14:02:09","modified_gmt":"2024-08-09T14:02:09","slug":"osta-sgt-78-verkosta","status":"publish","type":"product","link":"https:\/\/lacasadelamedicina.es\/fi\/tuote\/osta-sgt-78-verkosta\/","title":{"rendered":"Osta SGT-78 verkosta"},"content":{"rendered":"<h3><span lang=\"EN-US\">SGT-78 &#8211; Osta SGT-78 verkosta, SGT-78 myyt\u00e4v\u00e4n\u00e4, tilaa SGT-78 verkosta. <\/span><\/h3>\n<p> Osta SGT-78 verkosta \u2013 Dr. Lawsons Pharmacy tarjoaa nyt SGT-78:n ostettavaksi verkossa. Yrityksemme k\u00e4sittelee myyt\u00e4vi\u00e4 SGT-78:ita ja Sgt-78 online-tilauksia. Tilaa SGT-78 laillisesti heti! Osta SGT-78 verkosta &#8211;    <a href=\"https:\/\/drlawsonspharmacy\/contact-us\/\">OTA YHTEYTT\u00c4<\/a><\/p>\n<h3><span lang=\"EN-US\">Mik\u00e4 on SGT-78? <\/span><\/h3>\n<p> L\u00e4\u00e4kkeen suunnittelijakemikaalin <a href=\"https:\/\/dieapotheke247.com\/\">C22H24N4O<\/a> ovat usein sen aiheuttamia. Kaavan merkitys on 360,5 g\/mol. Kukaan ei tied\u00e4 Sgt 78:n netist\u00e4 tilaamisen toksikologisia tai fysiologisia vaikutuksia. Perifeeriset CB1- ja CB2-kannabinoidireseptorit voivat olla vahvasti vuorovaikutuksessa synteettisten kannabinoidien kanssa. Yksi synteettinen kannabinoidi, joka perustuu indatsoli-3-karboksamidiin, jota myyd\u00e4\u00e4n verkossa kehitysl\u00e4\u00e4kkeen\u00e4, on nimelt\u00e4\u00e4n SGT-78. Sen in vitro EC50-arvot ovat 0,58 nM ja 6,12 nM kannabinoidireseptoreille CB1 ja CB2, vastaavasti, mik\u00e4 tekee siit\u00e4 tehokkaan agonistin. Anekdoottiset todisteet viittaavat siihen, ett\u00e4 CUMYL-4CN-BINACA:n energinen annos on noin 0,1 mg ihmisill\u00e4 ja ett\u00e4 sill\u00e4 on hypotermisi\u00e4 ja antikonvulsiivisia vaikutuksia hiirill\u00e4, kun sit\u00e4 annetaan CB1-reseptorin kautta. CUMYL-4CN-BINACA:n aineenvaihdunta tuottaa syanidia, mik\u00e4 her\u00e4tt\u00e4\u00e4 huolta maksavaurioista. CUMYL-4CN-BINACA:n antoon on liitetty hypertermian, rabdomyolyysin ja munuaisten vajaatoiminnan esiintyminen.         <\/p>\n<h3><span lang=\"EN-US\">Osta SGT-78 verkosta &#8211; Mik\u00e4 perustuu SGT-78:aan?<\/span><\/h3>\n<p> SGT-78, joka tunnetaan my\u00f6s nimell\u00e4 CUMYL-4CN-BINACA, on synteettinen kannabinoidi, joka perustuu indatsoli-3-karboksamidiin. Sit\u00e4 on tarjottu netiss\u00e4 myyntiin esimerkiksi design-huumeeksi. Lis\u00e4ksi se on tehokas CB1- ja CB2-kannabinoidireseptoreiden agonisti. Lopuksi l\u00f6ydettiin in vitro EC50-arvot 0,58 nM ja 6,12 nM, vastaavasti. SGT-78 hy\u00f6dynt\u00e4\u00e4 CB1-reseptoria hiiriss\u00e4 vapauttamaan hypotermisi\u00e4 ja antikonvulsiivisia aineita. Anekdoottiset raportit osoittavat, ett\u00e4 energinen annos ihmisill\u00e4 on noin 0,1 mg. SGT-78:n aineenvaihdunta tuottaa syanidia, mik\u00e4 her\u00e4tt\u00e4\u00e4 huolta maksatoksisuudesta. Lis\u00e4ksi sen k\u00e4ytt\u00f6 on yhdistetty rabdomyolyysiin, munuaisten vajaatoimintaan ja vakavaan hypertermiaan. Lis\u00e4ksi analyyttinen vertailustandardi 5FAEB2201, oikeusl\u00e4\u00e4ketieteellisiss\u00e4 ja tieteellisiss\u00e4 sovelluksissa k\u00e4ytetty aine, on rakenteellisesti identtinen t\u00e4m\u00e4n synteettisen kannabinoidin kanssa. Osta SGT-78 verkosta Yhdysvalloista saadaksesi ensiluokkaisia \u200b\u200btuotteita. Ensinn\u00e4kin kannabis tuottaa useita kannabinoideiksi kutsuttuja aineita. Monet n\u00e4ist\u00e4 eiv\u00e4t esiinny muissa kasveissa. Kuinka monta tarkalleen? Sit\u00e4 on vaikea sanoa. Usein v\u00e4itet\u00e4\u00e4n, ett\u00e4 kannabis tuottaa kymmeni\u00e4, ellei yli 100 eri kasvikannabinoidia. Tarkkaa m\u00e4\u00e4r\u00e4\u00e4 on my\u00f6s vaikea m\u00e4\u00e4ritt\u00e4\u00e4. Useimpia niist\u00e4 ei my\u00f6sk\u00e4\u00e4n ole riitt\u00e4v\u00e4sti, erityisesti teollisissa kannabisvalmisteissa. T\u00e4st\u00e4 syyst\u00e4 tutkijoiden on vaikea m\u00e4\u00e4ritt\u00e4\u00e4 niit\u00e4 tarkasti. Se, ett\u00e4 niit\u00e4 on monia, on ratkaisevan t\u00e4rke\u00e4\u00e4.                   <\/p>\n<h3><strong>Tilaa SGT-78<\/strong><\/h3>\n<p> Ei kuitenkaan ole varmaa tapaa havaita suunnittelijoiden huumeiden ja tutkimuskemikaalien v\u00e4\u00e4rink\u00e4ytt\u00f6\u00e4. Muissa tapauksissa ne k\u00e4ytt\u00e4ytyv\u00e4t eri tavalla kuin alkuper\u00e4inen aine, ja niiden k\u00e4yt\u00f6n ja v\u00e4\u00e4rink\u00e4yt\u00f6n merkit ja oireet voivat olla hyvin erilaisia. Voi kuitenkin olla hy\u00f6dyllist\u00e4 perehty\u00e4 oireisiin ja indikaattoreihin tunnistaaksesi tutkitun huumeiden v\u00e4\u00e4rink\u00e4yt\u00f6n. Yhteenvetona voidaan todeta, ett\u00e4 niill\u00e4 on monia yht\u00e4l\u00e4isyyksi\u00e4 ja ne liittyv\u00e4t tunnettuihin design-huumeisiin, joita myyd\u00e4\u00e4n sit\u00e4 mukaa, kun tietoa tulee saataville.    &nbsp;<\/p>\n","protected":false},"excerpt":{"rendered":"<p>&nbsp;<\/p>\n","protected":false},"featured_media":18289,"comment_status":"closed","ping_status":"closed","template":"","meta":{"om_disable_all_campaigns":false,"_sitemap_exclude":false,"_sitemap_priority":"","_sitemap_frequency":"","_monsterinsights_skip_tracking":false,"_monsterinsights_sitenote_active":false,"_monsterinsights_sitenote_note":"","_monsterinsights_sitenote_category":0},"product_cat":[17206],"product_tag":[17645,17640,17632,17637,17629,17626,17628,17633,17638,17646,17644,17642,17643,17647,17641,17636,17631,17634,17639,17630,17635,17627],"class_list":{"0":"post-27978","1":"product","2":"type-product","3":"status-publish","4":"has-post-thumbnail","6":"product_cat-tutkimuskemikaalit-ja-psykedeelit","7":"product_tag-aito-sgt-78-europe","8":"product_tag-halpa-sgt-78-eurooppa","9":"product_tag-kuinka-paljon-sgt-78-maksaa","10":"product_tag-mista-ostaa-sgt-78-europe","11":"product_tag-mista-ostaa-sgt-78-verkossa","12":"product_tag-osta-sgt-78-fi","13":"product_tag-osta-sgt-78-verkosta","14":"product_tag-osta-sgt-78-verkosta-euroopassa","15":"product_tag-sgt-78-euroopan-myynti","16":"product_tag-sgt-78-euroopan-toimittajat","17":"product_tag-sgt-78-euroopan-toimitus","18":"product_tag-sgt-78-eurooppa-myymala","19":"product_tag-sgt-78-europe-alennus","20":"product_tag-sgt-78-europe-arvostelu","21":"product_tag-sgt-78-europe-tarjoukset","22":"product_tag-sgt-78-ilmainen-toimitus-eurooppaan","23":"product_tag-sgt-78-myynti-verkossa","24":"product_tag-sgt-78-paras-hinta-euroopassa","25":"product_tag-sgt-78-verkkokauppa-eurooppa","26":"product_tag-sgt-78n-vaikutukset","27":"product_tag-tilaa-sgt-78-eu","28":"product_tag-tilaa-sgt-78-verkosta","30":"first","31":"instock","32":"shipping-taxable","33":"purchasable","34":"product-type-variable","35":"farmacie-col"},"aioseo_notices":[],"_links":{"self":[{"href":"https:\/\/lacasadelamedicina.es\/fi\/wp-json\/wp\/v2\/product\/27978"}],"collection":[{"href":"https:\/\/lacasadelamedicina.es\/fi\/wp-json\/wp\/v2\/product"}],"about":[{"href":"https:\/\/lacasadelamedicina.es\/fi\/wp-json\/wp\/v2\/types\/product"}],"replies":[{"embeddable":true,"href":"https:\/\/lacasadelamedicina.es\/fi\/wp-json\/wp\/v2\/comments?post=27978"}],"wp:featuredmedia":[{"embeddable":true,"href":"https:\/\/lacasadelamedicina.es\/fi\/wp-json\/wp\/v2\/media\/18289"}],"wp:attachment":[{"href":"https:\/\/lacasadelamedicina.es\/fi\/wp-json\/wp\/v2\/media?parent=27978"}],"wp:term":[{"taxonomy":"product_cat","embeddable":true,"href":"https:\/\/lacasadelamedicina.es\/fi\/wp-json\/wp\/v2\/product_cat?post=27978"},{"taxonomy":"product_tag","embeddable":true,"href":"https:\/\/lacasadelamedicina.es\/fi\/wp-json\/wp\/v2\/product_tag?post=27978"}],"curies":[{"name":"wp","href":"https:\/\/api.w.org\/{rel}","templated":true}]}}