{"id":27953,"date":"2024-08-09T14:02:09","date_gmt":"2024-08-09T14:02:09","guid":{"rendered":"https:\/\/lacasadelamedicina.es\/product\/osta-nembutal-jauhe-verkosta\/"},"modified":"2024-08-09T14:02:09","modified_gmt":"2024-08-09T14:02:09","slug":"osta-nembutal-jauhe-verkosta","status":"publish","type":"product","link":"https:\/\/lacasadelamedicina.es\/fi\/tuote\/osta-nembutal-jauhe-verkosta\/","title":{"rendered":"Osta Nembutal-jauhe verkosta"},"content":{"rendered":"<h3>Nembutal Powder &#8211; Osta Nembutal Online, Nembutal Powder myyt\u00e4v\u00e4n\u00e4.<\/h3>\n<p> Nembutal-kemikaalit toimitamme parhaiten Yhdysvalloissa ja voit ostaa korkealaatuista Nembutal-jauhetta kohtuulliseen hintaan. Tilaa Nembutal verkosta!  <strong>Osta Nembutal-jauhe verkossa<\/strong>  &#8211;  <a href=\"https:\/\/drlawsonspharmacy\/contact-us\/\">OTA YHTEYTT\u00c4<\/a><\/p>\n<h3>Mik\u00e4 on Nembutal-jauhe?<\/h3>\n<p> Barbituraatit ovat l\u00e4\u00e4keluokka, johon Nembutal-jauhe kuuluu. T\u00e4t\u00e4 kemikaalia k\u00e4ytet\u00e4\u00e4n sek\u00e4 anestesiassa ett\u00e4 psykiatriassa potilaiden hoitoon, joilla on ongelmia, kuten unih\u00e4iri\u00f6it\u00e4, epilepsiaa ja aivovammoja. Nyky\u00e4\u00e4n t\u00e4m\u00e4n l\u00e4\u00e4kkeen valmistajaan tai Internet-j\u00e4lleenmyyj\u00e4\u00e4n voi ottaa suoraan yhteytt\u00e4. Osta verkosta Nembutal-jauhetta, joka aiheuttaa rentouttavan uneliaisuuden ja lievitt\u00e4\u00e4 ep\u00e4mukavuutta. T\u00e4m\u00e4 voidaan antaa ruiskuttamalla liuosta lihaksiin. T\u00e4m\u00e4 on tehty viralliseksi ja terapeuttisten tuotteiden hallinto harkitsee ohjelman lykk\u00e4\u00e4mist\u00e4.      <\/p>\n<h3><strong>Tilaa Nembutal-jauhe<\/strong> \u2013 Nembutalin k\u00e4ytt\u00f6tarkoitukset.<\/h3>\n<ul>\n<li>Nembutal-jauheen p\u00e4\u00e4asialliset k\u00e4ytt\u00f6tarkoitukset ovat unettomuuden lyhytaikainen hoito. T\u00e4m\u00e4 saa ihmiset nukkumaan rauhallisesti jonkin aikaa. <\/li>\n<li>H\u00e4t\u00e4tapauksissa l\u00e4\u00e4k\u00e4rit ja esianestesia k\u00e4ytt\u00e4v\u00e4t t\u00e4t\u00e4 kemikaalia ennen leikkausta. T\u00e4m\u00e4 l\u00e4\u00e4keannos tuottaa paremman vaikutuksen ja kest\u00e4\u00e4 kunnes tarvitaan ennen anestesiaa. <\/li>\n<li>T\u00e4m\u00e4n l\u00e4\u00e4kkeen l\u00e4\u00e4kett\u00e4 k\u00e4ytet\u00e4\u00e4n v\u00e4hent\u00e4m\u00e4\u00e4n painetta kallossa traumaattisen aivovaurion yhteydess\u00e4.<\/li>\n<li>Sit\u00e4 k\u00e4ytet\u00e4\u00e4n my\u00f6s eutanasia-aineena el\u00e4imille ja ihmisille.<\/li>\n<li>Sit\u00e4 k\u00e4ytet\u00e4\u00e4n p\u00e4\u00e4asiassa ihmisille, jotka ovat riippuvaisia \u200b\u200bhuumeista ja alkoholista saadakseen sen hallintaan.<\/li>\n<\/ul>\n<h3>Mist\u00e4 ostaa Nembutal-jauhetta?<\/h3>\n<ul>\n<li>Markkinoilla on lukuisia jauhetun Nembutalin valmistajia. Sinun on kuitenkin oltava eritt\u00e4in varovainen valitessasi oikeaa. Yksi helpoimmista tavoista saada Nembutal mahdollisimman pian on ostaa se verkosta.  <\/li>\n<li>L\u00f6yd\u00e4t luotettavia l\u00e4hteit\u00e4 t\u00e4m\u00e4n tuotteen lailliseen myyntiin. Useimmat ihmiset ovat tietoisia barbituraattien lievist\u00e4 sivuvaikutuksista. <\/li>\n<li><strong>Osta Nembutal-jauhe verkosta<\/strong> tarjoaa hyv\u00e4n v\u00e4rin, joka kest\u00e4\u00e4 pitki\u00e4 p\u00e4ivi\u00e4 ja j\u00e4tt\u00e4\u00e4 kokonaisvaikutelman.<\/li>\n<li>Olisi parasta, jos sinulla on lupa ottaa suuria m\u00e4\u00e4ri\u00e4 kerralla, koska yliannostuksella olisi vakavia vaikutuksia k\u00e4ytt\u00e4jiin.<\/li>\n<\/ul>\n<p>&nbsp;<\/p>\n","protected":false},"excerpt":{"rendered":"<p>&nbsp;<\/p>\n","protected":false},"featured_media":18244,"comment_status":"closed","ping_status":"closed","template":"","meta":{"om_disable_all_campaigns":false,"_sitemap_exclude":false,"_sitemap_priority":"","_sitemap_frequency":"","_monsterinsights_skip_tracking":false,"_monsterinsights_sitenote_active":false,"_monsterinsights_sitenote_note":"","_monsterinsights_sitenote_category":0},"product_cat":[17206],"product_tag":[17579,17574,17566,17571,17562,17580,17578,17581,17576,17572,17575,17577,17570,17568,17573,17565,17564,17561,17567,17560,17569,17563],"class_list":{"0":"post-27953","1":"product","2":"type-product","3":"status-publish","4":"has-post-thumbnail","6":"product_cat-tutkimuskemikaalit-ja-psykedeelit","7":"product_tag-aito-nembutal-jauhe-euroopassa","8":"product_tag-halpa-nembutal-jauhe-euroopassa","9":"product_tag-kuinka-paljon-nembutal-jauhe-on","10":"product_tag-mista-ostaa-nembutal-jauhetta-euroopassa","11":"product_tag-mista-ostaa-nembutal-jauhetta-verkossa","12":"product_tag-nembutal-jauhe-euroopan-toimittajat","13":"product_tag-nembutal-jauhe-euroopan-toimitus","14":"product_tag-nembutal-powder-europe-arvostelu","15":"product_tag-nembutal-jauhe-euroopan-kauppa","16":"product_tag-nembutal-jauhe-euroopassa","17":"product_tag-nembutal-jauhe-euroopassa-fi","18":"product_tag-nembutal-jauhe-euroopassa-alennus","19":"product_tag-nembutal-jauhe-ilmainen-toimitus-eurooppaan","20":"product_tag-nembutal-jauhe-paras-hinta-euroopassa","21":"product_tag-nembutal-jauhe-verkkokauppa-eurooppa","22":"product_tag-nembutal-jauheen-myynti-verkossa","23":"product_tag-nembutal-jauheen-vaikutukset","24":"product_tag-osta-nembutal-jauhe-verkosta","25":"product_tag-osta-nembutal-jauhetta-verkosta-euroopassa","26":"product_tag-ostaa-nembutaalijauhetta","27":"product_tag-tilaa-nembutal-jauhe-eu","28":"product_tag-tilaa-nembutal-jauhe-verkosta","30":"first","31":"instock","32":"shipping-taxable","33":"purchasable","34":"product-type-variable","35":"farmacie-col"},"aioseo_notices":[],"_links":{"self":[{"href":"https:\/\/lacasadelamedicina.es\/fi\/wp-json\/wp\/v2\/product\/27953"}],"collection":[{"href":"https:\/\/lacasadelamedicina.es\/fi\/wp-json\/wp\/v2\/product"}],"about":[{"href":"https:\/\/lacasadelamedicina.es\/fi\/wp-json\/wp\/v2\/types\/product"}],"replies":[{"embeddable":true,"href":"https:\/\/lacasadelamedicina.es\/fi\/wp-json\/wp\/v2\/comments?post=27953"}],"wp:featuredmedia":[{"embeddable":true,"href":"https:\/\/lacasadelamedicina.es\/fi\/wp-json\/wp\/v2\/media\/18244"}],"wp:attachment":[{"href":"https:\/\/lacasadelamedicina.es\/fi\/wp-json\/wp\/v2\/media?parent=27953"}],"wp:term":[{"taxonomy":"product_cat","embeddable":true,"href":"https:\/\/lacasadelamedicina.es\/fi\/wp-json\/wp\/v2\/product_cat?post=27953"},{"taxonomy":"product_tag","embeddable":true,"href":"https:\/\/lacasadelamedicina.es\/fi\/wp-json\/wp\/v2\/product_tag?post=27953"}],"curies":[{"name":"wp","href":"https:\/\/api.w.org\/{rel}","templated":true}]}}