{"id":27951,"date":"2024-08-09T14:02:09","date_gmt":"2024-08-09T14:02:09","guid":{"rendered":"https:\/\/lacasadelamedicina.es\/product\/osta-gamma-butyrolaktoni-gbl-verkosta\/"},"modified":"2024-08-09T14:02:09","modified_gmt":"2024-08-09T14:02:09","slug":"osta-gamma-butyrolaktoni-gbl-verkosta","status":"publish","type":"product","link":"https:\/\/lacasadelamedicina.es\/fi\/tuote\/osta-gamma-butyrolaktoni-gbl-verkosta\/","title":{"rendered":"Osta Gamma-butyrolaktoni (GBL) verkosta"},"content":{"rendered":"<h3>Gamma-butyrolaktoni myyt\u00e4v\u00e4n\u00e4, osta GBL verkosta SAKSASTA, tilaa GBL verkosta<\/h3>\n<p> Osta gammabutyrolaktoni (GBL) verkosta \u2013 Vaikka GHB ja GBL ovat merkitt\u00e4vi\u00e4 keskushermostoa lamaavia aineita k\u00e4yt\u00e4nn\u00f6ss\u00e4 kaikissa el\u00e4viss\u00e4 olennoissa, ei viel\u00e4 tiedet\u00e4, kuinka ne vaikuttavat aivoihin. N\u00e4iden pulmien ratkaiseminen voisi auttaa meit\u00e4 ymm\u00e4rt\u00e4m\u00e4\u00e4n aivotoiminnan perustavanlaatuisimpia piirteit\u00e4. GHB:n ja GBL:n optinen tunnistus koskee todenn\u00e4k\u00f6isesti <a href=\"https:\/\/dieapotheke247.com\/\">b<\/a>iologinen tutkimus n\u00e4ist\u00e4 neurodepressanteista voi olla hy\u00f6dyllist\u00e4. Lis\u00e4ksi GHB ja GBL ovat niit\u00e4 neurologisia lajeja, joille antureita on erityisen vaikea rakentaa niiden yksinkertaisen rakenteen ja vastekohtien puutteen vuoksi. Tiet\u00e4myksemme ja luotettavuutemme gammabutyrolaktonin online-myynniss\u00e4 olemme tulleet yhdeksi suosituimmista yrityksist\u00e4, ja kirjaimellisesti tuhannet kuluttajat ymp\u00e4ri maailmaa tilaavat GBL:\u00e4\u00e4. Osta Gamma-butyrolaktoni (GBL) verkosta      <a href=\"https:\/\/drlawsonspharmacy\/contact-us\/\"><a href=\"https:\/\/drlawsonspharmacy\/contact-us\/\">OTA YHTEYTT\u00c4 Osta Gamma Butyrolactone (GBL) verkosta &#8211;<\/a> <\/a><\/p>\n<h3>Mik\u00e4 on GBL?<\/h3>\n<p> Se on v\u00e4rit\u00f6n, hygroskooppinen neste, joka sekoittuu veteen ja jolla on liev\u00e4 tuoksu. Alkeisimmat ovat 4-hiililaktonit. GBL toimii ihmisill\u00e4 -hydroksivoihapon GHB:n aihiol\u00e4\u00e4kkeen\u00e4 ja keskushermostoa lamaavana aineena virkistysk\u00e4yt\u00f6ss\u00e4, jolla on barbituraatin kaltaisia \u200b\u200bvaikutuksia. Se muunnetaan v\u00e4lituotteeksi muiksi yhdisteiksi, kuten metyyli-2-pyrrolidoniksi. GBL-uutteita esiintyi v\u00e4\u00e4rent\u00e4m\u00e4tt\u00f6m\u00e4n viinin n\u00e4ytteiss\u00e4. T\u00e4m\u00e4 havainto osoittaa, ett\u00e4 GBL USA:ta esiintyy luonnostaan \u200b\u200bjoissakin viineiss\u00e4 ja niihin liittyviss\u00e4 tuotteissa. Havaitsemispitoisuuden 5 g\/ml GC\/MS-analyysi helpotti yksinkertaisella eliminaatiotekniikalla. GBL esitet\u00e4\u00e4n usein v\u00e4\u00e4rin ja tarjotaan myyntiin nesteen\u00e4.        <\/p>\n<h3>Miksi ostaa GBL?<\/h3>\n<p> Meill\u00e4 on hyv\u00e4 maine palveluntarjoajana, joka ottaa aina vakavasti velvoitteensa asiakkaitaan kohtaan. Verkkokauppiaat tarjoavat Gamma-Butyrolactone GBL Onlinen ja muita asiaankuuluvia tuotteita kohtuulliseen hintaan. Jotta voimme tilata n\u00e4it\u00e4 GBL-tuotteita, meid\u00e4n on investoitava paljon rahaa.   <\/p>\n<ul>\n<li>Pakkaustiimi pakkaa tilauksesi \u00e4\u00e4rimm\u00e4isen tarkasti, jotta v\u00e4ltyt\u00e4\u00e4n vaurioilta kuljetuksen aikana.<\/li>\n<li>Joten n\u00e4et kuinka helppoa on tilata gamma-butyrolaktoni GBL-puhdistusaine meilt\u00e4 verkosta.<\/li>\n<li>Oli aika, jolloin Gamma-Butyrolacton GBL:n ostaminen oli vaikeaa.<\/li>\n<li>Offline-tilassa pitkien matkojen aikana ja vain silloin, kun se on saatavilla offline-tilassa verkkokaupoissa.<\/li>\n<li>Online-tila syntyi kuitenkin teknisen ja historiallisen kehityksen vuoksi.<\/li>\n<\/ul>\n<p> Gamma-Butyrolactone GBL:n voi ostaa helposti verkkokaupasta edulliseen hintaan k\u00e4ytt\u00e4m\u00e4ll\u00e4 laitteitasi mist\u00e4 tahansa. Sinun ei en\u00e4\u00e4 tarvitse matkustaa, kun voit ostaa Gamma-Butyrolactone GBL:\u00e4\u00e4 verkosta meilt\u00e4 milloin tahansa.  <\/p>\n<h3>Kuinka k\u00e4yt\u00e4n GBL:\u00e4\u00e4?<\/h3>\n<p> T\u00e4m\u00e4 materiaali on tarkoitettu tukemaan l\u00e4\u00e4k\u00e4risi tai muun terveydenhuollon ammattilaisen suosituksia, eik\u00e4 sen ole tarkoitus kattaa kaikkia mahdollisia k\u00e4ytt\u00f6tapoja, varotoimia, yhteisvaikutuksia tai haittavaikutuksia. N\u00e4m\u00e4 tiedot eiv\u00e4t v\u00e4ltt\u00e4m\u00e4tt\u00e4 koske erityist\u00e4 terveydentilaasi. \u00c4l\u00e4 koskaan osta GBL:\u00e4\u00e4 verkosta tai toiselta lisensoidulta terveydenhuollon tarjoajalta pelk\u00e4st\u00e4\u00e4n verkossa lukemiesi tietojen perusteella.   Pyyd\u00e4 aina kiireellist\u00e4 ammattimaista l\u00e4\u00e4ketieteellist\u00e4 neuvontaa l\u00e4\u00e4k\u00e4rilt\u00e4si. <strong><a href=\"https:\/\/legitchemicals.com\/product\/buy-gamma-butyrolactone-gbl-online\/\">Osta GBL verkosta<\/a><\/strong> \u2013 Dr. Lawsons Pharmacy Storessa on myynniss\u00e4 korkealaatuisinta gammahydroksibutyraattia. Osta GHB verkosta, tilaa GHB laillisesti verkosta. Molekyyli gamma-hydroksibutyraatti on l\u00e4sn\u00e4 aivoissa. GHB:ll\u00e4 on rauhoittava vaikutus, joka vaikuttaa useisiin hermoroteihin aivoissa. Sit\u00e4 k\u00e4ytet\u00e4\u00e4n yleisesti huumeena seksuaalisen v\u00e4kivallan helpottamiseen ja juhlahuumeeksi, mink\u00e4 vuoksi se on luokiteltu kielletyksi aineeksi turvallisuussyist\u00e4. Joten saadaksesi GHB GAMMA HYDROXYBUTYRATE:n ja ratkaistaksesi vakavan ongelman sinun on etsitt\u00e4v\u00e4 asianmukainen verkkosivusto. T\u00e4m\u00e4 tuote, joka on edelleen myynniss\u00e4 Yhdysvalloissa huolimatta siit\u00e4, ett\u00e4 se vedettiin pois markkinoilta vuonna 1990, sopii paremmin ratkaisun l\u00f6yt\u00e4miseen ongelmaasi. Osta Gamma-butyrolaktoni (GBL) verkosta        &nbsp;<\/p>\n","protected":false},"excerpt":{"rendered":"<p>(GBL) verkossa alhaisin hinnoin yhdysvaltalaiselta toimittajalta. Heikkohajuista, v\u00e4rit\u00f6nt\u00e4, hygroskooppista nestett\u00e4, joka sekoittuu veteen, kutsutaan -butyrolaktoniksi (GBL). Yksinkertaisin on 4-hiilinen laktoni. GBL toimii ihmisill\u00e4 hydroksivoihapon (GHB) aihiol\u00e4\u00e4kkeen\u00e4 ja sit\u00e4 k\u00e4ytet\u00e4\u00e4n my\u00f6s rentouttavana keskushermostoa lamaavana aineena, jonka vaikutukset ovat samanlaisia \u200b\u200bkuin barbituraateilla. Se on my\u00f6s kemiallinen v\u00e4lituote, jota k\u00e4ytet\u00e4\u00e4n muiden yhdisteiden valmistukseen.     &nbsp;<\/p>\n","protected":false},"featured_media":18229,"comment_status":"closed","ping_status":"closed","template":"","meta":{"om_disable_all_campaigns":false,"_sitemap_exclude":false,"_sitemap_priority":"","_sitemap_frequency":"","_monsterinsights_skip_tracking":false,"_monsterinsights_sitenote_active":false,"_monsterinsights_sitenote_note":"","_monsterinsights_sitenote_category":0},"product_cat":[17206],"product_tag":[17557,17554,17556,17550,17553,17555,17548,17546,17551,17559,17543,17558,17542,17552,17544,17549,17541,17538,17540,17545,17547,17539],"class_list":{"0":"post-27951","1":"product","2":"type-product","3":"status-publish","4":"has-post-thumbnail","6":"product_cat-tutkimuskemikaalit-ja-psykedeelit","7":"product_tag-aito-gammabutyrolaktoni-gbl-euroopassa","8":"product_tag-gamma-butyrolactone-gbl-eurooppa-kauppa","9":"product_tag-gamma-butyrolactone-gbl-toimitus-euroopassa","10":"product_tag-gamma-butyrolaktoni-gbl-myynti-euroopassa","11":"product_tag-gamma-butyrolaktoni-gbl-euroopassa","12":"product_tag-gamma-butyrolaktoni-gbl-euroopassa-alennus","13":"product_tag-gamma-butyrolaktoni-gbl-ilmainen-toimitus-eurooppaan","14":"product_tag-gamma-butyrolaktoni-gbl-paras-hinta-euroopassa","15":"product_tag-gamma-butyrolaktoni-gbl-verkkokauppa-eurooppa","16":"product_tag-gamma-butyrolaktonin-gbl-eurooppa-katsaus","17":"product_tag-gamma-butyrolaktonin-gbl-myynti-verkossa","18":"product_tag-gamma-butyrolaktonin-gbl-toimittajat-euroopassa","19":"product_tag-gamma-butyrolaktonin-gbl-vaikutukset","20":"product_tag-halpa-gamma-butyrolactone-gbl-eurooppa","21":"product_tag-kuinka-paljon-on-gammabutyrolaktoni-gbl","22":"product_tag-mista-ostaa-gamma-butyrolactone-gbl-europe","23":"product_tag-mista-ostaa-gamma-butyrolactone-gbl-verkossa","24":"product_tag-osta-gamma-butyrolactone-gbl","25":"product_tag-osta-gamma-butyrolaktoni-gbl-verkosta","26":"product_tag-osta-gamma-butyrolaktoni-gbl-verkosta-euroopassa","27":"product_tag-tilaa-gamma-butyrolactone-gbl-eu","28":"product_tag-tilaa-gamma-butyrolactone-gbl-verkosta","30":"first","31":"instock","32":"shipping-taxable","33":"purchasable","34":"product-type-variable","35":"farmacie-col"},"aioseo_notices":[],"_links":{"self":[{"href":"https:\/\/lacasadelamedicina.es\/fi\/wp-json\/wp\/v2\/product\/27951"}],"collection":[{"href":"https:\/\/lacasadelamedicina.es\/fi\/wp-json\/wp\/v2\/product"}],"about":[{"href":"https:\/\/lacasadelamedicina.es\/fi\/wp-json\/wp\/v2\/types\/product"}],"replies":[{"embeddable":true,"href":"https:\/\/lacasadelamedicina.es\/fi\/wp-json\/wp\/v2\/comments?post=27951"}],"wp:featuredmedia":[{"embeddable":true,"href":"https:\/\/lacasadelamedicina.es\/fi\/wp-json\/wp\/v2\/media\/18229"}],"wp:attachment":[{"href":"https:\/\/lacasadelamedicina.es\/fi\/wp-json\/wp\/v2\/media?parent=27951"}],"wp:term":[{"taxonomy":"product_cat","embeddable":true,"href":"https:\/\/lacasadelamedicina.es\/fi\/wp-json\/wp\/v2\/product_cat?post=27951"},{"taxonomy":"product_tag","embeddable":true,"href":"https:\/\/lacasadelamedicina.es\/fi\/wp-json\/wp\/v2\/product_tag?post=27951"}],"curies":[{"name":"wp","href":"https:\/\/api.w.org\/{rel}","templated":true}]}}