{"id":27932,"date":"2024-08-09T14:02:13","date_gmt":"2024-08-09T14:02:13","guid":{"rendered":"https:\/\/lacasadelamedicina.es\/product\/osta-perulaista-kokaiinia-verkosta\/"},"modified":"2024-09-09T13:26:20","modified_gmt":"2024-09-09T13:26:20","slug":"osta-perulaista-kokaiinia-verkosta","status":"publish","type":"product","link":"https:\/\/lacasadelamedicina.es\/fi\/tuote\/osta-perulaista-kokaiinia-verkosta\/","title":{"rendered":"Osta perulaista kokaiinia verkosta"},"content":{"rendered":"<h3>Osta perulaista kokaiinia verkosta.<\/h3>\n<p> Etsitk\u00f6 todellista, vahvaa huippua? Dr. Lawsons Pharmacy tarjoaa <a href=\"https:\/\/dieapotheke247.com\/\">O<\/a>nline-tilaus perulaista kokaiinia. Tuotantoprosessilla, joka tuottaa jatkuvasti korkealaatuista kokaiinia, olemme erikoistuneet myym\u00e4\u00e4n vain parasta perulaista kokaiinia verkossa. Perun kokaiini verkossa    <a href=\"https:\/\/drlawsonspharmacy\/contact-us\/\"><a href=\"https:\/\/drlawsonspharmacy\/contact-us\/\">kaufen<\/a><\/a>  &#8211;  <a href=\"https:\/\/dieapotheke247.com\/\"><a href=\"https:\/\/dieapotheke247.com\/\">OTA YHTEYTT\u00c4<\/a><\/a><\/p>\n<p><em>Berliini, Hampuri, M\u00fcnchen, M\u00fcnchen, K\u00f6ln, K\u00f6ln, Frankfurt, Stuttgart, D\u00fcsseldorf, Dortmund, Essen, Leipzig, Bremen, Dresden, Hannover, Hannover, N\u00fcrnberg, N\u00fcrnberg, Duisburg, Bochum, Wuppertal, Bonn, Mannheim, Karlsruhe, Augsburg, Wiesbaden, M\u00fcnster, Gelsenkirchen, Aachen, Chemnitz, Braunschweig, Kiel, Krefeld, Halle, Saale,<\/em><\/p>\n<h3>Miten perulainen kokaiini valmistetaan?<\/h3>\n<p> Kokaiinia yritett\u00e4ess\u00e4 on t\u00e4rke\u00e4\u00e4 ymm\u00e4rt\u00e4\u00e4 prosessit, joita kokaiinia syntyy. Perulaista kokaiinia tuotetaan useilla tavoilla. Perulainen kokaiini syntyy useimmiten k\u00e4ymisen kautta. Kokanlehti\u00e4 liotetaan vedess\u00e4 k\u00e4ymisprosessin aikana, jolloin syntyy kiteytynytt\u00e4 kokaiinihydrokloridia. T\u00e4m\u00e4 menetelm\u00e4 tuottaa korkealaatuisen tuotteen, joka on helppo annostella eik\u00e4 vaadi erityisi\u00e4 ty\u00f6kaluja tai taitoja. Kokaiinin hankkiminen eetterill\u00e4 on toinen tyypillinen prosessi Perussa. Coca-lehdet jalostetaan kokaiinihydrokloridikiteiksi sen j\u00e4lkeen, kun ne on upotettu eetteriliuokseen uuttoprosessin aikana. Uuttoolosuhteet voivat vaihdella, mik\u00e4 tekee t\u00e4st\u00e4 prosessista v\u00e4hemm\u00e4n luotettavan kuin k\u00e4ymisen laadun johdonmukaisuuden kannalta.        <\/p>\n<h3>Osta perulaista kokaiinia verkosta<\/h3>\n<p> Viimeisen\u00e4 mutta ei v\u00e4h\u00e4isimp\u00e4n\u00e4, alikriittist\u00e4 vesiimmersiotekniikkaa (SWIM) k\u00e4ytet\u00e4\u00e4n my\u00f6s kokaiinin saamiseksi Perussa. SWIM-prosessissa kokanlehti\u00e4 liotetaan vedess\u00e4 ilmakeh\u00e4n paineessa, kunnes ne liukenevat nesteeseen, mink\u00e4 j\u00e4lkeen liuenneet kiinte\u00e4t aineet uutetaan tavanomaisilla liuotinuuttomenetelmill\u00e4, kuten tislaamalla tai kiteytt\u00e4m\u00e4ll\u00e4. Jos otat perulaista kokaiinia Dr. Kun tilaat Lawsons Pharmacyn verkosta, voit olla varma, ett\u00e4 saat laadukkaan tuotteen, joka vastaa tarpeitasi.   <\/p>\n<h3>Perun kokaiinin edut<\/h3>\n<p> Perulainen kokaiini on ep\u00e4ilem\u00e4tt\u00e4 yksi maailman eniten k\u00e4ytetyist\u00e4 huumeista. Ja hyv\u00e4st\u00e4 syyst\u00e4 \u2013 se on voimakas piriste, joka voi auttaa sinua tuntemaan olosi energisemm\u00e4ksi ja iloisemmaksi. Perulaiset kokaiinin k\u00e4ytt\u00e4j\u00e4t kertovat usein tuntevansa olonsa energisemm\u00e4ksi ja valppaammaksi aineen nauttimisen j\u00e4lkeen. Lis\u00e4\u00e4ntynyt energia voi tukea tuottavuutta, keskittymist\u00e4 ja ongelmanratkaisua. Dr. Lawsons Pharmacy tarjoaa irtotavarana perulaista kokaiinia, joka voi auttaa k\u00e4ytt\u00e4ji\u00e4 tuntemaan olonsa onnellisemmaksi ja nauttimaan sosiaalisista kokoontumisista, taiteellisista ponnisteluista ja virkistystoiminnasta enemm\u00e4n kuin ilman l\u00e4\u00e4kett\u00e4.     <\/p>\n<h3>Mitk\u00e4 ovat perulaisen kokaiinin k\u00e4yt\u00f6n sivuvaikutukset?<\/h3>\n<p> Perusta per\u00e4isin oleva crack-kokaiini on kanta, jolla on usein suurempi teho kuin muilla crack-kannoilla. T\u00e4m\u00e4 osoittaa, ett\u00e4 perulaisella kokaiinilla voi olla vakavampia fyysisi\u00e4 sivuvaikutuksia verrattuna muihin crack-kokaiinin muotoihin. Kohonnut syke ja verenpaine, lis\u00e4\u00e4ntynyt hengityselinten sairauksien riski, riippuvuus ja k\u00e4ytt\u00e4ytymisen muutokset, psyykkiset sivuvaikutukset, kuten masennus, ahdistuneisuus ja vainoharhaiset ajatukset, vieroitusoireet, pitk\u00e4aikaiset sis\u00e4elinten vauriot, raskausriskit ja muut terveysongelmat. esimerkkej\u00e4 perulaisen kokaiinin k\u00e4yt\u00f6n mahdollisista fyysisist\u00e4 sivuvaikutuksista.   <\/p>\n<h3>Mist\u00e4 voin ostaa aitoa perulaista kokaiinia verkossa?<\/h3>\n<p> Etsitk\u00f6 tapaa kuluttaa kokonaan perulaista kokaiinia ilman pid\u00e4tysvaaraa? Dr. Lawsons Pharmacy on ainoa vaihtoehto. T\u00e4\u00e4lt\u00e4 voit turvallisesti ostaa tukku korkealaatuista perulaista kokaiinia verkossa. Koska tuotteemme ovat vahvempia kuin muut markkinoilla olevat kokaiinityypit, ne ovat erottuvia. Tee ostoksesi nyt!     &nbsp;<\/p>\n","protected":false},"excerpt":{"rendered":"<p>Osta perulaista kokaiinia verkosta. Etsitk\u00f6 todellista, vahvaa huippua? Dr. Lawsons Pharmacy tarjoaa Online-tilaus perulaista kokaiinia. Tuotantoprosessilla, joka tuottaa jatkuvasti korkealaatuista kokaiinia, olemme erikoistuneet myym\u00e4\u00e4n vain parasta perulaista kokaiinia verkossa. Perun kokaiini verkossa kaufen &#8211; OTA YHTEYTT\u00c4 Berliini, Hampuri, M\u00fcnchen, M\u00fcnchen, K\u00f6ln, K\u00f6ln, Frankfurt, Stuttgart, D\u00fcsseldorf, Dortmund, Essen, Leipzig, Bremen, Dresden, Hannover, Hannover, N\u00fcrnberg, N\u00fcrnberg, Duisburg, [&hellip;]<\/p>\n","protected":false},"featured_media":18334,"comment_status":"closed","ping_status":"closed","template":"","meta":{"om_disable_all_campaigns":false,"_sitemap_exclude":false,"_sitemap_priority":"","_sitemap_frequency":"","_monsterinsights_skip_tracking":false,"_monsterinsights_sitenote_active":false,"_monsterinsights_sitenote_note":"","_monsterinsights_sitenote_category":0},"product_cat":[17361],"product_tag":[17513,17511,17508,17500,17505,17497,17496,17501,17495,17502,17515,17510,17509,17506,17499,17514,17512,17498,17507,17504,17503,17494],"class_list":{"0":"post-27932","1":"product","2":"type-product","3":"status-publish","4":"has-post-thumbnail","6":"product_cat-kokaiini","7":"product_tag-aito-perulainen-kokaiini-eurooppa","8":"product_tag-alennus-perulaista-kokaiinia-euroopassa","9":"product_tag-halpa-perulainen-kokaiini-eurooppa","10":"product_tag-kuinka-paljon-perulainen-kokaiini-on","11":"product_tag-mista-ostaa-perulaista-kokaiinia-euroopassa","12":"product_tag-mista-ostaa-perulaista-kokaiinia-verkossa","13":"product_tag-osta-perulaista-kokaiinia-verkosta","14":"product_tag-osta-perulaista-kokaiinia-verkosta-euroopassa","15":"product_tag-ostaa-perulaista-kokaiinia","16":"product_tag-perulainen-kokaiini-paras-hinta-euroopassa","17":"product_tag-perulaisen-kokaiinin-eurooppa-katsaus","18":"product_tag-perulaisen-kokaiinin-eurooppa-kauppa","19":"product_tag-perun-kokaiinin-eurooppa-tarjoukset","20":"product_tag-perun-kokaiinin-myynti-euroopassa","21":"product_tag-perun-kokaiinin-myynti-verkossa","22":"product_tag-perun-kokaiinin-toimittajat-euroopassa","23":"product_tag-perun-kokaiinin-toimitus-euroopassa","24":"product_tag-perun-kokaiinin-vaikutukset","25":"product_tag-perun-kokaiinin-verkkokauppa-eurooppa","26":"product_tag-perun-kokaiiniton-toimitus-eurooppaan","27":"product_tag-tilaa-perulaista-kokaiinia-eusta","28":"product_tag-tilaa-perulaista-kokaiinia-verkosta","30":"first","31":"instock","32":"shipping-taxable","33":"purchasable","34":"product-type-variable","35":"farmacie-col"},"aioseo_notices":[],"_links":{"self":[{"href":"https:\/\/lacasadelamedicina.es\/fi\/wp-json\/wp\/v2\/product\/27932"}],"collection":[{"href":"https:\/\/lacasadelamedicina.es\/fi\/wp-json\/wp\/v2\/product"}],"about":[{"href":"https:\/\/lacasadelamedicina.es\/fi\/wp-json\/wp\/v2\/types\/product"}],"replies":[{"embeddable":true,"href":"https:\/\/lacasadelamedicina.es\/fi\/wp-json\/wp\/v2\/comments?post=27932"}],"wp:featuredmedia":[{"embeddable":true,"href":"https:\/\/lacasadelamedicina.es\/fi\/wp-json\/wp\/v2\/media\/18334"}],"wp:attachment":[{"href":"https:\/\/lacasadelamedicina.es\/fi\/wp-json\/wp\/v2\/media?parent=27932"}],"wp:term":[{"taxonomy":"product_cat","embeddable":true,"href":"https:\/\/lacasadelamedicina.es\/fi\/wp-json\/wp\/v2\/product_cat?post=27932"},{"taxonomy":"product_tag","embeddable":true,"href":"https:\/\/lacasadelamedicina.es\/fi\/wp-json\/wp\/v2\/product_tag?post=27932"}],"curies":[{"name":"wp","href":"https:\/\/api.w.org\/{rel}","templated":true}]}}