{"id":27924,"date":"2024-08-09T14:02:13","date_gmt":"2024-08-09T14:02:13","guid":{"rendered":"https:\/\/lacasadelamedicina.es\/product\/osta-meksikolaista-kokaiinia-verkosta\/"},"modified":"2024-09-09T13:17:41","modified_gmt":"2024-09-09T13:17:41","slug":"osta-meksikolaista-kokaiinia-verkosta","status":"publish","type":"product","link":"https:\/\/lacasadelamedicina.es\/fi\/tuote\/osta-meksikolaista-kokaiinia-verkosta\/","title":{"rendered":"Osta meksikolaista kokaiinia verkosta"},"content":{"rendered":"<h3>Osta meksikolaista kokaiinia verkosta.<\/h3>\n<p> Meksikolaisen kokaiinin ostaminen verkosta voi olla nopea ja turvallinen tapa hankkia huume ilman, ett\u00e4 sinun tarvitsee olla tekemisiss\u00e4 l\u00e4hist\u00f6ll\u00e4si olevien j\u00e4lleenmyyjien tai mustien p\u00f6rssien kanssa. Joten jos haluat ostaa meksikolaista kokaiinia, mutta et tied\u00e4 mist\u00e4 aloittaa, tee tilaus Narco Powdersilta ja toimita se kotiisi. Osta meksikolaista kokaiinia verkosta &#8211;   <a href=\"https:\/\/drlawsonspharmacy\/contact-us\/\">OTA YHTEYTT\u00c4<\/a><\/p>\n<h3>Kuinka meksikolainen kokaiini valmistetaan?<\/h3>\n<p> Kokaiinia on kahta p\u00e4\u00e4tyyppi\u00e4: meksikolainen ja kolumbialainen. Kolumbialainen kokaiini uutetaan afrikkalaisen kokapensaan lehdist\u00e4, kun taas meksikolainen kokaiini valmistetaan joko kokalehdist\u00e4 tai unikonsiemenist\u00e4. Meksikolainen kokaiini valmistetaan hieman monimutkaisemmalla tavalla kuin kolumbialainen kokaiini. Coca-lehdet kuivataan ensin, ennen kuin ne jauhetaan jauheeksi. Lietteen muodostamiseksi t\u00e4m\u00e4 jauhe sekoitetaan veteen ja muihin aineisiin, kuten sokeriin ja suolaan. Seosta kuumennetaan sitten paksun tahnan muodostamiseksi, joka voidaan muodostaa tableteiksi tai lohkoiksi.      <\/p>\n<h3>Osta meksikolaista kokaiinia verkosta<\/h3>\n<p> Meksikolaisen kokaiinin k\u00e4sittelyyn on monia vaihtoehtoisia menetelmi\u00e4. Ennen kuin se ruiskutetaan tai poltetaan, meksikolainen kokaiini voidaan liuottaa erilaisiin liuottimiin. Jos aiot ostaa meksikolaista kokaiinia verkossa Dr. Lawsons Pharmacysta, sinun tulee kiinnitt\u00e4\u00e4 huomiota verkkosivuston turvallisuusohjeisiin. K\u00e4yt\u00e4 puhtaita neuloja aina kun mahdollista, \u00e4l\u00e4k\u00e4 ruiskuta l\u00e4\u00e4kett\u00e4 avoimiin haavoihin, koska t\u00e4m\u00e4 voi johtaa infektioihin ja muihin terveysongelmiin. Ole my\u00f6s aina varovainen harrastaessasi seksi\u00e4 jonkun kanssa, joka on juuri k\u00e4ytt\u00e4nyt verkosta ostettua meksikolaista kokaiinia. Osta meksikolaista kokaiinia verkosta      <\/p>\n<h3>Meksikolaisen kokaiinin edut<\/h3>\n<p> Yksi yleisimmin k\u00e4ytetyist\u00e4 kokaiinilajikkeista on meksikolainen kokaiini. Sill\u00e4 on voimakas ja pitk\u00e4kestoinen vaikutus, se on laadukkainta ja siin\u00e4 on ihanteellinen leikkaus. Lis\u00e4ksi muihin kokaiinilajeihin verrattuna meksikolainen kokaiini on ep\u00e4todenn\u00e4k\u00f6isemp\u00e4\u00e4, ett\u00e4 se on v\u00e4\u00e4rennetty tai sis\u00e4lt\u00e4\u00e4 ep\u00e4puhtauksia. T\u00e4m\u00e4 tarkoittaa, ett\u00e4 se on nopeampi luoda ja yksinkertaisempi k\u00e4ytt\u00e4\u00e4. Lopuksi, meksikolainen kokaiini on paras vaihtoehto niille, jotka tarvitsevat huumeita tien p\u00e4\u00e4ll\u00e4, koska sit\u00e4 voidaan s\u00e4ilytt\u00e4\u00e4 pitk\u00e4\u00e4n ilman, ett\u00e4 se huononee tai menett\u00e4isi k\u00e4ytett\u00e4vyytt\u00e4\u00e4n.     <\/p>\n<h3>Meksikon kokaiinin sivuvaikutukset<\/h3>\n<p> Meksikolainen kokaiini on riippuvuutta aiheuttava, voimakas aine, jolla voi olla kielteisi\u00e4 sivuvaikutuksia. S\u00e4\u00e4nn\u00f6llinen meksikolaisen kokaiinin k\u00e4ytt\u00f6, kuten mik\u00e4 tahansa muu riippuvuus, voi johtaa syd\u00e4men sykkeen nousuun, hikoiluun ja pupillien laajentumiseen. Vakavissa tapauksissa kouristukset, ahdistus, suun haavaumat ja pahoinvointi ovat mahdollisia. T\u00e4m\u00e4n l\u00e4\u00e4kkeen ottaminen sis\u00e4lt\u00e4\u00e4 fyysisen riippuvuuden riskin, joten sinun tulee noudattaa annostusohjeita huolellisesti.    <\/p>\n<h3>Mist\u00e4 ostaa meksikolaista kokaiinia verkossa?<\/h3>\n<p> Jos haluat ostaa korkealaatuista meksikolaista kokaiinia, ei ole parempaa paikkaa kuin Dr. Lawsons Pharmacy. T\u00e4\u00e4lt\u00e4 saat kaikenlaista meksikolaista kokaiinia valkoisesta jauheesta crackiin. Voit olla varma, ett\u00e4 l\u00f6yd\u00e4t laajasta valikoimastamme juuri sinun tarpeisiisi sopivan valikoiman ja tyypin kokaiinia. Lis\u00e4ksi tarjoamme erilaisia \u200b\u200bmaksutapoja, kuten Bitcoinin ja pankkisiirron, joten voit ostaa l\u00e4\u00e4kkeit\u00e4 t\u00e4ysin luottavaisin mielin.    &nbsp;<\/p>\n","protected":false},"excerpt":{"rendered":"<p>Osta meksikolaista kokaiinia verkosta. Meksikolaisen kokaiinin ostaminen verkosta voi olla nopea ja turvallinen tapa hankkia huume ilman, ett\u00e4 sinun tarvitsee olla tekemisiss\u00e4 l\u00e4hist\u00f6ll\u00e4si olevien j\u00e4lleenmyyjien tai mustien p\u00f6rssien kanssa. Joten jos haluat ostaa meksikolaista kokaiinia, mutta et tied\u00e4 mist\u00e4 aloittaa, tee tilaus Narco Powdersilta ja toimita se kotiisi. Osta meksikolaista kokaiinia verkosta &#8211; OTA YHTEYTT\u00c4 [&hellip;]<\/p>\n","protected":false},"featured_media":18739,"comment_status":"closed","ping_status":"closed","template":"","meta":{"om_disable_all_campaigns":false,"_sitemap_exclude":false,"_sitemap_priority":"","_sitemap_frequency":"","_monsterinsights_skip_tracking":false,"_monsterinsights_sitenote_active":false,"_monsterinsights_sitenote_note":"","_monsterinsights_sitenote_category":0},"product_cat":[17361],"product_tag":[17491,17486,17478,17480,17489,17488,17482,17485,17476,17487,17493,17484,17477,17492,17490,17483,17475,17474,17479,17472,17481,17473],"class_list":{"0":"post-27924","1":"product","2":"type-product","3":"status-publish","4":"has-post-thumbnail","6":"product_cat-kokaiini","7":"product_tag-aito-meksikolainen-kokaiini-eurooppa","8":"product_tag-halpa-meksikolainen-kokaiini-eurooppa","9":"product_tag-kuinka-paljon-meksikolainen-kokaiini-maksaa","10":"product_tag-meksikolainen-kokaiini-paras-hinta-euroopassa","11":"product_tag-meksikolainen-kokaiini-eurooppa-alennus","12":"product_tag-meksikolainen-kokaiinin-eurooppalainen-kauppa","13":"product_tag-meksikolainen-kokaiiniton-toimitus-eurooppaan","14":"product_tag-meksikolainen-kokaiiniverkkokauppa-eurooppa","15":"product_tag-meksikolaisen-kokaiinin-vaikutukset","16":"product_tag-meksikon-kokaiinin-euroopassa","17":"product_tag-meksikon-kokaiinin-eurooppa-katsaus","18":"product_tag-meksikon-kokaiinin-myynti-euroopassa","19":"product_tag-meksikon-kokaiinin-myynti-verkossa","20":"product_tag-meksikon-kokaiinin-toimittajat-euroopassa","21":"product_tag-meksikon-kokaiinin-toimitus-euroopassa","22":"product_tag-mista-ostaa-meksikolaista-kokaiinia-euroopassa","23":"product_tag-mista-ostaa-meksikolaista-kokaiinia-verkossa","24":"product_tag-osta-meksikolaista-kokaiinia-verkosta","25":"product_tag-osta-meksikolaista-kokaiinia-verkosta-euroopassa","26":"product_tag-ostaa-meksikolaista-kokaiinia","27":"product_tag-tilaa-meksikolaista-kokaiinia-eusta","28":"product_tag-tilaa-meksikolaista-kokaiinia-verkosta","30":"first","31":"instock","32":"shipping-taxable","33":"purchasable","34":"product-type-variable","35":"farmacie-col"},"aioseo_notices":[],"_links":{"self":[{"href":"https:\/\/lacasadelamedicina.es\/fi\/wp-json\/wp\/v2\/product\/27924"}],"collection":[{"href":"https:\/\/lacasadelamedicina.es\/fi\/wp-json\/wp\/v2\/product"}],"about":[{"href":"https:\/\/lacasadelamedicina.es\/fi\/wp-json\/wp\/v2\/types\/product"}],"replies":[{"embeddable":true,"href":"https:\/\/lacasadelamedicina.es\/fi\/wp-json\/wp\/v2\/comments?post=27924"}],"wp:featuredmedia":[{"embeddable":true,"href":"https:\/\/lacasadelamedicina.es\/fi\/wp-json\/wp\/v2\/media\/18739"}],"wp:attachment":[{"href":"https:\/\/lacasadelamedicina.es\/fi\/wp-json\/wp\/v2\/media?parent=27924"}],"wp:term":[{"taxonomy":"product_cat","embeddable":true,"href":"https:\/\/lacasadelamedicina.es\/fi\/wp-json\/wp\/v2\/product_cat?post=27924"},{"taxonomy":"product_tag","embeddable":true,"href":"https:\/\/lacasadelamedicina.es\/fi\/wp-json\/wp\/v2\/product_tag?post=27924"}],"curies":[{"name":"wp","href":"https:\/\/api.w.org\/{rel}","templated":true}]}}