{"id":27916,"date":"2024-08-09T14:02:16","date_gmt":"2024-08-09T14:02:16","guid":{"rendered":"https:\/\/lacasadelamedicina.es\/product\/volkswagen-cocaine-osta-verkossa-90\/"},"modified":"2024-09-09T13:17:42","modified_gmt":"2024-09-09T13:17:42","slug":"volkswagen-cocaine-osta-verkossa-90","status":"publish","type":"product","link":"https:\/\/lacasadelamedicina.es\/fi\/tuote\/volkswagen-cocaine-osta-verkossa-90\/","title":{"rendered":"Volkswagen Cocaine Osta verkossa 90%"},"content":{"rendered":"<h3>Osta Volkswagen Cocaine Online 90 % Pure Online<\/h3>\n<p> Volkswagenin kokaiini sis\u00e4lt\u00e4\u00e4 70\u201390 prosenttia puhdasta<a href=\"https:\/\/dieapotheke247.com\/\">kokaiini<\/a>. Se on yksi kokaiinityypeist\u00e4, joita tyypillisesti l\u00f6ytyy nyky-yhteiskunnassa. Monissa tapauksissa kokaiini toimii salpaajana tai kipua lievitt\u00e4j\u00e4n\u00e4. Myyd\u00e4\u00e4n 90 % puhdasta Volkswagen kokaiinia. Osta Volkswagenin kokaiinia verkosta 90 % <a href=\"https:\/\/drlawsonspharmacy\/contact-us\/\">YHTEYSTIEDOT Osta Volkswagenin kokaiinia verkosta 90 %<\/a> Yksi l\u00e4\u00e4ketieteen ja muun teollisuuden psykotrooppisista aineista on Volkswagenin kokaiini. Volkswagenin kokaiinilla on usein my\u00f6s pirist\u00e4vi\u00e4 ominaisuuksia. T\u00e4st\u00e4 syyst\u00e4 sit\u00e4 k\u00e4ytet\u00e4\u00e4n erilaisten l\u00e4\u00e4kkeiden ja hoitojen valmistukseen.       <\/p>\n<h3><b>Kuinka Volkswagen Kokaiini toimii<\/b><\/h3>\n<p> Vaikka erityyppiset kokaiinit sis\u00e4lt\u00e4v\u00e4t erilaisia \u200b\u200bm\u00e4\u00e4ri\u00e4 puhdasta kokaiinia, jotkut niist\u00e4 ovat hy\u00f6dyllisempi\u00e4 kuin toiset. Volkswagenin kokaiini on my\u00f6s hy\u00f6dyllinen ihmiskeholle monin tavoin. Osta Volkswagen Cocaine Online 90% T\u00e4t\u00e4 eritt\u00e4in puhdasta materiaalia k\u00e4ytet\u00e4\u00e4n teht\u00e4vien suorittamiseen nopeasti ja tarkasti. T\u00e4ll\u00e4 kokaiinilla on v\u00e4lit\u00f6n vaikutus keskushermostoon. Kokaiini stimuloi joitakin kivun lievitt\u00e4miseen k\u00e4ytettyj\u00e4 kemiallisia hormoneja. Se my\u00f6s stimuloi tiettyjen v\u00e4litt\u00e4j\u00e4aineiden vapautumista aivoissa. Se voi kuitenkin my\u00f6s toisinaan vapauttaa kemikaaleja yksin\u00e4\u00e4n hallitakseen kipua. Sill\u00e4 on rentouttava vaikutus ja se voi lievitt\u00e4\u00e4 kaikenlaista ep\u00e4mukavuutta. T\u00e4m\u00e4n seurauksena ihmiset kokevat helpotusta ep\u00e4mukavuudestaan.         <\/p>\n<h3>Osta Volkswagen Cocaine verkossa<\/h3>\n<p> T\u00e4m\u00e4n esil\u00e4\u00e4kkeen ottaminen voi my\u00f6s ratkaista unettomuusongelman. Sen komponentit sis\u00e4lt\u00e4v\u00e4t pienen m\u00e4\u00e4r\u00e4n unta kiihottavia l\u00e4\u00e4kkeit\u00e4. Volkswagenin kokaiinia k\u00e4ytt\u00e4v\u00e4t tanssikerhoissa sek\u00e4 ammattilaiset ett\u00e4 tavalliset ihmiset eri tarkoituksiin. Ihmiset, jotka k\u00e4yttiv\u00e4t t\u00e4t\u00e4 l\u00e4\u00e4kett\u00e4 lyhyen ajan, ilmoittivat olevansa energisempi\u00e4 ja aktiivisempia. Koska Volkswagenin kokaiini on eritt\u00e4in puhdas huume, pitk\u00e4aikainen k\u00e4ytt\u00f6 voi olla vaarallista ihmiskeholle. Siksi sit\u00e4 tulee k\u00e4ytt\u00e4\u00e4 vain, kun ihmiskeho tarvitsee sit\u00e4. Osta Volkswagen kokaiinia verkosta 90%       <\/p>\n<h3><strong>Tilaa 90 % puhdasta Volkswagen-kokaiinia verkosta<\/strong><\/h3>\n<p> Tarjoamme my\u00f6s eritt\u00e4in halpaa Volkswagen kokaiinia verkkokaupassamme. Kuljetuspalvelumme kautta saat tuotteesi eritt\u00e4in nopeasti. Kemistimme ovat varmistaneet, ett\u00e4 s\u00e4ilytysolosuhteet ovat sellaiset, ett\u00e4 kokaiinin puhtautta ei voi muuttaa mill\u00e4\u00e4n tekij\u00e4ll\u00e4. Osta Volkswagen kokaiinia verkosta 90%    &nbsp;<\/p>\n","protected":false},"excerpt":{"rendered":"<p>Volkswagen Cocaine myynniss\u00e4 verkossa. T\u00e4\u00e4ll\u00e4 Dr. Lawsons Pharmacy tarjoaa aitoa Volkswagen Cocaine myyntiin. Ty\u00f6skentelemme joka p\u00e4iv\u00e4 ahkerasti tarjotaksemme asiakkaillemme markkinoiden parhaan Volkswagen -kokaiinin.   &nbsp;<\/p>\n","protected":false},"featured_media":18379,"comment_status":"closed","ping_status":"closed","template":"","meta":{"om_disable_all_campaigns":false,"_sitemap_exclude":false,"_sitemap_priority":"","_sitemap_frequency":"","_monsterinsights_skip_tracking":false,"_monsterinsights_sitenote_active":false,"_monsterinsights_sitenote_note":"","_monsterinsights_sitenote_category":0},"product_cat":[17361],"product_tag":[17469,17464,17456,17461,17452,17451,17457,17450,17453,17459,17455,17467,17470,17468,17471,17466,17462,17465,17460,17458,17463,17454],"class_list":{"0":"post-27916","1":"product","2":"type-product","3":"status-publish","4":"has-post-thumbnail","6":"product_cat-kokaiini","7":"product_tag-aito-volkswagen-cocaine-90-eurooppa","8":"product_tag-halpa-volkswagen-cocaine-90-eurooppa","9":"product_tag-kuinka-paljon-on-volkswagen-cocaine-90","10":"product_tag-mista-ostaa-volkswagen-cocaine-90-europe","11":"product_tag-mista-ostaa-volkswagen-cocaine-90-verkossa","12":"product_tag-osta-volkswagen-cocaine-90-verkosta","13":"product_tag-osta-volkswagen-cocaine-90-verkosta-euroopassa","14":"product_tag-osta-volkswagen-cocaine-90","15":"product_tag-tilaa-volkswagen-cocaine-90-verkosta","16":"product_tag-tilaa-volkswagen-cocaine-90-eu","17":"product_tag-volkswagen-cocaine-90-myynnista-verkossa","18":"product_tag-volkswagen-cocaine-90-alennus-euroopassa","19":"product_tag-volkswagen-cocaine-90-euroopan-toimittajat","20":"product_tag-volkswagen-cocaine-90-euroopan-toimitus","21":"product_tag-volkswagen-cocaine-90-europe-arvostelu","22":"product_tag-volkswagen-cocaine-90-europe-kauppa","23":"product_tag-volkswagen-cocaine-90-europe-myynti","24":"product_tag-volkswagen-cocaine-90-europe-tarjoukset","25":"product_tag-volkswagen-cocaine-90-ilmainen-toimitus-eurooppaan","26":"product_tag-volkswagen-cocaine-90-paras-hinta-euroopassa","27":"product_tag-volkswagen-cocaine-90-verkkokauppa-euroopassa","28":"product_tag-volkswagenin-kokaiinin-vaikutukset-90","30":"first","31":"instock","32":"shipping-taxable","33":"purchasable","34":"product-type-variable","35":"farmacie-col"},"aioseo_notices":[],"_links":{"self":[{"href":"https:\/\/lacasadelamedicina.es\/fi\/wp-json\/wp\/v2\/product\/27916"}],"collection":[{"href":"https:\/\/lacasadelamedicina.es\/fi\/wp-json\/wp\/v2\/product"}],"about":[{"href":"https:\/\/lacasadelamedicina.es\/fi\/wp-json\/wp\/v2\/types\/product"}],"replies":[{"embeddable":true,"href":"https:\/\/lacasadelamedicina.es\/fi\/wp-json\/wp\/v2\/comments?post=27916"}],"wp:featuredmedia":[{"embeddable":true,"href":"https:\/\/lacasadelamedicina.es\/fi\/wp-json\/wp\/v2\/media\/18379"}],"wp:attachment":[{"href":"https:\/\/lacasadelamedicina.es\/fi\/wp-json\/wp\/v2\/media?parent=27916"}],"wp:term":[{"taxonomy":"product_cat","embeddable":true,"href":"https:\/\/lacasadelamedicina.es\/fi\/wp-json\/wp\/v2\/product_cat?post=27916"},{"taxonomy":"product_tag","embeddable":true,"href":"https:\/\/lacasadelamedicina.es\/fi\/wp-json\/wp\/v2\/product_tag?post=27916"}],"curies":[{"name":"wp","href":"https:\/\/api.w.org\/{rel}","templated":true}]}}