{"id":27909,"date":"2024-08-09T14:02:16","date_gmt":"2024-08-09T14:02:16","guid":{"rendered":"https:\/\/lacasadelamedicina.es\/product\/osta-crack-kokaiinia-verkosta\/"},"modified":"2024-09-09T13:17:06","modified_gmt":"2024-09-09T13:17:06","slug":"osta-crack-kokaiinia-verkosta","status":"publish","type":"product","link":"https:\/\/lacasadelamedicina.es\/fi\/tuote\/osta-crack-kokaiinia-verkosta\/","title":{"rendered":"Osta crack-kokaiinia verkosta"},"content":{"rendered":"<h3>Osta crack-kokaiinia verkosta.<\/h3>\n<p> Crack on l\u00e4\u00e4ke sinulle, jos etsit huippua, joka antaa sinulle voimakkaan energialis\u00e4yksen. Coca-kasvi on crackin l\u00e4hde, voimakas piriste. Sill\u00e4 on voimakas, v\u00e4lit\u00f6n vaikutus, joka tuottaa mielihyv\u00e4\u00e4 ja lis\u00e4\u00e4 energiaa muiden vaikutusten ohella. Aiotteko ostaa crack-kokaiinia verkosta? Jos n\u00e4in on, Dr. Lawsons Pharmacy tarjoaa keskitetysti kaiken, mit\u00e4 haluat ostaa verkosta crackiin liittyen. Osta crack-kokaiinia verkosta &#8211;      <a href=\"https:\/\/drlawsonspharmacy\/contact-us\/\">OTA YHTEYTT\u00c4<\/a><\/p>\n<h3>Mist\u00e4 crack-kokaiini on tehty?<\/h3>\n<p> Kokakasvin lehdist\u00e4 valmistetaan kokaiinia, stimulanttia. Sit\u00e4 markkinoidaan usein &#8221;crack-kokaiinina&#8221;, kokaiinin ja veden yhdistelm\u00e4n\u00e4. Dr. Lawsons Pharmacy on paras valinta kaikille, jotka haluavat ostaa t\u00e4m\u00e4n tehokkaan aineen turvallisesti, koska heill\u00e4 on laaja valikoima korkealaatuisia irtotavarapakkauksia, turvallisia maksutapoja ja huomaamaton toimitus.   <\/p>\n<h3>Crack-kokaiinin edut<\/h3>\n<p> Yksi markkinoiden yleisimmin k\u00e4ytetyist\u00e4 huumeista on crack, ja hyv\u00e4st\u00e4 syyst\u00e4. Se on helppo ja nopea tapa saada voimakas huippu, joka kest\u00e4\u00e4 pidemp\u00e4\u00e4n kuin muut l\u00e4\u00e4kkeet. Toisin kuin muut huumeet, joiden vaikutus kest\u00e4\u00e4 joskus tunteja, crack toimii v\u00e4litt\u00f6m\u00e4sti. Voit nauttia huippusi v\u00e4litt\u00f6m\u00e4sti, koska voit tuntea vaikutukset jo muutaman minuutin kuluttua. Crackin uskotaan my\u00f6s lis\u00e4\u00e4v\u00e4n luovuutta ja emotionaalista intensiteetti\u00e4 verrattuna muihin huumeisiin, kuten marihuaanaan tai ekstaasiin. Osta Crack-kokaiinia verkosta Dr. At Lawsons Pharmacy tarjoaa kuluttajille kaikissa maissa kohtuuhintaisen p\u00e4\u00e4syn korkealuokkaiseen crack-kokaiiniin, jota voi ostaa verkosta. Voit olla varma, ett\u00e4 saat parhaat mahdolliset tulokset, koska halkeamamme on valmistettu korkeimpien puhtausstandardien mukaisesti.       <\/p>\n<h3>Crack-kokaiinin sivuvaikutukset<\/h3>\n<p> Crack on eritt\u00e4in riippuvuutta aiheuttava ja haitallinen aine, joka voi vahingoittaa vakavasti terveytt\u00e4si. crackin negatiiviset vaikutukset voivat olla tappavia, riippuvuutta aiheuttavia ja niill\u00e4 voi olla negatiivinen vaikutus mielenterveyteen. Lis\u00e4ksi crackill\u00e4 voi olla v\u00e4litt\u00f6mi\u00e4 fyysisi\u00e4 sivuvaikutuksia, kuten syd\u00e4mentykytys, aggressio ja psykoosi. On t\u00e4rke\u00e4\u00e4 perehty\u00e4 riskeihin ennen crackin k\u00e4ytt\u00f6\u00e4, sill\u00e4 pitk\u00e4aikaiset negatiiviset vaikutukset saattavat ilmet\u00e4 vasta vuosia kulutuksen j\u00e4lkeen.    <\/p>\n<h3>Osta Crack Cocaine Online &#8211; Osta Crack Cocaine verkossa Dr Lawsons Pharmacysta<\/h3>\n<p> Etsitk\u00f6 tapaa p\u00e4\u00e4st\u00e4 korkealle? Vieraile Dr. Lawsons Pharmacy -sivustolla, josta voit ostaa laadukkaita testattuja halkeamia irtotavarana. Tarjoamme laajan valikoiman tavaroita, mukaan lukien halkeamia kilosta pieniin eriin. Et l\u00f6yd\u00e4 mist\u00e4\u00e4n muualta parempaa tarjousta kuin erinomainen crack-hintamme. Pakkaamme tavaramme eritt\u00e4in huolellisesti, jotta ne saapuvat diskreettisesti ja turvallisesti, koska tied\u00e4mme yksityisyyden arvon. Toivomme vilpitt\u00f6m\u00e4sti, ett\u00e4 pid\u00e4t tohtori Lawons -apteekista ensisijaisena Internet -l\u00e4hteen\u00e4 halkeaman ostamiselle.      &nbsp;<\/p>\n","protected":false},"excerpt":{"rendered":"<p>Osta crack-kokaiinia verkosta. Crack on l\u00e4\u00e4ke sinulle, jos etsit huippua, joka antaa sinulle voimakkaan energialis\u00e4yksen. Coca-kasvi on crackin l\u00e4hde, voimakas piriste. Sill\u00e4 on voimakas, v\u00e4lit\u00f6n vaikutus, joka tuottaa mielihyv\u00e4\u00e4 ja lis\u00e4\u00e4 energiaa muiden vaikutusten ohella. Aiotteko ostaa crack-kokaiinia verkosta? Jos n\u00e4in on, Dr. Lawsons Pharmacy tarjoaa keskitetysti kaiken, mit\u00e4 haluat ostaa verkosta crackiin liittyen. Osta [&hellip;]<\/p>\n","protected":false},"featured_media":18754,"comment_status":"closed","ping_status":"closed","template":"","meta":{"om_disable_all_campaigns":false,"_sitemap_exclude":false,"_sitemap_priority":"","_sitemap_frequency":"","_monsterinsights_skip_tracking":false,"_monsterinsights_sitenote_active":false,"_monsterinsights_sitenote_note":"","_monsterinsights_sitenote_category":0},"product_cat":[17361],"product_tag":[17447,17449,17445,17444,17440,17446,17441,17438,17436,17443,17433,17448,17432,17442,17434,17439,17431,17428,17430,17435,17437,17429],"class_list":{"0":"post-27909","1":"product","2":"type-product","3":"status-publish","4":"has-post-thumbnail","6":"product_cat-kokaiini","7":"product_tag-aito-crack-kokaiini-eurooppa","8":"product_tag-crack-cocaine-europe-katsaus","9":"product_tag-crack-kokaiinin-eurooppalainen-alennus","10":"product_tag-crack-kokaiinin-eurooppalainen-kauppa","11":"product_tag-crack-kokaiinin-myynti-euroopassa","12":"product_tag-crack-kokaiinin-toimitus-euroopassa","13":"product_tag-crack-kokaiinin-verkkokauppa-eurooppa","14":"product_tag-crack-kokaiiniton-toimitus-eurooppaan","15":"product_tag-crack-kokaiini-paras-hinta-euroopassa","16":"product_tag-crack-kokaiinia-euroopassa","17":"product_tag-crack-kokaiinin-myynti-verkossa","18":"product_tag-crack-kokaiinin-toimittajat-euroopassa","19":"product_tag-crack-kokaiinin-vaikutukset","20":"product_tag-halpa-crack-kokaiini-eurooppa","21":"product_tag-kuinka-paljon-crack-kokaiinia-on","22":"product_tag-mista-ostaa-crack-kokaiinia-euroopassa","23":"product_tag-mista-ostaa-crack-kokaiinia-verkossa","24":"product_tag-osta-crack-kokaiinia","25":"product_tag-osta-crack-kokaiinia-verkosta","26":"product_tag-osta-crack-kokaiinia-verkosta-euroopassa","27":"product_tag-tilaa-crack-kokaiinia-eusta","28":"product_tag-tilaa-crack-kokaiinia-verkosta","30":"first","31":"instock","32":"shipping-taxable","33":"purchasable","34":"product-type-variable","35":"farmacie-col"},"aioseo_notices":[],"_links":{"self":[{"href":"https:\/\/lacasadelamedicina.es\/fi\/wp-json\/wp\/v2\/product\/27909"}],"collection":[{"href":"https:\/\/lacasadelamedicina.es\/fi\/wp-json\/wp\/v2\/product"}],"about":[{"href":"https:\/\/lacasadelamedicina.es\/fi\/wp-json\/wp\/v2\/types\/product"}],"replies":[{"embeddable":true,"href":"https:\/\/lacasadelamedicina.es\/fi\/wp-json\/wp\/v2\/comments?post=27909"}],"wp:featuredmedia":[{"embeddable":true,"href":"https:\/\/lacasadelamedicina.es\/fi\/wp-json\/wp\/v2\/media\/18754"}],"wp:attachment":[{"href":"https:\/\/lacasadelamedicina.es\/fi\/wp-json\/wp\/v2\/media?parent=27909"}],"wp:term":[{"taxonomy":"product_cat","embeddable":true,"href":"https:\/\/lacasadelamedicina.es\/fi\/wp-json\/wp\/v2\/product_cat?post=27909"},{"taxonomy":"product_tag","embeddable":true,"href":"https:\/\/lacasadelamedicina.es\/fi\/wp-json\/wp\/v2\/product_tag?post=27909"}],"curies":[{"name":"wp","href":"https:\/\/api.w.org\/{rel}","templated":true}]}}