{"id":27903,"date":"2024-08-09T14:02:16","date_gmt":"2024-08-09T14:02:16","guid":{"rendered":"https:\/\/lacasadelamedicina.es\/product\/osta-kolumbialaista-kokaiinia-verkosta\/"},"modified":"2024-09-09T13:17:07","modified_gmt":"2024-09-09T13:17:07","slug":"osta-kolumbialaista-kokaiinia-verkosta","status":"publish","type":"product","link":"https:\/\/lacasadelamedicina.es\/fi\/tuote\/osta-kolumbialaista-kokaiinia-verkosta\/","title":{"rendered":"Osta kolumbialaista kokaiinia verkosta"},"content":{"rendered":"<h3>Osta kolumbialaista kokaiinia verkosta.<\/h3>\n<p> Etsitk\u00f6 kolumbialaista kokaiinia ostaaksesi verkosta? Siin\u00e4 tapauksessa Dr. Lawsons Pharmacy on ihanteellinen paikka sinulle. T\u00e4\u00e4lt\u00e4 l\u00f6yd\u00e4t laajan valikoiman korkealuokkaisia \u200b\u200bkokaiinituotteita, jotka on valmistettu kolumbialaisista kokalehdist\u00e4. Osta kolumbialaista kokaiinia verkosta &#8211;    <a href=\"https:\/\/drlawsonspharmacy\/contact-us\/\">OTA YHTEYTT\u00c4<\/a><\/p>\n<h3>Miten kolumbialainen kokaiini valmistetaan?<\/h3>\n<p> Yksi markkinoiden laajimmin k\u00e4ytetyist\u00e4 huumeista on kolumbialainen kokaiini. Se on voimakas stimulantti, joka voi lis\u00e4t\u00e4 energiaa ja keskittymist\u00e4. Kolumbialaisen kokaiinin tuottamiseksi viljelij\u00f6iden on ensin korjattava kokanlehti\u00e4 Andeilta. Kun kokalehdet ovat kypsi\u00e4, ne poimitaan ja muunnetaan kokaiinihydrokloridikiteiksi. T\u00e4m\u00e4 prosessi sis\u00e4lt\u00e4\u00e4 lehtien tislaamisen k\u00e4ytt\u00e4m\u00e4ll\u00e4 erilaisia \u200b\u200bkemiallisia prosesseja, kuten happopesua ja eetteriuuttoa. Lopuksi kokaiini kuljetetaan ulkomaille ja myyd\u00e4\u00e4n maanalaisille markkinoille.      <\/p>\n<h3>Osta kolumbialaista kokaiinia verkosta<\/h3>\n<p> Koska kolumbialainen kokaiini on tuottoisampaa kuin muut huumeet Euroopassa ja muualla maailmassa, huumekauppaj\u00e4rjest\u00f6t k\u00e4ytt\u00e4v\u00e4t eri reittej\u00e4 ja satamia saadakseen sit\u00e4 sinne. N\u00e4ist\u00e4 ominaisuuksista johtuen kolumbialaisen kokaiinin ja muiden markkinoilla olevien huumeiden v\u00e4lill\u00e4 on usein suuria hintaeroja.  <\/p>\n<h3>Kolumbialaisen kokaiinin edut<\/h3>\n<p> Jos haluat kokea voimakkaamman euforian tunteen tai haluat ottaa <a href=\"https:\/\/dieapotheke247.com\/\">kolumbialainen<\/a> kokaiini osana riippuvuushoitoasi, sill\u00e4 on monia etuja. Kolumbialaisella kokaiinilla on voimakkaampi kuin muilla kokaiinityypeill\u00e4, mink\u00e4 ansiosta k\u00e4ytt\u00e4j\u00e4t voivat kokea hy\u00f6dyt paljon pienemm\u00e4ll\u00e4 m\u00e4\u00e4r\u00e4ll\u00e4, sek\u00e4 heill\u00e4 on suurempi mielihyv\u00e4 ja valppaus. Netist\u00e4 ostettua kolumbialaista kokaiinia pidet\u00e4\u00e4n usein houkuttelevampana puhtautensa ja muiden aineiden ristikontaminaation puutteen vuoksi. Meill\u00e4 on myyt\u00e4v\u00e4n\u00e4 ihanteellista kolumbialaista kokaiinia, halusitpa sitten nuuskia tai polttaa sit\u00e4. Mikset kokeilisi sit\u00e4 nyt Dr. Lawsons Pharmacyssa? Et tule pettym\u00e4\u00e4n!      <\/p>\n<h3>Kolumbian kokaiinin sivuvaikutukset<\/h3>\n<p> Kokaiinin k\u00e4yt\u00f6n lyhytaikaisia \u200b\u200bsivuvaikutuksia ovat k\u00e4ytt\u00e4j\u00e4t, jotka kokevat riemua tai ylenpalttista, sek\u00e4 lis\u00e4\u00e4ntynytt\u00e4 energiaa ja motivaatiota. Riippuen siit\u00e4, kuinka paljon kokaiinia joku on nauttinut, n\u00e4m\u00e4 ei-toivotut vaikutukset kest\u00e4v\u00e4t yleens\u00e4 noin tunnin. Keskittymis- ja tarkkaavaisuusongelmat, kohonnut syke ja verenpaine, unettomuus, nopea painonpudotus tai -nousu, riippuvuus, kohtaukset, maksavauriot ja jopa kuolema ovat kaikki mahdollisia kokaiinin k\u00e4yt\u00f6n pitk\u00e4aikaisia \u200b\u200bnegatiivisia vaikutuksia.   <\/p>\n<h3>Mist\u00e4 tilata kolumbialaista kokaiinia verkossa?<\/h3>\n<p> Kokaiinin tilaaminen verkossa Dr. Lawsons Pharmacysta on j\u00e4rkev\u00e4\u00e4 useista syist\u00e4. Yksi niist\u00e4 on se, ett\u00e4 eri viranomaiset ovat edelleen erimielisi\u00e4 siit\u00e4, onko kokaiinin ostaminen verkossa laillista. Mutta voit ostaa kolumbialaista kokaiinia verkosta ilman pelkoa pid\u00e4tyksest\u00e4. Kokaiinin ostamisen helppous verkosta on toinen perustelu. Dr. Lawsons Pharmacy tekee kolumbialaisen kokaiinin ostamisesta irtotavarana helppoa ja k\u00e4tev\u00e4\u00e4 poistumatta kotoa tai liikepaikasta. Viimeisen\u00e4, mutta ei v\u00e4h\u00e4isimp\u00e4n\u00e4, Dr Lawsons Pharmacy tarjoaa erilaisia \u200b\u200bkokaiinituotteita myyntiin jauheesta halkeamiin.      &nbsp;<\/p>\n","protected":false},"excerpt":{"rendered":"<p>&nbsp;<\/p>\n","protected":false},"featured_media":18364,"comment_status":"closed","ping_status":"closed","template":"","meta":{"om_disable_all_campaigns":false,"_sitemap_exclude":false,"_sitemap_priority":"","_sitemap_frequency":"","_monsterinsights_skip_tracking":false,"_monsterinsights_sitenote_active":false,"_monsterinsights_sitenote_note":"","_monsterinsights_sitenote_category":0},"product_cat":[17361],"product_tag":[17425,17420,17427,17414,17423,17422,17421,17416,17419,17418,17424,17410,17426,17411,17412,17417,17409,17408,17413,17406,17415,17407],"class_list":{"0":"post-27903","1":"product","2":"type-product","3":"status-publish","4":"has-post-thumbnail","6":"product_cat-kokaiini","7":"product_tag-aito-kolumbialainen-kokaiini-eurooppa","8":"product_tag-halpa-kolumbialainen-kokaiini-eurooppa","9":"product_tag-kolumbialainen-kokaiini-eurooppa-katsaus","10":"product_tag-kolumbialainen-kokaiini-paras-hinta-euroopassa","11":"product_tag-kolumbialainen-kokaiini-eurooppa-alennus","12":"product_tag-kolumbialainen-kokaiinin-eurooppalainen-kauppa","13":"product_tag-kolumbialainen-kokaiinisopimus-euroopassa","14":"product_tag-kolumbialainen-kokaiiniton-toimitus-eurooppaan","15":"product_tag-kolumbialainen-kokaiiniverkkokauppa-eurooppa","16":"product_tag-kolumbialaisen-kokaiinin-myynti-euroopassa","17":"product_tag-kolumbialaisen-kokaiinin-toimitus-euroopassa","18":"product_tag-kolumbialaisen-kokaiinin-vaikutukset","19":"product_tag-kolumbialaiset-kokaiinin-toimittajat-euroopassa","20":"product_tag-kolumbian-kokaiinin-myynti-verkossa","21":"product_tag-kuinka-paljon-kolumbialainen-kokaiini-maksaa","22":"product_tag-mista-ostaa-kolumbialaista-kokaiinia-euroopassa","23":"product_tag-mista-ostaa-kolumbialaista-kokaiinia-verkossa","24":"product_tag-osta-kolumbialaista-kokaiinia-verkosta","25":"product_tag-osta-kolumbialaista-kokaiinia-verkosta-euroopassa","26":"product_tag-ostaa-kolumbialaista-kokaiinia","27":"product_tag-tilaa-kolumbialainen-kokaiini-eu","28":"product_tag-tilaa-kolumbialaista-kokaiinia-verkosta","30":"first","31":"instock","32":"shipping-taxable","33":"purchasable","34":"product-type-variable","35":"farmacie-col"},"aioseo_notices":[],"_links":{"self":[{"href":"https:\/\/lacasadelamedicina.es\/fi\/wp-json\/wp\/v2\/product\/27903"}],"collection":[{"href":"https:\/\/lacasadelamedicina.es\/fi\/wp-json\/wp\/v2\/product"}],"about":[{"href":"https:\/\/lacasadelamedicina.es\/fi\/wp-json\/wp\/v2\/types\/product"}],"replies":[{"embeddable":true,"href":"https:\/\/lacasadelamedicina.es\/fi\/wp-json\/wp\/v2\/comments?post=27903"}],"wp:featuredmedia":[{"embeddable":true,"href":"https:\/\/lacasadelamedicina.es\/fi\/wp-json\/wp\/v2\/media\/18364"}],"wp:attachment":[{"href":"https:\/\/lacasadelamedicina.es\/fi\/wp-json\/wp\/v2\/media?parent=27903"}],"wp:term":[{"taxonomy":"product_cat","embeddable":true,"href":"https:\/\/lacasadelamedicina.es\/fi\/wp-json\/wp\/v2\/product_cat?post=27903"},{"taxonomy":"product_tag","embeddable":true,"href":"https:\/\/lacasadelamedicina.es\/fi\/wp-json\/wp\/v2\/product_tag?post=27903"}],"curies":[{"name":"wp","href":"https:\/\/api.w.org\/{rel}","templated":true}]}}