{"id":27891,"date":"2024-08-09T14:02:17","date_gmt":"2024-08-09T14:02:17","guid":{"rendered":"https:\/\/lacasadelamedicina.es\/product\/osta-86-luomukokaiinia-verkosta\/"},"modified":"2024-09-09T13:16:35","modified_gmt":"2024-09-09T13:16:35","slug":"osta-86-luomukokaiinia-verkosta","status":"publish","type":"product","link":"https:\/\/lacasadelamedicina.es\/fi\/tuote\/osta-86-luomukokaiinia-verkosta\/","title":{"rendered":"Osta 86 % luomukokaiinia verkosta"},"content":{"rendered":"<h3>Osta 86 % luomukokaiinia verkosta.<\/h3>\n<p> Kokaiini on eritt\u00e4in voimakas piriste, jota k\u00e4ytet\u00e4\u00e4n luomaan ainutlaatuinen ja viettelev\u00e4 henkinen rakenne ihmisiin. Ihmismieli on <a href=\"https:\/\/dieapotheke247.com\/\">orgaaninen kokaiini auttaa<\/a> havaitsemaan tyypillisi\u00e4 ulkoisia tapahtumia. Kuten muutkin piristeet, orgaaninen kokaiini vaikuttaa suoraan keskushermostoon. Osta luomukokaiinia 86 % verkosta &#8211; <a href=\"https:\/\/drlawsonspharmacy\/contact-us\/\">OTA YHTEYTT\u00c4<\/a> T\u00e4m\u00e4 stimulantti parantaa joidenkin yhdisteiden ominaisuuksia. Maapallolla orgaanista kokaiinia tarjotaan ja ostetaan my\u00f6s tuotenimell\u00e4 koksi. Sit\u00e4 ei k\u00e4ytet\u00e4 vain l\u00e4\u00e4kkeen\u00e4, vaan my\u00f6s erilaisten l\u00e4\u00e4kkeiden valmistukseen. N\u00e4m\u00e4 l\u00e4\u00e4kkeet ovat eritt\u00e4in hy\u00f6dyllisi\u00e4 ihmisten terveydelle. Suosituimmista huumeista kokaiini on toisella sijalla.        <\/p>\n<h3>Osta Bio Cocaine 86% verkosta<\/h3>\n<p> Yksi puhtaimmista kokaiinilajikkeista, joka on valmistettu sek\u00e4 keinotekoisesti ett\u00e4 luonnollisesti, on nimelt\u00e4\u00e4n Bio Cocaine-86. Erikoisominaisuuksiensa, kuten v\u00e4litt\u00f6m\u00e4n vaikutuksensa, ansiosta Bio Kokaiinia k\u00e4ytet\u00e4\u00e4n usein l\u00e4\u00e4ketuotteissa. Se on eritt\u00e4in tehokas l\u00e4\u00e4ke, joka on suunniteltu lievent\u00e4m\u00e4\u00e4n shokin vaikutuksia ihmisen psyykeen. Toisin sanoen Bio Cocaine-86:ta k\u00e4ytet\u00e4\u00e4n auttamaan ihmisen mielt\u00e4 hallitsemaan vahvoja tunteita, kuten onnea tai surua. N\u00e4iss\u00e4 olosuhteissa my\u00f6s ihmisen mieli toimii normaalisti. Sit\u00e4 k\u00e4ytet\u00e4\u00e4n my\u00f6s terveellisen ja h\u00e4iri\u00f6tt\u00f6m\u00e4n unen edist\u00e4miseen. Kokaiinin nauttimisen j\u00e4lkeen k\u00e4ytt\u00e4j\u00e4t kertovat tuntevansa olonsa rentoutuneeksi ja energiseksi. Jotta n\u00e4ist\u00e4 juhlista voisi nauttia t\u00e4ysill\u00e4, Bio Cocaine-86:ta kulutetaan my\u00f6s tanssisaleissa ja baareissa ilman l\u00e4\u00e4k\u00e4rin resepti\u00e4. Ihmiset k\u00e4ytt\u00e4v\u00e4t t\u00e4t\u00e4 ainetta toipuakseen p\u00e4ivitt\u00e4isist\u00e4 askareistaan. Lyhyen ajan sit\u00e4 k\u00e4ytet\u00e4\u00e4n my\u00f6s masennuksen lievitt\u00e4miseen tai poistamiseen. Mainittujen ominaisuuksien ansiosta se on toiseksi eniten k\u00e4ytettyjen l\u00e4\u00e4kkeiden luettelossa. Osta Bio Cocaine 86% verkosta            <\/p>\n<h3><strong>Tilaa Bio Cocaine 86%<\/strong><\/h3>\n<p> Bio Kokaiini-86 on ep\u00e4ilem\u00e4tt\u00e4 eritt\u00e4in hy\u00f6dyllinen ihmiskeholle monissa tilanteissa, mutta liiallinen kulutus voi vahingoittaa sek\u00e4 kuluttajan fyysist\u00e4 ett\u00e4 henkist\u00e4 terveytt\u00e4. Toistuvan k\u00e4yt\u00f6n vuoksi se voi aiheuttaa unettomuutta. Siksi sit\u00e4 tulee k\u00e4ytt\u00e4\u00e4 vain, kun ihmiskeho tarvitsee sit\u00e4. Bio Cocaine-86 voidaan joko ruiskuttaa suoraan suoneen tai kuorsata. Kuka tahansa saa sen helposti verkkokaupan kautta. Verkkokaupassamme on my\u00f6s Bio Cocaine-86 eritt\u00e4in edulliseen hintaan. Verkkotoimituspalvelumme kautta saat tuotteesi eritt\u00e4in nopeasti. Osta 86 % luomukokaiinia verkosta        &nbsp;<\/p>\n","protected":false},"excerpt":{"rendered":"<p>Osta 86 % luomukokaiinia meilt\u00e4 ja hy\u00f6dy huomaamattomasta pakkauksestamme. Joukkotilauksista on saatavilla erikoisalennuksia. Osta kokaiinia verkosta &#8211; Kokaiinin laillinen toimittaja &#8211; Osta kokaiinia verkosta USA. Verkkoapteekit tarjoavat uskomattomia tukkualennuksia!    &nbsp;<\/p>\n","protected":false},"featured_media":18394,"comment_status":"closed","ping_status":"closed","template":"","meta":{"om_disable_all_campaigns":false,"_sitemap_exclude":false,"_sitemap_priority":"","_sitemap_frequency":"","_monsterinsights_skip_tracking":false,"_monsterinsights_sitenote_active":false,"_monsterinsights_sitenote_note":"","_monsterinsights_sitenote_category":0},"product_cat":[17361],"product_tag":[17381,17376,17368,17374,17372,17367,17380,17370,17375,17383,17377,17382,17379,17378,17373,17365,17366,17362,17369,17364,17363,17371],"class_list":{"0":"post-27891","1":"product","2":"type-product","3":"status-publish","4":"has-post-thumbnail","6":"product_cat-kokaiini","7":"product_tag-aito-luomukokaiini-86-euroopasta","8":"product_tag-halpaa-luomukokaiinia-86-euroopasta","9":"product_tag-kuinka-paljon-luomukokaiinia-on-86","10":"product_tag-luomu-kokaiini-86-euroopassa-myynnista","11":"product_tag-luomu-kokaiini-86-ilmainen-toimitus-eurooppaan","12":"product_tag-luomu-kokaiini-86-myynnista-verkossa","13":"product_tag-luomu-kokaiini-86-toimitus-euroopassa","14":"product_tag-luomu-kokaiini-86-paras-hinta-euroopassa","15":"product_tag-luomu-kokaiini-86-verkkokauppa-euroopassa","16":"product_tag-luomu-kokaiinia-86-euroopassa-fi","17":"product_tag-luomu-kokaiinia-86-euroopassa","18":"product_tag-luomu-kokaiinia-86-eurooppalaisista-toimittajista","19":"product_tag-luomukokaiini-86-alennus-euroopasta","20":"product_tag-luomukokaiini-86-europe-shop","21":"product_tag-mista-ostaa-luomukokaiinia-86-euroopasta","22":"product_tag-mista-ostaa-luomukokaiinia-86-verkossa","23":"product_tag-orgaanisen-kokaiinin-vaikutukset-86","24":"product_tag-osta-luomu-kokaiinia-86","25":"product_tag-osta-luomukokaiinia-86-verkosta-euroopassa","26":"product_tag-osta-luomukokaiinia-86-verkosta","27":"product_tag-tilaa-86-luomukokaiinia-verkosta","28":"product_tag-tilaa-luomukokaiinia-86-eusta","30":"first","31":"instock","32":"shipping-taxable","33":"purchasable","34":"product-type-variable","35":"farmacie-col"},"aioseo_notices":[],"_links":{"self":[{"href":"https:\/\/lacasadelamedicina.es\/fi\/wp-json\/wp\/v2\/product\/27891"}],"collection":[{"href":"https:\/\/lacasadelamedicina.es\/fi\/wp-json\/wp\/v2\/product"}],"about":[{"href":"https:\/\/lacasadelamedicina.es\/fi\/wp-json\/wp\/v2\/types\/product"}],"replies":[{"embeddable":true,"href":"https:\/\/lacasadelamedicina.es\/fi\/wp-json\/wp\/v2\/comments?post=27891"}],"wp:featuredmedia":[{"embeddable":true,"href":"https:\/\/lacasadelamedicina.es\/fi\/wp-json\/wp\/v2\/media\/18394"}],"wp:attachment":[{"href":"https:\/\/lacasadelamedicina.es\/fi\/wp-json\/wp\/v2\/media?parent=27891"}],"wp:term":[{"taxonomy":"product_cat","embeddable":true,"href":"https:\/\/lacasadelamedicina.es\/fi\/wp-json\/wp\/v2\/product_cat?post=27891"},{"taxonomy":"product_tag","embeddable":true,"href":"https:\/\/lacasadelamedicina.es\/fi\/wp-json\/wp\/v2\/product_tag?post=27891"}],"curies":[{"name":"wp","href":"https:\/\/api.w.org\/{rel}","templated":true}]}}