{"id":27888,"date":"2024-08-09T14:02:20","date_gmt":"2024-08-09T14:02:20","guid":{"rendered":"https:\/\/lacasadelamedicina.es\/product\/osta-bentsyylimetyyliketonia-b-m-k-verkosta\/"},"modified":"2024-09-19T08:28:24","modified_gmt":"2024-09-19T08:28:24","slug":"osta-bentsyylimetyyliketonia-b-m-k-verkosta","status":"publish","type":"product","link":"https:\/\/lacasadelamedicina.es\/fi\/tuote\/osta-bentsyylimetyyliketonia-b-m-k-verkosta\/","title":{"rendered":"Osta bentsyylimetyyliketonia (B-M-K) verkosta"},"content":{"rendered":"<h3>Bentsyylimetyyliketoni-b-m-k myyt\u00e4v\u00e4n\u00e4 \u2013 osta bentsyylimetyyliketoni-b-m-k verkosta<\/h3>\n<p> Olemme paras l\u00e4hde ja j\u00e4lleenmyyj\u00e4si ostaessasi bentsyylimetyyliketonia, ja meill\u00e4 on my\u00f6s bentsyylimetyyliketonia myynniss\u00e4. Voit ostaa bentsyylimetyyliketonia verkosta helposti ja laillisesti meilt\u00e4. Osta bentsyylimetyyliketonia (B-M-K) verkosta \u2013 <a href=\"https:\/\/drlawsonspharmacy\/contact-us\/\">OTA YHTEYTT\u00c4<\/a> BMK on luonnossa esiintyv\u00e4 kemikaali, jolla on monenlaisia \u200b\u200bk\u00e4ytt\u00f6tarkoituksia. Se on yksivaiheinen prosessi l\u00e4\u00e4kkeen Ecstasy synteesiss\u00e4. Se on veteen liukeneva sekoittuva neste, joka on mauton, v\u00e4rit\u00f6n ja syttyv\u00e4. Paras BMK-\u00f6ljy on saatavilla verkkokaupastamme. Bensyylimetyyliketonin ostaminen verkosta on helppoa. Noudata n\u00e4it\u00e4 ohjeita: Valitse haluamasi tuote alla olevasta pudotusvalikosta. Napsauta &#8221;Lis\u00e4\u00e4 ostoskoriin&#8221; viimeistell\u00e4ksesi tuotteen oston. Tee tilaus, kun se on toimitettu.          <\/p>\n<h3>Bentsyylimetyyliketonin edut<\/h3>\n<p> Alkoholi- ja ketonikoostumuksensa ansiosta bentsoyylimetyyliketonilla voi olla diureettisia ja myrkkyj\u00e4 poistavia vaikutuksia. <\/p>\n<ul>\n<li>Jotkut tutkijat ovat ehdottaneet BMK:ta hy\u00f6dylliseksi stressin lievitt\u00e4j\u00e4ksi.<\/li>\n<li>Jotkut sanovat, ett\u00e4 se alentaa kortisolia, stressihormonia, vaikka vaikutusten tunteminen voi kest\u00e4\u00e4 jonkin aikaa.<\/li>\n<li>Toinen mahdollinen etu <strong>Bentsyylimetyyliketoni-b-m-k <\/strong> on, ett\u00e4 se voi v\u00e4hent\u00e4\u00e4 Alzheimerin taudin riski\u00e4.<\/li>\n<li>Yhdisteen uskotaan taistelevan aivojen tulehdusta vastaan, mik\u00e4 voi suojata Alzheimerin tautiin liittyvilt\u00e4 hermovaurioilta.<\/li>\n<\/ul>\n<h3>Mist\u00e4 voi ostaa bentsyylimetyyliketonia?<\/h3>\n<p> Bentsyylimetyyliketoni tai fenyyliasetoni on kemiallinen aine. \u00d6ljy on l\u00e4pin\u00e4kyv\u00e4\u00e4 ja sen taitekerroin on 1,5168. Koska se on raaka-aine tai v\u00e4lituote metamfetamiinin ja amfetamiinin valmistuksessa, sit\u00e4 kutsutaan usein P2P:ksi. T\u00e4m\u00e4 aine tuoksuu hyv\u00e4lt\u00e4 ja on suunnilleen yht\u00e4 tihe\u00e4\u00e4 kuin vesi. BMK:ta k\u00e4ytet\u00e4\u00e4n laittomana kemikaalina amfetamiinin laittomassa valmistuksessa, vaikka sill\u00e4 on muutamia laillisia k\u00e4ytt\u00f6tarkoituksia, kuten propyyliheksedriinin kehitt\u00e4misess\u00e4. Osta bentsyylimetyyliketonia (b-m-k) verkosta.<\/p>\n","protected":false},"excerpt":{"rendered":"<p>Bentsyylimetyyliketoni-b-m-k myyt\u00e4v\u00e4n\u00e4 \u2013 osta bentsyylimetyyliketoni-b-m-k verkosta Olemme paras l\u00e4hde ja j\u00e4lleenmyyj\u00e4si ostaessasi bentsyylimetyyliketonia, ja meill\u00e4 on my\u00f6s bentsyylimetyyliketonia myynniss\u00e4. Voit ostaa bentsyylimetyyliketonia verkosta helposti ja laillisesti meilt\u00e4. Osta bentsyylimetyyliketonia (B-M-K) verkosta \u2013 OTA YHTEYTT\u00c4 BMK on luonnossa esiintyv\u00e4 kemikaali, jolla on monenlaisia \u200b\u200bk\u00e4ytt\u00f6tarkoituksia. Se on yksivaiheinen prosessi l\u00e4\u00e4kkeen Ecstasy synteesiss\u00e4. Se on veteen liukeneva sekoittuva [&hellip;]<\/p>\n","protected":false},"featured_media":18649,"comment_status":"closed","ping_status":"closed","template":"","meta":{"om_disable_all_campaigns":false,"_sitemap_exclude":false,"_sitemap_priority":"","_sitemap_frequency":"","_monsterinsights_skip_tracking":false,"_monsterinsights_sitenote_active":false,"_monsterinsights_sitenote_note":"","_monsterinsights_sitenote_category":0},"product_cat":[17206],"product_tag":[17358,17351,17356,17354,17360,17349,17347,17344,17359,17343,17355,17357,17352,17353,17345,17350,17342,17339,17341,17346,17348,17340],"class_list":{"0":"post-27888","1":"product","2":"type-product","3":"status-publish","4":"has-post-thumbnail","6":"product_cat-tutkimuskemikaalit-ja-psykedeelit","7":"product_tag-aito-bentsyylimetyyliketoni-b-m-k-euroopassa","8":"product_tag-bensyylimetyyliketoni-b-m-k-myynti-euroopassa","9":"product_tag-bensyylimetyyliketoni-b-m-k-euroopan-alennus","10":"product_tag-bentsyylimetyyliketoni-b-m-k-euroopassa","11":"product_tag-bentsyylimetyyliketoni-b-m-k-eurooppa-katsaus","12":"product_tag-bentsyylimetyyliketoni-b-m-k-ilmainen-toimitus-eurooppaan","13":"product_tag-bentsyylimetyyliketoni-b-m-k-paras-hinta-euroopassa","14":"product_tag-bentsyylimetyyliketonin-b-m-k-myynti-verkossa","15":"product_tag-bentsyylimetyyliketonin-b-m-k-toimittajat-euroopassa","16":"product_tag-bentsyylimetyyliketonin-b-m-k-vaikutukset","17":"product_tag-benzyl-methyl-ketone-b-m-k-euroopan-kauppa","18":"product_tag-benzyl-methyl-ketone-b-m-k-euroopan-toimitus","19":"product_tag-benzyl-methyl-ketone-b-m-k-verkkokauppa-eurooppa","20":"product_tag-halpa-bentsyylimetyyliketoni-b-m-k-eurooppa","21":"product_tag-kuinka-paljon-on-bentsyylimetyyliketoni-b-m-k","22":"product_tag-mista-ostaa-bentsyylimetyyliketonia-b-m-k-euroopassa","23":"product_tag-mista-ostaa-bentsyylimetyyliketonia-b-m-k-verkossa","24":"product_tag-osta-bentsyylimetyyliketonia-b-m-k","25":"product_tag-osta-bentsyylimetyyliketonia-b-m-k-verkosta","26":"product_tag-osta-bentsyylimetyyliketonia-b-m-k-verkosta-euroopassa","27":"product_tag-tilaa-bentsyylimetyyliketoni-b-m-k-eu","28":"product_tag-tilaa-bentsyylimetyyliketonia-b-m-k-verkosta","30":"first","31":"instock","32":"shipping-taxable","33":"purchasable","34":"product-type-variable","35":"has-default-attributes","36":"farmacie-col"},"aioseo_notices":[],"_links":{"self":[{"href":"https:\/\/lacasadelamedicina.es\/fi\/wp-json\/wp\/v2\/product\/27888"}],"collection":[{"href":"https:\/\/lacasadelamedicina.es\/fi\/wp-json\/wp\/v2\/product"}],"about":[{"href":"https:\/\/lacasadelamedicina.es\/fi\/wp-json\/wp\/v2\/types\/product"}],"replies":[{"embeddable":true,"href":"https:\/\/lacasadelamedicina.es\/fi\/wp-json\/wp\/v2\/comments?post=27888"}],"wp:featuredmedia":[{"embeddable":true,"href":"https:\/\/lacasadelamedicina.es\/fi\/wp-json\/wp\/v2\/media\/18649"}],"wp:attachment":[{"href":"https:\/\/lacasadelamedicina.es\/fi\/wp-json\/wp\/v2\/media?parent=27888"}],"wp:term":[{"taxonomy":"product_cat","embeddable":true,"href":"https:\/\/lacasadelamedicina.es\/fi\/wp-json\/wp\/v2\/product_cat?post=27888"},{"taxonomy":"product_tag","embeddable":true,"href":"https:\/\/lacasadelamedicina.es\/fi\/wp-json\/wp\/v2\/product_tag?post=27888"}],"curies":[{"name":"wp","href":"https:\/\/api.w.org\/{rel}","templated":true}]}}