{"id":27884,"date":"2024-08-09T14:02:20","date_gmt":"2024-08-09T14:02:20","guid":{"rendered":"https:\/\/lacasadelamedicina.es\/product\/osta-jwh-250-verkosta\/"},"modified":"2024-08-09T14:02:20","modified_gmt":"2024-08-09T14:02:20","slug":"osta-jwh-250-verkosta","status":"publish","type":"product","link":"https:\/\/lacasadelamedicina.es\/fi\/tuote\/osta-jwh-250-verkosta\/","title":{"rendered":"Osta JWH-250 verkosta"},"content":{"rendered":"<h1>Osta JWH-250 verkosta<\/h1>\n<p> JWH-250 -tuotteiden verkkomyynti. JWH-250, synteettinen kannabinoidireseptoriagonisti, on l\u00f6ydetty tuotteista 2000-luvun lopulta l\u00e4htien. Sen ovat kehitt\u00e4neet tohtori John W. Huffman ja Huffman et ai. julkaisi siit\u00e4 artikkelin vuonna 2005. Osta JWH-250 verkosta. <a href=\"https:\/\/drlawsonspharmacy\/contact-us\/\">OTA YHTEYTT\u00c4<\/a> L\u00e4\u00e4ke, fenyyliasetyyli-indoli, toimii agonistina sek\u00e4 CB1- ett\u00e4 CB2-reseptoreissa. Sen ositeet CB1:ss\u00e4 ja CB2:ssa ovat 11 nM ja 33 nM, vastaavasti. JWH-250 tuli <a href=\"https:\/\/dieapotheke247.com\/\">markkinoilla<\/a> muutama vuosi sen ensimm\u00e4isen mainitsemisen j\u00e4lkeen, kun Saksan poliisi teki ensimm\u00e4isen tunnistamisen toukokuussa 2009. He l\u00f6ysiv\u00e4t l\u00e4\u00e4kkeen luonnollisesta suitsukeseoksesta . Osta JWH-250 verkosta Sit\u00e4 l\u00f6ytyi my\u00f6s jauheista ja seoksista, joita markkinoitiin verkossa japanilaisille analyytikoille. Kaikki n\u00e4m\u00e4 tuotteet sis\u00e4lsiv\u00e4t 77-165 mg. On hyvin todenn\u00e4k\u00f6ist\u00e4, ett\u00e4 ihmiset ovat joutuneet kosketuksiin JWH-250:n kanssa tiet\u00e4m\u00e4tt\u00e4\u00e4n sen myyntitavasta johtuen. K\u00e4\u00e4nnetty k\u00e4ytt\u00e4m\u00e4ll\u00e4 www.DeepL.com\/Translator (ilmainen versio) Molekyylimassa: 335,439 g\/mol ChEMBL-tunnus: 188031 ChemSpider ID: 23256117 PubChem CID: 44397540 Koostumus: C22H25NO2 Voitteko kertoa minulle mist\u00e4 ostaa50? JWH-250 myyt\u00e4v\u00e4n\u00e4, JWH-250 katuarvo, JWH-250 annostus, kuinka tehd\u00e4 JWH-250, mist\u00e4 ostaa, mist\u00e4 ostaa JWH-250, mik\u00e4 on JWH-250 ja mist\u00e4 ostaa JWH-250 korkealaatuisia ovat kaikki saatavilla. Voimme tarjota ratkaisut kaikkiin n\u00e4ihin ratkaisemattomiin kysymyksiin. Voit selvitt\u00e4\u00e4, kuinka ja mist\u00e4 ostaa JWH-250 verkossa, selaamalla verkkosivustoamme. Ent\u00e4 JWH-250? Tied\u00e4tk\u00f6 my\u00f6s, mist\u00e4 voin ostaa JWH-250 verkossa? Osta JWH-250 myyt\u00e4v\u00e4n\u00e4, kuinka tehd\u00e4 JWH-250, milt\u00e4 JWH-250 n\u00e4ytt\u00e4\u00e4, kuinka paljon JWH-250 maksaa kadulla, kuinka paljon JWH-250 maksaa verkossa, mist\u00e4 saan JWH-250 ja mist\u00e4 ostaa puhdasta JWH-250. On aivan selv\u00e4\u00e4, ett\u00e4 ihmiset eiv\u00e4t heti luota verkossa myyt\u00e4v\u00e4n JWH-250:n laatuun, koska he eiv\u00e4t voi fyysisesti tarkastaa sit\u00e4. T\u00e4m\u00e4 ei kuitenkaan p\u00e4de online-JWH-250-toimittajiin. T\u00e4\u00e4ll\u00e4 tarjotut tuotteet ovat tarkkoja esimerkkej\u00e4 siit\u00e4, mit\u00e4 ne ovat, ja ensiluokkainen huolto suoritetaan ammattimaisessa valvonnassa. Nopea &amp; Huomaamaton toimitus: JWH-250 toimitetaan lupauksen mukaisesti heti tilauksen vastaanottamisen j\u00e4lkeen. Toimitustiimi pyrkii tekem\u00e4\u00e4n toimituksesta nopeaa ja helppoa. Kun ostat JWH-250:n asiantuntijalta online-alustalta, voit my\u00f6s luottaa ensiluokkaiseen palveluun.                       &nbsp;<\/p>\n","protected":false},"excerpt":{"rendered":"<p>Osta JWH-250 verkosta. JWH-250, synteettinen kannabinoidireseptoriagonisti, on l\u00f6ydetty tuotteista 2000-luvun lopulta l\u00e4htien. Sen ovat kehitt\u00e4neet tohtori John W. Huffman ja Huffman et ai. julkaisi siit\u00e4 artikkelin vuonna 2005. Osta JWH-250 verkosta.    &nbsp;<\/p>\n","protected":false},"featured_media":18619,"comment_status":"closed","ping_status":"closed","template":"","meta":{"om_disable_all_campaigns":false,"_sitemap_exclude":false,"_sitemap_priority":"","_sitemap_frequency":"","_monsterinsights_skip_tracking":false,"_monsterinsights_sitenote_active":false,"_monsterinsights_sitenote_note":"","_monsterinsights_sitenote_category":0},"product_cat":[17206],"product_tag":[17336,17331,17333,17329,17337,17335,17334,17338,17332,17327,17322,17325,17330,17321,17323,17328,17320,17317,17319,17324,17326,17318],"class_list":{"0":"post-27884","1":"product","2":"type-product","3":"status-publish","4":"has-post-thumbnail","6":"product_cat-tutkimuskemikaalit-ja-psykedeelit","7":"product_tag-aito-jwh-250-europe","8":"product_tag-halpa-jwh-250-eurooppa","9":"product_tag-jwh-250-euroopan-kauppa","10":"product_tag-jwh-250-euroopan-myynti","11":"product_tag-jwh-250-euroopan-toimittajat","12":"product_tag-jwh-250-euroopan-toimitus","13":"product_tag-jwh-250-europe-alennus","14":"product_tag-jwh-250-europe-arvostelu","15":"product_tag-jwh-250-europe-tarjoukset","16":"product_tag-jwh-250-ilmainen-toimitus-eurooppaan","17":"product_tag-jwh-250-myynti-verkossa","18":"product_tag-jwh-250-paras-hinta-euroopassa","19":"product_tag-jwh-250-verkkokauppa-euroopassa","20":"product_tag-jwh-250n-vaikutukset","21":"product_tag-kuinka-paljon-on-jwh-250","22":"product_tag-mista-ostaa-jwh-250-europe","23":"product_tag-mista-ostaa-jwh-250-verkossa","24":"product_tag-osta-jwh-250-fi","25":"product_tag-osta-jwh-250-verkosta","26":"product_tag-osta-jwh-250-verkosta-euroopassa","27":"product_tag-tilaa-jwh-250-eu","28":"product_tag-tilaa-jwh-250-verkosta","30":"first","31":"instock","32":"shipping-taxable","33":"purchasable","34":"product-type-variable","35":"farmacie-col"},"aioseo_notices":[],"_links":{"self":[{"href":"https:\/\/lacasadelamedicina.es\/fi\/wp-json\/wp\/v2\/product\/27884"}],"collection":[{"href":"https:\/\/lacasadelamedicina.es\/fi\/wp-json\/wp\/v2\/product"}],"about":[{"href":"https:\/\/lacasadelamedicina.es\/fi\/wp-json\/wp\/v2\/types\/product"}],"replies":[{"embeddable":true,"href":"https:\/\/lacasadelamedicina.es\/fi\/wp-json\/wp\/v2\/comments?post=27884"}],"wp:featuredmedia":[{"embeddable":true,"href":"https:\/\/lacasadelamedicina.es\/fi\/wp-json\/wp\/v2\/media\/18619"}],"wp:attachment":[{"href":"https:\/\/lacasadelamedicina.es\/fi\/wp-json\/wp\/v2\/media?parent=27884"}],"wp:term":[{"taxonomy":"product_cat","embeddable":true,"href":"https:\/\/lacasadelamedicina.es\/fi\/wp-json\/wp\/v2\/product_cat?post=27884"},{"taxonomy":"product_tag","embeddable":true,"href":"https:\/\/lacasadelamedicina.es\/fi\/wp-json\/wp\/v2\/product_tag?post=27884"}],"curies":[{"name":"wp","href":"https:\/\/api.w.org\/{rel}","templated":true}]}}