{"id":27882,"date":"2024-08-09T14:02:21","date_gmt":"2024-08-09T14:02:21","guid":{"rendered":"https:\/\/lacasadelamedicina.es\/product\/osta-ssd-chemical-solution-verkossa\/"},"modified":"2024-08-09T14:02:21","modified_gmt":"2024-08-09T14:02:21","slug":"osta-ssd-chemical-solution-verkossa","status":"publish","type":"product","link":"https:\/\/lacasadelamedicina.es\/fi\/tuote\/osta-ssd-chemical-solution-verkossa\/","title":{"rendered":"Osta SSD Chemical Solution verkossa"},"content":{"rendered":"<h3>SSD Kemiallinen ratkaisu &#8211; Osta SSD Ratkaisu puhdistus musta raha verkossa<\/h3>\n<p> SSD-ratkaisu: Dr. Lawson&#8217;s Pharmacysta voit ostaa SSD-kemikaaleja likaisten seteleiden ja mustan rahan puhdistamiseen. \u00c4l\u00e4 missaa tilaisuutta ostaa SSD Chemicals and Solutions verkosta! Osta SSD Chemical Solution verkosta  <a href=\"https:\/\/drlawsonspharmacy\/contact-us\/\"> OTA YHTEYTT\u00c4 <\/a><\/p>\n<h3>Mik\u00e4 on SSD Chemical?<\/h3>\n<p> SSD Chemical Solution tarkoittaa, ett\u00e4 ne, jotka k\u00e4ytt\u00e4v\u00e4t sit\u00e4, k\u00e4ytt\u00e4v\u00e4t kemikaaleja mustan rahansa puhdistamiseen. Sit\u00e4 pidet\u00e4\u00e4n alan standardipuhdistusaineena kaikissa valuutoissa. T\u00e4m\u00e4 kemikaali valmistetaan k\u00e4ytt\u00e4m\u00e4ll\u00e4 nestem\u00e4ist\u00e4 elohopea-elohopeatyppihappodioksidia. Se on ruskea, kun <a href=\"https:\/\/dieapotheke247.com\/\">laboratoriotuotanto on valmis<\/a>. Jokaisen laboratorion on hankittava sertifikaatti t\u00e4m\u00e4n tuotteen valmistamiseksi ja markkinoimiseksi asiakkaille. Etk\u00f6 voi k\u00e4ytt\u00e4\u00e4 rahojasi, koska ne ovat mustia tai muuten tahraisia? Ei tarvitse huolehtia. K\u00e4yt\u00e4 SSD Cleaning Solutionia puhdistaaksesi likaiset rahat.        <\/p>\n<h3>SSD Chemicalin edut \u2013 Osta SSD Chemical Solution verkosta<\/h3>\n<ul>\n<li>T\u00e4t\u00e4 SSD-kemiallista liuosta k\u00e4ytet\u00e4\u00e4n maailmanlaajuisesti poistamaan tahroja seteleist\u00e4.<\/li>\n<li>Se poistaa tahrat, kuten musteella merkityt, leimatut ja turmeltuneet paperiset setelit jne.<\/li>\n<li>Poistaa s\u00e4\u00e4n aiheuttamat tahrat.<\/li>\n<li>Puhdistuksen j\u00e4lkeen se tuo rahalle tuoreutta.<\/li>\n<li>Se on edullisempi ihmisille, jotka tarvitsevat sit\u00e4 kiireellisemmin. Voit ostaa SSD-ratkaisuja massatilauksina s\u00e4\u00e4nn\u00f6lliseen k\u00e4ytt\u00f6\u00f6n. <\/li>\n<li>Ei ole asiantuntijoita suorittamaan t\u00e4t\u00e4 prosessia. Voit tehd\u00e4 sen itse. Sinun t\u00e4ytyy osata puhdistaa musta tai tahrainen raha SSD:ll\u00e4.  <\/li>\n<\/ul>\n<h3>Kuinka k\u00e4ytt\u00e4\u00e4 t\u00e4t\u00e4 SSD-kemikaalia<\/h3>\n<p> Sek\u00e4 SSD-kemiallinen puhdistusaine ett\u00e4 aktivointijauhe sis\u00e4ltyv\u00e4t t\u00e4h\u00e4n SSD-kemikaalipakettiin. Katsotaanpa, kuinka k\u00e4ytt\u00e4\u00e4 ja ostaa SSD-ratkaisua mustan rahan puhdistamiseen Yhdysvalloissa.  <\/p>\n<ul>\n<li>Voit ostaa t\u00e4m\u00e4n SSD-kemiallisen ratkaisun verkosta viralliselta verkkosivustolta.<\/li>\n<li>Sinun t\u00e4ytyy levitt\u00e4\u00e4 aktivointijauhetta mustalle rahalle.<\/li>\n<li>Pysy hetki, sitten vain jauhe reagoi mustana.<\/li>\n<li>Laita musta raha kulhoon ja kaada SSD-puhdistusaine siihen.<\/li>\n<li>Hiero rahaa kevyesti k\u00e4dell\u00e4si, kunnes v\u00e4ri katoaa.<\/li>\n<li>Kuivaa, kunnes rahat palaavat normaalitilaansa.<\/li>\n<li>Nyt rahasi n\u00e4ytt\u00e4v\u00e4t uusilta.<\/li>\n<\/ul>\n<p>&nbsp;<\/p>\n","protected":false},"excerpt":{"rendered":"<p>&nbsp;<\/p>\n","protected":false},"featured_media":18709,"comment_status":"closed","ping_status":"closed","template":"","meta":{"om_disable_all_campaigns":false,"_sitemap_exclude":false,"_sitemap_priority":"","_sitemap_frequency":"","_monsterinsights_skip_tracking":false,"_monsterinsights_sitenote_active":false,"_monsterinsights_sitenote_note":"","_monsterinsights_sitenote_category":0},"product_cat":[17206],"product_tag":[17314,17309,17301,17298,17306,17302,17295,17297,17300,17308,17312,17316,17311,17307,17310,17315,17313,17305,17303,17299,17304,17296],"class_list":{"0":"post-27882","1":"product","2":"type-product","3":"status-publish","4":"has-post-thumbnail","6":"product_cat-tutkimuskemikaalit-ja-psykedeelit","7":"product_tag-aito-ssd-chemical-solution-europe","8":"product_tag-halpa-ssd-chemical-solution-europe","9":"product_tag-kuinka-paljon-on-ssd-chemical-solution","10":"product_tag-mista-ostaa-ssd-chemical-solution-verkkoa","11":"product_tag-mista-ostaa-ssd-chemical-solution-europe","12":"product_tag-osta-ssd-chemical-solution-verkossa-euroopassa","13":"product_tag-osta-ssd-kemiallinen-ratkaisu","14":"product_tag-osta-ssd-kemiallinen-ratkaisu-verkosta","15":"product_tag-ssd-chemical-solution-myynti-verkossa","16":"product_tag-ssd-chemical-solution-verkkokauppa-euroopassa","17":"product_tag-ssd-chemical-solution-europe-alennus","18":"product_tag-ssd-chemical-solution-europe-katsaus","19":"product_tag-ssd-chemical-solution-europe-kauppa","20":"product_tag-ssd-chemical-solution-europe-myynti","21":"product_tag-ssd-chemical-solution-europe-tarjoukset","22":"product_tag-ssd-chemical-solution-europe-toimittajat","23":"product_tag-ssd-chemical-solution-europe-toimitus","24":"product_tag-ssd-chemical-solution-ilmainen-toimitus-eurooppaan","25":"product_tag-ssd-chemical-solution-paras-hinta-euroopassa","26":"product_tag-ssd-kemiallisen-liuoksen-vaikutukset","27":"product_tag-tilaa-ssd-chemical-solution-eu","28":"product_tag-tilaa-ssd-kemiallinen-ratkaisu-verkosta","30":"first","31":"instock","32":"shipping-taxable","33":"purchasable","34":"product-type-variable","35":"farmacie-col"},"aioseo_notices":[],"_links":{"self":[{"href":"https:\/\/lacasadelamedicina.es\/fi\/wp-json\/wp\/v2\/product\/27882"}],"collection":[{"href":"https:\/\/lacasadelamedicina.es\/fi\/wp-json\/wp\/v2\/product"}],"about":[{"href":"https:\/\/lacasadelamedicina.es\/fi\/wp-json\/wp\/v2\/types\/product"}],"replies":[{"embeddable":true,"href":"https:\/\/lacasadelamedicina.es\/fi\/wp-json\/wp\/v2\/comments?post=27882"}],"wp:featuredmedia":[{"embeddable":true,"href":"https:\/\/lacasadelamedicina.es\/fi\/wp-json\/wp\/v2\/media\/18709"}],"wp:attachment":[{"href":"https:\/\/lacasadelamedicina.es\/fi\/wp-json\/wp\/v2\/media?parent=27882"}],"wp:term":[{"taxonomy":"product_cat","embeddable":true,"href":"https:\/\/lacasadelamedicina.es\/fi\/wp-json\/wp\/v2\/product_cat?post=27882"},{"taxonomy":"product_tag","embeddable":true,"href":"https:\/\/lacasadelamedicina.es\/fi\/wp-json\/wp\/v2\/product_tag?post=27882"}],"curies":[{"name":"wp","href":"https:\/\/api.w.org\/{rel}","templated":true}]}}