{"id":27876,"date":"2024-08-09T14:02:21","date_gmt":"2024-08-09T14:02:21","guid":{"rendered":"https:\/\/lacasadelamedicina.es\/product\/osta-4f-bca-verkosta\/"},"modified":"2024-08-09T14:02:21","modified_gmt":"2024-08-09T14:02:21","slug":"osta-4f-bca-verkosta","status":"publish","type":"product","link":"https:\/\/lacasadelamedicina.es\/fi\/tuote\/osta-4f-bca-verkosta\/","title":{"rendered":"Osta 4F BCA verkosta"},"content":{"rendered":"<h3>4F BCA &#8211; 4f-bca myyt\u00e4v\u00e4n\u00e4 &#8211; Osta 4f bca verkossa SAKSA Research Chemical<\/h3>\n<p> Osta 4F BCA verkosta \u2013 Koska se on ratkaiseva ainetyyppi, jolla on kasvava kysynt\u00e4 markkinoilla, yrityksemme, Ultimate Online Pharmacy, on t\u00e4\u00e4ll\u00e4 t\u00e4ytt\u00e4m\u00e4\u00e4n odotukset eritt\u00e4in tehokkaalla tuotelinjalla. Jos haluat ostaa 4F <a href=\"https:\/\/dieapotheke247.com\/\">B<\/a>CA verkossa, ota meihin yhteytt\u00e4 v\u00e4litt\u00f6m\u00e4sti. Dr. Lawsons Pharmacy tunnetaan huippuluokan tuotteista ja asiantuntevasta tuesta. Olemme hyv\u00e4maineinen 4F-BCA:n myyj\u00e4 ja toimittaja verkkoteollisuudessa. Se tunnetaan nimell\u00e4 4-fluori-BCA, ja se on nestem\u00e4isess\u00e4 ja kiinte\u00e4ss\u00e4 muodossa. kerran myyty piristeen\u00e4; se kuuluu kannabinoidien indatsoliluokkaan. Osta 4F BCA verkosta-       <a href=\"https:\/\/drlawsonspharmacy\/contact-us\/\">OTA YHTEYTT\u00c4<\/a><\/p>\n<p>&nbsp;<\/p>\n<h3>Mik\u00e4 on 4F BCA?<\/h3>\n<p> Uutta kannabiksen tutkimuskemikaaliperheess\u00e4 on 4F-BCA. L\u00e4\u00e4ke on keltaista ja 99,6 % puhdasta. Henkil\u00f6n on s\u00e4ilytett\u00e4v\u00e4 kemikaali viile\u00e4ss\u00e4, kuivassa paikassa. L\u00e4\u00e4ke toimii samalla tavalla kuin 4ADB ja 5ADB. Se on voimakas tutkimuskemikaali, mutta ei sovellu ihmisten nautittavaksi. 4F-BCA n\u00e4ytt\u00e4\u00e4 olevan vaikutukseltaan verrattavissa muihin kannabinoideihin. Kemistit ja tutkijat voivat ostaa 4F-BCA USA:ta rikosl\u00e4\u00e4ketieteen, tutkimuksen ja testauksen tarkoituksiin. Kemistit, tiedemiehet ja tutkijat ostavat n\u00e4it\u00e4 l\u00e4\u00e4kkeit\u00e4 yleisin\u00e4 tutkimusvertailumateriaaleina. Muita k\u00e4ytt\u00f6tarkoituksia ei ole hyv\u00e4ksytty. Voit saada 4F-BCA:ta tutkimusk\u00e4ytt\u00f6\u00f6n ja myyntiin. Monissa maissa n\u00e4it\u00e4 huumeita rajoitetaan tai valvotaan, ja useat Yhdysvaltain osavaltiot ovat kielt\u00e4neet ne.           &nbsp;<\/p>\n<h3>Osta 4F BCA verkosta<\/h3>\n<p> Ei ole todisteita erityisesti 4F-BCA:n k\u00e4yt\u00f6n tueksi. N\u00e4m\u00e4 l\u00e4\u00e4kkeet auttavat niit\u00e4 k\u00e4ytt\u00e4vi\u00e4 ahdistuneita ja k\u00f6yhi\u00e4 ihmisi\u00e4 rentoutumaan. Se on saatavilla verkossa. Osta 4F-BCA alennuksella. Meill\u00e4 on runsaasti alan osaamista ja ymm\u00e4rr\u00e4mme kuluttajapsykologian.     <strong>Se voidaan ensisijaisesti hengitt\u00e4\u00e4 tai ottaa suun kautta.<\/strong><\/p>\n<p><strong>Toisaalta l\u00e4\u00e4kkeen tarkka m\u00e4\u00e4r\u00e4 ja m\u00e4\u00e4r\u00e4 ovat keskustelun aihe.<\/strong><\/p>\n<p><strong>Useimmat ihmiset eiv\u00e4t tied\u00e4 tarkkaa annostusta tai koostumusta, jota he ottavat.<\/strong> L\u00e4\u00e4ketieteelliset tutkimukset osoittavat, ett\u00e4 n\u00e4ill\u00e4 l\u00e4\u00e4kkeill\u00e4, kuten Chemical frog&#8217;s 4F-BCA:lla, jonka puhtaus on 99,9 %, ei ole teollista, kaupallista tai l\u00e4\u00e4ketieteellist\u00e4 k\u00e4ytt\u00f6\u00e4. K\u00e4\u00e4nnetty osoitteessa www.DeepL.com\/Translator (ilmainen versio)  &nbsp;<\/p>\n<h3><strong>Tilaa 4F BCA<\/strong> \u2013 Kuinka valita oikea alusta?<\/h3>\n<p> Myyt\u00e4v\u00e4n\u00e4 olevan 4F-BCA:n korkea laatu, moitteeton kemiallinen merkint\u00e4, huomaamaton pakkaus, oikea-aikainen toimitus, turvallinen kuljetus ja muut yrityksemme tarjoamat palvelut erottavat meid\u00e4t kilpailijoista. On helppoa ja turvallista saada 4F-BCA:n online-tutkimuskemikaaleja verkkosivustoltamme. Kaikki asiakastiedot ovat normaalisti suojattuja j\u00e4rjestelm\u00e4ss\u00e4mme. My\u00f6s maksuprosessimme ovat turvallisia. Se on eritt\u00e4in voimakas ja aktiivinen aine. Sitoutumalla aivojen CB1-reseptoreihin se hidastaa niiden toimintaa. Pitk\u00e4\u00e4n k\u00e4ytettyn\u00e4 ihmisen keskushermosto on eritt\u00e4in haavoittuvainen. Jotkut kemikaalien valmistajat valmistavat l\u00e4\u00e4kkeit\u00e4 yrttimuodossa ja markkinoivat niit\u00e4 paikallisesti turvallisina ja laillisina aineina.        &nbsp;<\/p>\n","protected":false},"excerpt":{"rendered":"<p>&nbsp;<\/p>\n","protected":false},"featured_media":18664,"comment_status":"closed","ping_status":"closed","template":"","meta":{"om_disable_all_campaigns":false,"_sitemap_exclude":false,"_sitemap_priority":"","_sitemap_frequency":"","_monsterinsights_skip_tracking":false,"_monsterinsights_sitenote_active":false,"_monsterinsights_sitenote_note":"","_monsterinsights_sitenote_category":0},"product_cat":[17206],"product_tag":[17278,17290,17294,17289,17288,17293,17285,17291,17283,17281,17286,17277,17292,17287,17279,17284,17276,17273,17280,17275,17282,17274],"class_list":{"0":"post-27876","1":"product","2":"type-product","3":"status-publish","4":"has-post-thumbnail","6":"product_cat-tutkimuskemikaalit-ja-psykedeelit","7":"product_tag-4f-bca-myynti-verkossa","8":"product_tag-4f-bca-europe-alennus","9":"product_tag-4f-bca-europe-arvostelu","10":"product_tag-4f-bca-europe-myymala","11":"product_tag-4f-bca-europe-tarjoukset","12":"product_tag-4f-bca-europe-toimittajat","13":"product_tag-4f-bca-europe-myynti","14":"product_tag-4f-bca-europe-toimitus","15":"product_tag-4f-bca-ilmainen-toimitus-eurooppaan","16":"product_tag-4f-bca-paras-hinta-euroopassa","17":"product_tag-4f-bca-verkkokauppa-eurooppa","18":"product_tag-4f-bcan-vaikutukset","19":"product_tag-aito-4f-bca-europe","20":"product_tag-halpa-4f-bca-europe","21":"product_tag-kuinka-paljon-on-4f-bca","22":"product_tag-mista-ostaa-4f-bca-europe","23":"product_tag-mista-ostaa-4f-bca-verkossa","24":"product_tag-osta-4f-bca-fi","25":"product_tag-osta-4f-bca-verkossa-euroopassa","26":"product_tag-osta-4f-bca-verkosta","27":"product_tag-tilaa-4f-bca-eu","28":"product_tag-tilaa-4f-bca-verkosta","30":"first","31":"instock","32":"shipping-taxable","33":"purchasable","34":"product-type-variable","35":"farmacie-col"},"aioseo_notices":[],"_links":{"self":[{"href":"https:\/\/lacasadelamedicina.es\/fi\/wp-json\/wp\/v2\/product\/27876"}],"collection":[{"href":"https:\/\/lacasadelamedicina.es\/fi\/wp-json\/wp\/v2\/product"}],"about":[{"href":"https:\/\/lacasadelamedicina.es\/fi\/wp-json\/wp\/v2\/types\/product"}],"replies":[{"embeddable":true,"href":"https:\/\/lacasadelamedicina.es\/fi\/wp-json\/wp\/v2\/comments?post=27876"}],"wp:featuredmedia":[{"embeddable":true,"href":"https:\/\/lacasadelamedicina.es\/fi\/wp-json\/wp\/v2\/media\/18664"}],"wp:attachment":[{"href":"https:\/\/lacasadelamedicina.es\/fi\/wp-json\/wp\/v2\/media?parent=27876"}],"wp:term":[{"taxonomy":"product_cat","embeddable":true,"href":"https:\/\/lacasadelamedicina.es\/fi\/wp-json\/wp\/v2\/product_cat?post=27876"},{"taxonomy":"product_tag","embeddable":true,"href":"https:\/\/lacasadelamedicina.es\/fi\/wp-json\/wp\/v2\/product_tag?post=27876"}],"curies":[{"name":"wp","href":"https:\/\/api.w.org\/{rel}","templated":true}]}}