{"id":27871,"date":"2024-08-09T14:02:30","date_gmt":"2024-08-09T14:02:30","guid":{"rendered":"https:\/\/lacasadelamedicina.es\/product\/osta-ibogaine-jauhe-verkosta\/"},"modified":"2024-08-09T14:02:30","modified_gmt":"2024-08-09T14:02:30","slug":"osta-ibogaine-jauhe-verkosta","status":"publish","type":"product","link":"https:\/\/lacasadelamedicina.es\/fi\/tuote\/osta-ibogaine-jauhe-verkosta\/","title":{"rendered":"Osta Ibogaine-jauhe verkosta"},"content":{"rendered":"<h3 class=\"product_title entry-title\">Osta Ibogaine Powder verkosta.<\/h3>\n<p> Osta Ibogaine Powder verkosta. Netist\u00e4 l\u00f6ytyy my\u00f6s kokaiinia. Pensas on Iboga. Useissa afrikkalaisissa yhteis\u00f6iss\u00e4 se on tyylitelty ja sit\u00e4 k\u00e4ytet\u00e4\u00e4n yleisiin tarkoituksiin. T\u00e4m\u00e4n kasvin juurikuorta k\u00e4ytet\u00e4\u00e4n my\u00f6s l\u00e4\u00e4ketieteess\u00e4. Ibogain komponentti, joka on kielletty kohdassa <a href=\"https:\/\/dieapotheke247.com\/\">Saksa<\/a> on Ibogaine. Ihmiset k\u00e4ytt\u00e4v\u00e4t Ibogaa hein\u00e4nuhan, kausi-influenssan, sikainfluenssan, korkean verenpaineen, huumeriippuvuuden, HIV\/aidsin ja hermoongelmien hoitoon. Sit\u00e4 k\u00e4ytet\u00e4\u00e4n my\u00f6s yleistonic-aineena, lis\u00e4\u00e4m\u00e4\u00e4n seksuaalista halua, torjumaan huumeiden v\u00e4\u00e4rink\u00e4ytt\u00f6\u00e4 ja riippuvuutta sek\u00e4 ehk\u00e4isem\u00e4\u00e4n v\u00e4symyst\u00e4 ja uneliaisuutta.        <\/p>\n<h3>Osta Ibogaine Powder verkosta. Netist\u00e4 l\u00f6ytyy my\u00f6s kokaiinia. <\/h3>\n<p> Johdanto Luonnollinen alkaloidi-ibogajauhe, joka on uutettu iboga-kasvista Tabernanthe, tunnetaan poikkeuksellisesta potentiaalistaan \u200b\u200bedist\u00e4\u00e4 syv\u00e4llist\u00e4 paranemista ja muutosta. T\u00e4m\u00e4 puhdas ja tehokas jauhe on lupaava l\u00e4\u00e4ke ihmisille, jotka etsiv\u00e4t uutta tiet\u00e4 hyvinvointiin, ja se tarjoaa kokonaisvaltaisen l\u00e4hestymistavan erilaisiin fyysisiin, henkisiin ja emotionaalisiin ongelmiin. Valitsemme huolellisesti luotettavat toimittajamme varmistaaksemme ibogaine-jauheemme korkeimman laadun ja puhtauden. Suoritamme perusteellisia testej\u00e4 jokaiselle er\u00e4lle varmistaaksemme sen tehokkuuden, jotta voit aloittaa matkasi luottavaisin mielin.    <\/p>\n<h3><strong>Tilaa ibogaiinijauhe<\/strong><\/h3>\n<p> Ibogaine tunnetaan poikkeuksellisesta kyvyst\u00e4\u00e4n katkaista p\u00e4ihderiippuvuuden kierre, mik\u00e4 tekee siit\u00e4 houkuttelevan niille, jotka haluavat vapautua riippuvuudesta. Se toimii aivojen reseptoreihin luoden el\u00e4m\u00e4\u00e4 muuttavan kokemuksen, joka auttaa murtamaan riippuvuuden kahleet ja mahdollistaa uuden alun toipumisen tiell\u00e4. Ibogaine on osoittanut lupaavuutta henkisen ja emotionaalisen hyvinvoinnin edist\u00e4misess\u00e4 riippuvuushoidon lis\u00e4ksi. Monet kertovat kokeneensa lis\u00e4\u00e4ntynytt\u00e4 pohdintaa, mik\u00e4 on auttanut heit\u00e4 k\u00e4sittelem\u00e4\u00e4n ja parantamaan syv\u00e4\u00e4n juurtuneita emotionaalisia traumoja, pelkoa ja surua. Ibogaine-kokemuksen vision\u00e4\u00e4rinen osa tarjoaa pyh\u00e4n tilan itsetutkiskelulle ja itsens\u00e4 l\u00f6yt\u00e4miselle, mik\u00e4 usein johtaa henkisten siteiden vahvistamiseen ja henkil\u00f6kohtaiseen kehitykseen.<\/p>\n","protected":false},"excerpt":{"rendered":"<p>Apocynaceae-kasviperheeseen kuuluvat lajit, kuten Tabernanthe iboga, Voacanga africana ja Tabernaemontana undulata, jotka sis\u00e4lt\u00e4v\u00e4t luonnossa esiintyv\u00e4\u00e4 hallusinogeenist\u00e4 yhdistett\u00e4 ibogaiinia. Psykedeelinen l\u00e4\u00e4ke, jolla on dissosiatiivisia vaikutuksia.  <\/p>\n","protected":false},"featured_media":18814,"comment_status":"closed","ping_status":"closed","template":"","meta":{"om_disable_all_campaigns":false,"_sitemap_exclude":false,"_sitemap_priority":"","_sitemap_frequency":"","_monsterinsights_skip_tracking":false,"_monsterinsights_sitenote_active":false,"_monsterinsights_sitenote_note":"","_monsterinsights_sitenote_category":0},"product_cat":[17206],"product_tag":[17270,17265,17271,17269,17261,17272,17267,17263,17266,17268,17259,17264,17256,17255,17257,17262,17254,17251,17253,17258,17252,17260],"class_list":{"0":"post-27871","1":"product","2":"type-product","3":"status-publish","4":"has-post-thumbnail","6":"product_cat-tutkimuskemikaalit-ja-psykedeelit","7":"product_tag-aito-ibogaine-jauhe-euroopassa","8":"product_tag-halpa-ibogaine-jauhe-euroopassa","9":"product_tag-ibogaine-jauhe-euroopan-toimittajat","10":"product_tag-ibogaine-jauhe-euroopan-toimitus","11":"product_tag-ibogaine-jauhe-ilmainen-toimitus-eurooppaan","12":"product_tag-ibogaine-jauhe-euroopan-arvostelu","13":"product_tag-ibogaine-jauhe-euroopan-kauppa","14":"product_tag-ibogaine-jauhe-euroopassa","15":"product_tag-ibogaine-jauhe-euroopassa-fi","16":"product_tag-ibogaine-jauhe-euroopassa-alennus","17":"product_tag-ibogaine-jauhe-paras-hinta-euroopassa","18":"product_tag-ibogaine-jauhe-verkkokauppa-eurooppa","19":"product_tag-ibogaine-jauheen-myynti-verkossa","20":"product_tag-ibogaine-jauheen-vaikutukset","21":"product_tag-kuinka-paljon-ibogaine-jauhe-on","22":"product_tag-mista-ostaa-ibogaine-jauhetta-euroopassa","23":"product_tag-mista-ostaa-ibogaine-jauhetta-verkossa","24":"product_tag-osta-ibogaine-powder","25":"product_tag-osta-ibogaine-powder-verkosta","26":"product_tag-osta-ibogaine-jauhetta-verkosta-euroopassa","27":"product_tag-tilaa-ibogaine-powder-verkosta","28":"product_tag-tilaa-ibogaine-jauhe-eu","30":"first","31":"instock","32":"shipping-taxable","33":"purchasable","34":"product-type-variable","35":"farmacie-col"},"aioseo_notices":[],"_links":{"self":[{"href":"https:\/\/lacasadelamedicina.es\/fi\/wp-json\/wp\/v2\/product\/27871"}],"collection":[{"href":"https:\/\/lacasadelamedicina.es\/fi\/wp-json\/wp\/v2\/product"}],"about":[{"href":"https:\/\/lacasadelamedicina.es\/fi\/wp-json\/wp\/v2\/types\/product"}],"replies":[{"embeddable":true,"href":"https:\/\/lacasadelamedicina.es\/fi\/wp-json\/wp\/v2\/comments?post=27871"}],"wp:featuredmedia":[{"embeddable":true,"href":"https:\/\/lacasadelamedicina.es\/fi\/wp-json\/wp\/v2\/media\/18814"}],"wp:attachment":[{"href":"https:\/\/lacasadelamedicina.es\/fi\/wp-json\/wp\/v2\/media?parent=27871"}],"wp:term":[{"taxonomy":"product_cat","embeddable":true,"href":"https:\/\/lacasadelamedicina.es\/fi\/wp-json\/wp\/v2\/product_cat?post=27871"},{"taxonomy":"product_tag","embeddable":true,"href":"https:\/\/lacasadelamedicina.es\/fi\/wp-json\/wp\/v2\/product_tag?post=27871"}],"curies":[{"name":"wp","href":"https:\/\/api.w.org\/{rel}","templated":true}]}}