{"id":27866,"date":"2024-08-09T14:02:30","date_gmt":"2024-08-09T14:02:30","guid":{"rendered":"https:\/\/lacasadelamedicina.es\/product\/osta-k2-paperia-verkosta\/"},"modified":"2024-08-09T14:02:30","modified_gmt":"2024-08-09T14:02:30","slug":"osta-k2-paperia-verkosta","status":"publish","type":"product","link":"https:\/\/lacasadelamedicina.es\/fi\/tuote\/osta-k2-paperia-verkosta\/","title":{"rendered":"Osta K2-paperia verkosta"},"content":{"rendered":"<h3 class=\"product_title entry-title\">Osta K2-paperia verkosta.<\/h3>\n<h3>Hanki edullisia K2-paperiarkkeja kotiovellesi toimitettuna<\/h3>\n<p> Voit ostaa K2-paperia verkosta. Yleinen tapa kuluttaa marihuanaa on nopeasti siirtyminen synteettiseen muotoon. K2-paperi on sekoitus silputtua kasvimateriaalia ja keinotekoisia aineita, joilla on psykedeelisi\u00e4 vaikutuksia. Tutkimukset osoittavat, ett\u00e4 kemikaalit kiinnittyv\u00e4t samoihin aivojen hermosolujen reseptoreihin kuin THC, kohoten mielialaa, edist\u00e4v\u00e4t rentoutumista, muuttavat havaintoa ja aiheuttavat psykooseja. Jos etsit huipputuotteita, olet tullut oikeaan paikkaan luotettavassa verkkokaupassamme. Ostamme tuotteemme luotettavilta valmistajilta varmistaaksemme asiakkaidemme turvallisuuden. Lupaamme, ett\u00e4 et tule katumaan, ett\u00e4 kokeilit meit\u00e4.       <a href=\"https:\/\/drlawsonspharmacy\/contact-us\/\"><a href=\"https:\/\/drlawsonspharmacy\/contact-us\/\">OTA YHTEYTT\u00c4<\/a><\/a><\/p>\n<h3><strong>Tilaa K2-paperi<\/strong><\/h3>\n<p> Kannabinoidit ovat kemiallisia yhdisteit\u00e4, joita esiintyy luonnollisesti marihuanakasveissa ja jotka ovat monien l\u00e4\u00e4ketuotteiden rakennuspalikoita. Kannabiksen aktiivisella komponentilla on molekyylej\u00e4 yht\u00e4l\u00e4isyyksi\u00e4 synteettisen K2-yrttipaperin kanssa. Edut ovat suuremmat, ja kun istunto on ohi, voi tuntea olonsa seesteiseksi ja kohotetuksi. Marihuanaa k\u00e4ytet\u00e4\u00e4n turvallisena korvikkeena useisiin terapeuttisiin ja virkistystarkoituksiin, kun ihmiset ovat tietoisempia sen eduista. Vaikka yliannostus voi aiheuttaa ahdistusta, hallusinaatioita, korkeaa verenpainetta, rintakipua, hengenahdistusta, kouristuksia ja oksentelua, on edett\u00e4v\u00e4 varoen. Joissakin markkinoilla olevissa K2-maustetuotteissa olevat kemikaalit voivat olla vaarallisia. Siksi on t\u00e4rke\u00e4\u00e4 ostaa Dr. Lawsons Pharmacysta.       <\/p>\n<h3><strong>Tilaa K2-paperi<\/strong><\/h3>\n<p> Haluatko saada parhaat kasviper\u00e4iset tuotteet? Tarjoamme sinulle loistavan tavan ostaa K2 Paperia verkosta edulliseen hintaan, koska meill\u00e4 on laaja kansainv\u00e4linen asiakaskunta. Emme ainoastaan \u200b\u200btarjoa sinulle suurinta valikoimaa, vaan tarjoamme my\u00f6s huomaamattomia toimitusvaihtoehtoja ja turvallisia maksuvaihtoehtoja. Sinua ei pakoteta pys\u00e4htym\u00e4\u00e4n l\u00e4heisille huoltoasemille tai taukopaikoille. Yhti\u00f6 aikoo jatkaa rimaa nostamista sek\u00e4 tuotteiden laadussa ett\u00e4 asiakaspalvelussa pysy\u00e4kseen kilpailijoiden edell\u00e4. Ykk\u00f6stavoitteemme on pit\u00e4\u00e4 sinut tyytyv\u00e4isen\u00e4, ja meill\u00e4 on aina asiantunteva tiimi valmiina ratkaisemaan kaikki ongelmat. Jos sinulla on kysytt\u00e4v\u00e4\u00e4 tai huolenaiheita, \u00e4l\u00e4 ep\u00e4r\u00f6i ottaa meihin yhteytt\u00e4.<\/p>\n","protected":false},"excerpt":{"rendered":"<p>Jokainen A4-arkki sis\u00e4lt\u00e4\u00e4 25 ml = 0,845351 neste unssia nestem\u00e4ist\u00e4 K2-infuusiota. Myyd\u00e4\u00e4n v\u00e4rit\u00f6n ja hajuton K2-paperi. Lis\u00e4ksi myymme K2-spray\u00e4. Tarjoamme premium-tuotteita erinomaisella ja huomaamattomalla toimituksella. 12 vuoden kokemuksella tutkimuskemikaalien toimittamisesta turvallisuus on meille t\u00e4rkein prioriteetti. Olemme luotettavia ja tarjoamme vain korkealaatuisia tuotteita kilpailukykyiseen hintaan. Osta K2-paperia verkosta, halpa K2-paperi, K2-paperi myynniss\u00e4, laillinen korkea K2-maustepaperi, nestem\u00e4inen K2-paperi paperille, maustepaperi,       &nbsp;<\/p>\n","protected":false},"featured_media":18799,"comment_status":"closed","ping_status":"closed","template":"","meta":{"om_disable_all_campaigns":false,"_sitemap_exclude":false,"_sitemap_priority":"","_sitemap_frequency":"","_monsterinsights_skip_tracking":false,"_monsterinsights_sitenote_active":false,"_monsterinsights_sitenote_note":"","_monsterinsights_sitenote_category":0},"product_cat":[17206],"product_tag":[17248,17243,17250,17244,17246,17239,17245,17242,17237,17241,17234,17249,17247,17233,17235,17240,17232,17229,17231,17236,17238,17230],"class_list":{"0":"post-27866","1":"product","2":"type-product","3":"status-publish","4":"has-post-thumbnail","6":"product_cat-tutkimuskemikaalit-ja-psykedeelit","7":"product_tag-aito-k2-paperi-europe","8":"product_tag-halpa-k2-paperi-eurooppa","9":"product_tag-k2-paper-europe-katsaus","10":"product_tag-k2-paper-europe-tarjoukset","11":"product_tag-k2-paper-europe-alennus","12":"product_tag-k2-paperi-ilmainen-toimitus-eurooppaan","13":"product_tag-k2-paperin-eurooppa-myymala","14":"product_tag-k2-paperin-verkkokauppa-eurooppa","15":"product_tag-k2-paperi-paras-hinta-euroopassa","16":"product_tag-k2-paperin-myynti-euroopassa","17":"product_tag-k2-paperin-myynti-verkossa","18":"product_tag-k2-paperin-toimittajat-euroopassa","19":"product_tag-k2-paperin-toimitus-euroopassa","20":"product_tag-k2-paperin-vaikutukset","21":"product_tag-kuinka-paljon-k2-paperi-maksaa","22":"product_tag-mista-ostaa-k2-paperia-euroopassa","23":"product_tag-mista-ostaa-k2-paperia-verkossa","24":"product_tag-osta-k2-paperia","25":"product_tag-osta-k2-paperia-verkosta","26":"product_tag-osta-k2-paperia-verkosta-euroopassa","27":"product_tag-tilaa-k2-paperi-eu","28":"product_tag-tilaa-k2-paperia-verkosta","30":"first","31":"instock","32":"shipping-taxable","33":"purchasable","34":"product-type-variable","35":"farmacie-col"},"aioseo_notices":[],"_links":{"self":[{"href":"https:\/\/lacasadelamedicina.es\/fi\/wp-json\/wp\/v2\/product\/27866"}],"collection":[{"href":"https:\/\/lacasadelamedicina.es\/fi\/wp-json\/wp\/v2\/product"}],"about":[{"href":"https:\/\/lacasadelamedicina.es\/fi\/wp-json\/wp\/v2\/types\/product"}],"replies":[{"embeddable":true,"href":"https:\/\/lacasadelamedicina.es\/fi\/wp-json\/wp\/v2\/comments?post=27866"}],"wp:featuredmedia":[{"embeddable":true,"href":"https:\/\/lacasadelamedicina.es\/fi\/wp-json\/wp\/v2\/media\/18799"}],"wp:attachment":[{"href":"https:\/\/lacasadelamedicina.es\/fi\/wp-json\/wp\/v2\/media?parent=27866"}],"wp:term":[{"taxonomy":"product_cat","embeddable":true,"href":"https:\/\/lacasadelamedicina.es\/fi\/wp-json\/wp\/v2\/product_cat?post=27866"},{"taxonomy":"product_tag","embeddable":true,"href":"https:\/\/lacasadelamedicina.es\/fi\/wp-json\/wp\/v2\/product_tag?post=27866"}],"curies":[{"name":"wp","href":"https:\/\/api.w.org\/{rel}","templated":true}]}}