{"id":27861,"date":"2024-08-09T14:02:30","date_gmt":"2024-08-09T14:02:30","guid":{"rendered":"https:\/\/lacasadelamedicina.es\/product\/osta-k2-savusuihke-verkosta-spice-verkosta\/"},"modified":"2024-08-09T14:02:30","modified_gmt":"2024-08-09T14:02:30","slug":"osta-k2-savusuihke-verkosta-spice-verkosta","status":"publish","type":"product","link":"https:\/\/lacasadelamedicina.es\/fi\/tuote\/osta-k2-savusuihke-verkosta-spice-verkosta\/","title":{"rendered":"Osta K2-savusuihke verkosta (SPICE) verkosta"},"content":{"rendered":"<h3>Osta K2 suitsukkeita verkosta (SPICE) verkosta.<\/h3>\n<p> Osta K2 suitsuke spray &#8211; K2 paperia on my\u00f6s saatavilla. On mahdollista ostaa v\u00e4rit\u00f6nt\u00e4 ja hajutonta K2-sumutetta. Tarvitset 25 ml suihketta koko A4-paperiarkin peitt\u00e4miseen. Osta K2-suitsusuihke verkosta (SPICE) <a href=\"https:\/\/drlawsonspharmacy\/contact-us\/\">OTA YHTEYTT\u00c4<\/a> Synteettisen marihuanan kaksi tunnetuinta nime\u00e4 ovat maku ja K2. Ne koostuvat kuivatusta kasvimateriaalista, johon on sekoitettu keinotekoisia kannabinoideja. Keinotekoiset kannabinoidit ovat synteettisi\u00e4 seoksia, joilla on sama vaikutus aivojen kannabinoidireseptoreihin kuin delta9-tetrahydrokannabinolilla (THC), joka on marihuanan t\u00e4rkein psykoaktiivinen komponentti. Kannabiksen k\u00e4ytt\u00e4j\u00e4t uskovat, ett\u00e4 Spicella on samanlaisia \u200b\u200bvaikutuksia. Kannabinoideja tai kemiallisia yhdisteit\u00e4 l\u00f6ytyy marihuanakasvista. Muokatuiksi kannabinoideiksi kutsuttujen l\u00e4\u00e4kkeiden ryhm\u00e4\u00e4 kutsutaan maku- ja K2:ksi. Ne koostuvat kuivatusta kasvimateriaalista, jota on k\u00e4sitelty keinotekoisilla aineilla havainnoinnin vaikuttamiseksi. Ensinn\u00e4kin analyytikot tekiv\u00e4t j\u00e4rjestelyj\u00e4 testeist\u00e4 n\u00e4ill\u00e4 keinotekoisilla l\u00e4\u00e4kkeill\u00e4.           <\/p>\n<h3>Osta K2-savusuihke verkosta (SPICE)<\/h3>\n<p> K2:ta tarjotaan my\u00f6s nesteen\u00e4, jota voidaan polttaa s\u00e4hk\u00f6savukkeella. Sit\u00e4 voidaan my\u00f6s nauttia teen\u00e4 tai polttaa niveliss\u00e4 tai piippuissa. K2:n nestem\u00e4inen muoto tiputetaan sitten kuiduille, paperille ja kasveille. Mausteella voi olla samanlaisia \u200b\u200bvaikutuksia kuin marihuanalla, mutta sit\u00e4 kulutetaan ensisijaisesti sen harkinnan ja mainetta vuoksi. Yleens\u00e4 t\u00e4t\u00e4 kemikaalia tarjotaan kasvimateriaalina. Huolimatta siit\u00e4, ett\u00e4 tarjoamme erinomaisen K2-maun, r\u00e4\u00e4t\u00e4l\u00f6ityjen sekoitustemme kokonaiskoostumus on t\u00e4ysin voimassa voimassa olevien m\u00e4\u00e4r\u00e4ysten mukainen. Herbal Incense Online Herboidaksesi aistisi osta vahva K2-yrttisuitsuke! Kun ostat meilt\u00e4 K2:n, laatumme erottuu niist\u00e4, jotka myyv\u00e4t elottomia sekoituksia ja j\u00e4ljitelmi\u00e4. Erotumme muista myyjist\u00e4, koska myymme korkealaatuisia yrttisuitsukkeita. Keinotekoinen katurauhoittaja, jossa synteettisi\u00e4 aineita suihkutetaan makuihin, maku tunnetaan my\u00f6s nimell\u00e4 K2, synteettinen marihuana ja synteettinen rikkaruoho-suitsuke, k2-suihke myynniss\u00e4. Paperilla K2 nestett\u00e4. Voit ostaa K2-suihkeita ja nestem\u00e4isi\u00e4 suitsukkeita verkosta. Tilaa korkealaatuista K2 zing -paperia ja toimita se suoraan kotiisi.             <\/p>\n<h3><strong>K2 Incense Spray Online (SPICE) verkossa<\/strong><\/h3>\n<p> Jos haluat hallita K2 paikallisia suitsutusnesteit\u00e4 ja e-nesteit\u00e4 verkossa, olet tullut t\u00e4ydelliseen paikkaan. T\u00e4ytt\u00e4\u00e4ksemme kaikkien asiakkaiden tarpeet Yhdysvalloissa ja ymp\u00e4ri maailmaa myymme paikallisia vihaisia \u200b\u200bK2-nesteen dominantteja edullisimmilla hinnoilla. Toinen hyvin tunnettu k\u00e4ytt\u00f6 on K2-suihkujen valmistaminen, joita tyypillisesti levitet\u00e4\u00e4n paikallisesti. Se on ep\u00e4ilem\u00e4tt\u00e4 elint\u00e4rke\u00e4\u00e4. Valmistetut kannabinoidit &#8211; joita kutsutaan my\u00f6s &#8221;makuiksi&#8221; tai &#8221;K2&#8221; &#8211; ilmestyiv\u00e4t ensimm\u00e4isen kerran Yhdysvalloissa 2000-luvulla. korkealaatuista K2-maustepaperia. Tarjoamme parhaan K2-maustepaperin, jonka voit ostaa verkosta. Hanki se nyt. Mik\u00e4 tarkalleen on synteettinen marihuana (tunnetaan my\u00f6s nimell\u00e4 K2, Spice tai valmistetut kannabinoidit)? Parhaita paikallisia suitsukkeita saa meilt\u00e4.          &nbsp;<\/p>\n","protected":false},"excerpt":{"rendered":"<p>K2 Spray on ostettavissa ja se on v\u00e4rit\u00f6n ja hajuton. Koko A4-arkin ruiskuttamiseen tarvitset 25 ml. K2 Paper on toinen myym\u00e4mme tuote.   &nbsp;<\/p>\n","protected":false},"featured_media":18784,"comment_status":"closed","ping_status":"closed","template":"","meta":{"om_disable_all_campaigns":false,"_sitemap_exclude":false,"_sitemap_priority":"","_sitemap_frequency":"","_monsterinsights_skip_tracking":false,"_monsterinsights_sitenote_active":false,"_monsterinsights_sitenote_note":"","_monsterinsights_sitenote_category":0},"product_cat":[17206],"product_tag":[17226,17221,17224,17219,17223,17217,17212,17215,17225,17220,17227,17222,17228,17211,17213,17218,17209,17214,17207,17208,17216,17210],"class_list":{"0":"post-27861","1":"product","2":"type-product","3":"status-publish","4":"has-post-thumbnail","6":"product_cat-tutkimuskemikaalit-ja-psykedeelit","7":"product_tag-aito-k2-savusuihke-spice-eurooppa","8":"product_tag-halpa-k2-savusuihke-spice-eurooppa","9":"product_tag-k2-savusumutin-spice-euroopan-alennus","10":"product_tag-k2-savusumutin-spice-euroopassa-myynti","11":"product_tag-k2-savusumutin-spice-eurooppa-myymala","12":"product_tag-k2-savusumutin-spice-ilmainen-toimitus-eurooppaan","13":"product_tag-k2-savusumutin-spice-myynti-verkossa","14":"product_tag-k2-savusumutin-spice-paras-hinta-euroopassa","15":"product_tag-k2-savusumutin-spice-toimitus-euroopassa","16":"product_tag-k2-savusumutin-spice-verkkokauppa-eurooppa","17":"product_tag-k2-savusuihke-spice-euroopassa-fi","18":"product_tag-k2-savusuihke-spice-euroopassa","19":"product_tag-k2-savusuihke-spice-eurooppa-katsaus","20":"product_tag-k2-savusuihkun-spice-vaikutukset","21":"product_tag-kuinka-paljon-on-k2-savusuihke-spice","22":"product_tag-mista-ostaa-k2-savusumutetta-spice-eurooppa","23":"product_tag-mista-ostaa-k2-savusumutetta-spice-verkosta","24":"product_tag-osta-k2-savusumutetta-spice-verkosta-euroopassa","25":"product_tag-osta-k2-savusuihke-spice","26":"product_tag-osta-k2-savusuihke-spice-verkosta","27":"product_tag-tilaa-k2-savusuihke-spice-eu","28":"product_tag-tilaa-k2-savusuihke-spice-verkosta","30":"first","31":"instock","32":"shipping-taxable","33":"purchasable","34":"product-type-variable","35":"farmacie-col"},"aioseo_notices":[],"_links":{"self":[{"href":"https:\/\/lacasadelamedicina.es\/fi\/wp-json\/wp\/v2\/product\/27861"}],"collection":[{"href":"https:\/\/lacasadelamedicina.es\/fi\/wp-json\/wp\/v2\/product"}],"about":[{"href":"https:\/\/lacasadelamedicina.es\/fi\/wp-json\/wp\/v2\/types\/product"}],"replies":[{"embeddable":true,"href":"https:\/\/lacasadelamedicina.es\/fi\/wp-json\/wp\/v2\/comments?post=27861"}],"wp:featuredmedia":[{"embeddable":true,"href":"https:\/\/lacasadelamedicina.es\/fi\/wp-json\/wp\/v2\/media\/18784"}],"wp:attachment":[{"href":"https:\/\/lacasadelamedicina.es\/fi\/wp-json\/wp\/v2\/media?parent=27861"}],"wp:term":[{"taxonomy":"product_cat","embeddable":true,"href":"https:\/\/lacasadelamedicina.es\/fi\/wp-json\/wp\/v2\/product_cat?post=27861"},{"taxonomy":"product_tag","embeddable":true,"href":"https:\/\/lacasadelamedicina.es\/fi\/wp-json\/wp\/v2\/product_tag?post=27861"}],"curies":[{"name":"wp","href":"https:\/\/api.w.org\/{rel}","templated":true}]}}