{"id":27860,"date":"2024-08-09T14:02:39","date_gmt":"2024-08-09T14:02:39","guid":{"rendered":"https:\/\/lacasadelamedicina.es\/product\/osta-albert-einstein-queen-elizabeth-verkossa\/"},"modified":"2024-08-09T14:02:39","modified_gmt":"2024-08-09T14:02:39","slug":"osta-albert-einstein-queen-elizabeth-verkossa","status":"publish","type":"product","link":"https:\/\/lacasadelamedicina.es\/fi\/tuote\/osta-albert-einstein-queen-elizabeth-verkossa\/","title":{"rendered":"Osta Albert Einstein + Queen Elizabeth verkossa"},"content":{"rendered":"<h2>Osta Albert Einstein + Queen Elizabeth verkosta. Sarja 2 laadukasta arkkia. <\/h2>\n<p> Osta Albert Einstein + Queen Elizabeth verkosta. 2 korkealaatuisen lakanan setti. N\u00e4iss\u00e4 rei&#8217;itetyiss\u00e4 arkeissa on kirkkaat v\u00e4rit, korkeat yksityiskohdat ja puhdas 1\/4 tuuman rei&#8217;itys. 2 Erilaista mallia \u2013 myyd\u00e4\u00e4n my\u00f6s yksitt\u00e4in.<\/p>\n","protected":false},"excerpt":{"rendered":"<p>Osta Albert Einstein + Queen Elizabeth verkosta. Sarja 2 laadukasta arkkia. Osta Albert Einstein + Queen Elizabeth verkosta. 2 korkealaatuisen lakanan setti. N\u00e4iss\u00e4 rei&#8217;itetyiss\u00e4 arkeissa on kirkkaat v\u00e4rit, korkeat yksityiskohdat ja puhdas 1\/4 tuuman rei&#8217;itys. 2 Erilaista mallia \u2013 myyd\u00e4\u00e4n my\u00f6s yksitt\u00e4in.<\/p>\n","protected":false},"featured_media":19234,"comment_status":"open","ping_status":"closed","template":"","meta":{"om_disable_all_campaigns":false,"_sitemap_exclude":false,"_sitemap_priority":"","_sitemap_frequency":"","_monsterinsights_skip_tracking":false,"_monsterinsights_sitenote_active":false,"_monsterinsights_sitenote_note":"","_monsterinsights_sitenote_category":0},"product_cat":[16902],"product_tag":[17112,17103,17101,17098,17110,17114,17109,17105,17108,17113,17111,17106,17097,17107,17099,17104,17095,17093,17100,17094,17102,17096],"class_list":{"0":"post-27860","1":"product","2":"type-product","3":"status-publish","4":"has-post-thumbnail","6":"product_cat-lsd-fi","7":"product_tag-aito-albert-einstein-kuningatar-elizabeth-europe","8":"product_tag-albert-einstein-kuningatar-elisabet-ilmainen-toimitus-eurooppaan","9":"product_tag-albert-einstein-kuningatar-elizabeth-paras-hinta-euroopassa","10":"product_tag-albert-einstein-queen-elizabeth-myynti-verkossa","11":"product_tag-albert-einstein-queen-elizabeth-europe-alennus","12":"product_tag-albert-einstein-queen-elizabeth-europe-arvostelu","13":"product_tag-albert-einstein-queen-elizabeth-europe-kauppa","14":"product_tag-albert-einstein-queen-elizabeth-europe-myynti","15":"product_tag-albert-einstein-queen-elizabeth-europe-tarjoukset","16":"product_tag-albert-einstein-queen-elizabeth-europe-toimittajat","17":"product_tag-albert-einstein-queen-elizabeth-europe-toimitus","18":"product_tag-albert-einstein-queen-elizabeth-verkkokauppa-eurooppa","19":"product_tag-albert-einsteinin-kuningatar-elisabetin-vaikutukset","20":"product_tag-halvat-albert-einstein-kuningatar-elizabeth-eurooppa","21":"product_tag-kuinka-paljon-on-albert-einstein-kuningatar-elizabeth","22":"product_tag-mista-ostaa-albert-einstein-queen-elizabeth-europe","23":"product_tag-mista-ostaa-albert-einstein-queen-elizabeth-verkossa","24":"product_tag-osta-albert-einstein-kuningatar-elizabeth","25":"product_tag-osta-albert-einstein-queen-elizabeth-verkossa-euroopassa","26":"product_tag-osta-albert-einstein-queen-elizabeth-verkosta","27":"product_tag-tilaa-albert-einstein-kuningatar-elizabeth-eu","28":"product_tag-tilaa-albert-einstein-queen-elizabeth-verkosta","30":"first","31":"instock","32":"shipping-taxable","33":"purchasable","34":"product-type-simple","35":"farmacie-col"},"aioseo_notices":[],"_links":{"self":[{"href":"https:\/\/lacasadelamedicina.es\/fi\/wp-json\/wp\/v2\/product\/27860"}],"collection":[{"href":"https:\/\/lacasadelamedicina.es\/fi\/wp-json\/wp\/v2\/product"}],"about":[{"href":"https:\/\/lacasadelamedicina.es\/fi\/wp-json\/wp\/v2\/types\/product"}],"replies":[{"embeddable":true,"href":"https:\/\/lacasadelamedicina.es\/fi\/wp-json\/wp\/v2\/comments?post=27860"}],"wp:featuredmedia":[{"embeddable":true,"href":"https:\/\/lacasadelamedicina.es\/fi\/wp-json\/wp\/v2\/media\/19234"}],"wp:attachment":[{"href":"https:\/\/lacasadelamedicina.es\/fi\/wp-json\/wp\/v2\/media?parent=27860"}],"wp:term":[{"taxonomy":"product_cat","embeddable":true,"href":"https:\/\/lacasadelamedicina.es\/fi\/wp-json\/wp\/v2\/product_cat?post=27860"},{"taxonomy":"product_tag","embeddable":true,"href":"https:\/\/lacasadelamedicina.es\/fi\/wp-json\/wp\/v2\/product_tag?post=27860"}],"curies":[{"name":"wp","href":"https:\/\/api.w.org\/{rel}","templated":true}]}}