{"id":27859,"date":"2024-08-09T14:02:39","date_gmt":"2024-08-09T14:02:39","guid":{"rendered":"https:\/\/lacasadelamedicina.es\/product\/osta-1p-lsd-blotters-150mcg-verkosta\/"},"modified":"2024-09-18T18:48:56","modified_gmt":"2024-09-18T18:48:56","slug":"osta-1p-lsd-blotters-150mcg-verkosta","status":"publish","type":"product","link":"https:\/\/lacasadelamedicina.es\/fi\/tuote\/osta-1p-lsd-blotters-150mcg-verkosta\/","title":{"rendered":"Osta 1P-LSD Blotters 150mcg verkosta"},"content":{"rendered":"<h3>Osta 150 mikrogrammaa 1P-LSD-blottereja: Tutki kemiallisia tietoja<\/h3>\n<p><strong>Mit\u00e4 ovat 150 mcg 1P-LSD Blotterit?<\/strong> 1P-LSD Blotterit (150 mcg) ovat tutkimuskemikaalityyppej\u00e4, joita k\u00e4ytet\u00e4\u00e4n yleisesti tutkimuksissa. Vaikka n\u00e4iden blottereiden myynti ja ostaminen on t\u00e4ll\u00e4 hetkell\u00e4 laillista, niiden oikeudellinen asema saattaa muuttua. On t\u00e4rke\u00e4\u00e4 huomata, ett\u00e4 1P-LSD Blotterit on tarkoitettu tiukasti tutkimustarkoituksiin, eik\u00e4 niit\u00e4 ole hyv\u00e4ksytty ihmisravinnoksi. <strong>S\u00e4ilytysohjeet 150 mikrogramman 1P-LSD-blottereille<\/strong> S\u00e4ilyt\u00e4 1P-LSD-blottereiden (150 mikrogrammaa) pitk\u00e4ik\u00e4isyys ja tehokkuus viile\u00e4ss\u00e4 ja kuivassa paikassa. N\u00e4iss\u00e4 olosuhteissa s\u00e4ilytettyn\u00e4 kemikaali pysyy stabiilina jopa kaksi vuotta. Asianmukainen varastointi auttaa s\u00e4ilytt\u00e4m\u00e4\u00e4n imupaperien eheyden koko niiden s\u00e4ilyvyysajan. IUPAC: 1-propionyyli-lysergihappodietyyliamidi CAS#: Ei k\u00e4yt\u00f6ss\u00e4 Molekyylikaava: C23H29N3O2 Molekyylimassa: 379,45926g\/mol <strong>Tilaa 150 mikrogrammaa 1P-LSD-imuroijia Chemswellist\u00e4!<\/strong> Chemswell tarjoaa nopean ja luotettavan toimituksen 150 mikrogramman 1P-LSD-imuroille. Jos teet tilauksen t\u00e4n\u00e4\u00e4n, voit odottaa pakettisi saapuvan kotiovellesi p\u00e4iv\u00e4n sis\u00e4ll\u00e4. PostNL k\u00e4sittelee kaikki toimitukset huomaamattomasti, mik\u00e4 takaa yksityisyyden. Ota yhteytt\u00e4 asiakaspalvelutiimiimme saadaksesi lis\u00e4tietoja 1P-LSD-blottereiden joukkotilauksista. <strong>Maksuvaihtoehdot<\/strong> Chemswell tarjoaa useita maksutapoja avuksesi, mukaan lukien:         <\/p>\n<ul>\n<li>Luottokortti (Mastercard, Visa, American Express)<\/li>\n<li>PayPal<\/li>\n<li>Bitcoin<\/li>\n<li>ihanteellinen<\/li>\n<\/ul>\n<p><strong>Miksi valita Chemswell?<\/strong> Chemswell on sitoutunut tarjoamaan korkealaatuista palvelua kilpailukykyiseen hintaan. Jos sinulla on kysytt\u00e4v\u00e4\u00e4 tai lis\u00e4tietoja, ota rohkeasti yhteytt\u00e4 s\u00e4hk\u00f6postitse tai puhelimitse. Vieraile yhteystietosivullamme saadaksesi lis\u00e4tietoja. 1P-LSD on uusi lysergamidiluokan psykedeelinen aine. 1P-LSD on l\u00e4heist\u00e4 sukua LSD:lle, ja sen on raportoitu tuottavan l\u00e4hes identtisi\u00e4 vaikutuksia. Sen uutuuden vuoksi 1P-LSD:n farmakologiaan tiedet\u00e4\u00e4n v\u00e4h\u00e4n, mutta sen uskotaan saavan aikaan sen vaikutuksia sitoutumalla aivojen serotoniinireseptoreihin. Tilaa 150 mikrogramman 1P-LSD Blotterit Chemswellilt\u00e4 t\u00e4n\u00e4\u00e4n saadaksesi poikkeuksellista palvelua ja arvoa.<\/p>\n","protected":false},"excerpt":{"rendered":"<p>1P-LSD Blotters 150mcg on psykedeelinen l\u00e4\u00e4keaine, joka kuuluu lysergamidiluokkaan, joka on LSD:n johdannainen ja toiminnallinen analogi sek\u00e4 ALD-52:n homologi. Se sai alkunsa vuonna 2015, kun se ilmestyi verkossa myyt\u00e4v\u00e4ksi design-huumeeksi. Se muokkaa LSD-molekyyli\u00e4 lis\u00e4\u00e4m\u00e4ll\u00e4 propionyyliryhm\u00e4n LSD:n indoliryhm\u00e4n typpiatomiin.  <\/p>\n","protected":false},"featured_media":19219,"comment_status":"closed","ping_status":"closed","template":"","meta":{"om_disable_all_campaigns":false,"_sitemap_exclude":false,"_sitemap_priority":"","_sitemap_frequency":"","_monsterinsights_skip_tracking":false,"_monsterinsights_sitenote_active":false,"_monsterinsights_sitenote_note":"","_monsterinsights_sitenote_category":0},"product_cat":[16902],"product_tag":[17187,17199,17198,17202,17197,17194,17200,17203,17192,17188,17204,17195,17201,17196,17189,17193,17186,17184,17185,17190,17191,17205],"class_list":{"0":"post-27859","1":"product","2":"type-product","3":"status-publish","4":"has-post-thumbnail","6":"product_cat-lsd-fi","7":"product_tag-1p-lsd-blotterien-vaikutukset-150mcg","8":"product_tag-1p-lsd-blotters-150mcg-euroopan-alennus","9":"product_tag-1p-lsd-blotters-150mcg-euroopan-kauppa","10":"product_tag-1p-lsd-blotters-150mcg-euroopan-toimittajat","11":"product_tag-1p-lsd-blotters-150mcg-euroopassa","12":"product_tag-1p-lsd-blotters-150mcg-euroopassa-myynti","13":"product_tag-1p-lsd-blotters-150mcg-eurooppa-toimitus","14":"product_tag-1p-lsd-blotters-150mcg-eurooppa-arvostelu","15":"product_tag-1p-lsd-blotters-150mcg-ilmainen-toimitus-eurooppaan","16":"product_tag-1p-lsd-blotters-150mcg-myynti-verkossa","17":"product_tag-1p-lsd-blotters-150mcg-paras-hinta-euroopassa","18":"product_tag-1p-lsd-blotters-150mcg-verkkokauppa-eurooppa","19":"product_tag-authentic1p-lsd-blotters-150mcg-europe-fi","20":"product_tag-halvat1p-lsd-blotterit-150mcg-eurooppa","21":"product_tag-kuinka-paljon-on-1p-lsd-blotters-150mcg","22":"product_tag-mista-ostaa-1p-lsd-blotters-150mcg-europe","23":"product_tag-mista-ostaa-1p-lsd-blotters-150mcg-verkossa","24":"product_tag-osta-1p-lsd-blotters-150mcg-fi","25":"product_tag-osta-1p-lsd-blotters-150mcg-verkosta","26":"product_tag-osta-1p-lsd-blotters-150mcg-verkosta-euroopassa","27":"product_tag-tilaa-1p-lsd-blotters-150mcg-eu","28":"product_tag-tilaa-1p-lsd-blotters-150mcg-verkosta","30":"first","31":"instock","32":"shipping-taxable","33":"purchasable","34":"product-type-simple","35":"farmacie-col"},"aioseo_notices":[],"_links":{"self":[{"href":"https:\/\/lacasadelamedicina.es\/fi\/wp-json\/wp\/v2\/product\/27859"}],"collection":[{"href":"https:\/\/lacasadelamedicina.es\/fi\/wp-json\/wp\/v2\/product"}],"about":[{"href":"https:\/\/lacasadelamedicina.es\/fi\/wp-json\/wp\/v2\/types\/product"}],"replies":[{"embeddable":true,"href":"https:\/\/lacasadelamedicina.es\/fi\/wp-json\/wp\/v2\/comments?post=27859"}],"wp:featuredmedia":[{"embeddable":true,"href":"https:\/\/lacasadelamedicina.es\/fi\/wp-json\/wp\/v2\/media\/19219"}],"wp:attachment":[{"href":"https:\/\/lacasadelamedicina.es\/fi\/wp-json\/wp\/v2\/media?parent=27859"}],"wp:term":[{"taxonomy":"product_cat","embeddable":true,"href":"https:\/\/lacasadelamedicina.es\/fi\/wp-json\/wp\/v2\/product_cat?post=27859"},{"taxonomy":"product_tag","embeddable":true,"href":"https:\/\/lacasadelamedicina.es\/fi\/wp-json\/wp\/v2\/product_tag?post=27859"}],"curies":[{"name":"wp","href":"https:\/\/api.w.org\/{rel}","templated":true}]}}