{"id":27854,"date":"2024-08-09T14:02:39","date_gmt":"2024-08-09T14:02:39","guid":{"rendered":"https:\/\/lacasadelamedicina.es\/product\/osta-170ug-shiva-lsd-blotterit-verkosta\/"},"modified":"2024-08-09T14:02:39","modified_gmt":"2024-08-09T14:02:39","slug":"osta-170ug-shiva-lsd-blotterit-verkosta","status":"publish","type":"product","link":"https:\/\/lacasadelamedicina.es\/fi\/tuote\/osta-170ug-shiva-lsd-blotterit-verkosta\/","title":{"rendered":"Osta 170ug Shiva LSD Blotterit verkosta"},"content":{"rendered":"<h2><strong>Osta 1P-LSD 170UG SHIVA LSD BLOTTERIT verkosta<\/strong><\/h2>\n<p> Psykedeelinen l\u00e4\u00e4ke 1P-LSD, jota kutsutaan my\u00f6s 1-propionyyli-lysergihappodietyyliamidiksi, on LSD:n johdannainen ja toiminnallinen analogi ja ALD-52:n homologi. LSD:ll\u00e4 ja 1P-LSD:ll\u00e4 on kemiallinen suhde, ja niiden vaikutusten sanotaan olevan melko samanlaisia. Vaikka 1P-LSD:n farmakologiasta tiedet\u00e4\u00e4n v\u00e4h\u00e4n, se todenn\u00e4k\u00f6isesti vaikuttaa aivojen serotoniinireseptoreihin luoden sen psykedeelisi\u00e4 vaikutuksia.   <\/p>\n<h2><strong>Osta 170 ug Shiva LSD Blotterit<\/strong><\/h2>\n<p> IUPAC ID: (6aR,9R)-N,N-dietyyli-7-metyyli-4,6,6a,7,8,9-heksahydroindolo- [4,3-fg] kinoliini-9-karboksamidi Molekyylimassa: 323,43 g Sulamispiste: 80 \u00b0C Kaava: C20H25N3O CAS ID: 50-37-3 Lysergihappodietyyliamidi, joka tunnetaan my\u00f6s nimell\u00e4 happo, on psykedeelinen l\u00e4\u00e4ke, joka tunnetaan psykologisista vaikutuksistaan. Kaava: C20H25N30 IUPAC ID: (6aR,9R)-N,N-dietyyli-7-metyyli-4,6,6a,7,8,9-heksahydroindolo-  [4,3-fg] kinoliini-9-karboksamidi Moolimassa: 323,43 g\/mol Sulamispiste: 80 \u00b0C CAS ID: 50-37-3 <\/p>\n<h3><strong>1P-LSD 170UG SHIVA LSD BLOTTERIT<\/strong><\/h3>\n<p> Meill\u00e4 on monia uskollisia asiakkaita ymp\u00e4ri maailmaa ja odotamme innolla yhteisty\u00f6t\u00e4 kanssasi pitk\u00e4ll\u00e4 aikav\u00e4lill\u00e4. Jos tarvitset lis\u00e4tietoja, \u00e4l\u00e4 ep\u00e4r\u00f6i ottaa meihin yhteytt\u00e4; teemme kaikkemme vastataksemme tarpeisiisi. Uudet psykoaktiiviset yhdisteet tai mielt\u00e4 muuttavat kemikaalit, jotka on syntetisoitu laboratoriossa ja tarjottu laillisiksi korvikkeiksi laittomille huumeille, kuten kokaiinille ja marihuanalle, ovat yleistyneet huumeteollisuudessa viimeisten 20 vuoden aikana. N\u00e4it\u00e4 l\u00e4\u00e4kkeit\u00e4 ei ole testattu laajasti, joten on mahdollista, ett\u00e4 niiden vaikutukset ovat ep\u00e4johdonmukaisia \u200b\u200bja arvaamattomia.    <\/p>\n<h3><strong>VAIKUTUKSET<\/strong><\/h3>\n<p> Tieteellisess\u00e4 kirjallisuudessa 1P-LSD:n vaikutusprofiilia ei ole kuvattu hyvin. Sen uskotaan yleens\u00e4 olevan samanlainen kuin LSD. Useiden anekdoottisten raporttien mukaan 1P-LSD kest\u00e4\u00e4 hieman v\u00e4hemm\u00e4n aikaa ihmisill\u00e4 kuin LSD, ja suurin osa k\u00e4ytt\u00e4jist\u00e4 v\u00e4itt\u00e4\u00e4, ett\u00e4 he eiv\u00e4t pysty erottamaan n\u00e4iden kahden l\u00e4\u00e4kkeen laadullisia vaikutuksia.   <\/p>\n<h3><strong>GAMAN VALINTA<\/strong><\/h3>\n<p> Ratkaiseva tekij\u00e4 palvelumme valinnassa on Meth Trust. Ensisijainen n\u00e4k\u00f6kohta kasvavassa asiakasm\u00e4\u00e4r\u00e4ss\u00e4 on laatu. Tarjoukset ja alennukset ovat ratkaisevia asiakkaidemme menestyksen kannalta.   <\/p>\n<h3><strong>P\u00c4\u00c4TELM\u00c4<\/strong><\/h3>\n<p> Yksi suosituimmista LSD-tuotteista teini-ik\u00e4isten keskuudessa, jotka k\u00e4ytt\u00e4v\u00e4t sit\u00e4 usein juhlahuumeena, on Goblin\u2019s Den. Virtuaalimarkkinoilla on laaja valikoima LSD-tuotteita, jotka ovat vapaasti saatavilla. T\u00e4\u00e4ll\u00e4 takaamme sinulle tuotteen parhaan laadun ja hinnan, 200 mcg Goblin\u2019s Den.<\/p>\n","protected":false},"excerpt":{"rendered":"<p>Osta 1P-LSD 170UG SHIVA LSD BLOTTERIT verkosta Psykedeelinen l\u00e4\u00e4ke 1P-LSD, jota kutsutaan my\u00f6s 1-propionyyli-lysergihappodietyyliamidiksi, on LSD:n johdannainen ja toiminnallinen analogi ja ALD-52:n homologi. LSD:ll\u00e4 ja 1P-LSD:ll\u00e4 on kemiallinen suhde, ja niiden vaikutusten sanotaan olevan melko samanlaisia. Vaikka 1P-LSD:n farmakologiasta tiedet\u00e4\u00e4n v\u00e4h\u00e4n, se todenn\u00e4k\u00f6isesti vaikuttaa aivojen serotoniinireseptoreihin luoden sen psykedeelisi\u00e4 vaikutuksia. Osta 170 ug Shiva LSD [&hellip;]<\/p>\n","protected":false},"featured_media":19204,"comment_status":"open","ping_status":"closed","template":"","meta":{"om_disable_all_campaigns":false,"_sitemap_exclude":false,"_sitemap_priority":"","_sitemap_frequency":"","_monsterinsights_skip_tracking":false,"_monsterinsights_sitenote_active":false,"_monsterinsights_sitenote_note":"","_monsterinsights_sitenote_category":0},"product_cat":[16902],"product_tag":[17166,17174,17172,17167,17180,17179,17183,17178,17177,17182,17170,17175,17181,17176,17168,17164,17173,17162,17169,17163,17165,17171],"class_list":{"0":"post-27854","1":"product","2":"type-product","3":"status-publish","4":"has-post-thumbnail","6":"product_cat-lsd-fi","7":"product_tag-170-ug-shiva-lsd-blottereiden-teho","8":"product_tag-170-ug-shiva-lsd-blotterit-euroopassa","9":"product_tag-170-ug-shiva-lsd-blotters-ilmainen-toimitus-eurooppaan","10":"product_tag-170-ug-shiva-lsd-blotters-myynti-verkossa","11":"product_tag-170-ug-shiva-lsd-blotters-toimitus-euroopassa","12":"product_tag-170-ug-shiva-lsd-blotters-europe-alennus","13":"product_tag-170-ug-shiva-lsd-blotters-europe-arvostelu","14":"product_tag-170-ug-shiva-lsd-blotters-europe-kauppa","15":"product_tag-170-ug-shiva-lsd-blotters-europe-tarjouksia","16":"product_tag-170-ug-shiva-lsd-blotters-europe-toimittajat","17":"product_tag-170-ug-shiva-lsd-blotters-paras-hinta-euroopassa","18":"product_tag-170ug-shiva-lsd-blotters-verkkokauppa-eurooppa","19":"product_tag-autenttiset-170-g-shiva-lsd-blotterit-euroopassa","20":"product_tag-halvat-170-g-shiva-lsd-blotterit-euroopassa","21":"product_tag-kuinka-paljon-on-170-ug-shiva-lsd-blottereja","22":"product_tag-mista-ostaa-170ug-shiva-lsd-blotterit-verkosta","23":"product_tag-mista-ostaa-170ug-shiva-lsd-blotters-europe","24":"product_tag-osta-170-ug-shiva-lsd-blotterit","25":"product_tag-osta-170-ug-shiva-lsd-blotterit-verkosta-euroopassa","26":"product_tag-osta-170ug-shiva-lsd-blotterit-verkosta","27":"product_tag-tilaa-170ug-shiva-lsd-blotterit-verkosta","28":"product_tag-tilaa-170ug-shiva-lsd-blotters-eu","30":"first","31":"instock","32":"shipping-taxable","33":"purchasable","34":"product-type-variable","35":"farmacie-col"},"aioseo_notices":[],"_links":{"self":[{"href":"https:\/\/lacasadelamedicina.es\/fi\/wp-json\/wp\/v2\/product\/27854"}],"collection":[{"href":"https:\/\/lacasadelamedicina.es\/fi\/wp-json\/wp\/v2\/product"}],"about":[{"href":"https:\/\/lacasadelamedicina.es\/fi\/wp-json\/wp\/v2\/types\/product"}],"replies":[{"embeddable":true,"href":"https:\/\/lacasadelamedicina.es\/fi\/wp-json\/wp\/v2\/comments?post=27854"}],"wp:featuredmedia":[{"embeddable":true,"href":"https:\/\/lacasadelamedicina.es\/fi\/wp-json\/wp\/v2\/media\/19204"}],"wp:attachment":[{"href":"https:\/\/lacasadelamedicina.es\/fi\/wp-json\/wp\/v2\/media?parent=27854"}],"wp:term":[{"taxonomy":"product_cat","embeddable":true,"href":"https:\/\/lacasadelamedicina.es\/fi\/wp-json\/wp\/v2\/product_cat?post=27854"},{"taxonomy":"product_tag","embeddable":true,"href":"https:\/\/lacasadelamedicina.es\/fi\/wp-json\/wp\/v2\/product_tag?post=27854"}],"curies":[{"name":"wp","href":"https:\/\/api.w.org\/{rel}","templated":true}]}}