{"id":27849,"date":"2024-08-09T14:02:39","date_gmt":"2024-08-09T14:02:39","guid":{"rendered":"https:\/\/lacasadelamedicina.es\/product\/osta-155-mcg-teachers-gaze-itse-tehty-99-puhdas-atsteekkien-kristalli-verkosta\/"},"modified":"2024-08-09T14:02:39","modified_gmt":"2024-08-09T14:02:39","slug":"osta-155-mcg-teachers-gaze-itse-tehty-99-puhdas-atsteekkien-kristalli-verkosta","status":"publish","type":"product","link":"https:\/\/lacasadelamedicina.es\/fi\/tuote\/osta-155-mcg-teachers-gaze-itse-tehty-99-puhdas-atsteekkien-kristalli-verkosta\/","title":{"rendered":"Osta 155 MCG Teacher\u2019s Gaze (itse tehty, 99 % puhdas atsteekkien kristalli) verkosta"},"content":{"rendered":"<h3>Paras paikka ostaa Teacher&#8217;s Gaze LSD verkossa<\/h3>\n<p> Esittelemme erillisen tarjouksen: rajoitetun er\u00e4n Teacher&#8217;s Gaze LSD-v\u00e4lilehti\u00e4, jotka on luotu harvinaisella kristallilla, joka on per\u00e4isin omistautuneelta harrastajaryhm\u00e4lt\u00e4, joka vastaa n\u00e4kemyksi\u00e4mme todellisuudesta ja henkisyydest\u00e4. T\u00e4m\u00e4 eksklusiivinen er\u00e4 valmistettiin kerran ja poistettiin sitten k\u00e4yt\u00f6st\u00e4, joten meill\u00e4 tai kenell\u00e4k\u00e4\u00e4n muulla ei ole t\u00e4t\u00e4 tietty\u00e4 kristallia en\u00e4\u00e4. Testauksen j\u00e4lkeen olimme h\u00e4mm\u00e4styneit\u00e4 n\u00e4iden v\u00e4lilehtien tehosta ja kokemuksesta. Kristallin harvinaisuudesta johtuen hinta on korkeampi verrattuna atsteekkien lajikkeisiin, mutta tarjoamme sit\u00e4 pienell\u00e4 lis\u00e4maksulla jaettavaksi psykedeelisess\u00e4 yhteis\u00f6ss\u00e4mme.    <\/p>\n<h3>LSD Blotter Acid ostettavissa verkosta<\/h3>\n<p> Teacher\u2019s Gaze LSD Online tarjoaa laajan valikoiman tuotteita, mukaan lukien Goblin\u2019s Den, Hoffman LSD blotter, Void Realm, Teacher\u2019s Gaze, Fractal Storm ja paljon muuta. Erityisesti Teacher&#8217;s Gaze on yksi halutuimmista tuotteista erityisesti nuorempien k\u00e4ytt\u00e4jien keskuudessa. T\u00e4ss\u00e4 on joitain t\u00e4rkeit\u00e4 tietoja Teacher\u2019s Gaze LSD:st\u00e4:   <\/p>\n<ul>\n<li>Noin 10 % yhdysvaltalaisista on kokeillut Teacher\u2019s Gaze LSD:t\u00e4 jossain vaiheessa vuodesta 2017 l\u00e4htien, ja 0,7 % on k\u00e4ytt\u00e4nyt sit\u00e4 viimeisen vuoden aikana. Sen k\u00e4ytt\u00f6 oli yleisint\u00e4 1960-luvulta 1980-luvulle. Tyypillisesti Teacher&#8217;s Gaze LSD joko niell\u00e4\u00e4n tai laitetaan kielen alle, usein jaettu imupaperille.  <\/li>\n<\/ul>\n<h3>T\u00e4rkeimm\u00e4t tiedot 155 mikrogramman Teacher&#8217;s Gaze -tuotteen ostamiseen verkosta<\/h3>\n<p> Kun ostat 155 mcg Teacher&#8217;s Gazea, siihen sekoitetaan tyypillisesti 99 % atsteekkien kristallia. T\u00e4m\u00e4n aineen tiedet\u00e4\u00e4n poistuvan nopeasti verenkierrosta ruiskeena.  <\/p>\n<h4>155 mikrogramman opettajan katseen sivuvaikutukset<\/h4>\n<ul>\n<li>Hallusinaatiot ovat opettajan katseen yleinen vaikutus.<\/li>\n<li>K\u00e4ytt\u00e4jill\u00e4 voi olla univaikeuksia.<\/li>\n<\/ul>\n<h3>Johtop\u00e4\u00e4t\u00f6s<\/h3>\n<p> Teacher\u2019s Gaze on teini-ik\u00e4isten suosima tuote, jota pidet\u00e4\u00e4n usein juhlahuumeena sen hallusinogeenisten vaikutusten vuoksi, mik\u00e4 erottaa sen muista LSD-tuotteista. LSD, jota yleisesti kutsutaan &#8221;hapoksi&#8221;, tunnetaan aiheuttavan merkitt\u00e4vi\u00e4 muutoksia havaintokykyyn. Teacher\u2019s Gaze LSD on voimakas, mielialaa muuttava aine, joka on per\u00e4isin lysergihaposta, joka on per\u00e4isin rukiin kaltaisista jyvist\u00e4 l\u00f6ytyv\u00e4st\u00e4 torajyv\u00e4sienest\u00e4. Sit\u00e4 valmistetaan laittomissa laboratorioissa, p\u00e4\u00e4asiassa Yhdysvalloissa, miss\u00e4 se muunnetaan nesteeksi jakelua varten. Se on tyypillisesti v\u00e4rit\u00f6nt\u00e4, hajutonta ja sill\u00e4 on hieman katkera maku.     &nbsp;<\/p>\n","protected":false},"excerpt":{"rendered":"<p>Apocynaceae-kasviperheeseen kuuluvat lajit, kuten Tabernanthe iboga, Voacanga africana ja Tabernaemontana undulata, jotka sis\u00e4lt\u00e4v\u00e4t luonnossa esiintyv\u00e4\u00e4 hallusinogeenist\u00e4 yhdistett\u00e4 ibogaiinia. Psykedeelinen l\u00e4\u00e4ke, jolla on dissosiatiivisia vaikutuksia. <\/p>\n","protected":false},"featured_media":19189,"comment_status":"closed","ping_status":"closed","template":"","meta":{"om_disable_all_campaigns":false,"_sitemap_exclude":false,"_sitemap_priority":"","_sitemap_frequency":"","_monsterinsights_skip_tracking":false,"_monsterinsights_sitenote_active":false,"_monsterinsights_sitenote_note":"","_monsterinsights_sitenote_category":0},"product_cat":[16902],"product_tag":[17144,17139,17149,17157,17160,17151,17156,17161,17155,17150,17145,17148,17147,17152,17158,17153,17140,17159,17154,17143,17146,17141,17138,17142],"class_list":{"0":"post-27849","1":"product","2":"type-product","3":"status-publish","4":"has-post-thumbnail","6":"product_cat-lsd-fi","7":"product_tag-155-mcg-teachers-gaze-itse-laadittu","8":"product_tag-99-puhdasta-atsteekkien-kristallia","9":"product_tag-99-puhdasta-atsteekkien-kristallia-eu","10":"product_tag-99-pure-aztec-crystal-euroopan-alennus","11":"product_tag-99-pure-aztec-crystal-euroopan-toimittajat","12":"product_tag-99-pure-aztec-crystal-eurooppa","13":"product_tag-99-pure-aztec-crystal-eurooppa-myymala","14":"product_tag-99-pure-aztec-crystal-europe-arvostelu","15":"product_tag-99-pure-aztec-crystal-europe-tarjoukset","16":"product_tag-99-pure-aztec-crystal-ilmainen-toimitus-eurooppaan","17":"product_tag-99-pure-aztec-crystal-myynti-verkossa","18":"product_tag-99-pure-aztec-crystal-paras-hinta-euroopassa","19":"product_tag-99-pure-aztec-crystal-verkossa-euroopassa","20":"product_tag-99-pure-aztec-crystal-myynti-euroopassa","21":"product_tag-99-pure-aztec-crystal-euroopan-toimitus","22":"product_tag-99-pure-aztec-crystal-verkkokauppa-euroopassa","23":"product_tag-99-pure-aztec-crystal-verkossa","24":"product_tag-aito-155-mcg-opettajan-katse-itse-tehty","25":"product_tag-edullinen-155-mcgn-opettajan-katse-itse-laadittu","26":"product_tag-effects-of-155-mcg-teacheraes-gaze-itse-laadittu","27":"product_tag-kuinka-paljon-on-155-mcg-teachers-gaze-itse-laadittu","28":"product_tag-mista-ostaa-155-mcg-teachers-gaze-itse-tehty","29":"product_tag-osta-155-mcg-teachers-gaze-itse-tehty","30":"product_tag-tilaa-155-mcg-teachers-gaze-itse-tehty","32":"first","33":"instock","34":"shipping-taxable","35":"purchasable","36":"product-type-variable","37":"farmacie-col"},"aioseo_notices":[],"_links":{"self":[{"href":"https:\/\/lacasadelamedicina.es\/fi\/wp-json\/wp\/v2\/product\/27849"}],"collection":[{"href":"https:\/\/lacasadelamedicina.es\/fi\/wp-json\/wp\/v2\/product"}],"about":[{"href":"https:\/\/lacasadelamedicina.es\/fi\/wp-json\/wp\/v2\/types\/product"}],"replies":[{"embeddable":true,"href":"https:\/\/lacasadelamedicina.es\/fi\/wp-json\/wp\/v2\/comments?post=27849"}],"wp:featuredmedia":[{"embeddable":true,"href":"https:\/\/lacasadelamedicina.es\/fi\/wp-json\/wp\/v2\/media\/19189"}],"wp:attachment":[{"href":"https:\/\/lacasadelamedicina.es\/fi\/wp-json\/wp\/v2\/media?parent=27849"}],"wp:term":[{"taxonomy":"product_cat","embeddable":true,"href":"https:\/\/lacasadelamedicina.es\/fi\/wp-json\/wp\/v2\/product_cat?post=27849"},{"taxonomy":"product_tag","embeddable":true,"href":"https:\/\/lacasadelamedicina.es\/fi\/wp-json\/wp\/v2\/product_tag?post=27849"}],"curies":[{"name":"wp","href":"https:\/\/api.w.org\/{rel}","templated":true}]}}