{"id":27844,"date":"2024-08-09T14:02:39","date_gmt":"2024-08-09T14:02:39","guid":{"rendered":"https:\/\/lacasadelamedicina.es\/product\/osta-105-mcg-voidrealm-verkosta\/"},"modified":"2024-08-09T14:02:39","modified_gmt":"2024-08-09T14:02:39","slug":"osta-105-mcg-voidrealm-verkosta","status":"publish","type":"product","link":"https:\/\/lacasadelamedicina.es\/fi\/tuote\/osta-105-mcg-voidrealm-verkosta\/","title":{"rendered":"Osta 105 MCG Voidrealm verkosta"},"content":{"rendered":"<p><strong>Osta 105 mcg Voidrealm Online<\/strong> LSD ei v\u00e4ltt\u00e4m\u00e4tt\u00e4 ole myrkyllist\u00e4, mutta vastustuskyky voi kehitty\u00e4 k\u00e4ytett\u00e4ess\u00e4 nousevia annoksia. Haitalliset psykologiset reaktiot, kuten pelko, masennus ja visiot, ovat todenn\u00e4k\u00f6isi\u00e4. Huolestuttavia hallusinaatioita voi synty\u00e4 ilman k\u00e4ytt\u00f6\u00e4, oireyhtym\u00e4\u00e4, jota kutsutaan kroonisen n\u00e4\u00f6n hallusinogeeniseksi oireyhtym\u00e4ksi. LSD:n aiheuttama kuolema on hyvin harvinaista. <strong>Faktioita, jotka voivat auttaa sinua ostamaan 105 mcg Voidrealmia verkosta<\/strong> Vaikka LSD tarjoaa laajan valikoiman tuotteita, kuten vape-k\u00e4rryj\u00e4, fraktaalimyrsky\u00e4, opettajien laiduntamista ja niin edelleen . Ja Voidrealm on toinen suosittu LSD-aine, joka ei ole erityisen riippuvainen, mutta on t\u00e4rke\u00e4\u00e4 noudattaa varovaisuutta n\u00e4it\u00e4 l\u00e4\u00e4kkeit\u00e4 k\u00e4ytett\u00e4ess\u00e4. T\u00e4ss\u00e4 on joitain ehdotuksia, jotka auttavat sinua ostamaan 105 mcg void realm verkosta. <strong>Faktioita, jotka auttavat sinua ostamaan 105 Mcg Voidrealmin verkosta<\/strong><strong>Johtop\u00e4\u00e4t\u00f6s<\/strong> 105 mcg void-domeeni aiheuttaa vastuksen, mik\u00e4 tarkoittaa, ett\u00e4 potilas tarvitsee enemm\u00e4n LSD:t\u00e4 saman vaikutuksen saavuttamiseksi. S\u00e4\u00e4nn\u00f6llisesti l\u00e4\u00e4kett\u00e4 k\u00e4ytt\u00e4vien potilaiden on annettava asteittain suurempia annoksia, jotta he voivat s\u00e4ilytt\u00e4\u00e4 aiemmin kokemansa riippuvuuden. Tuotteen ep\u00e4varmuuden vuoksi t\u00e4m\u00e4 on eritt\u00e4in vaarallinen k\u00e4yt\u00e4nt\u00f6. Vuoden 2018 aikana uhriksi joutuneiden 12-vuotiaiden ja sit\u00e4 vanhempien m\u00e4\u00e4r\u00e4. <strong>Tilaa tutkimuskemikaaleja darkwebist\u00e4,<\/strong> ,Osta tutkimuskemikaaleja verkossa darkwebist\u00e4 DHL:n ja Fedexin nopealla toimituksella.Osta tutkimuskemikaaleja verkosta USA:sta.Osta LSD-l\u00e4\u00e4kkeit\u00e4 online.Osta fentanyyli verkosta Yhdysvalloista.Osta Crystal Meth Online, Kokaiini myyt\u00e4v\u00e4n\u00e4 verkossa usa<\/p>\n","protected":false},"excerpt":{"rendered":"<p>Osta 105 mcg Voidrealm OnlineVaikka LSD:ll\u00e4 on hyvin laaja valikoima tuotteita, kuten vape-k\u00e4rryj\u00e4, fraktaalimyrsky\u00e4, opettajien laidunta ja niin edelleen. Ja Voidrealm on my\u00f6s yksi niist\u00e4 suosituista LSD:n tuotteista, jotka eiv\u00e4t ole niin riippuvuutta aiheuttavia, mutta n\u00e4iden huumeiden kanssa tulee olla riitt\u00e4v\u00e4n varovaisia. Siksi t\u00e4ss\u00e4 on joitain kohtia, jotka voivat auttaa sinua ostamaan 105 mcg void realm verkosta  <\/p>\n","protected":false},"featured_media":19174,"comment_status":"open","ping_status":"closed","template":"","meta":{"om_disable_all_campaigns":false,"_sitemap_exclude":false,"_sitemap_priority":"","_sitemap_frequency":"","_monsterinsights_skip_tracking":false,"_monsterinsights_sitenote_active":false,"_monsterinsights_sitenote_note":"","_monsterinsights_sitenote_category":0},"product_cat":[16902],"product_tag":[17132,17136,17131,17127,17130,17135,17133,17125,17120,17123,17128,17119,17134,17129,17121,17126,17118,17117,17116,17122,17124,17115],"class_list":{"0":"post-27844","1":"product","2":"type-product","3":"status-publish","4":"has-post-thumbnail","6":"product_cat-lsd-fi","7":"product_tag-105-mcg-voidrealm-europe-alennus","8":"product_tag-105-mcg-voidrealm-europe-arvostelu","9":"product_tag-105-mcg-voidrealm-europe-myymala","10":"product_tag-105-mcg-voidrealm-europe-myynti","11":"product_tag-105-mcg-voidrealm-europe-sopimusta","12":"product_tag-105-mcg-voidrealm-europe-toimittajaa","13":"product_tag-105-mcg-voidrealm-europe-toimitus","14":"product_tag-105-mcg-voidrealm-ilmainen-toimitus-eurooppaan","15":"product_tag-105-mcg-voidrealm-myynti-verkossa","16":"product_tag-105-mcg-voidrealm-paras-hinta-euroopassa","17":"product_tag-105-mcg-voidrealm-verkkokauppa-eurooppa","18":"product_tag-105-mcg-voidrealmin-vaikutukset","19":"product_tag-aito-105-mcg-voidrealm-europe","20":"product_tag-halpa-105-mcg-voidrealm-europe","21":"product_tag-kuinka-paljon-on-105-mcg-voidrealm","22":"product_tag-mista-ostaa-105-mcg-voidrealm-europe","23":"product_tag-mista-ostaa-105-mcg-voidrealm-verkossa","24":"product_tag-osta-105-mcg-voidrealm-fi","25":"product_tag-osta-105-mcg-voidrealm-verkossa","26":"product_tag-osta-105-mcg-voidrealm-verkossa-euroopassa","27":"product_tag-tilaa-105-mcg-voidrealm-eu","28":"product_tag-tilaa-105-mcg-voidrealm-verkosta","30":"first","31":"instock","32":"shipping-taxable","33":"purchasable","34":"product-type-variable","35":"farmacie-col"},"aioseo_notices":[],"_links":{"self":[{"href":"https:\/\/lacasadelamedicina.es\/fi\/wp-json\/wp\/v2\/product\/27844"}],"collection":[{"href":"https:\/\/lacasadelamedicina.es\/fi\/wp-json\/wp\/v2\/product"}],"about":[{"href":"https:\/\/lacasadelamedicina.es\/fi\/wp-json\/wp\/v2\/types\/product"}],"replies":[{"embeddable":true,"href":"https:\/\/lacasadelamedicina.es\/fi\/wp-json\/wp\/v2\/comments?post=27844"}],"wp:featuredmedia":[{"embeddable":true,"href":"https:\/\/lacasadelamedicina.es\/fi\/wp-json\/wp\/v2\/media\/19174"}],"wp:attachment":[{"href":"https:\/\/lacasadelamedicina.es\/fi\/wp-json\/wp\/v2\/media?parent=27844"}],"wp:term":[{"taxonomy":"product_cat","embeddable":true,"href":"https:\/\/lacasadelamedicina.es\/fi\/wp-json\/wp\/v2\/product_cat?post=27844"},{"taxonomy":"product_tag","embeddable":true,"href":"https:\/\/lacasadelamedicina.es\/fi\/wp-json\/wp\/v2\/product_tag?post=27844"}],"curies":[{"name":"wp","href":"https:\/\/api.w.org\/{rel}","templated":true}]}}