{"id":27843,"date":"2024-08-09T14:02:42","date_gmt":"2024-08-09T14:02:42","guid":{"rendered":"https:\/\/lacasadelamedicina.es\/product\/osta-hofmann-blotter-205%c2%b5g-lsd-verkosta\/"},"modified":"2024-08-09T14:02:42","modified_gmt":"2024-08-09T14:02:42","slug":"osta-hofmann-blotter-205%c2%b5g-lsd-verkosta","status":"publish","type":"product","link":"https:\/\/lacasadelamedicina.es\/fi\/tuote\/osta-hofmann-blotter-205%c2%b5g-lsd-verkosta\/","title":{"rendered":"Osta Hofmann Blotter 205\u00b5g LSD verkosta"},"content":{"rendered":"<h2>Myyd\u00e4\u00e4n Hofmann Blotter 205\u00b5g LSD<\/h2>\n<p> Myyd\u00e4\u00e4n Hofmann Blotter 205\u00b5g LSD. Meill\u00e4 on Hofmann Blotter 200\u00b5g LSD. Eritt\u00e4in vahvaa paskaa, mukavaa ja selke\u00e4\u00e4 LSD:t\u00e4. Eurooppalainen huumetarkistusryhm\u00e4, joka analysoi t\u00e4t\u00e4 blotter-annosyksikk\u00f6\u00e4, varoitti suuresta annoksesta, koska se sis\u00e4lt\u00e4\u00e4 yli 150 ug LSD:t\u00e4. N\u00e4kyviss\u00e4 oleva kuvio on sininen, musta, valkoinen ja keltainen. K\u00e4\u00e4nt\u00f6puoli on mustavalkoinen.     <\/p>\n<h2>Osta Hofmann LSD:t\u00e4:<\/h2>\n<p> LSD, joka tunnetaan my\u00f6s nimell\u00e4 happo tai LSD-25, on ei-riippuvuutta aiheuttava psykoaktiivinen aine, joka on johdettu torajyv\u00e4sienest\u00e4. Se l\u00f6ydettiin sattumalta Albert Hofmannin laboratoriosta. LSD:t\u00e4 tunnetaan kyvyst\u00e4\u00e4n muuttaa k\u00e4sityst\u00e4, k\u00e4ytt\u00e4j\u00e4t kuvailevat sit\u00e4 usein p\u00e4\u00e4syksi t\u00e4ysin uuteen maailmaan. Se vaikuttaa samoihin aivojen alueisiin, jotka ovat mukana unissa, mik\u00e4 johtaa v\u00e4\u00e4ristyneisiin todellisuusk\u00e4sityksiin ja el\u00e4viin hallusinaatioihin. LSD:t\u00e4 pidet\u00e4\u00e4n myrkytt\u00f6m\u00e4n\u00e4, ja sen yliannostaminen on k\u00e4yt\u00e4nn\u00f6ss\u00e4 mahdotonta. On kuitenkin t\u00e4rke\u00e4\u00e4 noudattaa varovaisuutta ja olla tietoinen sen k\u00e4ytt\u00f6\u00e4 koskevista lains\u00e4\u00e4d\u00e4nn\u00f6llisist\u00e4 m\u00e4\u00e4r\u00e4yksist\u00e4.<\/p>\n","protected":false},"excerpt":{"rendered":"<p>Myyd\u00e4\u00e4n Hofmann Blotter 205\u00b5g LSD Myyd\u00e4\u00e4n Hofmann Blotter 205\u00b5g LSD. Meill\u00e4 on Hofmann Blotter 200\u00b5g LSD. Eritt\u00e4in vahvaa paskaa, mukavaa ja selke\u00e4\u00e4 LSD:t\u00e4. Eurooppalainen huumetarkistusryhm\u00e4, joka analysoi t\u00e4t\u00e4 blotter-annosyksikk\u00f6\u00e4, varoitti suuresta annoksesta, koska se sis\u00e4lt\u00e4\u00e4 yli 150 ug LSD:t\u00e4. N\u00e4kyviss\u00e4 oleva kuvio on sininen, musta, valkoinen ja keltainen. K\u00e4\u00e4nt\u00f6puoli on mustavalkoinen. Osta Hofmann LSD:t\u00e4: LSD, [&hellip;]<\/p>\n","protected":false},"featured_media":19294,"comment_status":"open","ping_status":"closed","template":"","meta":{"om_disable_all_campaigns":false,"_sitemap_exclude":false,"_sitemap_priority":"","_sitemap_frequency":"","_monsterinsights_skip_tracking":false,"_monsterinsights_sitenote_active":false,"_monsterinsights_sitenote_note":"","_monsterinsights_sitenote_category":0},"product_cat":[16902],"product_tag":[],"class_list":{"0":"post-27843","1":"product","2":"type-product","3":"status-publish","4":"has-post-thumbnail","6":"product_cat-lsd-fi","8":"first","9":"instock","10":"shipping-taxable","11":"purchasable","12":"product-type-simple","13":"farmacie-col"},"aioseo_notices":[],"_links":{"self":[{"href":"https:\/\/lacasadelamedicina.es\/fi\/wp-json\/wp\/v2\/product\/27843"}],"collection":[{"href":"https:\/\/lacasadelamedicina.es\/fi\/wp-json\/wp\/v2\/product"}],"about":[{"href":"https:\/\/lacasadelamedicina.es\/fi\/wp-json\/wp\/v2\/types\/product"}],"replies":[{"embeddable":true,"href":"https:\/\/lacasadelamedicina.es\/fi\/wp-json\/wp\/v2\/comments?post=27843"}],"wp:featuredmedia":[{"embeddable":true,"href":"https:\/\/lacasadelamedicina.es\/fi\/wp-json\/wp\/v2\/media\/19294"}],"wp:attachment":[{"href":"https:\/\/lacasadelamedicina.es\/fi\/wp-json\/wp\/v2\/media?parent=27843"}],"wp:term":[{"taxonomy":"product_cat","embeddable":true,"href":"https:\/\/lacasadelamedicina.es\/fi\/wp-json\/wp\/v2\/product_cat?post=27843"},{"taxonomy":"product_tag","embeddable":true,"href":"https:\/\/lacasadelamedicina.es\/fi\/wp-json\/wp\/v2\/product_tag?post=27843"}],"curies":[{"name":"wp","href":"https:\/\/api.w.org\/{rel}","templated":true}]}}