{"id":27842,"date":"2024-08-09T14:02:42","date_gmt":"2024-08-09T14:02:42","guid":{"rendered":"https:\/\/lacasadelamedicina.es\/product\/osta-california-sunshine-verkossa\/"},"modified":"2024-09-09T07:37:15","modified_gmt":"2024-09-09T07:37:15","slug":"osta-california-sunshine-verkossa","status":"publish","type":"product","link":"https:\/\/lacasadelamedicina.es\/fi\/tuote\/osta-california-sunshine-verkossa\/","title":{"rendered":"Osta California Sunshine verkossa"},"content":{"rendered":"<h2>Osta California Sunshine verkossa<\/h2>\n<p> California Sunshine \u2013 100 v\u00e4lilehte\u00e4. Osta California Sunshine LSD:t\u00e4 verkosta. Ikoninen, joskus luullaan oranssiksi auringonpaisteeksi, kirkkaine v\u00e4reineen ja upeine yksityiskohtineen, t\u00e4t\u00e4 blotteria on n\u00e4hty annosteltuna maailmanlaajuisesti 1980-luvulta l\u00e4htien, ja se on ehdoton helmi LSD:n historiassa.  <\/p>\n<h2>Osta California Sunshine LSD verkosta<\/h2>\n<p> He loivat alkuper\u00e4isen oranssin auringonpaiste-LSD:n suuren annoksen happomatkan j\u00e4lkeen, jossa sis\u00e4inen \u00e4\u00e4ni kertoi Nicholas Sandille, ett\u00e4 h\u00e4nen teht\u00e4v\u00e4ns\u00e4 el\u00e4m\u00e4ss\u00e4 oli tehd\u00e4 psykedeelist\u00e4 ja k\u00e4\u00e4nt\u00e4\u00e4 maailmaan. Osta California Sunshine LSD Onlinesta LSD (lysergihappodietyyliamidi), syntetisoitu ensin vuonna 1938, on voimakas psykoaktiivinen aine. Se on valmistettu keinotekoisesti lysergihaposta, joka on per\u00e4isin torajyv\u00e4st\u00e4, rukiin ja muiden jyvien pinnalla kasvavasta sienest\u00e4. Suuren tehonsa vuoksi LSD:n annokset mitataan yleens\u00e4 mikrogrammoina (mcg). LSD:n, jota usein kutsutaan &#8221;matkaksi&#8221;, vaikutukset voivat vaihdella stimuloivista ja nautinnollisista mielt\u00e4 muuttaviin. Ne voivat kuitenkin johtaa my\u00f6s ep\u00e4miellytt\u00e4viin tai joskus pelottaviin kokemuksiin, jotka tunnetaan nimell\u00e4 &#8221;huono matka&#8221; Yhdysvalloissa LSD on luokiteltu laittomaksi aineeksi, ja Drug Enforcement Administration (DEA) on nimennyt sen luettelon I l\u00e4\u00e4kkeeksi. T\u00e4m\u00e4 luokittelu tarkoittaa, ett\u00e4 LSD:ll\u00e4 katsotaan olevan suuri v\u00e4\u00e4rink\u00e4yt\u00f6n mahdollisuus, sill\u00e4 ei ole hyv\u00e4ksyttyj\u00e4 l\u00e4\u00e4ketieteellisi\u00e4 k\u00e4ytt\u00f6tarkoituksia ja ett\u00e4 sit\u00e4 ei pidet\u00e4 turvallisena k\u00e4ytett\u00e4v\u00e4ksi l\u00e4\u00e4k\u00e4rin valvonnassa. Siit\u00e4 huolimatta, ett\u00e4 se on listalla I, kiinnostus LSD:n mahdollisiin terapeuttisiin sovelluksiin, kuten alkoholismin ja masennuksen hoitoon, on her\u00e4nnyt uudelleen. Meneill\u00e4\u00e4n olevat tutkimukset, jotka noudattavat nykyaikaisia \u200b\u200btutkimusstandardeja, voivat parantaa ymm\u00e4rryst\u00e4mme LSD:n mahdollisista eduista.<\/p>\n","protected":false},"excerpt":{"rendered":"<h2>Osta California Sunshine LSD verkosta<\/h2>\n<p> LSD toimitetaan lasimaisessa rakenteessa ja sekoittuu sen j\u00e4lkeen muihin piileviin kiinnikkeisiin tai heikkenee nesteen\u00e4 luomista varten nielt\u00e4viss\u00e4 rakenteissa. Se on tuoksuton, synkk\u00e4 ja sen maku on hieman karkea. <\/p>\n","protected":false},"featured_media":19279,"comment_status":"open","ping_status":"closed","template":"","meta":{"om_disable_all_campaigns":false,"_sitemap_exclude":false,"_sitemap_priority":"","_sitemap_frequency":"","_monsterinsights_skip_tracking":false,"_monsterinsights_sitenote_active":false,"_monsterinsights_sitenote_note":"","_monsterinsights_sitenote_category":0},"product_cat":[16902],"product_tag":[16905,16903,16904],"class_list":{"0":"post-27842","1":"product","2":"type-product","3":"status-publish","4":"has-post-thumbnail","6":"product_cat-lsd-fi","7":"product_tag-mista-ostaa-california-sunshine-verkossa","8":"product_tag-osta-california-sunshine-fi","9":"product_tag-osta-california-sunshine-verkosta","11":"first","12":"instock","13":"shipping-taxable","14":"purchasable","15":"product-type-simple","16":"farmacie-col"},"aioseo_notices":[],"_links":{"self":[{"href":"https:\/\/lacasadelamedicina.es\/fi\/wp-json\/wp\/v2\/product\/27842"}],"collection":[{"href":"https:\/\/lacasadelamedicina.es\/fi\/wp-json\/wp\/v2\/product"}],"about":[{"href":"https:\/\/lacasadelamedicina.es\/fi\/wp-json\/wp\/v2\/types\/product"}],"replies":[{"embeddable":true,"href":"https:\/\/lacasadelamedicina.es\/fi\/wp-json\/wp\/v2\/comments?post=27842"}],"wp:featuredmedia":[{"embeddable":true,"href":"https:\/\/lacasadelamedicina.es\/fi\/wp-json\/wp\/v2\/media\/19279"}],"wp:attachment":[{"href":"https:\/\/lacasadelamedicina.es\/fi\/wp-json\/wp\/v2\/media?parent=27842"}],"wp:term":[{"taxonomy":"product_cat","embeddable":true,"href":"https:\/\/lacasadelamedicina.es\/fi\/wp-json\/wp\/v2\/product_cat?post=27842"},{"taxonomy":"product_tag","embeddable":true,"href":"https:\/\/lacasadelamedicina.es\/fi\/wp-json\/wp\/v2\/product_tag?post=27842"}],"curies":[{"name":"wp","href":"https:\/\/api.w.org\/{rel}","templated":true}]}}