{"id":27838,"date":"2024-08-09T14:02:42","date_gmt":"2024-08-09T14:02:42","guid":{"rendered":"https:\/\/lacasadelamedicina.es\/product\/osta-alice-in-wonderland-308-ug-verkosta\/"},"modified":"2024-10-15T19:50:12","modified_gmt":"2024-10-15T19:50:12","slug":"osta-alice-in-wonderland-308-ug-verkosta","status":"publish","type":"product","link":"https:\/\/lacasadelamedicina.es\/fi\/tuote\/osta-alice-in-wonderland-308-ug-verkosta\/","title":{"rendered":"Osta Alice In Wonderland 308 Ug verkosta"},"content":{"rendered":"<h2>Osta Alice In Wonderland 308 Ug verkosta<\/h2>\n<p>Sveitsil\u00e4inen kemisti Albert Hofmann syntetisoi psykedeelisen huumeen (tai entheogeenin) lysergihappodietyyliamidin (LSD) ensimm\u00e4isen kerran 16. marraskuuta 1938 Sandozin (nykyisin Novartis) laboratorioissa Baselissa, Sveitsiss\u00e4. 60-luvun puoliv\u00e4liin menness\u00e4 LSD:n k\u00e4ytt\u00f6\u00e4 ja sen l\u00e4nsimaisen keskiluokan arvoja sy\u00f6vytt\u00e4v\u00e4ksi koettuja vaikutuksia vastaan suunnattu vastareaktio johti siihen, ett\u00e4 hallitukset ryhtyiv\u00e4t rajoittamaan huumeen saatavuutta tekem\u00e4ll\u00e4 sen k\u00e4yt\u00f6st\u00e4 laitonta.<\/p>\n<p>[21]  LSD julistettiin &#8221;Schedule I&#8221; -aineeksi, mik\u00e4 tarkoittaa laillisesti, ett\u00e4 huumeella on &#8221;suuri v\u00e4\u00e4rink\u00e4yt\u00f6n mahdollisuus&#8221; ja ett\u00e4 sill\u00e4 ei ole &#8221;nykyisin hyv\u00e4ksytty\u00e4 l\u00e4\u00e4ketieteellist\u00e4 k\u00e4ytt\u00f6\u00e4 hoidossa&#8221;. LSD poistettiin laillisesta liikkeest\u00e4. Yhdysvaltain huumevirasto v\u00e4itti: Osta Lsd verkossa. Tilaa Lsd verkossa. Lsd myyt\u00e4v\u00e4n\u00e4 verkossa    <\/p>\n<h2>Lysergihapon dietyyliamidin terveysedut<\/h2>\n<p>1) LSD lievitt\u00e4\u00e4 ahdistusta ja kipua kuolemansairailla potilailla. 2) LSD parantaa emotionaalista empatiaa, sosiaalisuutta ja suggestiivisuutta. 3) LSD:ll\u00e4 on suotuisia vaikutuksia alkoholi- ja huumeriippuvuuteen<br \/>\n4) LSD lievitt\u00e4\u00e4 klusterip\u00e4\u00e4ns\u00e4rky\u00e4. 5) LSD mielialah\u00e4iri\u00f6iden ja masennuksen hoitoon. 6) LSD auttaa lis\u00e4\u00e4m\u00e4\u00e4n ihmisen luovuutta. 7) LSD autismin hoidossa. 8) LSD:ll\u00e4 on voimakkaita anti-inflammatorisia vaikutuksia. 9) LSD v\u00e4hent\u00e4\u00e4 rikollisten rikollisuutta. 1960-luvun puoliv\u00e4liin menness\u00e4 kasvava vastareaktio LSD:t\u00e4 vastaan ja sen kielteiseksi koettu vaikutus l\u00e4nsimaiseen keskiluokkaan kuuluviin arvoihin johti siihen, ett\u00e4 valtio puuttui asiaan rajoittaakseen sen saatavuutta. Viranomaiset julistivat LSD:n &#8221;Schedule I&#8221; -aineeksi, ja luokittelivat sen niin, ett\u00e4 sill\u00e4 on &#8221;suuri v\u00e4\u00e4rink\u00e4yt\u00f6n mahdollisuus&#8221; ja ett\u00e4 sill\u00e4 ei ole &#8221;hyv\u00e4ksytty\u00e4 l\u00e4\u00e4ketieteellist\u00e4 k\u00e4ytt\u00f6\u00e4 hoidossa&#8221;. T\u00e4m\u00e4n seurauksena LSD poistettiin laillisesta liikkeest\u00e4. Yhdysvaltain huumevirasto (Drug Enforcement Administration) korosti sen kielt\u00e4mist\u00e4 ja totesi seuraavaa: &#8221;Osta LSD:t\u00e4 verkossa. Tilaa LSD verkossa. LSD myyt\u00e4v\u00e4n\u00e4 verkossa.&#8221;<\/p>\n","protected":false},"excerpt":{"rendered":"<p>Osta Alice In Wonderland 308 Ug verkosta Sveitsil\u00e4inen kemisti Albert Hofmann syntetisoi psykedeelisen huumeen (tai entheogeenin) lysergihappodietyyliamidin (LSD) ensimm\u00e4isen kerran 16. marraskuuta 1938 Sandozin (nykyisin Novartis) laboratorioissa Baselissa, Sveitsiss\u00e4. 60-luvun puoliv\u00e4liin menness\u00e4 LSD:n k\u00e4ytt\u00f6\u00e4 ja sen l\u00e4nsimaisen keskiluokan arvoja sy\u00f6vytt\u00e4v\u00e4ksi koettuja vaikutuksia vastaan suunnattu vastareaktio johti siihen, ett\u00e4 hallitukset ryhtyiv\u00e4t rajoittamaan huumeen saatavuutta tekem\u00e4ll\u00e4 sen [&hellip;]<\/p>\n","protected":false},"featured_media":19264,"comment_status":"open","ping_status":"closed","template":"","meta":{"om_disable_all_campaigns":false,"_sitemap_exclude":false,"_sitemap_priority":"","_sitemap_frequency":"","_monsterinsights_skip_tracking":false,"_monsterinsights_sitenote_active":false,"_monsterinsights_sitenote_note":"","_monsterinsights_sitenote_category":0},"product_cat":[16902],"product_tag":[39699,39691,39689,39702,39701,39697,39700,39705,39703,39706,39695,39690,39693,39698,39696,39687,39685,39692,39686,39688,39694],"class_list":{"0":"post-27838","1":"product","2":"type-product","3":"status-publish","4":"has-post-thumbnail","6":"product_cat-lsd-fi","7":"product_tag-halvat-alice-ihmemaassa-308-ug-eurooppa","8":"product_tag-kuinka-paljon-liisa-ihmemaassa-308-ug","9":"product_tag-liisa-ihmemaassa-kirjan-vaikutukset-308-ug","10":"product_tag-liisa-ihmemaassa-308-ug-eurooppa-alennus","11":"product_tag-liisa-ihmemaassa-308-ug-eurooppa-myymala","12":"product_tag-liisa-ihmemaassa-308-ug-eurooppa-myynti","13":"product_tag-liisa-ihmemaassa-308-ug-eurooppa-tarjoukset","14":"product_tag-liisa-ihmemaassa-308-ug-eurooppa-toimittajat","15":"product_tag-liisa-ihmemaassa-308-ug-eurooppa-toimitus","16":"product_tag-liisa-ihmemaassa-308-ug-europe-arvostelu","17":"product_tag-liisa-ihmemaassa-308-ug-ilmainen-toimitus-eurooppa","18":"product_tag-liisa-ihmemaassa-308-ug-myynti-verkossa","19":"product_tag-liisa-ihmemaassa-308-ug-paras-hinta-euroopassa","20":"product_tag-liisa-ihmemaassa-308-ug-verkkokauppa-eurooppa","21":"product_tag-mista-ostaa-liisa-ihmemaassa-308-ug-euroopassa","22":"product_tag-mista-ostaa-liisa-ihmemaassa-308-ug-online","23":"product_tag-osta-liisa-ihmemaassa-308-ug","24":"product_tag-osta-liisa-ihmemaassa-308-ug-online-eurooppa","25":"product_tag-osta-liisa-ihmemaassa-308-ug-verkossa","26":"product_tag-tilaa-alice-in-wonderland-308-ug-verkossa","27":"product_tag-tilaa-liisa-ihmemaassa-308-ug-eu","29":"first","30":"instock","31":"shipping-taxable","32":"purchasable","33":"product-type-variable","34":"farmacie-col"},"aioseo_notices":[],"_links":{"self":[{"href":"https:\/\/lacasadelamedicina.es\/fi\/wp-json\/wp\/v2\/product\/27838"}],"collection":[{"href":"https:\/\/lacasadelamedicina.es\/fi\/wp-json\/wp\/v2\/product"}],"about":[{"href":"https:\/\/lacasadelamedicina.es\/fi\/wp-json\/wp\/v2\/types\/product"}],"replies":[{"embeddable":true,"href":"https:\/\/lacasadelamedicina.es\/fi\/wp-json\/wp\/v2\/comments?post=27838"}],"wp:featuredmedia":[{"embeddable":true,"href":"https:\/\/lacasadelamedicina.es\/fi\/wp-json\/wp\/v2\/media\/19264"}],"wp:attachment":[{"href":"https:\/\/lacasadelamedicina.es\/fi\/wp-json\/wp\/v2\/media?parent=27838"}],"wp:term":[{"taxonomy":"product_cat","embeddable":true,"href":"https:\/\/lacasadelamedicina.es\/fi\/wp-json\/wp\/v2\/product_cat?post=27838"},{"taxonomy":"product_tag","embeddable":true,"href":"https:\/\/lacasadelamedicina.es\/fi\/wp-json\/wp\/v2\/product_tag?post=27838"}],"curies":[{"name":"wp","href":"https:\/\/api.w.org\/{rel}","templated":true}]}}