{"id":27837,"date":"2024-08-09T14:02:42","date_gmt":"2024-08-09T14:02:42","guid":{"rendered":"https:\/\/lacasadelamedicina.es\/product\/osta-albert-hofmann-bicycle-day-1943-verkosta\/"},"modified":"2024-08-09T14:02:42","modified_gmt":"2024-08-09T14:02:42","slug":"osta-albert-hofmann-bicycle-day-1943-verkosta","status":"publish","type":"product","link":"https:\/\/lacasadelamedicina.es\/fi\/tuote\/osta-albert-hofmann-bicycle-day-1943-verkosta\/","title":{"rendered":"Osta Albert Hofmann Bicycle Day 1943 verkosta"},"content":{"rendered":"<h2>Osta Albert Hofmann Bicycle Day 1943 verkosta<\/h2>\n<p> \u201dPikkuhiljaa pystyin nauttimaan ennenn\u00e4kem\u00e4tt\u00f6mist\u00e4 v\u00e4reist\u00e4 ja muotoleikist\u00e4, jotka s\u00e4ilyiv\u00e4t suljettujen silmieni takana. Kaleidoskooppiset, fantastiset kuvat tunkeutuivat minuun, vuorotellen, kirjavina, avautuen ja sitten sulkeutuen ympyr\u00f6iksi ja kierteiksi, r\u00e4j\u00e4ht\u00e4en v\u00e4rillisiss\u00e4 suihkul\u00e4hteiss\u00e4, j\u00e4rjestyen uudelleen ja risteytyen jatkuvassa muutoksessa.&#8221;<\/p>\n","protected":false},"excerpt":{"rendered":"<p>Osta Albert Hofmann Bicycle Day 1943 verkosta \u201dPikkuhiljaa pystyin nauttimaan ennenn\u00e4kem\u00e4tt\u00f6mist\u00e4 v\u00e4reist\u00e4 ja muotoleikist\u00e4, jotka s\u00e4ilyiv\u00e4t suljettujen silmieni takana. Kaleidoskooppiset, fantastiset kuvat tunkeutuivat minuun, vuorotellen, kirjavina, avautuen ja sitten sulkeutuen ympyr\u00f6iksi ja kierteiksi, r\u00e4j\u00e4ht\u00e4en v\u00e4rillisiss\u00e4 suihkul\u00e4hteiss\u00e4, j\u00e4rjestyen uudelleen ja risteytyen jatkuvassa muutoksessa.&#8221;<\/p>\n","protected":false},"featured_media":19249,"comment_status":"open","ping_status":"closed","template":"","meta":{"om_disable_all_campaigns":false,"_sitemap_exclude":false,"_sitemap_priority":"","_sitemap_frequency":"","_monsterinsights_skip_tracking":false,"_monsterinsights_sitenote_active":false,"_monsterinsights_sitenote_note":"","_monsterinsights_sitenote_category":0},"product_cat":[16902],"product_tag":[17087,17080,17073,17088,17086,17078,17081,17085,17084,17076,17083,17089,17072,17082,17074,17079,17070,17068,17075,17069,17071,17077],"class_list":{"0":"post-27837","1":"product","2":"type-product","3":"status-publish","4":"has-post-thumbnail","6":"product_cat-lsd-fi","7":"product_tag-aito-albert-hofmannin-pyorapaiva-1943-euroopassa","8":"product_tag-albert-hofmann-pyorapaiva-1943-euroopassa","9":"product_tag-albert-hofmann-bicycle-day-1943-myynti-verkossa","10":"product_tag-albert-hofmann-bicycle-day-1943-euroopan-tavarantoimittajat","11":"product_tag-albert-hofmann-bicycle-day-1943-euroopan-toimitus","12":"product_tag-albert-hofmann-bicycle-day-1943-ilmainen-toimitus-eurooppaan","13":"product_tag-albert-hofmann-bicycle-day-1943-verkkokauppa-eurooppa","14":"product_tag-albert-hofmann-pyorapaiva-1943-euroopan-alennus","15":"product_tag-albert-hofmann-pyorapaiva-1943-eurooppa-kauppa","16":"product_tag-albert-hofmann-pyorapaiva-1943-paras-hinta-euroopassa","17":"product_tag-albert-hofmannin-pyorapaiva-1943-euroopassa","18":"product_tag-albert-hofmannin-pyorapaiva-1943-eurooppa-katsaus","19":"product_tag-albert-hofmannin-pyorapaivan-vaikutukset-1943","20":"product_tag-edullinen-albert-hofmann-pyorapaiva-1943-euroopassa","21":"product_tag-kuinka-paljon-albert-hofmannin-pyorapaiva-1943-maksaa","22":"product_tag-mista-ostaa-albert-hofmann-bicycle-day-1943-europe","23":"product_tag-mista-ostaa-albert-hofmann-bicycle-day-1943-verkossa","24":"product_tag-osta-albert-hofmann-bicycle-day-1943","25":"product_tag-osta-albert-hofmann-bicycle-day-1943-verkossa-euroopasta","26":"product_tag-osta-albert-hofmann-bicycle-day-1943-verkosta","27":"product_tag-tilaa-albert-hofmann-bicycle-day-1943-verkosta","28":"product_tag-tilaa-albert-hofmannin-pyorapaiva-1943-eu","30":"first","31":"instock","32":"shipping-taxable","33":"purchasable","34":"product-type-simple","35":"farmacie-col"},"aioseo_notices":[],"_links":{"self":[{"href":"https:\/\/lacasadelamedicina.es\/fi\/wp-json\/wp\/v2\/product\/27837"}],"collection":[{"href":"https:\/\/lacasadelamedicina.es\/fi\/wp-json\/wp\/v2\/product"}],"about":[{"href":"https:\/\/lacasadelamedicina.es\/fi\/wp-json\/wp\/v2\/types\/product"}],"replies":[{"embeddable":true,"href":"https:\/\/lacasadelamedicina.es\/fi\/wp-json\/wp\/v2\/comments?post=27837"}],"wp:featuredmedia":[{"embeddable":true,"href":"https:\/\/lacasadelamedicina.es\/fi\/wp-json\/wp\/v2\/media\/19249"}],"wp:attachment":[{"href":"https:\/\/lacasadelamedicina.es\/fi\/wp-json\/wp\/v2\/media?parent=27837"}],"wp:term":[{"taxonomy":"product_cat","embeddable":true,"href":"https:\/\/lacasadelamedicina.es\/fi\/wp-json\/wp\/v2\/product_cat?post=27837"},{"taxonomy":"product_tag","embeddable":true,"href":"https:\/\/lacasadelamedicina.es\/fi\/wp-json\/wp\/v2\/product_tag?post=27837"}],"curies":[{"name":"wp","href":"https:\/\/api.w.org\/{rel}","templated":true}]}}