{"id":27809,"date":"2024-08-09T14:02:43","date_gmt":"2024-08-09T14:02:43","guid":{"rendered":"https:\/\/lacasadelamedicina.es\/product\/osta-nestemaista-lsdta-verkosta\/"},"modified":"2024-08-09T14:02:43","modified_gmt":"2024-08-09T14:02:43","slug":"osta-nestemaista-lsdta-verkosta","status":"publish","type":"product","link":"https:\/\/lacasadelamedicina.es\/fi\/tuote\/osta-nestemaista-lsdta-verkosta\/","title":{"rendered":"Osta nestem\u00e4ist\u00e4 LSD:t\u00e4 verkosta"},"content":{"rendered":"<h2>Osta nestem\u00e4ist\u00e4 LSD:t\u00e4 myyt\u00e4v\u00e4n\u00e4 verkossa<\/h2>\n<h3>Osta nestem\u00e4ist\u00e4 LSD:t\u00e4 myyt\u00e4v\u00e4ksi verkosta<\/h3>\n<p> LSD alkaa kiteisen\u00e4 aineena ja jakautuu sitten kulutettaviin muotoihin. 1960-luvulla sit\u00e4 levitettiin yleisesti mikropistein\u00e4 (pienin\u00e4 pillerein\u00e4), gelatiinineli\u00f6in\u00e4 (tunnetaan nimell\u00e4 &#8221;ikkunaruutuja&#8221;) ja imupaperina. <strong>Osta LSD:t\u00e4<\/strong> Eri ihmiset pit\u00e4v\u00e4t psykedeelit, mukaan lukien LSD, eri tavalla \u2013 jotkut pit\u00e4v\u00e4t niit\u00e4 arvokkaana ty\u00f6kaluna psykiatriassa, toiset uhkana yhteiskunnalle ja jotkut porttina vaihtoehtoisiin ulottuvuuksiin. LSD:t\u00e4, muiden tunnettujen psykedeelisten aineiden, kuten DMT:n, meskaliinin ja psilosybiinin, kanssa on k\u00e4ytetty eri kulttuureissa vuosisatojen ajan aiheuttamaan muuttuneita tietoisuuden tiloja. Vaikka LSD l\u00f6ydettiin ensimm\u00e4isen kerran vuonna 1943, muut aineet ovat per\u00e4isin kasveista ja sienist\u00e4, ja niill\u00e4 on pitk\u00e4 k\u00e4ytt\u00f6historia.    <strong>Miksi ostaa LSD:t\u00e4?<\/strong> LSD, joka tunnetaan my\u00f6s nimell\u00e4 &#8221;happo&#8221;, on yksi tehokkaimmista mielialaa muuttavista aineista. Se syntetisoidaan lysergihaposta, jota l\u00f6ytyy rukiin ja muiden jyvien p\u00e4\u00e4ll\u00e4 kasvavasta torajyv\u00e4sienest\u00e4. LSD:t\u00e4 on yleisesti saatavilla eri muodoissa, mukaan lukien pienin\u00e4 tabletteina (mikrodotit), kapseleina, gelatiinineli\u00f6in\u00e4 (ikkunaruudut) ja joskus imupaperille, jossa on taiteellisia kuvioita tai sarjakuvahahmoja. Sit\u00e4 voidaan myyd\u00e4 my\u00f6s nestem\u00e4isess\u00e4 muodossa. Muodosta riippumatta LSD tyypillisesti aiheuttaa syv\u00e4n irtautumisen todellisuudesta.<\/p>\n","protected":false},"excerpt":{"rendered":"<p>Ratkaisumme sis\u00e4lt\u00e4\u00e4 aitoa LSD-25:t\u00e4, ei korviketta (kuten monet muut sivustot voivat tarjota 1P-LSD:t\u00e4 sen sijaan). Sit\u00e4 on saatavana eri laimennusvahvuuksina. Liuos valmistetaan aktiivisesta ainesosasta ja tislatusta vedest\u00e4, joka on valmistettu steriiliss\u00e4 ymp\u00e4rist\u00f6ss\u00e4 puhtauden varmistamiseksi. Yksi nestemuodon merkitt\u00e4v\u00e4 etu on kyky mitata annoksia tarkasti. Jokaisessa pullossa on tiputuskansi, joka on merkitty 0,25 ml:n v\u00e4lein, mik\u00e4 mahdollistaa tarkan annostelun ja k\u00e4yt\u00f6n helpon. T\u00e4m\u00e4 varmistaa, ett\u00e4 voit ottaa juuri haluamasi m\u00e4\u00e4r\u00e4n.     <\/p>\n","protected":false},"featured_media":19309,"comment_status":"open","ping_status":"closed","template":"","meta":{"om_disable_all_campaigns":false,"_sitemap_exclude":false,"_sitemap_priority":"","_sitemap_frequency":"","_monsterinsights_skip_tracking":false,"_monsterinsights_sitenote_active":false,"_monsterinsights_sitenote_note":"","_monsterinsights_sitenote_category":0},"product_cat":[16902],"product_tag":[16922,16908,16920,16924,16919,16915,16918,16923,16913,16911,16916,16917,16907,16921,16909,16914,16905,16903,16910,16904,16912,16906],"class_list":{"0":"post-27809","1":"product","2":"type-product","3":"status-publish","4":"has-post-thumbnail","6":"product_cat-lsd-fi","7":"product_tag-aito-california-sunshine-europe","8":"product_tag-california-sunshine-myynti-verkossa","9":"product_tag-california-sunshine-europe-alennus","10":"product_tag-california-sunshine-europe-arvostelu","11":"product_tag-california-sunshine-europe-kauppa","12":"product_tag-california-sunshine-europe-myynti","13":"product_tag-california-sunshine-europe-tarjoukset","14":"product_tag-california-sunshine-europe-toimittajat","15":"product_tag-california-sunshine-ilmainen-toimitus-eurooppaan","16":"product_tag-california-sunshine-paras-hinta-euroopassa","17":"product_tag-california-sunshine-verkkokauppa-eurooppa","18":"product_tag-halpa-california-sunshine-europe","19":"product_tag-kalifornian-auringonpaisteen-vaikutukset","20":"product_tag-kalifornian-sunshine-europe-toimitus","21":"product_tag-kuinka-paljon-on-california-sunshine","22":"product_tag-mista-ostaa-california-sunshine-europe","23":"product_tag-mista-ostaa-california-sunshine-verkossa","24":"product_tag-osta-california-sunshine-fi","25":"product_tag-osta-california-sunshine-verkossa-europe","26":"product_tag-osta-california-sunshine-verkosta","27":"product_tag-tilaa-california-sunshine-eu","28":"product_tag-tilaa-california-sunshine-verkosta","30":"first","31":"instock","32":"shipping-taxable","33":"purchasable","34":"product-type-simple","35":"farmacie-col"},"aioseo_notices":[],"_links":{"self":[{"href":"https:\/\/lacasadelamedicina.es\/fi\/wp-json\/wp\/v2\/product\/27809"}],"collection":[{"href":"https:\/\/lacasadelamedicina.es\/fi\/wp-json\/wp\/v2\/product"}],"about":[{"href":"https:\/\/lacasadelamedicina.es\/fi\/wp-json\/wp\/v2\/types\/product"}],"replies":[{"embeddable":true,"href":"https:\/\/lacasadelamedicina.es\/fi\/wp-json\/wp\/v2\/comments?post=27809"}],"wp:featuredmedia":[{"embeddable":true,"href":"https:\/\/lacasadelamedicina.es\/fi\/wp-json\/wp\/v2\/media\/19309"}],"wp:attachment":[{"href":"https:\/\/lacasadelamedicina.es\/fi\/wp-json\/wp\/v2\/media?parent=27809"}],"wp:term":[{"taxonomy":"product_cat","embeddable":true,"href":"https:\/\/lacasadelamedicina.es\/fi\/wp-json\/wp\/v2\/product_cat?post=27809"},{"taxonomy":"product_tag","embeddable":true,"href":"https:\/\/lacasadelamedicina.es\/fi\/wp-json\/wp\/v2\/product_tag?post=27809"}],"curies":[{"name":"wp","href":"https:\/\/api.w.org\/{rel}","templated":true}]}}