{"id":27791,"date":"2024-08-09T14:02:46","date_gmt":"2024-08-09T14:02:46","guid":{"rendered":"https:\/\/lacasadelamedicina.es\/product\/osta-kaliumsyanidijauhetta-ja-pillereita-verkosta\/"},"modified":"2024-09-08T20:33:19","modified_gmt":"2024-09-08T20:33:19","slug":"osta-kaliumsyanidijauhetta-ja-pillereita-verkosta","status":"publish","type":"product","link":"https:\/\/lacasadelamedicina.es\/fi\/tuote\/osta-kaliumsyanidijauhetta-ja-pillereita-verkosta\/","title":{"rendered":"Osta kaliumsyanidijauhetta ja -pillereit\u00e4 verkosta&amp;nbsp;"},"content":{"rendered":"<h3>Osta kaliumsyanidijauhetta ja -pillereit\u00e4 verkosta<\/h3>\n<p> Onko t\u00e4m\u00e4 ensimm\u00e4inen kerta, kun t\u00f6rm\u00e4\u00e4t kaliumsyanidijauheeseen ja -pillereihin? Jos n\u00e4in on, ei ole syyt\u00e4 huoleen. T\u00e4ss\u00e4 artikkelissa keskustelemme kaikesta, mit\u00e4 sinun on tiedett\u00e4v\u00e4 kemikaalista. Kaliumsyanidi (KCN) on ep\u00e4orgaaninen yhdiste, joka n\u00e4kyy v\u00e4ritt\u00f6m\u00e4n\u00e4, kiteisen\u00e4 aineena, joka muistuttaa sokeria. Se liukenee hyvin veteen ja sill\u00e4 on erilaisia \u200b\u200bk\u00e4ytt\u00f6kohteita, kuten kullanlouhinta, galvanointi, orgaaninen synteesi ja korujen kultaus. Entomologit k\u00e4ytt\u00e4v\u00e4t my\u00f6s kaliumsyanidia hy\u00f6nteisten nopeaan tappamiseen ker\u00e4ystarkoituksiin. Historiallisesti jotkut ihmiset, mukaan lukien natsipuolueen j\u00e4senet, ovat k\u00e4ytt\u00e4neet sit\u00e4 itsemurhaan. <strong>Kaliumsyanidin valmistus<\/strong> Kaliumsyanidin tuotantoon kuuluu syanidin k\u00e4sittely 50-prosenttisella kaliumhydroksidin vesiliuoksella, mink\u00e4 j\u00e4lkeen haihdutetaan tyhj\u00f6ss\u00e4. Valtuutetut teollisuudenalat tuottavat vuosittain noin 50 000 tonnia kaliumsyanidia. <strong>Mekanismi ja toksisuus<\/strong> Kaliumsyanidi on voimakas soluhengityksen est\u00e4j\u00e4. Se vaikuttaa mitokondrioiden sytokromi-c-oksidaasiin, est\u00e4\u00e4 oksidatiivisen fosforylaation ja h\u00e4iritsee kehon kyky\u00e4 muuntaa ruokaa energiaksi. T\u00e4m\u00e4 johtaa maitohappoasidoosiin, joka johtuu anaerobisesta aineenvaihdunnasta. <strong>Tappava annos ja altistumisreitit<\/strong> Kuolettava kaliumsyanidin annos on tyypillisesti 200\u2013300 mg. T\u00e4m\u00e4 kemikaali on eritt\u00e4in myrkyllinen ja voi vapauttaa hydrolyysin aikana syanidivety\u00e4, jolla on karvas mantelin maku. Kaikki eiv\u00e4t kuitenkaan pysty havaitsemaan t\u00e4t\u00e4 makua, mik\u00e4 tekee siit\u00e4 erityisen vaarallisen. Kaliumsyanidi voi p\u00e4\u00e4st\u00e4 kehoon nieltyn\u00e4, hengitettyn\u00e4, ihokosketuksen ja silm\u00e4kosketuksen kautta. <strong>Kaliumsyanidin k\u00e4ytt\u00f6tarkoitukset<\/strong> Vaikka kaliumsyanidia yhdistet\u00e4\u00e4n usein itsemurhaan sen nopeiden ja kivuttomien vaikutusten vuoksi, kaliumsyanidilla on laillista teollista k\u00e4ytt\u00f6\u00e4. Se on ratkaisevan t\u00e4rke\u00e4 jalometallien, kuten kullan ja hopean, uuttamisessa, ja sit\u00e4 k\u00e4ytet\u00e4\u00e4n galvanoinnissa ja orgaanisessa synteesiss\u00e4. Sit\u00e4 voidaan k\u00e4ytt\u00e4\u00e4 my\u00f6s analyyttisen\u00e4 reagenssina eri aloilla. <strong>Kuinka kaliumsyanidi toimii<\/strong> Kaliumsyanidi vapauttaa syanidivety\u00e4, joka toimii voimakkaana tukehduttajana. Se heikent\u00e4\u00e4 vakavasti kehon kyky\u00e4 k\u00e4ytt\u00e4\u00e4 happea, mik\u00e4 johtaa nopeisiin, mahdollisesti kuolemaan johtaviin vaikutuksiin. Se vaikuttaa ensisijaisesti elint\u00e4rkeisiin elimiin, jotka ovat herkki\u00e4 alhaisille happitasoille, mukaan lukien keskushermosto ja keuhkoj\u00e4rjestelm\u00e4.                 <strong>Kaliumsyanidin vaikutukset<\/strong><\/p>\n<ul>\n<li><strong>Pienet annokset<\/strong>: hengitysvaikeudet, huimaus, p\u00e4\u00e4ns\u00e4rky.<\/li>\n<li><strong>Suuret annokset<\/strong>: kooma, kouristukset ja kuolema. Glukoosin antaminen voi auttaa est\u00e4m\u00e4\u00e4n joitakin vaikutuksia, mutta se ei aina ole t\u00e4ysin tehokasta. <\/li>\n<\/ul>\n<p><strong>Yliannostuksen\/myrkytysoireet<\/strong> Kaliumsyanidimyrkytyksen merkkej\u00e4 ovat laajentuneet tai punaiset silm\u00e4t, punertavat posket ja sinert\u00e4v\u00e4 ihonv\u00e4ri. Altistuminen voi aiheuttaa vakavia vaikutuksia altistumisreitist\u00e4 riippuen:  <\/p>\n<ul>\n<li><strong>Iho<\/strong>: Polttaminen, \u00e4rsytys, kudosvauriot.<\/li>\n<li><strong>Nel\u00e4minen<\/strong>: Vatsakipu, pahoinvointi, oksentelu, mahalaukun limakalvovauriot.<\/li>\n<li><strong>Hengitys<\/strong>: Lievi\u00e4 vaikutuksia ovat ahdistuneisuus, sekavuus ja huimaus; vakavia vaikutuksia ovat kouristukset, kooma ja nestett\u00e4 keuhkoissa.<\/li>\n<\/ul>\n<p><strong>Oikeudellinen asema ja osto<\/strong> Kaliumsyanidi on luokiteltu valvotuksi aineeksi monissa maissa sen korkean myrkyllisyyden vuoksi. Laillinen osto vaatii asianmukaisen luvan. Jos harkitset kaliumsyanidijauheen tai -pillereiden ostamista verkosta, ole eritt\u00e4in varovainen. Varmista, ett\u00e4 ostat hyv\u00e4maineisesta ja laillisesta l\u00e4hteest\u00e4, sill\u00e4 alikuntoiset tai v\u00e4\u00e4rennetyt tuotteet voivat olla vaarallisia. Tee perusteellinen tutkimus, keskustele asiantuntijoiden kanssa ja lue arvostelut varmistaaksesi toimittajan laillisuuden.<\/p>\n","protected":false},"excerpt":{"rendered":"<p><strong>Osta puhdasta kaliumsyanidia (KCN) jauheena tai pillerimuodossa<\/strong> Kaliumsyanidia on saatavana erilaisiin k\u00e4ytt\u00f6tarkoituksiin sek\u00e4 jauheena ett\u00e4 pillerin\u00e4. Jokainen tuote on pakattu turvallisesti ja sis\u00e4lt\u00e4\u00e4 erityiset k\u00e4sittelyk\u00e4sineet turvallisuutesi takaamiseksi. Valitse haluamasi m\u00e4\u00e4r\u00e4 ja lis\u00e4\u00e4 se ostoskoriin. Dr. Lawsons apteekki varmistaa nopean ja huomaamattoman toimituksen kaikille tilauksille.   <\/p>\n","protected":false},"featured_media":19399,"comment_status":"open","ping_status":"closed","template":"","meta":{"om_disable_all_campaigns":false,"_sitemap_exclude":false,"_sitemap_priority":"","_sitemap_frequency":"","_monsterinsights_skip_tracking":false,"_monsterinsights_sitenote_active":false,"_monsterinsights_sitenote_note":"","_monsterinsights_sitenote_category":0},"product_cat":[16846],"product_tag":[16866,16861,16855,16852,16851,16853,16849,16858,16847,16848,16854,16865,16864,16868,16863,16859,16862,16867,16857,16860,16850,16856],"class_list":{"0":"post-27791","1":"product","2":"type-product","3":"status-publish","4":"has-post-thumbnail","6":"product_cat-pentobarbitaalinatrium-nembutal","7":"product_tag-aito-kaliumsyanidijauhe-ja-pillerit-euroopassa","8":"product_tag-halvat-kaliumsyanidijauheet-ja-pillerit-euroopassa","9":"product_tag-kaliumsyanidijauhe-ja-pillerit-paras-hinta-euroopassa","10":"product_tag-kaliumsyanidijauheen-ja-pillereiden-myynti-verkossa","11":"product_tag-kaliumsyanidijauheen-ja-pillereiden-vaikutukset","12":"product_tag-kuinka-paljon-on-kaliumsyanidijauhe-ja-pillerit","13":"product_tag-mista-ostaa-kaliumsyanidijauhetta-ja-pillereita-verkossa","14":"product_tag-mista-ostaa-kaliumsyanidijauhetta-ja-pillereita-euroopassa","15":"product_tag-osta-kaliumsyanidijauhetta-ja-pillereita","16":"product_tag-osta-kaliumsyanidijauhetta-ja-pillereita-verkosta","17":"product_tag-osta-kaliumsyanidijauhetta-ja-pillereita-verkosta-euroopassa","18":"product_tag-potassium-cyanide-powder-and-pills-toimitus-euroopassa","19":"product_tag-potassium-cyanide-powder-and-pills-europe-alennus","20":"product_tag-potassium-cyanide-powder-and-pills-europe-arvostelu","21":"product_tag-potassium-cyanide-powder-and-pills-europe-kauppa","22":"product_tag-potassium-cyanide-powder-and-pills-europe-myynti","23":"product_tag-potassium-cyanide-powder-and-pills-europe-tarjoukset","24":"product_tag-potassium-cyanide-powder-and-pills-europe-toimittajat","25":"product_tag-potassium-cyanide-powder-and-pills-ilmainen-toimitus-eurooppaan","26":"product_tag-potassium-cyanide-powder-and-pills-verkkokauppa-eurooppa","27":"product_tag-tilaa-kaliumsyanidijauhetta-ja-pillereita-verkosta","28":"product_tag-tilaa-kaliumsyanidijauhetta-ja-pillereita-eusta","30":"first","31":"instock","32":"shipping-taxable","33":"purchasable","34":"product-type-variable","35":"farmacie-col"},"aioseo_notices":[],"_links":{"self":[{"href":"https:\/\/lacasadelamedicina.es\/fi\/wp-json\/wp\/v2\/product\/27791"}],"collection":[{"href":"https:\/\/lacasadelamedicina.es\/fi\/wp-json\/wp\/v2\/product"}],"about":[{"href":"https:\/\/lacasadelamedicina.es\/fi\/wp-json\/wp\/v2\/types\/product"}],"replies":[{"embeddable":true,"href":"https:\/\/lacasadelamedicina.es\/fi\/wp-json\/wp\/v2\/comments?post=27791"}],"wp:featuredmedia":[{"embeddable":true,"href":"https:\/\/lacasadelamedicina.es\/fi\/wp-json\/wp\/v2\/media\/19399"}],"wp:attachment":[{"href":"https:\/\/lacasadelamedicina.es\/fi\/wp-json\/wp\/v2\/media?parent=27791"}],"wp:term":[{"taxonomy":"product_cat","embeddable":true,"href":"https:\/\/lacasadelamedicina.es\/fi\/wp-json\/wp\/v2\/product_cat?post=27791"},{"taxonomy":"product_tag","embeddable":true,"href":"https:\/\/lacasadelamedicina.es\/fi\/wp-json\/wp\/v2\/product_tag?post=27791"}],"curies":[{"name":"wp","href":"https:\/\/api.w.org\/{rel}","templated":true}]}}