{"id":27786,"date":"2024-08-10T09:07:04","date_gmt":"2024-08-10T09:07:04","guid":{"rendered":"https:\/\/lacasadelamedicina.es\/product\/osta-golden-teacher-mushrooms-verkosta\/"},"modified":"2024-08-10T09:07:04","modified_gmt":"2024-08-10T09:07:04","slug":"osta-golden-teacher-mushrooms-verkosta","status":"publish","type":"product","link":"https:\/\/lacasadelamedicina.es\/fi\/tuote\/osta-golden-teacher-mushrooms-verkosta\/","title":{"rendered":"Osta Golden Teacher Mushrooms verkosta"},"content":{"rendered":"<h2>Osta Golden Teacher Mushrooms verkosta<\/h2>\n<p> Osta Golden Teacher verkosta. Viisaat Golden Teacher -sienet luovat taikuutta mieleen ja antavat matkan itsetuntemukseen. T\u00e4m\u00e4 100 % myseeli\u00e4 sis\u00e4lt\u00e4v\u00e4 FreshMushroom -kasvatussarja kasvaa nopeasti ja on t\u00e4ysin huoltovapaa. XP tarkoittaa Extra Potency!   <\/p>\n<h3>Miten se toimii<\/h3>\n<p> Psilosybiini toimii aktivoimalla <span class=\"css-1a8rnix icon-hl-trusted-source-after\"><span class=\"sro\">Luotettu l\u00e4hde<\/span><\/span> serotoniinireseptorit, useimmiten eturintamassa. T\u00e4m\u00e4 aivojen osa vaikuttaa mielialaan, kognitioon ja havaintoon. Hallusinogeenit toimivat my\u00f6s muilla aivojen alueilla, jotka s\u00e4\u00e4telev\u00e4t kiihottumis- ja paniikkivasteita. Psilosybiini ei aina aiheuta aktiivisia visuaalisia tai kuulohalusinaatioita. Sen sijaan se v\u00e4\u00e4rist\u00e4\u00e4 sit\u00e4, miten jotkut huumeita k\u00e4ytt\u00e4v\u00e4t ihmiset n\u00e4kev\u00e4t ymp\u00e4rist\u00f6ss\u00e4\u00e4n jo olevat esineet ja ihmiset. Ihmisen nauttiman l\u00e4\u00e4kkeen m\u00e4\u00e4r\u00e4, h\u00e4nen aiemmat kokemuksensa ja heid\u00e4n odotuksensa kokemuksen muotoutumisesta voivat kaikki vaikuttaa psilosybiinin vaikutuksiin. Euroopan huumausaineiden ja niiden v\u00e4\u00e4rink\u00e4yt\u00f6n seurantakeskuksen (EMCDDA) mukaan psilosybiinin hallusinogeeniset vaikutukset ilmenev\u00e4t yleens\u00e4 30 minuutin kuluessa sen nauttimisesta ja kest\u00e4v\u00e4t 4\u20136 tuntia. Joillakin yksil\u00f6ill\u00e4 muutokset aistihavainnoissa ja ajatusmalleissa voivat kest\u00e4\u00e4 useita p\u00e4ivi\u00e4.        <\/p>\n<h3>Tehokkuus<\/h3>\n<p> Taikasienen teho riippuu: <\/p>\n<ul>\n<li>lajit<\/li>\n<li>alkuper\u00e4<\/li>\n<li>kasvuolosuhteet<\/li>\n<li>sadonkorjuuaika<\/li>\n<li>sy\u00f6k\u00f6 ihminen niit\u00e4 tuoreena vai kuivattuna<\/li>\n<\/ul>\n<p> EMCDDA ehdottaa, ett\u00e4 psilosybiinin m\u00e4\u00e4r\u00e4 kuivatuissa sieniss\u00e4 on noin 10 kertaa suurempi kuin niiden tuoreissa sieniss\u00e4. <\/p>\n<h3>Kulutus<\/h3>\n<p> Psilosybiinia sis\u00e4lt\u00e4v\u00e4t sienet ovat pieni\u00e4 ja yleens\u00e4 ruskeita tai kellanruskeita. Luonnossa ihmiset voivat erehty\u00e4 pit\u00e4m\u00e4\u00e4n psilosybiini\u00e4 sis\u00e4lt\u00e4vi\u00e4 sieni\u00e4 moniin muihin myrkyllisiin sieniin. Ihmiset kuluttavat yleens\u00e4 psilosybiini\u00e4 haudutettuna teen\u00e4 tai valmistavat sen ruoan kanssa peitt\u00e4m\u00e4\u00e4n sen katkeran maun. Valmistajat murskaavat my\u00f6s kuivatut sienet jauheeksi ja valmistavat ne kapselina. Jotkut ihmiset, jotka kuluttavat n\u00e4it\u00e4 sieni\u00e4, peitt\u00e4v\u00e4t ne suklaalla.     <\/p>\n<h3>Tarina:<\/h3>\n<p> Taikasienien yst\u00e4v\u00e4t ovat yht\u00e4 mielt\u00e4 siit\u00e4, ett\u00e4 Golden Teacher -sienet, joka tunnetaan my\u00f6s Psilocybe cubensis -lajina, on suosituin psykedeelinen sienilaji. T\u00e4ss\u00e4 artikkelissa tarkastellaan l\u00e4hemmin surullisen kuuluisia Golden Teacher -sieni\u00e4. T\u00e4m\u00e4n artikkelin loppuun menness\u00e4 tied\u00e4t kaiken, mit\u00e4 on tiedett\u00e4v\u00e4 t\u00e4st\u00e4 psykedeelisesta sienest\u00e4. Ne, jotka ovat uusia psykedeelisten l\u00e4\u00e4kkeiden ja shroomien maailmassa, voivat luottaa Golden Teachers -ohjelmaan luotettavassa matkassa, jolla on pienemm\u00e4t mahdollisuudet saada huono matka. Siksi ne ovat usein porttihuone taikasienien aloittelijoille.    <\/p>\n<h3>Golden Teacher sienten vaikutukset;<\/h3>\n<p> Golden Teacher -sienet tuottavat my\u00f6s hallusinogeenisia vaikutuksia ** ominaisuus, joka on yleinen kaikilla taikasienill\u00e4. Odota n\u00e4kemyksellist\u00e4 kokemusta sek\u00e4 universaalin energian aaltoja, jotka tulvivat l\u00e4pi voimakkaiden avoimien ja suljettujen silmien hallusinaatioita.<\/p>\n","protected":false},"excerpt":{"rendered":"<p>Osta Golden -opettajia ylistet\u00e4\u00e4n my\u00f6s henkisist\u00e4 ja\/tai shamaanisista vaikutuksistaan. Siksi t\u00e4m\u00e4 sviitti ei ole vain satunnaiseen retkeilyyn. Sit\u00e4 voidaan k\u00e4ytt\u00e4\u00e4 my\u00f6s uuden k\u00e4sityksen saamiseen itsest\u00e4si ja maailmankaikkeudesta.  <\/p>\n","protected":false},"featured_media":19729,"comment_status":"open","ping_status":"closed","template":"","meta":{"om_disable_all_campaigns":false,"_sitemap_exclude":false,"_sitemap_priority":"","_sitemap_frequency":"","_monsterinsights_skip_tracking":false,"_monsterinsights_sitenote_active":false,"_monsterinsights_sitenote_note":"","_monsterinsights_sitenote_category":0},"product_cat":[16689],"product_tag":[16833,16819,16831,16835,16830,16826,16829,16834,16832,16824,16827,16822,16818,16828,16820,16825,16816,16821,16814,16815,16823,16817],"class_list":{"0":"post-27786","1":"product","2":"type-product","3":"status-publish","4":"has-post-thumbnail","6":"product_cat-maagiset-sienet","7":"product_tag-aito-golden-teacher-mushrooms-europe","8":"product_tag-golden-teacher-sienien-myynti-verkossa","9":"product_tag-golden-teacher-mushrooms-europe-alennus","10":"product_tag-golden-teacher-mushrooms-europe-arvostelu","11":"product_tag-golden-teacher-mushrooms-europe-kauppa","12":"product_tag-golden-teacher-mushrooms-europe-myynti","13":"product_tag-golden-teacher-mushrooms-europe-tarjoukset","14":"product_tag-golden-teacher-mushrooms-europe-toimittajat","15":"product_tag-golden-teacher-mushrooms-europe-toimitus","16":"product_tag-golden-teacher-mushrooms-ilmainen-toimitus-eurooppaan","17":"product_tag-golden-teacher-mushrooms-verkkokauppa-eurooppa","18":"product_tag-golden-teacher-sienet-paras-hinta-euroopassa","19":"product_tag-golden-teacher-sienien-vaikutukset","20":"product_tag-halvat-golden-teacher-mushrooms-europe","21":"product_tag-kuinka-paljon-on-golden-teacher-mushrooms","22":"product_tag-mista-ostaa-golden-teacher-mushrooms-europe","23":"product_tag-mista-ostaa-golden-teacher-mushrooms-verkossa","24":"product_tag-osta-golden-teacher-mushrooms-verkossa-euroopassa","25":"product_tag-osta-golden-teacher-sienia","26":"product_tag-osta-golden-teacher-sienia-verkosta","27":"product_tag-tilaa-golden-teacher-mushrooms-eu","28":"product_tag-tilaa-golden-teacher-mushrooms-verkosta","30":"first","31":"instock","32":"shipping-taxable","33":"purchasable","34":"product-type-simple","35":"farmacie-col"},"aioseo_notices":[],"_links":{"self":[{"href":"https:\/\/lacasadelamedicina.es\/fi\/wp-json\/wp\/v2\/product\/27786"}],"collection":[{"href":"https:\/\/lacasadelamedicina.es\/fi\/wp-json\/wp\/v2\/product"}],"about":[{"href":"https:\/\/lacasadelamedicina.es\/fi\/wp-json\/wp\/v2\/types\/product"}],"replies":[{"embeddable":true,"href":"https:\/\/lacasadelamedicina.es\/fi\/wp-json\/wp\/v2\/comments?post=27786"}],"wp:featuredmedia":[{"embeddable":true,"href":"https:\/\/lacasadelamedicina.es\/fi\/wp-json\/wp\/v2\/media\/19729"}],"wp:attachment":[{"href":"https:\/\/lacasadelamedicina.es\/fi\/wp-json\/wp\/v2\/media?parent=27786"}],"wp:term":[{"taxonomy":"product_cat","embeddable":true,"href":"https:\/\/lacasadelamedicina.es\/fi\/wp-json\/wp\/v2\/product_cat?post=27786"},{"taxonomy":"product_tag","embeddable":true,"href":"https:\/\/lacasadelamedicina.es\/fi\/wp-json\/wp\/v2\/product_tag?post=27786"}],"curies":[{"name":"wp","href":"https:\/\/api.w.org\/{rel}","templated":true}]}}